{"id":10009,"date":"2024-06-29T05:06:42","date_gmt":"2024-06-29T09:06:42","guid":{"rendered":"https:\/\/colbar.us7.cdn-alpha.com\/?page_id=10009"},"modified":"2026-03-20T16:28:20","modified_gmt":"2026-03-20T20:28:20","slug":"tatiana-devia-esq","status":"publish","type":"page","link":"https:\/\/colbar.org\/es\/attorneys\/tatiana-devia-esq\/","title":{"rendered":"Tatiana Devia, Esq."},"content":{"rendered":"<div class=\"wpb-content-wrapper\"><div class=\"vc_row wpb_row vc_row-fluid\"><div class=\"wpb_column vc_column_container vc_col-sm-4\"><div class=\"vc_column-inner vc_custom_1618350251727\"><div class=\"wpb_wrapper\">\n\t<div  class=\"wpb_single_image wpb_content_element vc_align_center\">\n\t\t\n\t\t<figure class=\"wpb_wrapper vc_figure\">\n\t\t\t<div class=\"vc_single_image-wrapper   vc_box_border_grey\"><img loading=\"lazy\" decoding=\"async\" width=\"252\" height=\"300\" src=\"https:\/\/colbar.org\/wp-content\/uploads\/Tatiana-Devia.jpg\" class=\"vc_single_image-img attachment-full\" alt=\"Tatiana Devia, ESQ.\" title=\"Tatiana Devia\" srcset=\"https:\/\/colbar.org\/wp-content\/uploads\/Tatiana-Devia.jpg 252w, https:\/\/colbar.org\/wp-content\/uploads\/Tatiana-Devia-10x12.jpg 10w, https:\/\/colbar.org\/wp-content\/uploads\/Tatiana-Devia-125x150.jpg 125w\" sizes=\"auto, (max-width: 252px) 100vw, 252px\" \/><\/div>\n\t\t<\/figure>\n\t<\/div>\n\n\t<div class=\"wpb_text_column wpb_content_element\" >\n\t\t<div class=\"wpb_wrapper\">\n\t\t\t<h6 style=\"text-align: center;\"><strong>Tatiana Devia, Esq.<\/strong><\/h6>\n\n\t\t<\/div>\n\t<\/div>\n\n\t<div class=\"wpb_text_column wpb_content_element\" >\n\t\t<div class=\"wpb_wrapper\">\n\t\t\t<p style=\"text-align: center;\"><strong>Florida Gulf Coast University<\/strong><br \/>\n10501 FGCU Blvd,<br \/>\nFort Myers, FL 33965<\/p>\n\n\t\t<\/div>\n\t<\/div>\n<div class=\"vc_btn3-container vc_btn3-center vc_do_btn\" ><a class=\"vc_general vc_btn3 vc_btn3-size-sm vc_btn3-shape-rounded vc_btn3-style-modern vc_btn3-block vc_btn3-icon-left vc_btn3-color-success\" href=\"mailto:tatianadevia@yahoo.com\" title=\"\" target=\"_blank\"><i class=\"vc_btn3-icon far fa-envelope\"><\/i> Email<\/a><\/div><div class=\"vc_btn3-container vc_btn3-center vc_do_btn\" ><a class=\"vc_general vc_btn3 vc_btn3-size-sm vc_btn3-shape-rounded vc_btn3-style-modern vc_btn3-block vc_btn3-icon-left vc_btn3-color-mulled-wine\" href=\"tel:+14077175494\" title=\"\" target=\"_blank\"><i class=\"vc_btn3-icon fas fa-phone-square-alt\"><\/i> (407) 717-5494<\/a><\/div>\n\t<div class=\"wpb_text_column wpb_content_element\" >\n\t\t<div class=\"wpb_wrapper\">\n\t\t\t<p style=\"text-align: center;\"><a href=\"https:\/\/www.linkedin.com\/in\/tatianadevia\/\" target=\"_blank\" rel=\"noopener\"><img loading=\"lazy\" decoding=\"async\" class=\"alignnone size-full wp-image-10300\" src=\"https:\/\/colbar.org\/wp-content\/uploads\/linkedin-icon-2.png\" alt=\"\" width=\"50\" height=\"50\" srcset=\"https:\/\/colbar.org\/wp-content\/uploads\/linkedin-icon-2.png 50w, https:\/\/colbar.org\/wp-content\/uploads\/linkedin-icon-2-12x12.png 12w\" sizes=\"auto, (max-width: 50px) 100vw, 50px\" \/><\/a><\/p>\n\n\t\t<\/div>\n\t<\/div>\n\n\t<div class=\"wpb_text_column wpb_content_element\" >\n\t\t<div class=\"wpb_wrapper\">\n\t\t\t<p style=\"text-align: center;\"><strong>MAPA Y DIRECCIONES<\/strong><\/p>\n\n\t\t<\/div>\n\t<\/div>\n\n\t<div class=\"wpb_text_column wpb_content_element\" >\n\t\t<div class=\"wpb_wrapper\">\n\t\t\t<p><iframe loading=\"lazy\" style=\"border: 0;\" src=\"https:\/\/www.google.com\/maps\/embed?pb=!1m18!1m12!1m3!1d48052.21624168862!2d-81.81413616033849!3d26.471766049251006!2m3!1f0!2f0!3f0!3m2!1i1024!2i768!4f13.1!3m3!1m2!1s0x88db11568e725f6b%3A0x9fc0fec1350fd990!2sFlorida%20Gulf%20Coast%20University!5e0!3m2!1sen!2sus!4v1717080891101!5m2!1sen!2sus\" width=\"400\" height=\"300\" allowfullscreen=\"allowfullscreen\"><\/iframe><\/p>\n\n\t\t<\/div>\n\t<\/div>\n<\/div><\/div><\/div><div class=\"wpb_column vc_column_container vc_col-sm-1\"><div class=\"vc_column-inner\"><div class=\"wpb_wrapper\"><\/div><\/div><\/div><div class=\"wpb_column vc_column_container vc_col-sm-7\"><div class=\"vc_column-inner\"><div class=\"wpb_wrapper\">\n\t<div class=\"wpb_text_column wpb_content_element\" >\n\t\t<div class=\"wpb_wrapper\">\n\t\t\t<h2 style=\"text-align: left;\"><span style=\"color: #0000ff;\">Tatiana Devia, Esq.<\/span><\/h2>\n<hr \/>\n<p>Tatiana Devia is a human rights attorney and legal consultant specializing in strategic litigation, international human rights law, and corporate accountability. With a diverse career spanning Latin America and the United States, Tatiana has significantly contributed to transitional justice, U.S. federal litigation, human rights advocacy and investigations, and environmental protection.<\/p>\n<p>As a litigation consultant, Tatiana is currently engaged in complex litigation involving crimes, human rights violations, and torts that occurred in Colombia and are litigated in the U.S. She is also the founder of the Justice Horizon Initiative, an organization that reimagines transitional justice, provides legal analysis and support, facilitates skill-sharing, and forges partnerships to address conflicts, promote human rights, and advance environmental justice globally. Additionally, Tatiana is an adjunct professor at Florida Gulf Coast University, where she mentors students and teaches courses under the Criminal Justice Department.<\/p>\n<p>Previously, Tatiana served as a Staff Attorney and Program Lead at the Corporate Accountability Lab in Chicago. Here, she spearheaded initiatives addressing the inclusion of economic actors in the Colombian transitional justice system and corporate accountability in conflict zones. Tatiana\u2019s experience includes roles as an Environmental, Health, &amp; Safety Compliance Consultant at Enhesa, a Legal Intern at Robert F. Kennedy Human Rights, and a Law Clerk at the U.S. Immigration and Customs Enforcement, where she contributed to cases involving war crimes and international human rights violations. Her experience is further highlighted by her work with Women\u2019s Link Worldwide in Colombia and her human rights investigations with the Fair Food Standards Council, a Florida-based organization that advances the human rights of farmworkers globally.<\/p>\n<p>Tatiana holds a Juris Doctor from American University Washington College of Law, a Master of Sciences in Criminal Forensic Studies from Florida Gulf Coast University, and a Bachelor of Arts in Anthropology from the University of Central Florida. Tatiana was born and raised in Colombia until she moved to the United States in her teenage years. She is fluent in Spanish, advanced in French, and is a member of the Washington, D.C. Bar. Tatiana is currently studying to take the Florida Bar (advice and bar prep materials are welcomed).<\/p>\n\n\t\t<\/div>\n\t<\/div>\n\n\t<div class=\"wpb_text_column wpb_content_element\" >\n\t\t<div class=\"wpb_wrapper\">\n\t\t\t<h3>Areas de Pr\u00e1ctica<\/h3>\n<hr \/>\n<p>Strategic Litigation<br \/>\nLey Internacional<br \/>\nDerecho de los Derechos Humanos<br \/>\nTransitional Justice<\/p>\n\n\t\t<\/div>\n\t<\/div>\n\n\t<div class=\"wpb_text_column wpb_content_element\" >\n\t\t<div class=\"wpb_wrapper\">\n\t\t\t<h3>Educaci\u00f3n<\/h3>\n<hr \/>\n<p>Juris Doctor (cum laude) &#8211; American University Washington College of Law<br \/>\nMaster of Sciences in Criminal Forensic Studies &#8211; Florida Gulf Coast University<br \/>\nBachelor of Arts in Anthropology &#8211; University of Central Florida.<\/p>\n\n\t\t<\/div>\n\t<\/div>\n\n\t<div class=\"wpb_text_column wpb_content_element\" >\n\t\t<div class=\"wpb_wrapper\">\n\t\t\t<h3>Admisi\u00f3n a la Pr\u00e1ctica<\/h3>\n<hr \/>\n<p>Washington, District of Columbia<\/p>\n\n\t\t<\/div>\n\t<\/div>\n\n\t<div class=\"wpb_text_column wpb_content_element\" >\n\t\t<div class=\"wpb_wrapper\">\n\t\t\t<h3>Idiomas<\/h3>\n<hr \/>\n<p>Fluidez en Ingl\u00e9s, Espa\u00f1ol y Franc\u00e9s.<\/p>\n\n\t\t<\/div>\n\t<\/div>\n<\/div><\/div><\/div><\/div>\n<\/div>","protected":false},"excerpt":{"rendered":"Tatiana Devia, Esq. Florida Gulf Coast University 10501 FGCU Blvd, Fort Myers, FL 33965 Send Email (407) 717-5494 MAP &amp;","protected":false},"author":1,"featured_media":0,"parent":8600,"menu_order":0,"comment_status":"closed","ping_status":"closed","template":"","meta":{"footnotes":""},"class_list":["post-10009","page","type-page","status-publish","hentry"],"_links":{"self":[{"href":"https:\/\/colbar.org\/es\/wp-json\/wp\/v2\/pages\/10009","targetHints":{"allow":["GET"]}}],"collection":[{"href":"https:\/\/colbar.org\/es\/wp-json\/wp\/v2\/pages"}],"about":[{"href":"https:\/\/colbar.org\/es\/wp-json\/wp\/v2\/types\/page"}],"author":[{"embeddable":true,"href":"https:\/\/colbar.org\/es\/wp-json\/wp\/v2\/users\/1"}],"replies":[{"embeddable":true,"href":"https:\/\/colbar.org\/es\/wp-json\/wp\/v2\/comments?post=10009"}],"version-history":[{"count":0,"href":"https:\/\/colbar.org\/es\/wp-json\/wp\/v2\/pages\/10009\/revisions"}],"up":[{"embeddable":true,"href":"https:\/\/colbar.org\/es\/wp-json\/wp\/v2\/pages\/8600"}],"wp:attachment":[{"href":"https:\/\/colbar.org\/es\/wp-json\/wp\/v2\/media?parent=10009"}],"curies":[{"name":"wp","href":"https:\/\/api.w.org\/{rel}","templated":true}]}}