{"id":10818,"date":"2024-08-15T15:22:21","date_gmt":"2024-08-15T19:22:21","guid":{"rendered":"https:\/\/colbar.org\/?page_id=10818"},"modified":"2024-08-15T15:25:26","modified_gmt":"2024-08-15T19:25:26","slug":"laura-tarchopulos","status":"publish","type":"page","link":"https:\/\/colbar.org\/es\/student-members\/laura-tarchopulos\/","title":{"rendered":"Laura Tarchopulos"},"content":{"rendered":"<div class=\"wpb-content-wrapper\"><div class=\"vc_row wpb_row vc_row-fluid\"><div class=\"wpb_column vc_column_container vc_col-sm-4\"><div class=\"vc_column-inner vc_custom_1618350251727\"><div class=\"wpb_wrapper\">\n\t<div  class=\"wpb_single_image wpb_content_element vc_align_center\">\n\t\t\n\t\t<figure class=\"wpb_wrapper vc_figure\">\n\t\t\t<div class=\"vc_single_image-wrapper   vc_box_border_grey\"><img loading=\"lazy\" decoding=\"async\" width=\"252\" height=\"300\" src=\"https:\/\/colbar.org\/wp-content\/uploads\/Laura-Tarchopulos-e1723749814764.jpg\" class=\"vc_single_image-img attachment-full\" alt=\"Laura Tarchopulos\" title=\"Laura Tarchopulos\" \/><\/div>\n\t\t<\/figure>\n\t<\/div>\n\n\t<div class=\"wpb_text_column wpb_content_element\" >\n\t\t<div class=\"wpb_wrapper\">\n\t\t\t<h6 style=\"text-align: center;\"><strong>Laura Tarchopulos<\/strong><\/h6>\n\n\t\t<\/div>\n\t<\/div>\n\n\t<div class=\"wpb_text_column wpb_content_element\" >\n\t\t<div class=\"wpb_wrapper\">\n\t\t\t<p><strong>Penn State Law<\/strong><br \/>\nUniversity Park State College,<br \/>\nPennsylvania 16802<\/p>\n\n\t\t<\/div>\n\t<\/div>\n<div class=\"vc_btn3-container vc_btn3-center vc_do_btn\" ><a class=\"vc_general vc_btn3 vc_btn3-size-sm vc_btn3-shape-rounded vc_btn3-style-modern vc_btn3-block vc_btn3-icon-left vc_btn3-color-success\" href=\"mailto:tarchopuloslaura31@gmail.com\" title=\"\" target=\"_blank\"><i class=\"vc_btn3-icon far fa-envelope\"><\/i> Email<\/a><\/div><div class=\"vc_btn3-container vc_btn3-center vc_do_btn\" ><a class=\"vc_general vc_btn3 vc_btn3-size-sm vc_btn3-shape-rounded vc_btn3-style-modern vc_btn3-block vc_btn3-icon-left vc_btn3-color-mulled-wine\" href=\"tel:18142807119\" title=\"\" target=\"_blank\"><i class=\"vc_btn3-icon fas fa-phone-square-alt\"><\/i> (814) 280-7119<\/a><\/div>\n\t<div class=\"wpb_text_column wpb_content_element\" >\n\t\t<div class=\"wpb_wrapper\">\n\t\t\t<p><a href=\"https:\/\/www.linkedin.com\/in\/laura-tarchopulos-b17b4130\/\" target=\"_blank\" rel=\"noopener\"><img loading=\"lazy\" decoding=\"async\" class=\"alignnone size-full wp-image-10300\" src=\"https:\/\/colbar.org\/wp-content\/uploads\/linkedin-icon-2.png\" alt=\"\" width=\"50\" height=\"50\" srcset=\"https:\/\/colbar.org\/wp-content\/uploads\/linkedin-icon-2.png 50w, https:\/\/colbar.org\/wp-content\/uploads\/linkedin-icon-2-12x12.png 12w\" sizes=\"auto, (max-width: 50px) 100vw, 50px\" \/><\/a><\/p>\n\n\t\t<\/div>\n\t<\/div>\n\n\t<div class=\"wpb_text_column wpb_content_element\" >\n\t\t<div class=\"wpb_wrapper\">\n\t\t\t<p style=\"text-align: center;\">MAPA Y DIRECCIONES<\/p>\n\n\t\t<\/div>\n\t<\/div>\n\n\t<div class=\"wpb_text_column wpb_content_element\" >\n\t\t<div class=\"wpb_wrapper\">\n\t\t\t<p><iframe loading=\"lazy\" style=\"border: 0;\" src=\"https:\/\/www.google.com\/maps\/embed?pb=!1m18!1m12!1m3!1d12079.759757098027!2d-77.87114723564983!3d40.80731359206719!2m3!1f0!2f0!3f0!3m2!1i1024!2i768!4f13.1!3m3!1m2!1s0x89cea62231ad2e75%3A0xe33eda197c45d171!2sPENN%20ST%20UNIV%2C%20PA%2016802!5e0!3m2!1sen!2sus!4v1723749120649!5m2!1sen!2sus\" width=\"400\" height=\"300\" allowfullscreen=\"allowfullscreen\"><\/iframe><\/p>\n\n\t\t<\/div>\n\t<\/div>\n<\/div><\/div><\/div><div class=\"wpb_column vc_column_container vc_col-sm-1\"><div class=\"vc_column-inner\"><div class=\"wpb_wrapper\"><\/div><\/div><\/div><div class=\"wpb_column vc_column_container vc_col-sm-7\"><div class=\"vc_column-inner\"><div class=\"wpb_wrapper\">\n\t<div class=\"wpb_text_column wpb_content_element\" >\n\t\t<div class=\"wpb_wrapper\">\n\t\t\t<h2 style=\"text-align: left;\"><span style=\"color: #0000ff;\">Laura Tarchopulos<\/span><\/h2>\n\n\t\t<\/div>\n\t<\/div>\n<div class=\"vc_separator wpb_content_element vc_separator_align_center vc_sep_width_100 vc_sep_pos_align_left vc_separator_no_text vc_sep_color_black\" ><span class=\"vc_sep_holder vc_sep_holder_l\"><span class=\"vc_sep_line\"><\/span><\/span><span class=\"vc_sep_holder vc_sep_holder_r\"><span class=\"vc_sep_line\"><\/span><\/span>\n<\/div>\n\t<div class=\"wpb_text_column wpb_content_element\" >\n\t\t<div class=\"wpb_wrapper\">\n\t\t\t<p>Abogado biling\u00fce (ingl\u00e9s y espa\u00f1ol) licenciado en Colombia y con una Maestr\u00eda en Derecho (LL.M.) de Pennsylvania State University. M\u00e1s de 15 a\u00f1os de experiencia como asesor jur\u00eddico interno en las industrias de energ\u00eda, petr\u00f3leo y gas, manejando transacciones transfronterizas, incluyendo contratos comerciales complejos, financiamiento de proyectos, fusiones y adquisiciones, acuerdos EPC (ingenier\u00eda, adquisiciones y construcci\u00f3n) y arrendamiento internacional. S\u00f3lida experiencia en normas y asuntos de cumplimiento relacionados con los est\u00e1ndares de Medio Ambiente, Sociedad y Gobernanza (\u201cESG\u201d).<\/p>\n\n\t\t<\/div>\n\t<\/div>\n\n\t<div class=\"wpb_text_column wpb_content_element\" >\n\t\t<div class=\"wpb_wrapper\">\n\t\t\t<h3>\u00c1reas de Inter\u00e9s<\/h3>\n\n\t\t<\/div>\n\t<\/div>\n<div class=\"vc_separator wpb_content_element vc_separator_align_center vc_sep_width_100 vc_sep_pos_align_left vc_separator_no_text vc_sep_color_black\" ><span class=\"vc_sep_holder vc_sep_holder_l\"><span class=\"vc_sep_line\"><\/span><\/span><span class=\"vc_sep_holder vc_sep_holder_r\"><span class=\"vc_sep_line\"><\/span><\/span>\n<\/div>\n\t<div class=\"wpb_text_column wpb_content_element\" >\n\t\t<div class=\"wpb_wrapper\">\n\t\t\t<p>Energ\u00eda<br \/>\nPetr\u00f3leo y Gas<br \/>\nPuertos<\/p>\n\n\t\t<\/div>\n\t<\/div>\n\n\t<div class=\"wpb_text_column wpb_content_element\" >\n\t\t<div class=\"wpb_wrapper\">\n\t\t\t<h3>Educaci\u00f3n<\/h3>\n\n\t\t<\/div>\n\t<\/div>\n<div class=\"vc_separator wpb_content_element vc_separator_align_center vc_sep_width_100 vc_sep_pos_align_left vc_separator_no_text vc_sep_color_black\" ><span class=\"vc_sep_holder vc_sep_holder_l\"><span class=\"vc_sep_line\"><\/span><\/span><span class=\"vc_sep_holder vc_sep_holder_r\"><span class=\"vc_sep_line\"><\/span><\/span>\n<\/div>\n\t<div class=\"wpb_text_column wpb_content_element\" >\n\t\t<div class=\"wpb_wrapper\">\n\t\t\t<p>The Pennsylvania State University, Penn State Law, University Park, PA. May 2024<br \/>\nLL.M. with a concentration in Commercial Law | GPA: 3.8<br \/>\nAward: Scholarship COLFUTURO<br \/>\nActivities: Corporate Law Society, Women\u2019s Law Caucus<br \/>\nBar Admission: Eligible to take New York, Texas, and California State Bar Examinations<br \/>\nCertificate Global Leadership and Competitiveness, Georgetown University, Washington, D.C. 2009<br \/>\nAward: Scholarship Organizaci\u00f3n Ardila Lule<br \/>\nSpecialist in International Contracting, Universidad Externado, Bogot\u00e1, Colombia 2008<br \/>\nBachelor of Law, Universidad del Norte, Barranquilla, Colombia 2004<br \/>\nAward: Silver Medal For Academic Excellence, Rank: 1st place in a class of 39 students<\/p>\n\n\t\t<\/div>\n\t<\/div>\n\n\t<div class=\"wpb_text_column wpb_content_element\" >\n\t\t<div class=\"wpb_wrapper\">\n\t\t\t<h3>Experiencias Relevantes<\/h3>\n\n\t\t<\/div>\n\t<\/div>\n<div class=\"vc_separator wpb_content_element vc_separator_align_center vc_sep_width_100 vc_sep_pos_align_left vc_separator_no_text vc_sep_color_black\" ><span class=\"vc_sep_holder vc_sep_holder_l\"><span class=\"vc_sep_line\"><\/span><\/span><span class=\"vc_sep_holder vc_sep_holder_r\"><span class=\"vc_sep_line\"><\/span><\/span>\n<\/div>\n\t<div class=\"wpb_text_column wpb_content_element\" >\n\t\t<div class=\"wpb_wrapper\">\n\t\t\t<p class=\"translation-block\">Promigas S.A. E.S.P., Barranquilla, Colombia 2022\u20132023<br>\nCompa\u00f1\u00eda colombiana de gas natural y energ\u00eda de cotizaci\u00f3n p\u00fablica con ingresos anuales de US$1.8 mil millones<br>\nL\u00edder de Gobierno Corporativo de Filiales \u2013 Asesor Jur\u00eddico General de la Filial<br>\n\u2022 Responsable del gobierno corporativo de la empresa matriz y sus 22 filiales.<br>\n\u2022 Dirig\u00ed las relaciones entre la filial y los grupos de inter\u00e9s.<br>\n\u2022 Proporcion\u00e9 asesor\u00eda legal a los ejecutivos y a la junta directiva de la filial en diversos asuntos legales, incluyendo gobierno corporativo, cumplimiento normativo, litigios y gesti\u00f3n de riesgos.<br>\n\u2022 Revisi\u00f3n, redacci\u00f3n y negociaci\u00f3n de contratos de construcci\u00f3n y mantenimiento de gasoductos.<br>\n\u2022 Gesti\u00f3n de disputas con contratistas y reclamaciones de la comunidad.<\/p>\n<p class=\"translation-block\">SPEC LNG, Cartagena, Colombia 2016\u20132022<br>\nEl \u00fanico terminal portuario de gas natural licuado en Colombia<br>\nAsesor Jur\u00eddico General y Secretario de la Junta Directiva<br>\n\u2022 Establec\u00ed y dirig\u00ed el Departamento Legal.<br>\n\u2022 Particip\u00e9 en el proceso de venta del 49% de la compa\u00f1\u00eda, valorado en US$ 90 millones.<br>\n\u2022 Negoci\u00e9, revis\u00e9 y redact\u00e9 contratos de financiamiento de proyectos valorados en US$ 180 millones.<br>\n\u2022 Gestion\u00e9 y lider\u00e9 el equipo jur\u00eddico interno en diversas \u00e1reas de pr\u00e1ctica con respecto a opiniones legales, litigios y estrategia legal general.<br>\n\u2022 Dirig\u00ed las relaciones entre la compa\u00f1\u00eda y siete autoridades de control y vigilancia.<br>\n\u2022 Obtuve licencias mar\u00edtimas, portuarias, aduaneras y ambientales.<br>\n\u2022 Actu\u00e9 como oficial de cumplimiento en temas de lavado de dinero, financiaci\u00f3n del terrorismo y proliferaci\u00f3n de armas de destrucci\u00f3n masiva.<\/p>\n<p class=\"translation-block\">Pacific Coal Resources LTD., Barranquilla, Colombia 2011\u20132016<br>\nEmpresa minera canadiense dedicada a la adquisici\u00f3n, exploraci\u00f3n y producci\u00f3n de activos de carb\u00f3n.<br>\nAsesor Jur\u00eddico General de las Filiales<br>\n\u2022 Particip\u00e9 en el proceso de venta de una filial, Sociedad Portuaria Terminal de las Flores S.A., por US$ 29 millones.<br>\n\u2022 Negoci\u00e9, revis\u00e9 y redact\u00e9 contratos internacionales de compra de carb\u00f3n, contratos de servicios de operaci\u00f3n minera y acuerdos de liquidaci\u00f3n y liberaci\u00f3n, cada uno valorado en US$ 5 millones.<br>\n\u2022 Asist\u00ed a audiencias en procedimientos judiciales como testigo en representaci\u00f3n de la empresa.<br>\n\u2022 Proporcion\u00e9 asesor\u00eda legal en asuntos comerciales, mineros y ambientales.<\/p>\n\n\t\t<\/div>\n\t<\/div>\n\n\t<div class=\"wpb_text_column wpb_content_element\" >\n\t\t<div class=\"wpb_wrapper\">\n\t\t\t<h3>Idiomas<\/h3>\n\n\t\t<\/div>\n\t<\/div>\n<div class=\"vc_separator wpb_content_element vc_separator_align_center vc_sep_width_100 vc_sep_pos_align_left vc_separator_no_text vc_sep_color_black\" ><span class=\"vc_sep_holder vc_sep_holder_l\"><span class=\"vc_sep_line\"><\/span><\/span><span class=\"vc_sep_holder vc_sep_holder_r\"><span class=\"vc_sep_line\"><\/span><\/span>\n<\/div>\n\t<div class=\"wpb_text_column wpb_content_element\" >\n\t\t<div class=\"wpb_wrapper\">\n\t\t\t<p>Fluidez en Ingl\u00e9s y Espa\u00f1ol.<\/p>\n\n\t\t<\/div>\n\t<\/div>\n<\/div><\/div><\/div><\/div>\n<\/div>","protected":false},"excerpt":{"rendered":"Laura Tarchopulos Penn State Law University Park State College, Pennsylvania 16802 Send Email (814) 280-7119 MAP &amp; DIRECTIONS Laura Tarchopulos","protected":false},"author":1,"featured_media":0,"parent":7556,"menu_order":0,"comment_status":"closed","ping_status":"closed","template":"","meta":{"footnotes":""},"class_list":["post-10818","page","type-page","status-publish","hentry"],"_links":{"self":[{"href":"https:\/\/colbar.org\/es\/wp-json\/wp\/v2\/pages\/10818","targetHints":{"allow":["GET"]}}],"collection":[{"href":"https:\/\/colbar.org\/es\/wp-json\/wp\/v2\/pages"}],"about":[{"href":"https:\/\/colbar.org\/es\/wp-json\/wp\/v2\/types\/page"}],"author":[{"embeddable":true,"href":"https:\/\/colbar.org\/es\/wp-json\/wp\/v2\/users\/1"}],"replies":[{"embeddable":true,"href":"https:\/\/colbar.org\/es\/wp-json\/wp\/v2\/comments?post=10818"}],"version-history":[{"count":0,"href":"https:\/\/colbar.org\/es\/wp-json\/wp\/v2\/pages\/10818\/revisions"}],"up":[{"embeddable":true,"href":"https:\/\/colbar.org\/es\/wp-json\/wp\/v2\/pages\/7556"}],"wp:attachment":[{"href":"https:\/\/colbar.org\/es\/wp-json\/wp\/v2\/media?parent=10818"}],"curies":[{"name":"wp","href":"https:\/\/api.w.org\/{rel}","templated":true}]}}