{"id":10841,"date":"2024-08-26T12:02:24","date_gmt":"2024-08-26T16:02:24","guid":{"rendered":"https:\/\/colbar.org\/?page_id=10841"},"modified":"2024-08-26T12:02:24","modified_gmt":"2024-08-26T16:02:24","slug":"yurany-arbelaez-franco","status":"publish","type":"page","link":"https:\/\/colbar.org\/es\/student-members\/yurany-arbelaez-franco\/","title":{"rendered":"Yurany Arbelaez Franco"},"content":{"rendered":"<div class=\"wpb-content-wrapper\"><div class=\"vc_row wpb_row vc_row-fluid\"><div class=\"wpb_column vc_column_container vc_col-sm-4\"><div class=\"vc_column-inner vc_custom_1618350251727\"><div class=\"wpb_wrapper\">\n\t<div  class=\"wpb_single_image wpb_content_element vc_align_center\">\n\t\t\n\t\t<figure class=\"wpb_wrapper vc_figure\">\n\t\t\t<div class=\"vc_single_image-wrapper   vc_box_border_grey\"><img loading=\"lazy\" decoding=\"async\" width=\"252\" height=\"300\" src=\"https:\/\/colbar.org\/wp-content\/uploads\/Yurany-Arbelaez-Franco.jpg\" class=\"vc_single_image-img attachment-full\" alt=\"Yurany Arbelaez Franco\" title=\"Yurany Arbelaez Franco\" srcset=\"https:\/\/colbar.org\/wp-content\/uploads\/Yurany-Arbelaez-Franco.jpg 252w, https:\/\/colbar.org\/wp-content\/uploads\/Yurany-Arbelaez-Franco-10x12.jpg 10w\" sizes=\"auto, (max-width: 252px) 100vw, 252px\" \/><\/div>\n\t\t<\/figure>\n\t<\/div>\n\n\t<div class=\"wpb_text_column wpb_content_element\" >\n\t\t<div class=\"wpb_wrapper\">\n\t\t\t<h6 style=\"text-align: center;\"><strong>Yurany Arbelaez Franco<\/strong><\/h6>\n\n\t\t<\/div>\n\t<\/div>\n\n\t<div class=\"wpb_text_column wpb_content_element\" >\n\t\t<div class=\"wpb_wrapper\">\n\t\t\t<p><strong>University of Miami<\/strong><br \/>\n1320 S Dixie Hwy,<br \/>\nCoral Gables, FL 33146<\/p>\n\n\t\t<\/div>\n\t<\/div>\n<div class=\"vc_btn3-container vc_btn3-center vc_do_btn\" ><a class=\"vc_general vc_btn3 vc_btn3-size-sm vc_btn3-shape-rounded vc_btn3-style-modern vc_btn3-block vc_btn3-icon-left vc_btn3-color-success\" href=\"mailto:yxa561@miami.edu\" title=\"\" target=\"_blank\"><i class=\"vc_btn3-icon far fa-envelope\"><\/i> Email<\/a><\/div><div class=\"vc_btn3-container vc_btn3-center vc_do_btn\" ><a class=\"vc_general vc_btn3 vc_btn3-size-sm vc_btn3-shape-rounded vc_btn3-style-modern vc_btn3-block vc_btn3-icon-left vc_btn3-color-mulled-wine\" href=\"tel:19544964408\" title=\"\" target=\"_blank\"><i class=\"vc_btn3-icon fas fa-phone-square-alt\"><\/i> (954) 496-4408<\/a><\/div>\n\t<div class=\"wpb_text_column wpb_content_element\" >\n\t\t<div class=\"wpb_wrapper\">\n\t\t\t<p><a href=\"https:\/\/www.linkedin.com\/in\/yurany-arbelaez-franco-aa8a52218\/\" target=\"_blank\" rel=\"noopener\"><img loading=\"lazy\" decoding=\"async\" class=\"alignnone size-full wp-image-10300\" src=\"https:\/\/colbar.org\/wp-content\/uploads\/linkedin-icon-2.png\" alt=\"linkedin-icon\" width=\"50\" height=\"50\" srcset=\"https:\/\/colbar.org\/wp-content\/uploads\/linkedin-icon-2.png 50w, https:\/\/colbar.org\/wp-content\/uploads\/linkedin-icon-2-12x12.png 12w\" sizes=\"auto, (max-width: 50px) 100vw, 50px\" \/><\/a><\/p>\n\n\t\t<\/div>\n\t<\/div>\n\n\t<div class=\"wpb_text_column wpb_content_element\" >\n\t\t<div class=\"wpb_wrapper\">\n\t\t\t<p style=\"text-align: center;\"><strong>MAPA Y DIRECCIONES<\/strong><\/p>\n\n\t\t<\/div>\n\t<\/div>\n\n\t<div class=\"wpb_text_column wpb_content_element\" >\n\t\t<div class=\"wpb_wrapper\">\n\t\t\t<p><iframe loading=\"lazy\" style=\"border: 0;\" src=\"https:\/\/www.google.com\/maps\/embed?pb=!1m14!1m8!1m3!1d14378.432623892715!2d-80.2781262!3d25.7173947!3m2!1i1024!2i768!4f13.1!3m3!1m2!1s0x88d9b8021fc6387d%3A0x38c0cfaa41f031ce!2sUniversity%20of%20Miami!5e0!3m2!1sen!2sus!4v1724688015585!5m2!1sen!2sus\" width=\"400\" height=\"300\" allowfullscreen=\"allowfullscreen\"><\/iframe><\/p>\n\n\t\t<\/div>\n\t<\/div>\n<\/div><\/div><\/div><div class=\"wpb_column vc_column_container vc_col-sm-1\"><div class=\"vc_column-inner\"><div class=\"wpb_wrapper\"><\/div><\/div><\/div><div class=\"wpb_column vc_column_container vc_col-sm-7\"><div class=\"vc_column-inner\"><div class=\"wpb_wrapper\">\n\t<div class=\"wpb_text_column wpb_content_element\" >\n\t\t<div class=\"wpb_wrapper\">\n\t\t\t<h2 style=\"text-align: left;\"><span style=\"color: #0000ff;\">Yurany Arbelaez Franco<\/span><\/h2>\n\n\t\t<\/div>\n\t<\/div>\n<div class=\"vc_separator wpb_content_element vc_separator_align_center vc_sep_width_100 vc_sep_pos_align_left vc_separator_no_text vc_sep_color_black\" ><span class=\"vc_sep_holder vc_sep_holder_l\"><span class=\"vc_sep_line\"><\/span><\/span><span class=\"vc_sep_holder vc_sep_holder_r\"><span class=\"vc_sep_line\"><\/span><\/span>\n<\/div>\n\t<div class=\"wpb_text_column wpb_content_element\" >\n\t\t<div class=\"wpb_wrapper\">\n\t\t\t<p>Hola! My nombre es Yurany, nac\u00ed y crec\u00ed en la ciudad de Medellin, Colombia. Me gradu\u00e9 de la Universidad de Medellin en 2018 y poco despu\u00e9s migre a los Estados Unidos en busca de nuevas oportunidades. Actualmente, soy candidata de la Mastria en Derecho Transnacional y Americano de la Universidad de Miami. Adem\u00e1s, trabajo medio tiempo para una firma de inmigraci\u00f3n donde he obtenido valiosa experiencia en esa area.<\/p>\n\n\t\t<\/div>\n\t<\/div>\n\n\t<div class=\"wpb_text_column wpb_content_element\" >\n\t\t<div class=\"wpb_wrapper\">\n\t\t\t<h3>\u00c1reas de Inter\u00e9s<\/h3>\n\n\t\t<\/div>\n\t<\/div>\n<div class=\"vc_separator wpb_content_element vc_separator_align_center vc_sep_width_100 vc_sep_pos_align_left vc_separator_no_text vc_sep_color_black\" ><span class=\"vc_sep_holder vc_sep_holder_l\"><span class=\"vc_sep_line\"><\/span><\/span><span class=\"vc_sep_holder vc_sep_holder_r\"><span class=\"vc_sep_line\"><\/span><\/span>\n<\/div>\n\t<div class=\"wpb_text_column wpb_content_element\" >\n\t\t<div class=\"wpb_wrapper\">\n\t\t\t<p>Derecho de inmigraci\u00f3n<br \/>\nDereco Humanos<br \/>\nPropiedad Intelectual<\/p>\n\n\t\t<\/div>\n\t<\/div>\n\n\t<div class=\"wpb_text_column wpb_content_element\" >\n\t\t<div class=\"wpb_wrapper\">\n\t\t\t<h3>Educaci\u00f3n<\/h3>\n\n\t\t<\/div>\n\t<\/div>\n<div class=\"vc_separator wpb_content_element vc_separator_align_center vc_sep_width_100 vc_sep_pos_align_left vc_separator_no_text vc_sep_color_black\" ><span class=\"vc_sep_holder vc_sep_holder_l\"><span class=\"vc_sep_line\"><\/span><\/span><span class=\"vc_sep_holder vc_sep_holder_r\"><span class=\"vc_sep_line\"><\/span><\/span>\n<\/div>\n\t<div class=\"wpb_text_column wpb_content_element\" >\n\t\t<div class=\"wpb_wrapper\">\n\t\t\t<p>Law Degree, University of Medellin.<br \/>\nLLM in U.S. and Transnational Law, University of Miami.<\/p>\n\n\t\t<\/div>\n\t<\/div>\n\n\t<div class=\"wpb_text_column wpb_content_element\" >\n\t\t<div class=\"wpb_wrapper\">\n\t\t\t<h3>Experiencias Relevantes<\/h3>\n\n\t\t<\/div>\n\t<\/div>\n<div class=\"vc_separator wpb_content_element vc_separator_align_center vc_sep_width_100 vc_sep_pos_align_left vc_separator_no_text vc_sep_color_black\" ><span class=\"vc_sep_holder vc_sep_holder_l\"><span class=\"vc_sep_line\"><\/span><\/span><span class=\"vc_sep_holder vc_sep_holder_r\"><span class=\"vc_sep_line\"><\/span><\/span>\n<\/div>\n\t<div class=\"wpb_text_column wpb_content_element\" >\n\t\t<div class=\"wpb_wrapper\">\n\t\t\t<p>Law Internship, Bancolombia<br \/>\nImmigration Paralegal, Law Office of Sergio E. Fernandez<br \/>\nImmigration Paralegal, Hassan Law P.A.<\/p>\n\n\t\t<\/div>\n\t<\/div>\n\n\t<div class=\"wpb_text_column wpb_content_element\" >\n\t\t<div class=\"wpb_wrapper\">\n\t\t\t<h3>Idiomas<\/h3>\n\n\t\t<\/div>\n\t<\/div>\n<div class=\"vc_separator wpb_content_element vc_separator_align_center vc_sep_width_100 vc_sep_pos_align_left vc_separator_no_text vc_sep_color_black\" ><span class=\"vc_sep_holder vc_sep_holder_l\"><span class=\"vc_sep_line\"><\/span><\/span><span class=\"vc_sep_holder vc_sep_holder_r\"><span class=\"vc_sep_line\"><\/span><\/span>\n<\/div>\n\t<div class=\"wpb_text_column wpb_content_element\" >\n\t\t<div class=\"wpb_wrapper\">\n\t\t\t<p>Fluidez en Ingl\u00e9s y Espa\u00f1ol.<\/p>\n\n\t\t<\/div>\n\t<\/div>\n<\/div><\/div><\/div><\/div>\n<\/div>","protected":false},"excerpt":{"rendered":"Yurany Arbelaez Franco University of Miami 1320 S Dixie Hwy, Coral Gables, FL 33146 Send Email (954) 496-4408 MAP &amp;","protected":false},"author":1,"featured_media":0,"parent":7556,"menu_order":0,"comment_status":"closed","ping_status":"closed","template":"","meta":{"footnotes":""},"class_list":["post-10841","page","type-page","status-publish","hentry"],"_links":{"self":[{"href":"https:\/\/colbar.org\/es\/wp-json\/wp\/v2\/pages\/10841","targetHints":{"allow":["GET"]}}],"collection":[{"href":"https:\/\/colbar.org\/es\/wp-json\/wp\/v2\/pages"}],"about":[{"href":"https:\/\/colbar.org\/es\/wp-json\/wp\/v2\/types\/page"}],"author":[{"embeddable":true,"href":"https:\/\/colbar.org\/es\/wp-json\/wp\/v2\/users\/1"}],"replies":[{"embeddable":true,"href":"https:\/\/colbar.org\/es\/wp-json\/wp\/v2\/comments?post=10841"}],"version-history":[{"count":0,"href":"https:\/\/colbar.org\/es\/wp-json\/wp\/v2\/pages\/10841\/revisions"}],"up":[{"embeddable":true,"href":"https:\/\/colbar.org\/es\/wp-json\/wp\/v2\/pages\/7556"}],"wp:attachment":[{"href":"https:\/\/colbar.org\/es\/wp-json\/wp\/v2\/media?parent=10841"}],"curies":[{"name":"wp","href":"https:\/\/api.w.org\/{rel}","templated":true}]}}