{"id":10848,"date":"2024-08-28T14:11:55","date_gmt":"2024-08-28T18:11:55","guid":{"rendered":"https:\/\/colbar.org\/?page_id=10848"},"modified":"2026-03-19T16:16:23","modified_gmt":"2026-03-19T20:16:23","slug":"lucia-camargo-esq","status":"publish","type":"page","link":"https:\/\/colbar.org\/es\/attorneys\/lucia-camargo-esq\/","title":{"rendered":"Lucia Camargo, Esq."},"content":{"rendered":"<div class=\"wpb-content-wrapper\"><div class=\"vc_row wpb_row vc_row-fluid\"><div class=\"wpb_column vc_column_container vc_col-sm-4\"><div class=\"vc_column-inner vc_custom_1618350251727\"><div class=\"wpb_wrapper\">\n\t<div  class=\"wpb_single_image wpb_content_element vc_align_center\">\n\t\t\n\t\t<figure class=\"wpb_wrapper vc_figure\">\n\t\t\t<div class=\"vc_single_image-wrapper   vc_box_border_grey\"><img loading=\"lazy\" decoding=\"async\" width=\"252\" height=\"300\" src=\"https:\/\/colbar.org\/wp-content\/uploads\/Lucia-Camargo.jpg\" class=\"vc_single_image-img attachment-full\" alt=\"Lucia Camargo, Esq.\" title=\"Lucia Camargo\" srcset=\"https:\/\/colbar.org\/wp-content\/uploads\/Lucia-Camargo.jpg 252w, https:\/\/colbar.org\/wp-content\/uploads\/Lucia-Camargo-10x12.jpg 10w, https:\/\/colbar.org\/wp-content\/uploads\/Lucia-Camargo-125x150.jpg 125w\" sizes=\"auto, (max-width: 252px) 100vw, 252px\" \/><\/div>\n\t\t<\/figure>\n\t<\/div>\n\n\t<div class=\"wpb_text_column wpb_content_element\" >\n\t\t<div class=\"wpb_wrapper\">\n\t\t\t<h6 style=\"text-align: center;\">Lucia Camargo, Esq.<\/h6>\n\n\t\t<\/div>\n\t<\/div>\n\n\t<div class=\"wpb_text_column wpb_content_element\" >\n\t\t<div class=\"wpb_wrapper\">\n\t\t\t<p style=\"text-align: center;\"><strong>Camargo Law Firm, PLLC<\/strong><br \/>\n1050 Connecticut Ave NW,<br \/>\nSuite 5103, Washington, DC 20036<\/p>\n\n\t\t<\/div>\n\t<\/div>\n<div class=\"vc_btn3-container vc_btn3-center vc_do_btn\" ><a class=\"vc_general vc_btn3 vc_btn3-size-sm vc_btn3-shape-rounded vc_btn3-style-modern vc_btn3-block vc_btn3-icon-left vc_btn3-color-sky\" href=\"https:\/\/www.camargolawfirm.com\/\" title=\"\" target=\"_blank\"><i class=\"vc_btn3-icon fas fa-globe\"><\/i> Visit Website<\/a><\/div><div class=\"vc_btn3-container vc_btn3-center vc_do_btn\" ><a class=\"vc_general vc_btn3 vc_btn3-size-sm vc_btn3-shape-rounded vc_btn3-style-modern vc_btn3-block vc_btn3-icon-left vc_btn3-color-success\" href=\"mailto:info@camargolawfirm.com\" title=\"\" target=\"_blank\"><i class=\"vc_btn3-icon far fa-envelope\"><\/i> Email<\/a><\/div><div class=\"vc_btn3-container vc_btn3-center vc_do_btn\" ><a class=\"vc_general vc_btn3 vc_btn3-size-sm vc_btn3-shape-rounded vc_btn3-style-modern vc_btn3-block vc_btn3-icon-left vc_btn3-color-mulled-wine\" href=\"tel:12026005155\" title=\"\" target=\"_blank\"><i class=\"vc_btn3-icon fas fa-phone-square-alt\"><\/i> (202) 600-5155<\/a><\/div>\n\t<div class=\"wpb_text_column wpb_content_element\" >\n\t\t<div class=\"wpb_wrapper\">\n\t\t\t<p><a href=\"https:\/\/www.linkedin.com\/in\/lucia-camargo\/\" target=\"_blank\" rel=\"noopener\"><img loading=\"lazy\" decoding=\"async\" class=\"alignnone wp-image-10300 size-full\" src=\"https:\/\/colbar.org\/wp-content\/uploads\/linkedin-icon-2.png\" alt=\"linkedin-icon\" width=\"50\" height=\"50\" srcset=\"https:\/\/colbar.org\/wp-content\/uploads\/linkedin-icon-2.png 50w, https:\/\/colbar.org\/wp-content\/uploads\/linkedin-icon-2-12x12.png 12w\" sizes=\"auto, (max-width: 50px) 100vw, 50px\" \/><\/a><a href=\"https:\/\/www.facebook.com\/lucia.camargo.961\" target=\"_blank\" rel=\"noopener\"><img loading=\"lazy\" decoding=\"async\" class=\"alignnone wp-image-10297 size-full\" src=\"https:\/\/colbar.org\/wp-content\/uploads\/facebook-icon.png\" alt=\"\" width=\"50\" height=\"50\" srcset=\"https:\/\/colbar.org\/wp-content\/uploads\/facebook-icon.png 50w, https:\/\/colbar.org\/wp-content\/uploads\/facebook-icon-12x12.png 12w\" sizes=\"auto, (max-width: 50px) 100vw, 50px\" \/><\/a><a href=\"https:\/\/www.instagram.com\/luciacamargo1021\" target=\"_blank\" rel=\"noopener\"><img loading=\"lazy\" decoding=\"async\" class=\"alignnone wp-image-10298 size-full\" src=\"https:\/\/colbar.org\/wp-content\/uploads\/instagram-icon-1.png\" alt=\"instagram icon\" width=\"50\" height=\"50\" srcset=\"https:\/\/colbar.org\/wp-content\/uploads\/instagram-icon-1.png 50w, https:\/\/colbar.org\/wp-content\/uploads\/instagram-icon-1-12x12.png 12w\" sizes=\"auto, (max-width: 50px) 100vw, 50px\" \/><\/a><a href=\"https:\/\/twitter.com\/CamargoLawFirm\" target=\"_blank\" rel=\"noopener\"><img loading=\"lazy\" decoding=\"async\" class=\"alignnone wp-image-10301 size-full\" src=\"https:\/\/colbar.org\/wp-content\/uploads\/x-icon.png\" alt=\"x icon\" width=\"50\" height=\"50\" srcset=\"https:\/\/colbar.org\/wp-content\/uploads\/x-icon.png 50w, https:\/\/colbar.org\/wp-content\/uploads\/x-icon-12x12.png 12w\" sizes=\"auto, (max-width: 50px) 100vw, 50px\" \/><\/a><\/p>\n\n\t\t<\/div>\n\t<\/div>\n\n\t<div class=\"wpb_text_column wpb_content_element\" >\n\t\t<div class=\"wpb_wrapper\">\n\t\t\t<p style=\"text-align: center;\"><strong>MAPA Y DIRECCIONES<\/strong><\/p>\n\n\t\t<\/div>\n\t<\/div>\n\n\t<div class=\"wpb_text_column wpb_content_element\" >\n\t\t<div class=\"wpb_wrapper\">\n\t\t\t<p><iframe loading=\"lazy\" style=\"border: 0;\" src=\"https:\/\/www.google.com\/maps\/embed?pb=!1m18!1m12!1m3!1d776.2245423891795!2d-77.04143833040732!3d38.90344389823268!2m3!1f0!2f0!3f0!3m2!1i1024!2i768!4f13.1!3m3!1m2!1s0x89b7b7ec704e16d5%3A0x222a606e8b26f6f9!2sCAMARGO%20LAW%20FIRM%2C%20PLLC!5e0!3m2!1sen!2sus!4v1724867933459!5m2!1sen!2sus\" width=\"400\" height=\"300\" allowfullscreen=\"allowfullscreen\"><\/iframe><\/p>\n\n\t\t<\/div>\n\t<\/div>\n<\/div><\/div><\/div><div class=\"wpb_column vc_column_container vc_col-sm-1\"><div class=\"vc_column-inner\"><div class=\"wpb_wrapper\"><\/div><\/div><\/div><div class=\"wpb_column vc_column_container vc_col-sm-7\"><div class=\"vc_column-inner\"><div class=\"wpb_wrapper\">\n\t<div class=\"wpb_text_column wpb_content_element\" >\n\t\t<div class=\"wpb_wrapper\">\n\t\t\t<h2 style=\"text-align: left;\"><span style=\"color: #0000ff;\">Lucia Camargo, Esq.<\/span><\/h2>\n<hr \/>\n<p>Como fundadora y abogado principal de Camargo Law Firm PLLC, me dedico a brindar servicios excepcionales de derecho de inmigraci\u00f3n con un enfoque en visas familiares, de inversi\u00f3n y de empleo, principalmente EB-2 NIW y EB-1. Con m\u00e1s de 20 a\u00f1os de experiencia, he ayudado exitosamente a numerosos clientes a navegar por el complejo sistema de inmigraci\u00f3n de los Estados Unidos y lograr sus sue\u00f1os de vivir y trabajar en los Estados Unidos.<\/p>\n<p>En Camargo Law Firm PLLC, nos enorgullecemos de ofrecer representaci\u00f3n legal personalizada y compasiva. Nuestra misi\u00f3n es brindar a cada cliente el m\u00e1s alto nivel de servicio, adaptado a sus necesidades y circunstancias \u00fanicas. Estamos comprometidos a mantenernos actualizados con las leyes de inmigraci\u00f3n en constante evoluci\u00f3n para ofrecer las mejores soluciones posibles.<\/p>\n<p>Mi enfoque est\u00e1 en la promoci\u00f3n de negocios entre profesionales ubicados en Europa, Colombia y otros pa\u00edses latinoamericanos, que califican para visas de inmigrante familiares, de inversi\u00f3n y basadas en empleo.<\/p>\n<p>Si busca orientaci\u00f3n experta en su viaje de inmigraci\u00f3n, lo invito a conectarse conmigo o visitar nuestro sitio web en www.camargolawfirm.com para programar una consulta. <a href=\"https:\/\/www.camargolawfirm.com\/\" target=\"_blank\" rel=\"noopener\" data-auth=\"NotApplicable\" data-linkindex=\"5\" data-ogsc=\"\">www.camargolawfirm.com<\/a>\u00a0to schedule a consultation.<\/p>\n\n\t\t<\/div>\n\t<\/div>\n\n\t<div class=\"wpb_text_column wpb_content_element\" >\n\t\t<div class=\"wpb_wrapper\">\n\t\t\t<h3>Areas de Pr\u00e1ctica<\/h3>\n<hr \/>\n<p>Derecho de inmigraci\u00f3n<br \/>\nDerecho Corporativo<\/p>\n\n\t\t<\/div>\n\t<\/div>\n\n\t<div class=\"wpb_text_column wpb_content_element\" >\n\t\t<div class=\"wpb_wrapper\">\n\t\t\t<h3>Educaci\u00f3n<\/h3>\n<hr \/>\n<p>American University, (LL.M) International Law and Legal Studies (2001 &#8211; 2002)<br \/>\nUniversit\u00e0 Bocconi, Milan, Italy &#8211; Scuola Di Direzione Aziendale, Marketing (1994 &#8211; 1995)<br \/>\nUniversidad Libre de Colombia, J.D. Equivalent Political Science (1985 &#8211; 1991)<\/p>\n\n\t\t<\/div>\n\t<\/div>\n\n\t<div class=\"wpb_text_column wpb_content_element\" >\n\t\t<div class=\"wpb_wrapper\">\n\t\t\t<h3>Admisi\u00f3n a la Pr\u00e1ctica<\/h3>\n<hr \/>\n<p>New York State Courts (2006)<br \/>\nWashington, D.C. State Courts (2021)<\/p>\n\n\t\t<\/div>\n\t<\/div>\n\n\t<div class=\"wpb_text_column wpb_content_element\" >\n\t\t<div class=\"wpb_wrapper\">\n\t\t\t<h3>Idiomas<\/h3>\n<hr \/>\n<p>Fluent in English, Spanish and Italian.<\/p>\n\n\t\t<\/div>\n\t<\/div>\n<\/div><\/div><\/div><\/div>\n<\/div>","protected":false},"excerpt":{"rendered":"Lucia Camargo, Esq. Camargo Law Firm, PLLC 1050 Connecticut Ave NW, Suite 5103, Washington, DC 20036 Visit Website Send Email","protected":false},"author":1,"featured_media":0,"parent":8600,"menu_order":0,"comment_status":"closed","ping_status":"closed","template":"","meta":{"footnotes":""},"class_list":["post-10848","page","type-page","status-publish","hentry"],"_links":{"self":[{"href":"https:\/\/colbar.org\/es\/wp-json\/wp\/v2\/pages\/10848","targetHints":{"allow":["GET"]}}],"collection":[{"href":"https:\/\/colbar.org\/es\/wp-json\/wp\/v2\/pages"}],"about":[{"href":"https:\/\/colbar.org\/es\/wp-json\/wp\/v2\/types\/page"}],"author":[{"embeddable":true,"href":"https:\/\/colbar.org\/es\/wp-json\/wp\/v2\/users\/1"}],"replies":[{"embeddable":true,"href":"https:\/\/colbar.org\/es\/wp-json\/wp\/v2\/comments?post=10848"}],"version-history":[{"count":0,"href":"https:\/\/colbar.org\/es\/wp-json\/wp\/v2\/pages\/10848\/revisions"}],"up":[{"embeddable":true,"href":"https:\/\/colbar.org\/es\/wp-json\/wp\/v2\/pages\/8600"}],"wp:attachment":[{"href":"https:\/\/colbar.org\/es\/wp-json\/wp\/v2\/media?parent=10848"}],"curies":[{"name":"wp","href":"https:\/\/api.w.org\/{rel}","templated":true}]}}