{"id":10852,"date":"2024-08-28T14:40:23","date_gmt":"2024-08-28T18:40:23","guid":{"rendered":"https:\/\/colbar.org\/?page_id=10852"},"modified":"2026-03-19T14:15:13","modified_gmt":"2026-03-19T18:15:13","slug":"daniel-umbert-esq","status":"publish","type":"page","link":"https:\/\/colbar.org\/es\/attorneys\/daniel-umbert-esq\/","title":{"rendered":"Daniel Umbert, Esq."},"content":{"rendered":"<div class=\"wpb-content-wrapper\"><div class=\"vc_row wpb_row vc_row-fluid\"><div class=\"wpb_column vc_column_container vc_col-sm-4\"><div class=\"vc_column-inner vc_custom_1618350251727\"><div class=\"wpb_wrapper\">\n\t<div  class=\"wpb_single_image wpb_content_element vc_align_center\">\n\t\t\n\t\t<figure class=\"wpb_wrapper vc_figure\">\n\t\t\t<div class=\"vc_single_image-wrapper   vc_box_border_grey\"><img loading=\"lazy\" decoding=\"async\" width=\"252\" height=\"300\" src=\"https:\/\/colbar.org\/wp-content\/uploads\/Daniel-Umbert.jpg\" class=\"vc_single_image-img attachment-full\" alt=\"Daniel Umbert, Esq.\" title=\"Daniel Umbert\" srcset=\"https:\/\/colbar.org\/wp-content\/uploads\/Daniel-Umbert.jpg 252w, https:\/\/colbar.org\/wp-content\/uploads\/Daniel-Umbert-10x12.jpg 10w, https:\/\/colbar.org\/wp-content\/uploads\/Daniel-Umbert-125x150.jpg 125w\" sizes=\"auto, (max-width: 252px) 100vw, 252px\" \/><\/div>\n\t\t<\/figure>\n\t<\/div>\n\n\t<div class=\"wpb_text_column wpb_content_element\" >\n\t\t<div class=\"wpb_wrapper\">\n\t\t\t<h6 style=\"text-align: center;\">Daniel Umbert, Esq.<\/h6>\n\n\t\t<\/div>\n\t<\/div>\n\n\t<div class=\"wpb_text_column wpb_content_element\" >\n\t\t<div class=\"wpb_wrapper\">\n\t\t\t<p style=\"text-align: center;\"><strong>True North Law, P.A.<\/strong><br \/>\n390 NE 191st St,<br \/>\nSuite 8368, Miami, FL 33179<\/p>\n\n\t\t<\/div>\n\t<\/div>\n<div class=\"vc_btn3-container vc_btn3-center vc_do_btn\" ><a class=\"vc_general vc_btn3 vc_btn3-size-sm vc_btn3-shape-rounded vc_btn3-style-modern vc_btn3-block vc_btn3-icon-left vc_btn3-color-sky\" href=\"https:\/\/www.tnlmiami.com\/\" title=\"\" target=\"_blank\"><i class=\"vc_btn3-icon fas fa-globe\"><\/i> Visit Website<\/a><\/div><div class=\"vc_btn3-container vc_btn3-center vc_do_btn\" ><a class=\"vc_general vc_btn3 vc_btn3-size-sm vc_btn3-shape-rounded vc_btn3-style-modern vc_btn3-block vc_btn3-icon-left vc_btn3-color-success\" href=\"mailto:DANIEL@TNLMIAMI.COM\" title=\"\" target=\"_blank\"><i class=\"vc_btn3-icon far fa-envelope\"><\/i> Email<\/a><\/div><div class=\"vc_btn3-container vc_btn3-center vc_do_btn\" ><a class=\"vc_general vc_btn3 vc_btn3-size-sm vc_btn3-shape-rounded vc_btn3-style-modern vc_btn3-block vc_btn3-icon-left vc_btn3-color-mulled-wine\" href=\"tel:13059995523\" title=\"\" target=\"_blank\"><i class=\"vc_btn3-icon fas fa-phone-square-alt\"><\/i> (305) 999-5523<\/a><\/div>\n\t<div class=\"wpb_text_column wpb_content_element\" >\n\t\t<div class=\"wpb_wrapper\">\n\t\t\t<p style=\"text-align: center;\"><strong>MAPA Y DIRECCIONES<\/strong><\/p>\n\n\t\t<\/div>\n\t<\/div>\n\n\t<div class=\"wpb_text_column wpb_content_element\" >\n\t\t<div class=\"wpb_wrapper\">\n\t\t\t<p><iframe loading=\"lazy\" style=\"border: 0;\" src=\"https:\/\/www.google.com\/maps\/embed?pb=!1m14!1m8!1m3!1d3016.754599252296!2d-80.19454222970253!3d25.950126734351!3m2!1i1024!2i768!4f13.1!3m3!1m2!1s0x88d9ae86ab09a981%3A0x31507e9ae66cc7c1!2s390%20NE%20191st%20St%20%238368%2C%20Miami%2C%20FL%2033179!5e0!3m2!1sen!2sus!4v1724869976977!5m2!1sen!2sus\" width=\"400\" height=\"300\" allowfullscreen=\"allowfullscreen\"><\/iframe><\/p>\n\n\t\t<\/div>\n\t<\/div>\n<\/div><\/div><\/div><div class=\"wpb_column vc_column_container vc_col-sm-1\"><div class=\"vc_column-inner\"><div class=\"wpb_wrapper\"><\/div><\/div><\/div><div class=\"wpb_column vc_column_container vc_col-sm-7\"><div class=\"vc_column-inner\"><div class=\"wpb_wrapper\">\n\t<div class=\"wpb_text_column wpb_content_element\" >\n\t\t<div class=\"wpb_wrapper\">\n\t\t\t<h2 style=\"text-align: left;\"><span style=\"color: #0000ff;\">Daniel Umbert, Esq.<\/span><\/h2>\n<hr \/>\n<p>Daniel Umbert es el fundador y abogado principal de True North Law, P.A., un bufete de abogados de familia de Miami que presta servicios a clientes en los condados de Miami-Dade y Broward en las \u00e1reas de paternidad, divorcio, manutenci\u00f3n de menores y asuntos relacionados.<\/p>\n<p>Daniel, residente desde hace mucho tiempo de los condados de Miami-Dade y Broward, obtuvo su licenciatura en Artes de la Universidad Nova Southeastern en Fort Lauderdale en 2011, antes de obtener su t\u00edtulo de abogado en la Facultad de Derecho de la Universidad de Miami en 2014. En la facultad de derecho, se desempe\u00f1\u00f3 como asistente legal de un juez del Und\u00e9cimo Tribunal Judicial de Florida en Miami. Daniel tambi\u00e9n habla espa\u00f1ol con fluidez.<\/p>\n<p>Desde sus inicios, la carrera jur\u00eddica de Daniel se ha centrado estrictamente en el \u00e1rea del derecho de familia. Antes de ingresar a la pr\u00e1ctica privada, trabaj\u00f3 para el Programa de Manutenci\u00f3n de Menores del Departamento de Ingresos de Florida como Fiscal General Adjunto en el Condado de Broward, litigando en nombre del Departamento de Ingresos de Florida. Tambi\u00e9n se desempe\u00f1\u00f3 durante varios a\u00f1os como Fiscal Estatal Adjunto en el Condado de Miami-Dade, donde manej\u00f3 asuntos legales relacionados con el cumplimiento de la manutenci\u00f3n infantil.<\/p>\n<p>Daniel ha pasado la mayor parte de su carrera jur\u00eddica en los tribunales y es experto en litigar asuntos controvertidos de derecho matrimonial y familiar. Se siente igualmente c\u00f3modo trabajando con personas para resolver disputas fuera de la sala del tribunal. La pr\u00e1ctica de Daniel en True North Law, P.A. incluye la representaci\u00f3n de partes en divorcios y mediaci\u00f3n de derecho familiar, as\u00ed como planificaci\u00f3n de separaci\u00f3n y consultor\u00eda antes de solicitar el divorcio.<\/p>\n<p>Fuera de la oficina, Daniel disfruta pasar tiempo con su esposa, sus dos hijos peque\u00f1os y los gatos de la familia, Peggy y Ricky. Tambi\u00e9n entrega sus pasiones por la jardiner\u00eda y la m\u00fasica siempre que el tiempo lo permite.<\/p>\n\n\t\t<\/div>\n\t<\/div>\n\n\t<div class=\"wpb_text_column wpb_content_element\" >\n\t\t<div class=\"wpb_wrapper\">\n\t\t\t<h3>Areas de Pr\u00e1ctica<\/h3>\n<hr \/>\n<p>Ley Familiar<\/p>\n\n\t\t<\/div>\n\t<\/div>\n\n\t<div class=\"wpb_text_column wpb_content_element\" >\n\t\t<div class=\"wpb_wrapper\">\n\t\t\t<h3>Educaci\u00f3n<\/h3>\n<hr \/>\n<p>Nova Southeastern University, B.A. (2011)<br \/>\nMiami School of Law (2014)<\/p>\n\n\t\t<\/div>\n\t<\/div>\n\n\t<div class=\"wpb_text_column wpb_content_element\" >\n\t\t<div class=\"wpb_wrapper\">\n\t\t\t<h3>Admisi\u00f3n a la Pr\u00e1ctica<\/h3>\n<hr \/>\n<p>Todos los tribunales estatales de Florida<\/p>\n\n\t\t<\/div>\n\t<\/div>\n\n\t<div class=\"wpb_text_column wpb_content_element\" >\n\t\t<div class=\"wpb_wrapper\">\n\t\t\t<h3>Idiomas<\/h3>\n<hr \/>\n<p>Fluidez en Ingl\u00e9s y Espa\u00f1ol.<\/p>\n\n\t\t<\/div>\n\t<\/div>\n<\/div><\/div><\/div><\/div>\n<\/div>","protected":false},"excerpt":{"rendered":"Daniel Umbert, Esq. True North Law, P.A. 390 NE 191st St, Suite 8368, Miami, FL 33179 Visit Website Send Email","protected":false},"author":1,"featured_media":0,"parent":8600,"menu_order":0,"comment_status":"closed","ping_status":"closed","template":"","meta":{"footnotes":""},"class_list":["post-10852","page","type-page","status-publish","hentry"],"_links":{"self":[{"href":"https:\/\/colbar.org\/es\/wp-json\/wp\/v2\/pages\/10852","targetHints":{"allow":["GET"]}}],"collection":[{"href":"https:\/\/colbar.org\/es\/wp-json\/wp\/v2\/pages"}],"about":[{"href":"https:\/\/colbar.org\/es\/wp-json\/wp\/v2\/types\/page"}],"author":[{"embeddable":true,"href":"https:\/\/colbar.org\/es\/wp-json\/wp\/v2\/users\/1"}],"replies":[{"embeddable":true,"href":"https:\/\/colbar.org\/es\/wp-json\/wp\/v2\/comments?post=10852"}],"version-history":[{"count":0,"href":"https:\/\/colbar.org\/es\/wp-json\/wp\/v2\/pages\/10852\/revisions"}],"up":[{"embeddable":true,"href":"https:\/\/colbar.org\/es\/wp-json\/wp\/v2\/pages\/8600"}],"wp:attachment":[{"href":"https:\/\/colbar.org\/es\/wp-json\/wp\/v2\/media?parent=10852"}],"curies":[{"name":"wp","href":"https:\/\/api.w.org\/{rel}","templated":true}]}}