{"id":10870,"date":"2024-09-13T11:33:50","date_gmt":"2024-09-13T15:33:50","guid":{"rendered":"https:\/\/colbar.org\/?page_id=10870"},"modified":"2024-09-13T11:33:50","modified_gmt":"2024-09-13T15:33:50","slug":"chelsy-mesino","status":"publish","type":"page","link":"https:\/\/colbar.org\/es\/student-members\/chelsy-mesino\/","title":{"rendered":"Chelsy Mesino"},"content":{"rendered":"<div class=\"wpb-content-wrapper\"><div class=\"vc_row wpb_row vc_row-fluid\"><div class=\"wpb_column vc_column_container vc_col-sm-4\"><div class=\"vc_column-inner vc_custom_1618350251727\"><div class=\"wpb_wrapper\">\n\t<div  class=\"wpb_single_image wpb_content_element vc_align_center\">\n\t\t\n\t\t<figure class=\"wpb_wrapper vc_figure\">\n\t\t\t<div class=\"vc_single_image-wrapper   vc_box_border_grey\"><img loading=\"lazy\" decoding=\"async\" width=\"252\" height=\"300\" src=\"https:\/\/colbar.org\/wp-content\/uploads\/Chelsy-Mesino.png\" class=\"vc_single_image-img attachment-full\" alt=\"Chelsy Mesino\" title=\"Chelsy Mesino\" srcset=\"https:\/\/colbar.org\/wp-content\/uploads\/Chelsy-Mesino.png 252w, https:\/\/colbar.org\/wp-content\/uploads\/Chelsy-Mesino-10x12.png 10w\" sizes=\"auto, (max-width: 252px) 100vw, 252px\" \/><\/div>\n\t\t<\/figure>\n\t<\/div>\n\n\t<div class=\"wpb_text_column wpb_content_element\" >\n\t\t<div class=\"wpb_wrapper\">\n\t\t\t<h6 style=\"text-align: center;\"><strong>Chelsy Mesino<\/strong><\/h6>\n\n\t\t<\/div>\n\t<\/div>\n\n\t<div class=\"wpb_text_column wpb_content_element\" >\n\t\t<div class=\"wpb_wrapper\">\n\t\t\t<p style=\"text-align: center;\"><strong>Quinnipiac University School of Law<\/strong><\/p>\n\n\t\t<\/div>\n\t<\/div>\n<div class=\"vc_btn3-container vc_btn3-center vc_do_btn\" ><a class=\"vc_general vc_btn3 vc_btn3-size-sm vc_btn3-shape-rounded vc_btn3-style-modern vc_btn3-block vc_btn3-icon-left vc_btn3-color-success\" href=\"mailto:chelsy.mesino@quinnipiac.edu\" title=\"\"><i class=\"vc_btn3-icon far fa-envelope\"><\/i> Email<\/a><\/div><div class=\"vc_btn3-container vc_btn3-center vc_do_btn\" ><a class=\"vc_general vc_btn3 vc_btn3-size-sm vc_btn3-shape-rounded vc_btn3-style-modern vc_btn3-block vc_btn3-icon-left vc_btn3-color-mulled-wine\" href=\"tel:+17863996941\" title=\"\"><i class=\"vc_btn3-icon fas fa-phone-square-alt\"><\/i> (786) 399-6941<\/a><\/div>\n\t<div class=\"wpb_text_column wpb_content_element\" >\n\t\t<div class=\"wpb_wrapper\">\n\t\t\t<p><a href=\"https:\/\/www.linkedin.com\/in\/chelsymesino\/\" target=\"_blank\" rel=\"noopener\"><img loading=\"lazy\" decoding=\"async\" class=\"alignnone wp-image-10300 size-full\" src=\"https:\/\/colbar.org\/wp-content\/uploads\/linkedin-icon-2.png\" alt=\"linkedin-icon\" width=\"50\" height=\"50\" srcset=\"https:\/\/colbar.org\/wp-content\/uploads\/linkedin-icon-2.png 50w, https:\/\/colbar.org\/wp-content\/uploads\/linkedin-icon-2-12x12.png 12w\" sizes=\"auto, (max-width: 50px) 100vw, 50px\" \/><\/a><\/p>\n\n\t\t<\/div>\n\t<\/div>\n\n\t<div class=\"wpb_text_column wpb_content_element\" >\n\t\t<div class=\"wpb_wrapper\">\n\t\t\t<p style=\"text-align: center;\"><strong>MAPA Y DIRECCIONES<\/strong><\/p>\n\n\t\t<\/div>\n\t<\/div>\n\n\t<div class=\"wpb_text_column wpb_content_element\" >\n\t\t<div class=\"wpb_wrapper\">\n\t\t\t<p><iframe loading=\"lazy\" style=\"border: 0;\" src=\"https:\/\/www.google.com\/maps\/embed?pb=!1m14!1m8!1m3!1d11968.634845871027!2d-72.8336345!3d41.4140733!3m2!1i1024!2i768!4f13.1!3m3!1m2!1s0x89e7cffe11570c55%3A0x659466a3f33a9803!2sQuinnipiac%20University%20School%20of%20Law!5e0!3m2!1sen!2sus!4v1726240950072!5m2!1sen!2sus\" width=\"400\" height=\"300\" allowfullscreen=\"allowfullscreen\"><\/iframe><\/p>\n\n\t\t<\/div>\n\t<\/div>\n<\/div><\/div><\/div><div class=\"wpb_column vc_column_container vc_col-sm-1\"><div class=\"vc_column-inner\"><div class=\"wpb_wrapper\"><\/div><\/div><\/div><div class=\"wpb_column vc_column_container vc_col-sm-7\"><div class=\"vc_column-inner\"><div class=\"wpb_wrapper\">\n\t<div class=\"wpb_text_column wpb_content_element\" >\n\t\t<div class=\"wpb_wrapper\">\n\t\t\t<h2 style=\"text-align: left;\"><span style=\"color: #0000ff;\">Chelsy Mesino<\/span><\/h2>\n\n\t\t<\/div>\n\t<\/div>\n<div class=\"vc_separator wpb_content_element vc_separator_align_center vc_sep_width_100 vc_sep_pos_align_left vc_separator_no_text vc_sep_color_black\" ><span class=\"vc_sep_holder vc_sep_holder_l\"><span class=\"vc_sep_line\"><\/span><\/span><span class=\"vc_sep_holder vc_sep_holder_r\"><span class=\"vc_sep_line\"><\/span><\/span>\n<\/div>\n\t<div class=\"wpb_text_column wpb_content_element\" >\n\t\t<div class=\"wpb_wrapper\">\n\t\t\t<p class=\"translation-block\">\u00a1Buenas! Mi nombre es Chelsy Mesino y estoy en mi tercer a\u00f1o en la Facultad de Derecho de la Universidad de Quinnipiac. Soy nac\u00edda y criada en Miami, Florida y me identifico como una inmigrante de segunda generaci\u00f3n. Mis padres emigraron a Miami de Barranquilla, Colombia. Fueron las experiencias y obst\u00e1culos de mis padres que dieron forma a mis aspiraciones legales.<\/p>\n<p>Antes de estudiar derecho, me gradu\u00e9 de la Universidad Internacional de Florida con una Licenciatura en Psicolog\u00eda y practiqu\u00e9 como T\u00e9cnica en comportamiento, donde tuve el honor de ser terapeuta para ni\u00f1os con autismo por 2 a\u00f1os.<\/p>\n<p class=\"translation-block\">En la facultad de derecho, fui miembra de la Cl\u00ednica de Impuestors donde represent\u00e9 a personas de bajos recurso en disputas de obligaciones tributaria contra el Servicio de Impuestos Internos (IRS). Soy vicepresidente de la Asociaci\u00f3n de Estudiantes de Derecho Latinos de QU, donde nuestro objetivo es promover la conexi\u00f3n entre los estudiantes de derecho latinos, los abogados de Connecticut, y el p\u00fablico. Fui finalista en el concurso de juicios simulados intramuros de la Universidad de Quinnipiac 2023 y soy miembra del equipo de juicios simulados de QU Law. Tambi\u00e9n soy tesorera para Outlaws, la organizaci\u00f3n dirigida por estudiantes para promover la aceptaci\u00f3n y la conexi\u00f3n entre la ley y la comunidad de LGBTQ+. Tambien soy tesorera para la sociedad de derecho empresarial y para la asociaci\u00f3n de estudiantes de derecho de mujeres.<\/p>\n\n\t\t<\/div>\n\t<\/div>\n\n\t<div class=\"wpb_text_column wpb_content_element\" >\n\t\t<div class=\"wpb_wrapper\">\n\t\t\t<h3>\u00c1reas de Inter\u00e9s<\/h3>\n\n\t\t<\/div>\n\t<\/div>\n<div class=\"vc_separator wpb_content_element vc_separator_align_center vc_sep_width_100 vc_sep_pos_align_left vc_separator_no_text vc_sep_color_black\" ><span class=\"vc_sep_holder vc_sep_holder_l\"><span class=\"vc_sep_line\"><\/span><\/span><span class=\"vc_sep_holder vc_sep_holder_r\"><span class=\"vc_sep_line\"><\/span><\/span>\n<\/div>\n\t<div class=\"wpb_text_column wpb_content_element\" >\n\t\t<div class=\"wpb_wrapper\">\n\t\t\t<p>Transacciones de Bienes Ra\u00edces<br \/>\nLitigio Comercial<br \/>\nLitigaci\u00f3n de Impuestos<\/p>\n\n\t\t<\/div>\n\t<\/div>\n\n\t<div class=\"wpb_text_column wpb_content_element\" >\n\t\t<div class=\"wpb_wrapper\">\n\t\t\t<h3>Educaci\u00f3n<\/h3>\n\n\t\t<\/div>\n\t<\/div>\n<div class=\"vc_separator wpb_content_element vc_separator_align_center vc_sep_width_100 vc_sep_pos_align_left vc_separator_no_text vc_sep_color_black\" ><span class=\"vc_sep_holder vc_sep_holder_l\"><span class=\"vc_sep_line\"><\/span><\/span><span class=\"vc_sep_holder vc_sep_holder_r\"><span class=\"vc_sep_line\"><\/span><\/span>\n<\/div>\n\t<div class=\"wpb_text_column wpb_content_element\" >\n\t\t<div class=\"wpb_wrapper\">\n\t\t\t<p>Miami Dade College &#8211; Associate in Arts (2017)<br \/>\nFlorida International University &#8211; Bachelors in Psychology (2019)<br \/>\nQuinnipiac University, School of Law &#8211; J.D. Candidate (Anticipated 2025)<\/p>\n\n\t\t<\/div>\n\t<\/div>\n\n\t<div class=\"wpb_text_column wpb_content_element\" >\n\t\t<div class=\"wpb_wrapper\">\n\t\t\t<h3>Experiencias Relevantes<\/h3>\n\n\t\t<\/div>\n\t<\/div>\n<div class=\"vc_separator wpb_content_element vc_separator_align_center vc_sep_width_100 vc_sep_pos_align_left vc_separator_no_text vc_sep_color_black\" ><span class=\"vc_sep_holder vc_sep_holder_l\"><span class=\"vc_sep_line\"><\/span><\/span><span class=\"vc_sep_holder vc_sep_holder_r\"><span class=\"vc_sep_line\"><\/span><\/span>\n<\/div>\n\t<div class=\"wpb_text_column wpb_content_element\" >\n\t\t<div class=\"wpb_wrapper\">\n\t\t\t<p>Miami, Florida<br \/>\n\u2022 2021 \u2013 2022: <a href=\"https:\/\/www.klemickandgampel.com\/\" target=\"_blank\" rel=\"noopener\">The Law Office of Klemick and Gampel<\/a><br \/>\n\u2022 2023 \u2013 2023: <a href=\"https:\/\/www.patinolaw.com\/\" target=\"_blank\" rel=\"noopener\">Patino &amp; Associates<\/a><\/p>\n<p>Farmington, Connecticut<br \/>\n\u2022 2024: <a href=\"https:\/\/www.brockandscott.com\/\" target=\"_blank\" rel=\"noopener\">Brock &amp; Scott, PLLC<\/a><\/p>\n\n\t\t<\/div>\n\t<\/div>\n\n\t<div class=\"wpb_text_column wpb_content_element\" >\n\t\t<div class=\"wpb_wrapper\">\n\t\t\t<h3>Idiomas<\/h3>\n\n\t\t<\/div>\n\t<\/div>\n<div class=\"vc_separator wpb_content_element vc_separator_align_center vc_sep_width_100 vc_sep_pos_align_left vc_separator_no_text vc_sep_color_black\" ><span class=\"vc_sep_holder vc_sep_holder_l\"><span class=\"vc_sep_line\"><\/span><\/span><span class=\"vc_sep_holder vc_sep_holder_r\"><span class=\"vc_sep_line\"><\/span><\/span>\n<\/div>\n\t<div class=\"wpb_text_column wpb_content_element\" >\n\t\t<div class=\"wpb_wrapper\">\n\t\t\t<p>Fluidez en Ingl\u00e9s y Espa\u00f1ol.<\/p>\n\n\t\t<\/div>\n\t<\/div>\n<\/div><\/div><\/div><\/div>\n<\/div>","protected":false},"excerpt":{"rendered":"Chelsy Mesino Quinnipiac University School of Law Send Email (786) 399-6941 MAP &amp; DIRECTIONS Chelsy Mesino Hello! My name is","protected":false},"author":1,"featured_media":0,"parent":7556,"menu_order":0,"comment_status":"closed","ping_status":"closed","template":"","meta":{"footnotes":""},"class_list":["post-10870","page","type-page","status-publish","hentry"],"_links":{"self":[{"href":"https:\/\/colbar.org\/es\/wp-json\/wp\/v2\/pages\/10870","targetHints":{"allow":["GET"]}}],"collection":[{"href":"https:\/\/colbar.org\/es\/wp-json\/wp\/v2\/pages"}],"about":[{"href":"https:\/\/colbar.org\/es\/wp-json\/wp\/v2\/types\/page"}],"author":[{"embeddable":true,"href":"https:\/\/colbar.org\/es\/wp-json\/wp\/v2\/users\/1"}],"replies":[{"embeddable":true,"href":"https:\/\/colbar.org\/es\/wp-json\/wp\/v2\/comments?post=10870"}],"version-history":[{"count":0,"href":"https:\/\/colbar.org\/es\/wp-json\/wp\/v2\/pages\/10870\/revisions"}],"up":[{"embeddable":true,"href":"https:\/\/colbar.org\/es\/wp-json\/wp\/v2\/pages\/7556"}],"wp:attachment":[{"href":"https:\/\/colbar.org\/es\/wp-json\/wp\/v2\/media?parent=10870"}],"curies":[{"name":"wp","href":"https:\/\/api.w.org\/{rel}","templated":true}]}}