{"id":10924,"date":"2024-10-04T16:37:15","date_gmt":"2024-10-04T20:37:15","guid":{"rendered":"https:\/\/colbar.org\/?page_id=10924"},"modified":"2026-03-20T16:16:38","modified_gmt":"2026-03-20T20:16:38","slug":"sanje-lara-esq","status":"publish","type":"page","link":"https:\/\/colbar.org\/es\/attorneys\/sanje-lara-esq\/","title":{"rendered":"Sanje Lara, Esq."},"content":{"rendered":"<div class=\"wpb-content-wrapper\"><div class=\"vc_row wpb_row vc_row-fluid\"><div class=\"wpb_column vc_column_container vc_col-sm-4\"><div class=\"vc_column-inner vc_custom_1618350251727\"><div class=\"wpb_wrapper\">\n\t<div  class=\"wpb_single_image wpb_content_element vc_align_center\">\n\t\t\n\t\t<figure class=\"wpb_wrapper vc_figure\">\n\t\t\t<div class=\"vc_single_image-wrapper   vc_box_border_grey\"><img loading=\"lazy\" decoding=\"async\" width=\"252\" height=\"300\" src=\"https:\/\/colbar.org\/wp-content\/uploads\/Sanje-Lara.jpg\" class=\"vc_single_image-img attachment-full\" alt=\"Sanje Lara, Esq.\" title=\"Sanje Lara\" srcset=\"https:\/\/colbar.org\/wp-content\/uploads\/Sanje-Lara.jpg 252w, https:\/\/colbar.org\/wp-content\/uploads\/Sanje-Lara-10x12.jpg 10w, https:\/\/colbar.org\/wp-content\/uploads\/Sanje-Lara-125x150.jpg 125w\" sizes=\"auto, (max-width: 252px) 100vw, 252px\" \/><\/div>\n\t\t<\/figure>\n\t<\/div>\n\n\t<div class=\"wpb_text_column wpb_content_element\" >\n\t\t<div class=\"wpb_wrapper\">\n\t\t\t<h6 style=\"text-align: center;\"><strong>Sanje Lara, Esq.<\/strong><\/h6>\n\n\t\t<\/div>\n\t<\/div>\n\n\t<div class=\"wpb_text_column wpb_content_element\" >\n\t\t<div class=\"wpb_wrapper\">\n\t\t\t<p style=\"text-align: center;\"><strong>SRIPLAW<\/strong><br \/>\n21301 Powerline Rd.<br \/>\nSuite 100<br \/>\nBoca Raton, FL 33433<\/p>\n\n\t\t<\/div>\n\t<\/div>\n<div class=\"vc_btn3-container vc_btn3-center vc_do_btn\" ><a class=\"vc_general vc_btn3 vc_btn3-size-sm vc_btn3-shape-rounded vc_btn3-style-modern vc_btn3-block vc_btn3-icon-left vc_btn3-color-sky\" href=\"https:\/\/www.sriplaw.com\/\" title=\"\" target=\"_blank\" rel=\"nofollow\"><i class=\"vc_btn3-icon fas fa-globe\"><\/i> Visit Website<\/a><\/div><div class=\"vc_btn3-container vc_btn3-center vc_do_btn\" ><a class=\"vc_general vc_btn3 vc_btn3-size-sm vc_btn3-shape-rounded vc_btn3-style-modern vc_btn3-block vc_btn3-icon-left vc_btn3-color-success\" href=\"mailto:sanje.lara@gmail.com\" title=\"\" target=\"_blank\"><i class=\"vc_btn3-icon far fa-envelope\"><\/i> Email<\/a><\/div><div class=\"vc_btn3-container vc_btn3-center vc_do_btn\" ><a class=\"vc_general vc_btn3 vc_btn3-size-sm vc_btn3-shape-rounded vc_btn3-style-modern vc_btn3-block vc_btn3-icon-left vc_btn3-color-mulled-wine\" href=\"tel:+17867685651\" title=\"\" target=\"_blank\"><i class=\"vc_btn3-icon fas fa-phone-square-alt\"><\/i> (786) 768-5651<\/a><\/div>\n\t<div class=\"wpb_text_column wpb_content_element\" >\n\t\t<div class=\"wpb_wrapper\">\n\t\t\t<p style=\"text-align: center;\"><strong>MAPA Y DIRECCIONES<\/strong><\/p>\n\n\t\t<\/div>\n\t<\/div>\n\n\t<div class=\"wpb_text_column wpb_content_element\" >\n\t\t<div class=\"wpb_wrapper\">\n\t\t\t<p><iframe loading=\"lazy\" style=\"border: 0;\" src=\"https:\/\/www.google.com\/maps\/embed?pb=!1m14!1m8!1m3!1d14299.791521880496!2d-80.1535456!3d26.3605477!3m2!1i1024!2i768!4f13.1!3m3!1m2!1s0x88d8e1c7ebc75a7f%3A0xa5b604a0d9448e2c!2sSRIPLAW!5e0!3m2!1sen!2sus!4v1728073933920!5m2!1sen!2sus\" width=\"400\" height=\"300\" allowfullscreen=\"allowfullscreen\"><\/iframe><\/p>\n\n\t\t<\/div>\n\t<\/div>\n<\/div><\/div><\/div><div class=\"wpb_column vc_column_container vc_col-sm-1\"><div class=\"vc_column-inner\"><div class=\"wpb_wrapper\"><\/div><\/div><\/div><div class=\"wpb_column vc_column_container vc_col-sm-7\"><div class=\"vc_column-inner\"><div class=\"wpb_wrapper\">\n\t<div class=\"wpb_text_column wpb_content_element\" >\n\t\t<div class=\"wpb_wrapper\">\n\t\t\t<h2 style=\"text-align: left;\"><span style=\"color: #0000ff;\">Sanje Lara, Esq.<\/span><\/h2>\n<hr \/>\n<p>Soy una orgullosa abogada de primera generaci\u00f3n con herencia cubana, comprometida en aprovechar mis habilidades y conocimientos para servir a mis clientes con precisi\u00f3n e integridad. Como abogada especializada en Propiedad Intelectual y Litigios Civiles, me dedico a navegar por paisajes legales complejos y garantizar que los derechos de mis clientes est\u00e9n completamente protegidos.<\/p>\n<p>Soy exalumna de la Universidad Estatal de Florida, donde constru\u00ed una s\u00f3lida base acad\u00e9mica en Ciencias Pol\u00edticas y Asuntos Internacionales, que sigue moldeando mi perspectiva global en asuntos legales. Posteriormente, obtuve mi t\u00edtulo de abogada en la Facultad de Derecho de la Universidad de St. Thomas, donde desarroll\u00e9 mi pasi\u00f3n por la justicia y la excelencia en la pr\u00e1ctica legal.<\/p>\n<p>Mi dedicaci\u00f3n a mantenerme a la vanguardia de los desarrollos legales se refleja en mi certificaci\u00f3n en Derecho de Propiedad Intelectual, la cual me permite enfrentar los desaf\u00edos que plantea el entorno digital en constante evoluci\u00f3n. Adem\u00e1s, poseo un certificado en Manejo de Emergencias y Seguridad Nacional de la Universidad Estatal de Florida, lo que refuerza mi compromiso con la seguridad p\u00fablica y la resiliencia comunitaria.<\/p>\n<p>A trav\u00e9s de mis actividades legales y acad\u00e9micas, estoy impulsada por la pasi\u00f3n de proteger los derechos e intereses de mis clientes, al mismo tiempo que contribuyo a la comunidad en general. Espero continuar este camino como parte del Colegio de Abogados de Colombia.<\/p>\n\n\t\t<\/div>\n\t<\/div>\n\n\t<div class=\"wpb_text_column wpb_content_element\" >\n\t\t<div class=\"wpb_wrapper\">\n\t\t\t<h3>Areas de Pr\u00e1ctica<\/h3>\n<hr \/>\n<p>Propiedad Intelectual<br \/>\nLitigios Civiles<\/p>\n\n\t\t<\/div>\n\t<\/div>\n\n\t<div class=\"wpb_text_column wpb_content_element\" >\n\t\t<div class=\"wpb_wrapper\">\n\t\t\t<h3>Educaci\u00f3n<\/h3>\n<hr \/>\n<p>Juris Doctor from St. Thomas University School of Law<br \/>\nCertificate: Intellectual Property<br \/>\nBachelor of Science in Political Science and International Affairs from Florida State University<br \/>\nCertificate: Emergency Management and Homeland Security Honors<\/p>\n\n\t\t<\/div>\n\t<\/div>\n\n\t<div class=\"wpb_text_column wpb_content_element\" >\n\t\t<div class=\"wpb_wrapper\">\n\t\t\t<h3>Admisi\u00f3n a la Pr\u00e1ctica<\/h3>\n<hr \/>\n<p>Florida State Court<br \/>\nFlorida&#8217;s Federal Court<\/p>\n\n\t\t<\/div>\n\t<\/div>\n\n\t<div class=\"wpb_text_column wpb_content_element\" >\n\t\t<div class=\"wpb_wrapper\">\n\t\t\t<h3>Idiomas<\/h3>\n<hr \/>\n<p>Fluidez en Ingl\u00e9s y Espa\u00f1ol.<\/p>\n\n\t\t<\/div>\n\t<\/div>\n<\/div><\/div><\/div><\/div>\n<\/div>","protected":false},"excerpt":{"rendered":"Sanje Lara, Esq. SRIPLAW 21301 Powerline Rd. Suite 100 Boca Raton, FL 33433 Visit Website Send Email (786) 768-5651 MAP","protected":false},"author":1,"featured_media":0,"parent":8600,"menu_order":0,"comment_status":"closed","ping_status":"closed","template":"","meta":{"footnotes":""},"class_list":["post-10924","page","type-page","status-publish","hentry"],"_links":{"self":[{"href":"https:\/\/colbar.org\/es\/wp-json\/wp\/v2\/pages\/10924","targetHints":{"allow":["GET"]}}],"collection":[{"href":"https:\/\/colbar.org\/es\/wp-json\/wp\/v2\/pages"}],"about":[{"href":"https:\/\/colbar.org\/es\/wp-json\/wp\/v2\/types\/page"}],"author":[{"embeddable":true,"href":"https:\/\/colbar.org\/es\/wp-json\/wp\/v2\/users\/1"}],"replies":[{"embeddable":true,"href":"https:\/\/colbar.org\/es\/wp-json\/wp\/v2\/comments?post=10924"}],"version-history":[{"count":0,"href":"https:\/\/colbar.org\/es\/wp-json\/wp\/v2\/pages\/10924\/revisions"}],"up":[{"embeddable":true,"href":"https:\/\/colbar.org\/es\/wp-json\/wp\/v2\/pages\/8600"}],"wp:attachment":[{"href":"https:\/\/colbar.org\/es\/wp-json\/wp\/v2\/media?parent=10924"}],"curies":[{"name":"wp","href":"https:\/\/api.w.org\/{rel}","templated":true}]}}