{"id":10929,"date":"2024-10-22T14:29:32","date_gmt":"2024-10-22T18:29:32","guid":{"rendered":"https:\/\/colbar.org\/?page_id=10929"},"modified":"2024-10-22T14:29:32","modified_gmt":"2024-10-22T18:29:32","slug":"juan-tobar","status":"publish","type":"page","link":"https:\/\/colbar.org\/es\/student-members\/juan-tobar\/","title":{"rendered":"Juan Tobar"},"content":{"rendered":"<div class=\"wpb-content-wrapper\"><div class=\"vc_row wpb_row vc_row-fluid\"><div class=\"wpb_column vc_column_container vc_col-sm-4\"><div class=\"vc_column-inner vc_custom_1618350251727\"><div class=\"wpb_wrapper\">\n\t<div  class=\"wpb_single_image wpb_content_element vc_align_center\">\n\t\t\n\t\t<figure class=\"wpb_wrapper vc_figure\">\n\t\t\t<div class=\"vc_single_image-wrapper   vc_box_border_grey\"><img loading=\"lazy\" decoding=\"async\" width=\"252\" height=\"300\" src=\"https:\/\/colbar.org\/wp-content\/uploads\/Juan-Tobar.webp\" class=\"vc_single_image-img attachment-full\" alt=\"\" title=\"Juan Tobar\" srcset=\"https:\/\/colbar.org\/wp-content\/uploads\/Juan-Tobar.webp 252w, https:\/\/colbar.org\/wp-content\/uploads\/Juan-Tobar-10x12.webp 10w\" sizes=\"auto, (max-width: 252px) 100vw, 252px\" \/><\/div>\n\t\t<\/figure>\n\t<\/div>\n\n\t<div class=\"wpb_text_column wpb_content_element\" >\n\t\t<div class=\"wpb_wrapper\">\n\t\t\t<h6 style=\"text-align: center;\"><strong>Juan Tobar<\/strong><\/h6>\n\n\t\t<\/div>\n\t<\/div>\n\n\t<div class=\"wpb_text_column wpb_content_element\" >\n\t\t<div class=\"wpb_wrapper\">\n\t\t\t<p style=\"text-align: center;\"><strong>University of Illinois Urbana &#8211; Champaign<\/strong><\/p>\n\n\t\t<\/div>\n\t<\/div>\n<div class=\"vc_btn3-container vc_btn3-center vc_do_btn\" ><a class=\"vc_general vc_btn3 vc_btn3-size-sm vc_btn3-shape-rounded vc_btn3-style-modern vc_btn3-block vc_btn3-icon-left vc_btn3-color-success\" href=\"mailto:juanpt2@illinois.edu\" title=\"\" rel=\"nofollow\"><i class=\"vc_btn3-icon far fa-envelope\"><\/i> Email<\/a><\/div><div class=\"vc_btn3-container vc_btn3-center vc_do_btn\" ><a class=\"vc_general vc_btn3 vc_btn3-size-sm vc_btn3-shape-rounded vc_btn3-style-modern vc_btn3-block vc_btn3-icon-left vc_btn3-color-mulled-wine\" href=\"tel:+12178666709\" title=\"\"><i class=\"vc_btn3-icon fas fa-phone-square-alt\"><\/i> (217) 866-6709 <\/a><\/div>\n\t<div class=\"wpb_text_column wpb_content_element\" >\n\t\t<div class=\"wpb_wrapper\">\n\t\t\t<p><a href=\"https:\/\/www.linkedin.com\/in\/juan-pablo-tobar\" target=\"_blank\" rel=\"noopener\"><img loading=\"lazy\" decoding=\"async\" class=\"alignnone wp-image-10300 size-full\" src=\"https:\/\/colbar.org\/wp-content\/uploads\/linkedin-icon-2.png\" alt=\"linkedin-icon\" width=\"50\" height=\"50\" srcset=\"https:\/\/colbar.org\/wp-content\/uploads\/linkedin-icon-2.png 50w, https:\/\/colbar.org\/wp-content\/uploads\/linkedin-icon-2-12x12.png 12w\" sizes=\"auto, (max-width: 50px) 100vw, 50px\" \/><\/a><\/p>\n\n\t\t<\/div>\n\t<\/div>\n\n\t<div class=\"wpb_text_column wpb_content_element\" >\n\t\t<div class=\"wpb_wrapper\">\n\t\t\t<p style=\"text-align: center;\"><strong>MAPA Y DIRECCIONES<\/strong><\/p>\n\n\t\t<\/div>\n\t<\/div>\n\n\t<div class=\"wpb_text_column wpb_content_element\" >\n\t\t<div class=\"wpb_wrapper\">\n\t\t\t<p><iframe loading=\"lazy\" style=\"border: 0;\" src=\"https:\/\/www.google.com\/maps\/embed?pb=!1m14!1m8!1m3!1d12207.239396261144!2d-88.2271615!3d40.1019523!3m2!1i1024!2i768!4f13.1!3m3!1m2!1s0x880cd724a92655e9%3A0xa53c0525046826fa!2sUniversity%20of%20Illinois%20Urbana-Champaign!5e0!3m2!1sen!2sus!4v1729621393733!5m2!1sen!2sus\" width=\"400\" height=\"300\" allowfullscreen=\"allowfullscreen\"><\/iframe><\/p>\n\n\t\t<\/div>\n\t<\/div>\n<\/div><\/div><\/div><div class=\"wpb_column vc_column_container vc_col-sm-1\"><div class=\"vc_column-inner\"><div class=\"wpb_wrapper\"><\/div><\/div><\/div><div class=\"wpb_column vc_column_container vc_col-sm-7\"><div class=\"vc_column-inner\"><div class=\"wpb_wrapper\">\n\t<div class=\"wpb_text_column wpb_content_element\" >\n\t\t<div class=\"wpb_wrapper\">\n\t\t\t<h2 style=\"text-align: left;\"><span style=\"color: #0000ff;\">Juan Tobar<\/span><\/h2>\n\n\t\t<\/div>\n\t<\/div>\n<div class=\"vc_separator wpb_content_element vc_separator_align_center vc_sep_width_100 vc_sep_pos_align_left vc_separator_no_text vc_sep_color_black\" ><span class=\"vc_sep_holder vc_sep_holder_l\"><span class=\"vc_sep_line\"><\/span><\/span><span class=\"vc_sep_holder vc_sep_holder_r\"><span class=\"vc_sep_line\"><\/span><\/span>\n<\/div>\n\t<div class=\"wpb_text_column wpb_content_element\" >\n\t\t<div class=\"wpb_wrapper\">\n\t\t\t<p>Abogado con 14 a\u00f1os de experiencia y una s\u00f3lida base acad\u00e9mica, actualmente cursando un LLM con especializaci\u00f3n en Derecho Corporativo en la Universidad de Illinois. Tambi\u00e9n tengo t\u00edtulos de postgrado en Derecho Comercial y Tributaci\u00f3n, junto con un M\u00e1ster en Derecho Empresarial. Mi experiencia abarca el Derecho Mercantil, el Derecho de Sociedades, el Cumplimiento Normativo, los Responsabilidad en el \u00e1mbito de los Servicios de Salud\/Asegurador y las Fusiones y Adquisiciones, donde he prestado asesoramiento jur\u00eddico estrat\u00e9gico de forma constante que impulsa el crecimiento empresarial y protege los intereses corporativos.<\/p>\n<p>A lo largo de mi carrera, he colaborado con \u00e9xito con altos directivos para ofrecer soluciones jur\u00eddicas que garanticen la sostenibilidad y el cumplimiento legal de las organizaciones. Aporto una visi\u00f3n estrat\u00e9gica, adaptabilidad y una mentalidad orientada a los resultados para resolver complejos retos jur\u00eddicos y administrativos. Mis habilidades de liderazgo, gesti\u00f3n y toma de decisiones se han perfeccionado en entornos de alta presi\u00f3n, donde la colaboraci\u00f3n y la comunicaci\u00f3n clara son la clave del \u00e9xito.<\/p>\n<p>Estoy comprometido con el comportamiento \u00e9tico, la lealtad y la integridad, al tiempo que mantengo un enfoque de pensamiento cr\u00edtico en asuntos legales. Con gran capacidad de negociaci\u00f3n y buen juicio, me esfuerzo por ofrecer valor a trav\u00e9s de conocimientos jur\u00eddicos que se alinean con los objetivos de negocio, ayudando a las empresas a prosperar en un panorama jur\u00eddico en constante evoluci\u00f3n.<\/p>\n\n\t\t<\/div>\n\t<\/div>\n\n\t<div class=\"wpb_text_column wpb_content_element\" >\n\t\t<div class=\"wpb_wrapper\">\n\t\t\t<h3>\u00c1reas de Inter\u00e9s<\/h3>\n\n\t\t<\/div>\n\t<\/div>\n<div class=\"vc_separator wpb_content_element vc_separator_align_center vc_sep_width_100 vc_sep_pos_align_left vc_separator_no_text vc_sep_color_black\" ><span class=\"vc_sep_holder vc_sep_holder_l\"><span class=\"vc_sep_line\"><\/span><\/span><span class=\"vc_sep_holder vc_sep_holder_r\"><span class=\"vc_sep_line\"><\/span><\/span>\n<\/div>\n\t<div class=\"wpb_text_column wpb_content_element\" >\n\t\t<div class=\"wpb_wrapper\">\n\t\t\t<p>Corporativo<br \/>\nImpuestos<br \/>\nRegulation en Salud \/ Transacciones<br \/>\nFusiones &amp; Adquisiciones<\/p>\n\n\t\t<\/div>\n\t<\/div>\n\n\t<div class=\"wpb_text_column wpb_content_element\" >\n\t\t<div class=\"wpb_wrapper\">\n\t\t\t<h3>Educaci\u00f3n<\/h3>\n\n\t\t<\/div>\n\t<\/div>\n<div class=\"vc_separator wpb_content_element vc_separator_align_center vc_sep_width_100 vc_sep_pos_align_left vc_separator_no_text vc_sep_color_black\" ><span class=\"vc_sep_holder vc_sep_holder_l\"><span class=\"vc_sep_line\"><\/span><\/span><span class=\"vc_sep_holder vc_sep_holder_r\"><span class=\"vc_sep_line\"><\/span><\/span>\n<\/div>\n\t<div class=\"wpb_text_column wpb_content_element\" >\n\t\t<div class=\"wpb_wrapper\">\n\t\t\t<p>\u2022 University of Illinois College of Law: Urbana-Champaign, Illinois<br \/>\nLL.M. in Business Law (May 2025)<\/p>\n<p>\u2022 University of Los Andes: Bogota, Colombia<br \/>\nSpecialization in Taxation (October 2023)<br \/>\nGPA: 4.5\/5.0<\/p>\n<p>\u2022 Pontificia Universidad Javeriana: Cali, Colombia<br \/>\nMaster\u2019s in Business Law (September 2018)<br \/>\nGPA: 4.0\/5.0<\/p>\n<p>\u2022 Pontificia Universidad Javeriana: Cali, Colombia<br \/>\nSpecialization in Commercial Law (July 2014)<br \/>\nGPA: 4.5\/5.0<\/p>\n<p>\u2022 University of San Buenaventura: Cali, Colombia<br \/>\nLaw Degree (JD) (Dec 2010)<br \/>\nGPA: 4.0\/5.0<\/p>\n\n\t\t<\/div>\n\t<\/div>\n\n\t<div class=\"wpb_text_column wpb_content_element\" >\n\t\t<div class=\"wpb_wrapper\">\n\t\t\t<h3>Experiencias Relevantes<\/h3>\n\n\t\t<\/div>\n\t<\/div>\n<div class=\"vc_separator wpb_content_element vc_separator_align_center vc_sep_width_100 vc_sep_pos_align_left vc_separator_no_text vc_sep_color_black\" ><span class=\"vc_sep_holder vc_sep_holder_l\"><span class=\"vc_sep_line\"><\/span><\/span><span class=\"vc_sep_holder vc_sep_holder_r\"><span class=\"vc_sep_line\"><\/span><\/span>\n<\/div>\n\t<div class=\"wpb_text_column wpb_content_element\" >\n\t\t<div class=\"wpb_wrapper\">\n\t\t\t<p class=\"translation-block\">Steward Health Care International Colombia S.A.S. - Gerencia Servicios de Salud Colombia S.A.S., Bogota, Colombia<br>\nDirector Jur\u00eddico de Asuntos Corporativos, Asesor General y Oficial de Cumplimiento <br>\n(Nov 2020 - Jun 2024)<\/p>\n<p class=\"translation-block\">- Dirig\u00ed un equipo legal, formulando e implementando pol\u00edticas y estrategias legales para defensa corporativa, cumplimiento tributario, fusiones y adquisiciones y asuntos inmobiliarios.\n- Negocie contratos de alto valor y brind\u00f3 asesor\u00eda legal a la alta gerencia, facilitando la debida diligencia de fusiones y adquisiciones multimillonarias y la estructuraci\u00f3n de transacciones.\n- Asegure el cumplimiento regulatorio de acuerdo con las leyes colombianas y estadounidenses, gestion\u00f3 contratos y acuerdos comerciales, protegi\u00f3 la propiedad intelectual y mitig\u00f3 los riesgos legales y de cumplimiento, incluyendo la privacidad de datos y las leyes laborales.<\/p>\n<p class=\"translation-block\">\u2022 Cl\u00ednicas Nacionales Colombia S.A.S., Bogot\u00e1 - Colombia<br>\nJefe de asuntos legales y oficial de cumplimiento\n(Feb 2016 - Nov 2020)<\/p>\n<p>\u2022 Dirig\u00ed la estrategia legal y el cumplimiento para la casa matriz y las subsidiarias, asegurando la adherencia a las pol\u00edticas y regulaciones internas como la \u00e9tica corporativa, la privacidad de datos y la autorregulaci\u00f3n contra el lavado de dinero.<br \/>\n\u2022 Dirig\u00ed un equipo de cinco abogados, se coordin\u00f3 con bufetes de abogados externos y asesor\u00f3 al Consejo sobre gobierno corporativo y cumplimiento normativo.<br \/>\n\u2022 Aplique medidas de gobierno corporativo y anticorrupci\u00f3n, actuando como representante legal de la empresa.<br \/>\n\u2022 Negocie contratos de alto valor y prest\u00f3 asesoramiento jur\u00eddico a la alta direcci\u00f3n, apoyando la diligencia debida y la estructuraci\u00f3n de transacciones multimillonarias de fusiones y adquisiciones.<\/p>\n<p class=\"translation-block\">Corporaci\u00f3n Comfenalco Valle Universidad Libre (Cl\u00ednica Rafael Uribe Uribe) - Dumian Medical S.A.S., Cali - Colombia<br>\nJefe Jur\u00eddico, Asesor Jur\u00eddico<br>\n(Jul 2013 - Feb 2016)<\/p>\n<p class=\"translation-block\">\u2022 Coordine un equipo legal, supervisando el cumplimiento de las regulaciones y pol\u00edticas internas, mientras coordinaba con firmas de abogados externas.<br>\n\u2022 Asesore a la Junta Directiva en materia de gobierno corporativo y asuntos legales y represent\u00f3 a la Compa\u00f1\u00eda en litigios laborales, comerciales y de responsabilidad civil para proteger los intereses de la Compa\u00f1\u00eda.<br>\n\u2022 Proporcione asesoramiento jur\u00eddico integral en asuntos societarios, civiles, mercantiles, penales y laborales.<br>\n\u2022 Recupere el 100% de las cuentas por cobrar (cobros) y actu\u00f3 como representante legal para asuntos jur\u00eddicos.<\/p>\n\n\t\t<\/div>\n\t<\/div>\n\n\t<div class=\"wpb_text_column wpb_content_element\" >\n\t\t<div class=\"wpb_wrapper\">\n\t\t\t<h3>Idiomas<\/h3>\n\n\t\t<\/div>\n\t<\/div>\n<div class=\"vc_separator wpb_content_element vc_separator_align_center vc_sep_width_100 vc_sep_pos_align_left vc_separator_no_text vc_sep_color_black\" ><span class=\"vc_sep_holder vc_sep_holder_l\"><span class=\"vc_sep_line\"><\/span><\/span><span class=\"vc_sep_holder vc_sep_holder_r\"><span class=\"vc_sep_line\"><\/span><\/span>\n<\/div>\n\t<div class=\"wpb_text_column wpb_content_element\" >\n\t\t<div class=\"wpb_wrapper\">\n\t\t\t<p>Fluidez en Ingl\u00e9s y Espa\u00f1ol.<\/p>\n\n\t\t<\/div>\n\t<\/div>\n<\/div><\/div><\/div><\/div>\n<\/div>","protected":false},"excerpt":{"rendered":"Juan Tobar University of Illinois Urbana - Champaign Send Email (217) 866-6709 MAP &amp; DIRECTIONS Juan Tobar I am a","protected":false},"author":1,"featured_media":0,"parent":7556,"menu_order":0,"comment_status":"closed","ping_status":"closed","template":"","meta":{"footnotes":""},"class_list":["post-10929","page","type-page","status-publish","hentry"],"_links":{"self":[{"href":"https:\/\/colbar.org\/es\/wp-json\/wp\/v2\/pages\/10929","targetHints":{"allow":["GET"]}}],"collection":[{"href":"https:\/\/colbar.org\/es\/wp-json\/wp\/v2\/pages"}],"about":[{"href":"https:\/\/colbar.org\/es\/wp-json\/wp\/v2\/types\/page"}],"author":[{"embeddable":true,"href":"https:\/\/colbar.org\/es\/wp-json\/wp\/v2\/users\/1"}],"replies":[{"embeddable":true,"href":"https:\/\/colbar.org\/es\/wp-json\/wp\/v2\/comments?post=10929"}],"version-history":[{"count":0,"href":"https:\/\/colbar.org\/es\/wp-json\/wp\/v2\/pages\/10929\/revisions"}],"up":[{"embeddable":true,"href":"https:\/\/colbar.org\/es\/wp-json\/wp\/v2\/pages\/7556"}],"wp:attachment":[{"href":"https:\/\/colbar.org\/es\/wp-json\/wp\/v2\/media?parent=10929"}],"curies":[{"name":"wp","href":"https:\/\/api.w.org\/{rel}","templated":true}]}}