{"id":10935,"date":"2024-10-28T14:10:01","date_gmt":"2024-10-28T18:10:01","guid":{"rendered":"https:\/\/colbar.org\/?page_id=10935"},"modified":"2026-03-19T16:00:45","modified_gmt":"2026-03-19T20:00:45","slug":"laura-marino-esq","status":"publish","type":"page","link":"https:\/\/colbar.org\/es\/attorneys\/laura-marino-esq\/","title":{"rendered":"Laura Marino, Esq."},"content":{"rendered":"<div class=\"wpb-content-wrapper\"><div class=\"vc_row wpb_row vc_row-fluid\"><div class=\"wpb_column vc_column_container vc_col-sm-4\"><div class=\"vc_column-inner vc_custom_1618350251727\"><div class=\"wpb_wrapper\">\n\t<div  class=\"wpb_single_image wpb_content_element vc_align_center\">\n\t\t\n\t\t<figure class=\"wpb_wrapper vc_figure\">\n\t\t\t<div class=\"vc_single_image-wrapper   vc_box_border_grey\"><img loading=\"lazy\" decoding=\"async\" width=\"252\" height=\"300\" src=\"https:\/\/colbar.org\/wp-content\/uploads\/Laura-Marino.jpg\" class=\"vc_single_image-img attachment-full\" alt=\"Laura Marino\" title=\"Laura Marino\" srcset=\"https:\/\/colbar.org\/wp-content\/uploads\/Laura-Marino.jpg 252w, https:\/\/colbar.org\/wp-content\/uploads\/Laura-Marino-125x150.jpg 125w\" sizes=\"auto, (max-width: 252px) 100vw, 252px\" \/><\/div>\n\t\t<\/figure>\n\t<\/div>\n\n\t<div class=\"wpb_text_column wpb_content_element\" >\n\t\t<div class=\"wpb_wrapper\">\n\t\t\t<h6 style=\"text-align: center;\"><strong>Laura Marino, Esq.<\/strong><\/h6>\n\n\t\t<\/div>\n\t<\/div>\n\n\t<div class=\"wpb_text_column wpb_content_element\" >\n\t\t<div class=\"wpb_wrapper\">\n\t\t\t<p style=\"text-align: center;\"><strong>Ratzan &amp; Faccidomo<\/strong><br \/>\n2850 Tigertail Ave.<br \/>\nSuite 400<br \/>\nMiami, FL 33133<\/p>\n\n\t\t<\/div>\n\t<\/div>\n<div class=\"vc_btn3-container vc_btn3-center vc_do_btn\" ><a class=\"vc_general vc_btn3 vc_btn3-size-sm vc_btn3-shape-rounded vc_btn3-style-modern vc_btn3-block vc_btn3-icon-left vc_btn3-color-sky\" href=\"https:\/\/www.rflawgroup.com\/\" title=\"\" target=\"_blank\"><i class=\"vc_btn3-icon fas fa-globe\"><\/i> Visit Website<\/a><\/div><div class=\"vc_btn3-container vc_btn3-center vc_do_btn\" ><a class=\"vc_general vc_btn3 vc_btn3-size-sm vc_btn3-shape-rounded vc_btn3-style-modern vc_btn3-block vc_btn3-icon-left vc_btn3-color-success\" href=\"mailto:laura@rflawgroup.com\" title=\"\" target=\"_blank\"><i class=\"vc_btn3-icon far fa-envelope\"><\/i> Email<\/a><\/div><div class=\"vc_btn3-container vc_btn3-center vc_do_btn\" ><a class=\"vc_general vc_btn3 vc_btn3-size-sm vc_btn3-shape-rounded vc_btn3-style-modern vc_btn3-block vc_btn3-icon-left vc_btn3-color-mulled-wine\" href=\"tel:13053745730\" title=\"\" target=\"_blank\"><i class=\"vc_btn3-icon fas fa-phone-square-alt\"><\/i> (305) 374-5730<\/a><\/div>\n\t<div class=\"wpb_text_column wpb_content_element\" >\n\t\t<div class=\"wpb_wrapper\">\n\t\t\t<p style=\"text-align: center;\"><strong>MAPA Y DIRECCIONES<\/strong><\/p>\n\n\t\t<\/div>\n\t<\/div>\n\n\t<div class=\"wpb_text_column wpb_content_element\" >\n\t\t<div class=\"wpb_wrapper\">\n\t\t\t<p><iframe loading=\"lazy\" style=\"border: 0;\" src=\"https:\/\/www.google.com\/maps\/embed?pb=!1m14!1m8!1m3!1d14376.896988025825!2d-80.2389712!3d25.7300968!3m2!1i1024!2i768!4f13.1!3m3!1m2!1s0x88d9b680ce7c0613%3A0x5a767455ef8351f3!2sRatzan%20%26%20Faccidomo%20LLC!5e0!3m2!1sen!2sus!4v1730138812435!5m2!1sen!2sus\" width=\"400\" height=\"300\" allowfullscreen=\"allowfullscreen\"><\/iframe><\/p>\n\n\t\t<\/div>\n\t<\/div>\n<\/div><\/div><\/div><div class=\"wpb_column vc_column_container vc_col-sm-1\"><div class=\"vc_column-inner\"><div class=\"wpb_wrapper\"><\/div><\/div><\/div><div class=\"wpb_column vc_column_container vc_col-sm-7\"><div class=\"vc_column-inner\"><div class=\"wpb_wrapper\">\n\t<div class=\"wpb_text_column wpb_content_element\" >\n\t\t<div class=\"wpb_wrapper\">\n\t\t\t<h2 style=\"text-align: left;\"><span style=\"color: #0000ff;\">Laura Marino, Esq.<\/span><\/h2>\n<hr \/>\n<p>Laura Marino es abogada asociada en Ratzan y Faccidomo. Nacida en Bogot\u00e1, Colombia, Laura habla espa\u00f1ol e ingl\u00e9s con fluidez.<br \/>\nLaura asisti\u00f3 a Florida Atlantic University, donde obtuvo una licenciatura en Sociolog\u00eda con especializaci\u00f3n en Justicia Penal. Mientras estaba en la FAU, realiz\u00f3 una pasant\u00eda en la Oficina del Defensor P\u00fablico de Broward en la divisi\u00f3n de homicidios y salud mental.<\/p>\n<p>Laura se gradu\u00f3 cum laude de la Facultad de Derecho Benjamin Crump de la Universidad de St. Thomas.<\/p>\n<p>Mientras estaba en la facultad de derecho, Laura cofund\u00f3 y se convirti\u00f3 en presidenta de la Asociaci\u00f3n de Estudiantes de Abogados Colombo-Americanos (\u201cCOLSBAR\u201d). Laura tambi\u00e9n fue miembro activo del distinguido Equipo de Litigios de Derecho de St. Thomas que compiti\u00f3 en competencias estatales y nacionales. En octubre de 2022, Laura recibi\u00f3 una menci\u00f3n honor\u00edfica en el Georgetown White Collar Crime Invitational compitiendo entre diecis\u00e9is de los mejores programas de defensa del pa\u00eds. Laura tambi\u00e9n compiti\u00f3 en el prestigioso Chester Bedell Mock Trial Competition, lo que ayud\u00f3 a colocar a STU Law como uno de los 25 mejores programas de juicios simulados del pa\u00eds.<\/p>\n<p>Durante sus estudios de derecho, Laura trabaj\u00f3 como asistente legal\/pasante en Ratzan y Faccidomo y realiz\u00f3 una pasant\u00eda en la Oficina del Defensor P\u00fablico de Miami Dade como pasante legal certificada en la divisi\u00f3n de c\u00e1rceles.<\/p>\n<p>Despu\u00e9s de la facultad de derecho, Laura recibi\u00f3 el premio \u201cUp and Comer Award\u201d en la ceremonia anual de mujeres hispanas distinguidas. Este es un premio que se otorga a profesionales latinas que est\u00e1n abriendo caminos para otras latinas.<\/p>\n<p>Despu\u00e9s de convertirse en abogada, Laura regres\u00f3 a la Oficina del Defensor P\u00fablico de Miami Dade como Defensora P\u00fablica Asistente, donde adquiri\u00f3 una experiencia invaluable en juicios con jurado y sin jurado y en el manejo de una variedad de casos.<\/p>\n<p>Laura se enorgullece de su capacidad para conectarse con sus clientes mientras los defiende con celo.<\/p>\n\n\t\t<\/div>\n\t<\/div>\n\n\t<div class=\"wpb_text_column wpb_content_element\" >\n\t\t<div class=\"wpb_wrapper\">\n\t\t\t<h3>Areas de Pr\u00e1ctica<\/h3>\n<hr \/>\n<p><span data-olk-copy-source=\"MessageBody\">Defensa Penal<\/span><\/p>\n\n\t\t<\/div>\n\t<\/div>\n\n\t<div class=\"wpb_text_column wpb_content_element\" >\n\t\t<div class=\"wpb_wrapper\">\n\t\t\t<h3>Educaci\u00f3n<\/h3>\n<hr \/>\n<p><span data-olk-copy-source=\"MessageBody\">2023 &#8211; St. Thomas University Benjamin Crump College of Law<\/span><\/p>\n\n\t\t<\/div>\n\t<\/div>\n\n\t<div class=\"wpb_text_column wpb_content_element\" >\n\t\t<div class=\"wpb_wrapper\">\n\t\t\t<h3>Admisi\u00f3n a la Pr\u00e1ctica<\/h3>\n<hr \/>\n<p>Todos los tribunales estatales de Florida<br \/>\nTribunal de Distrito de los Estados Unidos, Distrito Sur de Florida.<\/p>\n\n\t\t<\/div>\n\t<\/div>\n\n\t<div class=\"wpb_text_column wpb_content_element\" >\n\t\t<div class=\"wpb_wrapper\">\n\t\t\t<h3>Idiomas<\/h3>\n<hr \/>\n<p>Fluidez en Ingl\u00e9s y Espa\u00f1ol.<\/p>\n\n\t\t<\/div>\n\t<\/div>\n<\/div><\/div><\/div><\/div>\n<\/div>","protected":false},"excerpt":{"rendered":"Laura Marino, Esq. Ratzan &amp; Faccidomo 2850 Tigertail Ave. Suite 400 Miami, FL 33133 Visit Website Send Email (305) 374-5730","protected":false},"author":1,"featured_media":0,"parent":8600,"menu_order":0,"comment_status":"closed","ping_status":"closed","template":"","meta":{"footnotes":""},"class_list":["post-10935","page","type-page","status-publish","hentry"],"_links":{"self":[{"href":"https:\/\/colbar.org\/es\/wp-json\/wp\/v2\/pages\/10935","targetHints":{"allow":["GET"]}}],"collection":[{"href":"https:\/\/colbar.org\/es\/wp-json\/wp\/v2\/pages"}],"about":[{"href":"https:\/\/colbar.org\/es\/wp-json\/wp\/v2\/types\/page"}],"author":[{"embeddable":true,"href":"https:\/\/colbar.org\/es\/wp-json\/wp\/v2\/users\/1"}],"replies":[{"embeddable":true,"href":"https:\/\/colbar.org\/es\/wp-json\/wp\/v2\/comments?post=10935"}],"version-history":[{"count":0,"href":"https:\/\/colbar.org\/es\/wp-json\/wp\/v2\/pages\/10935\/revisions"}],"up":[{"embeddable":true,"href":"https:\/\/colbar.org\/es\/wp-json\/wp\/v2\/pages\/8600"}],"wp:attachment":[{"href":"https:\/\/colbar.org\/es\/wp-json\/wp\/v2\/media?parent=10935"}],"curies":[{"name":"wp","href":"https:\/\/api.w.org\/{rel}","templated":true}]}}