{"id":10998,"date":"2025-01-06T13:07:13","date_gmt":"2025-01-06T18:07:13","guid":{"rendered":"https:\/\/colbar.org\/?page_id=10998"},"modified":"2026-03-20T16:22:10","modified_gmt":"2026-03-20T20:22:10","slug":"sergio-blanco-herrera-esq","status":"publish","type":"page","link":"https:\/\/colbar.org\/es\/attorneys\/sergio-blanco-herrera-esq\/","title":{"rendered":"Sergio Blanco-Herrera, Esq."},"content":{"rendered":"<div class=\"wpb-content-wrapper\"><div class=\"vc_row wpb_row vc_row-fluid\"><div class=\"wpb_column vc_column_container vc_col-sm-4\"><div class=\"vc_column-inner vc_custom_1618350251727\"><div class=\"wpb_wrapper\">\n\t<div  class=\"wpb_single_image wpb_content_element vc_align_center\">\n\t\t\n\t\t<figure class=\"wpb_wrapper vc_figure\">\n\t\t\t<div class=\"vc_single_image-wrapper   vc_box_border_grey\"><img loading=\"lazy\" decoding=\"async\" width=\"252\" height=\"300\" src=\"https:\/\/colbar.org\/wp-content\/uploads\/Sergio-Blanco-Herrera.png\" class=\"vc_single_image-img attachment-full\" alt=\"Sergio Blanco-Herrera, Esq.\" title=\"Sergio Blanco-Herrera\" srcset=\"https:\/\/colbar.org\/wp-content\/uploads\/Sergio-Blanco-Herrera.png 252w, https:\/\/colbar.org\/wp-content\/uploads\/Sergio-Blanco-Herrera-10x12.png 10w, https:\/\/colbar.org\/wp-content\/uploads\/Sergio-Blanco-Herrera-125x150.png 125w\" sizes=\"auto, (max-width: 252px) 100vw, 252px\" \/><\/div>\n\t\t<\/figure>\n\t<\/div>\n\n\t<div class=\"wpb_text_column wpb_content_element\" >\n\t\t<div class=\"wpb_wrapper\">\n\t\t\t<h6 style=\"text-align: center;\"><strong>Sergio Blanco-Herrera, Esq.<\/strong><\/h6>\n\n\t\t<\/div>\n\t<\/div>\n\n\t<div class=\"wpb_text_column wpb_content_element\" >\n\t\t<div class=\"wpb_wrapper\">\n\t\t\t<p style=\"text-align: center;\"><strong>SioliAlexanderPino<\/strong><br \/>\n9155 S. Dadeland Blvd.<br \/>\nSuite 1600<br \/>\nMiami, FL 33186<\/p>\n\n\t\t<\/div>\n\t<\/div>\n<div class=\"vc_btn3-container vc_btn3-center vc_do_btn\" ><a class=\"vc_general vc_btn3 vc_btn3-size-sm vc_btn3-shape-rounded vc_btn3-style-modern vc_btn3-block vc_btn3-icon-left vc_btn3-color-sky\" href=\"https:\/\/www.siolialexanderpino.com\/sergio-blanco-herrera\" title=\"\" target=\"_blank\"><i class=\"vc_btn3-icon fas fa-globe\"><\/i> Visit Website<\/a><\/div><div class=\"vc_btn3-container vc_btn3-center vc_do_btn\" ><a class=\"vc_general vc_btn3 vc_btn3-size-sm vc_btn3-shape-rounded vc_btn3-style-modern vc_btn3-block vc_btn3-icon-left vc_btn3-color-success\" href=\"mailto:sherrera@siolilaw.com\" title=\"\" target=\"_blank\"><i class=\"vc_btn3-icon far fa-envelope\"><\/i> Email<\/a><\/div><div class=\"vc_btn3-container vc_btn3-center vc_do_btn\" ><a class=\"vc_general vc_btn3 vc_btn3-size-sm vc_btn3-shape-rounded vc_btn3-style-modern vc_btn3-block vc_btn3-icon-left vc_btn3-color-mulled-wine\" href=\"tel:13054282470\" title=\"\" target=\"_blank\"><i class=\"vc_btn3-icon fas fa-phone-square-alt\"><\/i> (305) 428-2470<\/a><\/div>\n\t<div class=\"wpb_text_column wpb_content_element\" >\n\t\t<div class=\"wpb_wrapper\">\n\t\t\t<p style=\"text-align: center;\"><strong>MAPA Y DIRECCIONES<\/strong><\/p>\n\n\t\t<\/div>\n\t<\/div>\n\n\t<div class=\"wpb_text_column wpb_content_element\" >\n\t\t<div class=\"wpb_wrapper\">\n\t\t\t<p><iframe loading=\"lazy\" style=\"border: 0;\" src=\"https:\/\/www.google.com\/maps\/embed?pb=!1m18!1m12!1m3!1d3595.5970942454196!2d-80.3154785!3d25.6846475!2m3!1f0!2f0!3f0!3m2!1i1024!2i768!4f13.1!3m3!1m2!1s0x88d9c7bb7d60a351%3A0xe0df53b50ae8c1c2!2sSioli%20Alexander%20Pino!5e0!3m2!1sen!2sus!4v1736186675155!5m2!1sen!2sus\" width=\"400\" height=\"300\" allowfullscreen=\"allowfullscreen\"><\/iframe><\/p>\n\n\t\t<\/div>\n\t<\/div>\n<\/div><\/div><\/div><div class=\"wpb_column vc_column_container vc_col-sm-1\"><div class=\"vc_column-inner\"><div class=\"wpb_wrapper\"><\/div><\/div><\/div><div class=\"wpb_column vc_column_container vc_col-sm-7\"><div class=\"vc_column-inner\"><div class=\"wpb_wrapper\">\n\t<div class=\"wpb_text_column wpb_content_element\" >\n\t\t<div class=\"wpb_wrapper\">\n\t\t\t<h2 style=\"text-align: left;\"><span style=\"color: #0000ff;\">Sergio Blanco-Herrera, Esq.<\/span><\/h2>\n<hr \/>\n<p>Nac\u00ed en Bucaramanga, Colombia pero he residido en los Estados Unidos la mayor parte de mi vida. Me gradu\u00e9 de la facultad de derecho de la Universidad de Indiana - Indian\u00e1polis y me mud\u00e9 a Miami donde complet\u00e9 dos especialidades en Derecho Tributario y Arbitraje Internacional de la Facultad de Derecho de la Universidad de Miami.<\/p>\n<p>Resido en Miami, Florida, y disfruto de todo lo que esta ciudad y el sur de Florida tienen para ofrecer.<\/p>\n\n\t\t<\/div>\n\t<\/div>\n\n\t<div class=\"wpb_text_column wpb_content_element\" >\n\t\t<div class=\"wpb_wrapper\">\n\t\t\t<h3>Areas de Pr\u00e1ctica<\/h3>\n<hr \/>\n<p>Federal \u2013 Maritimo\/Civil<br \/>\nResponsabilidad General<\/p>\n\n\t\t<\/div>\n\t<\/div>\n\n\t<div class=\"wpb_text_column wpb_content_element\" >\n\t\t<div class=\"wpb_wrapper\">\n\t\t\t<h3>Educaci\u00f3n<\/h3>\n<hr \/>\n<p>University of California &#8211; Davis (Bachelors)<br \/>\nUniversity of Indiana &#8211; Indianapolis (Juris Doctor)<br \/>\nUniversity of Miami (Tax\/International Arbitration LL.M)<\/p>\n\n\t\t<\/div>\n\t<\/div>\n\n\t<div class=\"wpb_text_column wpb_content_element\" >\n\t\t<div class=\"wpb_wrapper\">\n\t\t\t<h3>Admisi\u00f3n a la Pr\u00e1ctica<\/h3>\n<hr \/>\n<p>Todos los tribunales estatales de Florida<br \/>\nTribunal de Distrito de los Estados Unidos, Distrito Sur de Florida.<br \/>\nTribunal de Distrito de EE. UU., Distrito Medio de Florida<\/p>\n\n\t\t<\/div>\n\t<\/div>\n\n\t<div class=\"wpb_text_column wpb_content_element\" >\n\t\t<div class=\"wpb_wrapper\">\n\t\t\t<h3>Idiomas<\/h3>\n<hr \/>\n<p>Fluidez en Ingl\u00e9s y Espa\u00f1ol.<\/p>\n\n\t\t<\/div>\n\t<\/div>\n<\/div><\/div><\/div><\/div>\n<\/div>","protected":false},"excerpt":{"rendered":"Sergio Blanco-Herrera, Esq. SioliAlexanderPino 9155 S. Dadeland Blvd. Suite 1600 Miami, FL 33186 Visit Website Send Email (305) 428-2470 MAP","protected":false},"author":1,"featured_media":0,"parent":8600,"menu_order":0,"comment_status":"closed","ping_status":"closed","template":"","meta":{"footnotes":""},"class_list":["post-10998","page","type-page","status-publish","hentry"],"_links":{"self":[{"href":"https:\/\/colbar.org\/es\/wp-json\/wp\/v2\/pages\/10998","targetHints":{"allow":["GET"]}}],"collection":[{"href":"https:\/\/colbar.org\/es\/wp-json\/wp\/v2\/pages"}],"about":[{"href":"https:\/\/colbar.org\/es\/wp-json\/wp\/v2\/types\/page"}],"author":[{"embeddable":true,"href":"https:\/\/colbar.org\/es\/wp-json\/wp\/v2\/users\/1"}],"replies":[{"embeddable":true,"href":"https:\/\/colbar.org\/es\/wp-json\/wp\/v2\/comments?post=10998"}],"version-history":[{"count":0,"href":"https:\/\/colbar.org\/es\/wp-json\/wp\/v2\/pages\/10998\/revisions"}],"up":[{"embeddable":true,"href":"https:\/\/colbar.org\/es\/wp-json\/wp\/v2\/pages\/8600"}],"wp:attachment":[{"href":"https:\/\/colbar.org\/es\/wp-json\/wp\/v2\/media?parent=10998"}],"curies":[{"name":"wp","href":"https:\/\/api.w.org\/{rel}","templated":true}]}}