{"id":11023,"date":"2025-01-15T16:45:31","date_gmt":"2025-01-15T21:45:31","guid":{"rendered":"https:\/\/colbar.org\/?page_id=11023"},"modified":"2026-03-19T14:58:36","modified_gmt":"2026-03-19T18:58:36","slug":"ian-corp-esq","status":"publish","type":"page","link":"https:\/\/colbar.org\/es\/attorneys\/ian-corp-esq\/","title":{"rendered":"Ian Corp, Esq."},"content":{"rendered":"<div class=\"wpb-content-wrapper\"><div class=\"vc_row wpb_row vc_row-fluid\"><div class=\"wpb_column vc_column_container vc_col-sm-4\"><div class=\"vc_column-inner vc_custom_1618350251727\"><div class=\"wpb_wrapper\">\n\t<div  class=\"wpb_single_image wpb_content_element vc_align_center\">\n\t\t\n\t\t<figure class=\"wpb_wrapper vc_figure\">\n\t\t\t<div class=\"vc_single_image-wrapper   vc_box_border_grey\"><img loading=\"lazy\" decoding=\"async\" width=\"252\" height=\"300\" src=\"https:\/\/colbar.org\/wp-content\/uploads\/Ian-Corp.png\" class=\"vc_single_image-img attachment-full\" alt=\"\" title=\"Ian Corp\" srcset=\"https:\/\/colbar.org\/wp-content\/uploads\/Ian-Corp.png 252w, https:\/\/colbar.org\/wp-content\/uploads\/Ian-Corp-10x12.png 10w, https:\/\/colbar.org\/wp-content\/uploads\/Ian-Corp-125x150.png 125w\" sizes=\"auto, (max-width: 252px) 100vw, 252px\" \/><\/div>\n\t\t<\/figure>\n\t<\/div>\n\n\t<div class=\"wpb_text_column wpb_content_element\" >\n\t\t<div class=\"wpb_wrapper\">\n\t\t\t<h6 style=\"text-align: center;\"><strong>Ian Corp, Esq.<\/strong><\/h6>\n\n\t\t<\/div>\n\t<\/div>\n\n\t<div class=\"wpb_text_column wpb_content_element\" >\n\t\t<div class=\"wpb_wrapper\">\n\t\t\t<p style=\"text-align: center;\"><strong>BRITO, PLLC<\/strong><br \/>\n2121 Ponce de Leon # 650,<br \/>\nCoral Gables, FL 33134<\/p>\n\n\t\t<\/div>\n\t<\/div>\n<div class=\"vc_btn3-container vc_btn3-center vc_do_btn\" ><a class=\"vc_general vc_btn3 vc_btn3-size-sm vc_btn3-shape-rounded vc_btn3-style-modern vc_btn3-block vc_btn3-icon-left vc_btn3-color-sky\" href=\"https:\/\/britopllc.com\/\" title=\"\" target=\"_blank\"><i class=\"vc_btn3-icon fas fa-globe\"><\/i> Visit Website<\/a><\/div><div class=\"vc_btn3-container vc_btn3-center vc_do_btn\" ><a class=\"vc_general vc_btn3 vc_btn3-size-sm vc_btn3-shape-rounded vc_btn3-style-modern vc_btn3-block vc_btn3-icon-left vc_btn3-color-success\" href=\"mailto:icorp@britopllc.com\" title=\"\" target=\"_blank\"><i class=\"vc_btn3-icon far fa-envelope\"><\/i> Email<\/a><\/div><div class=\"vc_btn3-container vc_btn3-center vc_do_btn\" ><a class=\"vc_general vc_btn3 vc_btn3-size-sm vc_btn3-shape-rounded vc_btn3-style-modern vc_btn3-block vc_btn3-icon-left vc_btn3-color-mulled-wine\" href=\"tel:13056144071\" title=\"\" target=\"_blank\"><i class=\"vc_btn3-icon fas fa-phone-square-alt\"><\/i> (305) 614-4071<\/a><\/div>\n\t<div class=\"wpb_text_column wpb_content_element\" >\n\t\t<div class=\"wpb_wrapper\">\n\t\t\t<p style=\"text-align: center;\"><strong>MAPA Y DIRECCIONES<\/strong><\/p>\n\n\t\t<\/div>\n\t<\/div>\n\n\t<div class=\"wpb_text_column wpb_content_element\" >\n\t\t<div class=\"wpb_wrapper\">\n\t\t\t<p><iframe loading=\"lazy\" style=\"border: 0;\" src=\"https:\/\/www.google.com\/maps\/embed?pb=!1m18!1m12!1m3!1d898.3805907676533!2d-80.25863983042373!3d25.75330439858481!2m3!1f0!2f0!3f0!3m2!1i1024!2i768!4f13.1!3m3!1m2!1s0x88d9b7259296d05b%3A0x8061ae37ddcbf00c!2sBRITO%2C%20PLLC!5e0!3m2!1sen!2sus!4v1736977109579!5m2!1sen!2sus\" width=\"400\" height=\"300\" allowfullscreen=\"allowfullscreen\"><\/iframe><\/p>\n\n\t\t<\/div>\n\t<\/div>\n<\/div><\/div><\/div><div class=\"wpb_column vc_column_container vc_col-sm-1\"><div class=\"vc_column-inner\"><div class=\"wpb_wrapper\"><\/div><\/div><\/div><div class=\"wpb_column vc_column_container vc_col-sm-7\"><div class=\"vc_column-inner\"><div class=\"wpb_wrapper\">\n\t<div class=\"wpb_text_column wpb_content_element\" >\n\t\t<div class=\"wpb_wrapper\">\n\t\t\t<h2 style=\"text-align: left;\"><span style=\"color: #0000ff;\">Ian Corp, Esq.<\/span><\/h2>\n<hr \/>\n<p>Ian dedica el 100% de su pr\u00e1ctica al litigio. A lo largo de su carrera, Ian ha representado a empresas e individuos en una amplia gama de asuntos comerciales mediante juicios y apelaciones. Ha representado con \u00e9xito a clientes en disputas de asociaci\u00f3n, defensa y aplicaci\u00f3n de la no competencia, disputas por incumplimiento de contrato, esquemas de fraude, responsabilidad profesional, responsabilidad del producto, disputas de la Primera Enmienda y diversos agravios comerciales. Ian tiene experiencia en m\u00faltiples industrias, incluidas las de bienes ra\u00edces comerciales, hoteler\u00eda, petr\u00f3leo y gas, aviaci\u00f3n, cr\u00e9dito privado y tecnolog\u00eda.<\/p>\n<p>Tambi\u00e9n participa activamente en la comunidad, siendo miembro de la Asociaci\u00f3n de Abogados Cubano Americano y de la Secci\u00f3n de Derecho Comercial del Colegio de Abogados de Florida. Ian tambi\u00e9n es miembro del Comit\u00e9 de Quejas del Und\u00e9cimo Circuito Judicial. Est\u00e1 admitido en el Colegio de Abogados de Florida, el Colegio de Abogados del Distrito de Columbia, todos los tribunales federales y de quiebras de Florida, el Tribunal de Apelaciones del Und\u00e9cimo Circuito y el tribunal de quiebras de Maryland. Tambi\u00e9n ha comparecido en tribunales arbitrales como JAMS y AAA.<\/p>\n<p>Ian obtuvo su t\u00edtulo universitario en la Universidad Internacional de Florida y su t\u00edtulo de abogado en la Facultad de Derecho de la Universidad St. Thomas.<\/p>\n\n\t\t<\/div>\n\t<\/div>\n\n\t<div class=\"wpb_text_column wpb_content_element\" >\n\t\t<div class=\"wpb_wrapper\">\n\t\t\t<h3>Areas de Pr\u00e1ctica<\/h3>\n<hr \/>\n<p>Litigios Comerciales<br \/>\nFirst Amendment Litigation<\/p>\n\n\t\t<\/div>\n\t<\/div>\n\n\t<div class=\"wpb_text_column wpb_content_element\" >\n\t\t<div class=\"wpb_wrapper\">\n\t\t\t<h3>Educaci\u00f3n<\/h3>\n<hr \/>\n<p>Florida International University, B.A.<br \/>\nSt. Thomas University School of Law, J.D.<\/p>\n\n\t\t<\/div>\n\t<\/div>\n\n\t<div class=\"wpb_text_column wpb_content_element\" >\n\t\t<div class=\"wpb_wrapper\">\n\t\t\t<h3>Admisi\u00f3n a la Pr\u00e1ctica<\/h3>\n<hr \/>\n<p>Todos los tribunales estatales de Florida<br \/>\nAll District of Columbia Courts<br \/>\nAll Federal and Bankruptcy Courts in Florida<br \/>\nThe Eleventh Circuit Court of Appeals<br \/>\nThe Maryland Bankruptcy Court<\/p>\n\n\t\t<\/div>\n\t<\/div>\n\n\t<div class=\"wpb_text_column wpb_content_element\" >\n\t\t<div class=\"wpb_wrapper\">\n\t\t\t<h3>Idiomas<\/h3>\n<hr \/>\n<p>Fluidez en Ingl\u00e9s y Espa\u00f1ol.<\/p>\n\n\t\t<\/div>\n\t<\/div>\n<\/div><\/div><\/div><\/div>\n<\/div>","protected":false},"excerpt":{"rendered":"Ian Corp, Esq. BRITO, PLLC 2121 Ponce de Leon # 650, Coral Gables, FL 33134 Visit Website Send Email (305)","protected":false},"author":1,"featured_media":0,"parent":8600,"menu_order":0,"comment_status":"closed","ping_status":"closed","template":"","meta":{"footnotes":""},"class_list":["post-11023","page","type-page","status-publish","hentry"],"_links":{"self":[{"href":"https:\/\/colbar.org\/es\/wp-json\/wp\/v2\/pages\/11023","targetHints":{"allow":["GET"]}}],"collection":[{"href":"https:\/\/colbar.org\/es\/wp-json\/wp\/v2\/pages"}],"about":[{"href":"https:\/\/colbar.org\/es\/wp-json\/wp\/v2\/types\/page"}],"author":[{"embeddable":true,"href":"https:\/\/colbar.org\/es\/wp-json\/wp\/v2\/users\/1"}],"replies":[{"embeddable":true,"href":"https:\/\/colbar.org\/es\/wp-json\/wp\/v2\/comments?post=11023"}],"version-history":[{"count":0,"href":"https:\/\/colbar.org\/es\/wp-json\/wp\/v2\/pages\/11023\/revisions"}],"up":[{"embeddable":true,"href":"https:\/\/colbar.org\/es\/wp-json\/wp\/v2\/pages\/8600"}],"wp:attachment":[{"href":"https:\/\/colbar.org\/es\/wp-json\/wp\/v2\/media?parent=11023"}],"curies":[{"name":"wp","href":"https:\/\/api.w.org\/{rel}","templated":true}]}}