{"id":11072,"date":"2025-02-11T12:34:34","date_gmt":"2025-02-11T17:34:34","guid":{"rendered":"https:\/\/colbar.org\/?page_id=11072"},"modified":"2026-03-19T14:42:32","modified_gmt":"2026-03-19T18:42:32","slug":"ernesto-luciano-esq","status":"publish","type":"page","link":"https:\/\/colbar.org\/es\/attorneys\/ernesto-luciano-esq\/","title":{"rendered":"Ernesto Luciano, Esq."},"content":{"rendered":"<div class=\"wpb-content-wrapper\"><div class=\"vc_row wpb_row vc_row-fluid\"><div class=\"wpb_column vc_column_container vc_col-sm-4\"><div class=\"vc_column-inner vc_custom_1618350251727\"><div class=\"wpb_wrapper\">\n\t<div  class=\"wpb_single_image wpb_content_element vc_align_center\">\n\t\t\n\t\t<figure class=\"wpb_wrapper vc_figure\">\n\t\t\t<div class=\"vc_single_image-wrapper   vc_box_border_grey\"><img loading=\"lazy\" decoding=\"async\" width=\"252\" height=\"300\" src=\"https:\/\/colbar.org\/wp-content\/uploads\/Ernesto-Luciano.png\" class=\"vc_single_image-img attachment-full\" alt=\"Ernesto Luciano\" title=\"Ernesto Luciano\" srcset=\"https:\/\/colbar.org\/wp-content\/uploads\/Ernesto-Luciano.png 252w, https:\/\/colbar.org\/wp-content\/uploads\/Ernesto-Luciano-10x12.png 10w, https:\/\/colbar.org\/wp-content\/uploads\/Ernesto-Luciano-125x150.png 125w\" sizes=\"auto, (max-width: 252px) 100vw, 252px\" \/><\/div>\n\t\t<\/figure>\n\t<\/div>\n\n\t<div class=\"wpb_text_column wpb_content_element\" >\n\t\t<div class=\"wpb_wrapper\">\n\t\t\t<h6 style=\"text-align: center;\"><strong>Ernesto Luciano, Esq.<\/strong><\/h6>\n\n\t\t<\/div>\n\t<\/div>\n\n\t<div class=\"wpb_text_column wpb_content_element\" >\n\t\t<div class=\"wpb_wrapper\">\n\t\t\t<p style=\"text-align: center;\"><strong>Cerulean Tech Law, PLLC<\/strong><br \/>\n150 Alhambra Circle, 10th Floor<br \/>\nCoral Gables, FL 33134<\/p>\n\n\t\t<\/div>\n\t<\/div>\n<div class=\"vc_btn3-container vc_btn3-center vc_do_btn\" ><a class=\"vc_general vc_btn3 vc_btn3-size-sm vc_btn3-shape-rounded vc_btn3-style-modern vc_btn3-block vc_btn3-icon-left vc_btn3-color-sky\" href=\"https:\/\/ceruleantechlaw.com\/\" title=\"\" target=\"_blank\"><i class=\"vc_btn3-icon fas fa-globe\"><\/i> Visit Website<\/a><\/div><div class=\"vc_btn3-container vc_btn3-center vc_do_btn\" ><a class=\"vc_general vc_btn3 vc_btn3-size-sm vc_btn3-shape-rounded vc_btn3-style-modern vc_btn3-block vc_btn3-icon-left vc_btn3-color-success\" href=\"mailto:eluciano@ceruleantechlaw.com\" title=\"\" target=\"_blank\"><i class=\"vc_btn3-icon far fa-envelope\"><\/i> Email<\/a><\/div><div class=\"vc_btn3-container vc_btn3-center vc_do_btn\" ><a class=\"vc_general vc_btn3 vc_btn3-size-sm vc_btn3-shape-rounded vc_btn3-style-modern vc_btn3-block vc_btn3-icon-left vc_btn3-color-mulled-wine\" href=\"tel:+17862051055\" title=\"\" target=\"_blank\"><i class=\"vc_btn3-icon fas fa-phone-square-alt\"><\/i> (786) 205-1055<\/a><\/div>\n\t<div class=\"wpb_text_column wpb_content_element\" >\n\t\t<div class=\"wpb_wrapper\">\n\t\t\t<p><a href=\"https:\/\/www.linkedin.com\/in\/ernestoluciano\/\"><img loading=\"lazy\" decoding=\"async\" class=\"alignnone size-full wp-image-10300\" src=\"https:\/\/colbar.org\/wp-content\/uploads\/linkedin-icon-2.png\" alt=\"linkedin-icon\" width=\"50\" height=\"50\" srcset=\"https:\/\/colbar.org\/wp-content\/uploads\/linkedin-icon-2.png 50w, https:\/\/colbar.org\/wp-content\/uploads\/linkedin-icon-2-12x12.png 12w\" sizes=\"auto, (max-width: 50px) 100vw, 50px\" \/><\/a><\/p>\n\n\t\t<\/div>\n\t<\/div>\n\n\t<div class=\"wpb_text_column wpb_content_element\" >\n\t\t<div class=\"wpb_wrapper\">\n\t\t\t<p style=\"text-align: center;\"><strong>MAPA Y DIRECCIONES<\/strong><\/p>\n\n\t\t<\/div>\n\t<\/div>\n\n\t<div class=\"wpb_text_column wpb_content_element\" >\n\t\t<div class=\"wpb_wrapper\">\n\t\t\t<p><iframe loading=\"lazy\" style=\"border: 0;\" src=\"https:\/\/www.google.com\/maps\/embed?pb=!1m18!1m12!1m3!1d1510.904611975321!2d-80.2587525056618!3d25.752158626669587!2m3!1f0!2f0!3f0!3m2!1i1024!2i768!4f13.1!3m3!1m2!1s0x88d9b799bac55555%3A0xbd3f547827da163!2s150%20Alhambra%20Cir%2010th%20Floor%2C%20Coral%20Gables%2C%20FL%2033134!5e0!3m2!1sen!2sus!4v1739294721815!5m2!1sen!2sus\" width=\"400\" height=\"300\" allowfullscreen=\"allowfullscreen\"><\/iframe><\/p>\n\n\t\t<\/div>\n\t<\/div>\n<\/div><\/div><\/div><div class=\"wpb_column vc_column_container vc_col-sm-1\"><div class=\"vc_column-inner\"><div class=\"wpb_wrapper\"><\/div><\/div><\/div><div class=\"wpb_column vc_column_container vc_col-sm-7\"><div class=\"vc_column-inner\"><div class=\"wpb_wrapper\">\n\t<div class=\"wpb_text_column wpb_content_element\" >\n\t\t<div class=\"wpb_wrapper\">\n\t\t\t<h2 style=\"text-align: left;\"><span style=\"color: #0000ff;\">Ernesto Luciano, Esq.<\/span><\/h2>\n<hr \/>\n<p><span data-olk-copy-source=\"MessageBody\">Ernesto A. Luciano es socio gerente y abogado con m\u00e1s de 25 a\u00f1os de experiencia legal, gestionando transacciones comerciales y tecnol\u00f3gicas transfronterizas complejas, finanzas corporativas, transacciones privadas de fusiones y adquisiciones, presentaciones ante la SEC para empresas que cotizan en bolsa, FinTech, licencias avanzadas, SaaS, Internet, digital, ciberseguridad, privacidad y uso\/protecci\u00f3n de datos, normativa y cumplimiento, empleo, soluciones tecnol\u00f3gicas para la educaci\u00f3n superior, medios de comunicaci\u00f3n y entretenimiento.<\/span><\/p>\n\n\t\t<\/div>\n\t<\/div>\n\n\t<div class=\"wpb_text_column wpb_content_element\" >\n\t\t<div class=\"wpb_wrapper\">\n\t\t\t<h3>Areas de Pr\u00e1ctica<\/h3>\n<hr \/>\n<p><strong>Business Law:<\/strong> Corporate finance\/governance, M&amp;A, divestitures, venture capital, private equity privately \/ closely-held corporations (Inc.), limited liability companies (LLCs), partnerships, including international buy\/sell transactions.<\/p>\n<p><strong>Technology Law:<\/strong> Cybersecurity, privacy, data use, artificial intelligence, (AI), e-commerce, internet law, technology commercial transactions; including a FinTech practice, advising money service businesses, money remitters, banks\/credit union\/neo-banks, embedded finance\/API, cards (pre-paid, debit, &amp; credit), buy now, pay later (BNPL), lease-to-own, private\/small consumer micro-loans, cryptocurrency exchange platforms\/ ATM businesses, peer to peer, digital custodial wallets, tokens and stable coins.<\/p>\n<p><strong>Intellectual Property Law:<\/strong> Copyrights, trademarks, manage patent filings\/ portfolios, trade secrets, IP assignments, software &amp; code license agreements, fair use legal issues, cease &amp; desist demand letters, royalty agreements.<\/p>\n\n\t\t<\/div>\n\t<\/div>\n\n\t<div class=\"wpb_text_column wpb_content_element\" >\n\t\t<div class=\"wpb_wrapper\">\n\t\t\t<h3>Educaci\u00f3n<\/h3>\n<hr \/>\n<p>University of Miami School of Law (LL.M.)<br \/>\nNew England Law, (J.D.)<br \/>\nUniversity at Albany, State University of New York (B.A.)<\/p>\n\n\t\t<\/div>\n\t<\/div>\n\n\t<div class=\"wpb_text_column wpb_content_element\" >\n\t\t<div class=\"wpb_wrapper\">\n\t\t\t<h3>Admisi\u00f3n a la Pr\u00e1ctica<\/h3>\n<hr \/>\n<p><span data-olk-copy-source=\"MessageBody\">State of Florida, U.S. Court of Appeals for the Eleventh Circuit<\/span><\/p>\n\n\t\t<\/div>\n\t<\/div>\n\n\t<div class=\"wpb_text_column wpb_content_element\" >\n\t\t<div class=\"wpb_wrapper\">\n\t\t\t<h3>Idiomas<\/h3>\n<hr \/>\n<p>Fluent in English, Spanish, Portuguese, and other.<\/p>\n\n\t\t<\/div>\n\t<\/div>\n<\/div><\/div><\/div><\/div>\n<\/div>","protected":false},"excerpt":{"rendered":"Ernesto Luciano, Esq. Cerulean Tech Law, PLLC 150 Alhambra Circle, 10th Floor Coral Gables, FL 33134 Visit Website Send Email","protected":false},"author":1,"featured_media":0,"parent":8600,"menu_order":0,"comment_status":"closed","ping_status":"closed","template":"","meta":{"footnotes":""},"class_list":["post-11072","page","type-page","status-publish","hentry"],"_links":{"self":[{"href":"https:\/\/colbar.org\/es\/wp-json\/wp\/v2\/pages\/11072","targetHints":{"allow":["GET"]}}],"collection":[{"href":"https:\/\/colbar.org\/es\/wp-json\/wp\/v2\/pages"}],"about":[{"href":"https:\/\/colbar.org\/es\/wp-json\/wp\/v2\/types\/page"}],"author":[{"embeddable":true,"href":"https:\/\/colbar.org\/es\/wp-json\/wp\/v2\/users\/1"}],"replies":[{"embeddable":true,"href":"https:\/\/colbar.org\/es\/wp-json\/wp\/v2\/comments?post=11072"}],"version-history":[{"count":0,"href":"https:\/\/colbar.org\/es\/wp-json\/wp\/v2\/pages\/11072\/revisions"}],"up":[{"embeddable":true,"href":"https:\/\/colbar.org\/es\/wp-json\/wp\/v2\/pages\/8600"}],"wp:attachment":[{"href":"https:\/\/colbar.org\/es\/wp-json\/wp\/v2\/media?parent=11072"}],"curies":[{"name":"wp","href":"https:\/\/api.w.org\/{rel}","templated":true}]}}