{"id":11103,"date":"2025-03-19T15:49:58","date_gmt":"2025-03-19T19:49:58","guid":{"rendered":"https:\/\/colbar.org\/?page_id=11103"},"modified":"2026-03-19T10:36:35","modified_gmt":"2026-03-19T14:36:35","slug":"alvaro-acevedo","status":"publish","type":"page","link":"https:\/\/colbar.org\/es\/attorneys\/alvaro-acevedo\/","title":{"rendered":"Alvaro Acevedo, Esq."},"content":{"rendered":"<div class=\"wpb-content-wrapper\"><div class=\"vc_row wpb_row vc_row-fluid\"><div class=\"wpb_column vc_column_container vc_col-sm-4\"><div class=\"vc_column-inner vc_custom_1618350251727\"><div class=\"wpb_wrapper\">\n\t<div  class=\"wpb_single_image wpb_content_element vc_align_center\">\n\t\t\n\t\t<figure class=\"wpb_wrapper vc_figure\">\n\t\t\t<div class=\"vc_single_image-wrapper   vc_box_border_grey\"><img loading=\"lazy\" decoding=\"async\" width=\"252\" height=\"300\" src=\"https:\/\/colbar.org\/wp-content\/uploads\/Alvaro-Acevedo.png\" class=\"vc_single_image-img attachment-full\" alt=\"Alvaro Acevedo\" title=\"Alvaro Acevedo\" srcset=\"https:\/\/colbar.org\/wp-content\/uploads\/Alvaro-Acevedo.png 252w, https:\/\/colbar.org\/wp-content\/uploads\/Alvaro-Acevedo-10x12.png 10w, https:\/\/colbar.org\/wp-content\/uploads\/Alvaro-Acevedo-125x150.png 125w\" sizes=\"auto, (max-width: 252px) 100vw, 252px\" \/><\/div>\n\t\t<\/figure>\n\t<\/div>\n\n\t<div class=\"wpb_text_column wpb_content_element\" >\n\t\t<div class=\"wpb_wrapper\">\n\t\t\t<h6 style=\"text-align: center;\"><strong>Alvaro Acevedo, Esq.<\/strong><\/h6>\n\n\t\t<\/div>\n\t<\/div>\n\n\t<div class=\"wpb_text_column wpb_content_element\" >\n\t\t<div class=\"wpb_wrapper\">\n\t\t\t<p style=\"text-align: center;\"><strong>Brickell Law Group P.A.<\/strong><br \/>\n1395 Brickell Ave<br \/>\nMiami, FL 33131<\/p>\n\n\t\t<\/div>\n\t<\/div>\n<div class=\"vc_btn3-container vc_btn3-center vc_do_btn\" ><a class=\"vc_general vc_btn3 vc_btn3-size-sm vc_btn3-shape-rounded vc_btn3-style-modern vc_btn3-block vc_btn3-icon-left vc_btn3-color-sky\" href=\"https:\/\/lawyercpa.com\/\" title=\"\" target=\"_blank\"><i class=\"vc_btn3-icon fas fa-globe\"><\/i> Visit Website<\/a><\/div><div class=\"vc_btn3-container vc_btn3-center vc_do_btn\" ><a class=\"vc_general vc_btn3 vc_btn3-size-sm vc_btn3-shape-rounded vc_btn3-style-modern vc_btn3-block vc_btn3-icon-left vc_btn3-color-success\" href=\"mailto:al@lawyercpa.com\" title=\"\" target=\"_blank\"><i class=\"vc_btn3-icon far fa-envelope\"><\/i> Email<\/a><\/div><div class=\"vc_btn3-container vc_btn3-center vc_do_btn\" ><a class=\"vc_general vc_btn3 vc_btn3-size-sm vc_btn3-shape-rounded vc_btn3-style-modern vc_btn3-block vc_btn3-icon-left vc_btn3-color-mulled-wine\" href=\"tel:+17544229814\" title=\"\" target=\"_blank\"><i class=\"vc_btn3-icon fas fa-phone-square-alt\"><\/i> (754) 422-9814<\/a><\/div>\n\t<div class=\"wpb_text_column wpb_content_element\" >\n\t\t<div class=\"wpb_wrapper\">\n\t\t\t<p><a href=\"https:\/\/www.linkedin.com\/in\/lawyercpa\" target=\"_blank\" rel=\"noopener\"><img loading=\"lazy\" decoding=\"async\" class=\"alignnone size-full wp-image-10300\" src=\"https:\/\/colbar.org\/wp-content\/uploads\/linkedin-icon-2.png\" alt=\"linkedin-icon\" width=\"50\" height=\"50\" srcset=\"https:\/\/colbar.org\/wp-content\/uploads\/linkedin-icon-2.png 50w, https:\/\/colbar.org\/wp-content\/uploads\/linkedin-icon-2-12x12.png 12w\" sizes=\"auto, (max-width: 50px) 100vw, 50px\" \/><\/a><a href=\"https:\/\/www.facebook.com\/alvaro.acevedo2\" target=\"_blank\" rel=\"noopener\"><img loading=\"lazy\" decoding=\"async\" class=\"alignnone size-full wp-image-10297\" src=\"https:\/\/colbar.org\/wp-content\/uploads\/facebook-icon.png\" alt=\"\" width=\"50\" height=\"50\" srcset=\"https:\/\/colbar.org\/wp-content\/uploads\/facebook-icon.png 50w, https:\/\/colbar.org\/wp-content\/uploads\/facebook-icon-12x12.png 12w\" sizes=\"auto, (max-width: 50px) 100vw, 50px\" \/><\/a><a href=\"https:\/\/x.com\/alvaroacevedom\" target=\"_blank\" rel=\"noopener\"><img loading=\"lazy\" decoding=\"async\" class=\"alignnone size-full wp-image-10301\" src=\"https:\/\/colbar.org\/wp-content\/uploads\/x-icon.png\" alt=\"x icon\" width=\"50\" height=\"50\" srcset=\"https:\/\/colbar.org\/wp-content\/uploads\/x-icon.png 50w, https:\/\/colbar.org\/wp-content\/uploads\/x-icon-12x12.png 12w\" sizes=\"auto, (max-width: 50px) 100vw, 50px\" \/><\/a><a href=\"https:\/\/www.instagram.com\/taxlawyercpa\/\" target=\"_blank\" rel=\"noopener\"><img loading=\"lazy\" decoding=\"async\" class=\"alignnone size-full wp-image-10298\" src=\"https:\/\/colbar.org\/wp-content\/uploads\/instagram-icon-1.png\" alt=\"instagram icon\" width=\"50\" height=\"50\" srcset=\"https:\/\/colbar.org\/wp-content\/uploads\/instagram-icon-1.png 50w, https:\/\/colbar.org\/wp-content\/uploads\/instagram-icon-1-12x12.png 12w\" sizes=\"auto, (max-width: 50px) 100vw, 50px\" \/><\/a><\/p>\n\n\t\t<\/div>\n\t<\/div>\n\n\t<div class=\"wpb_text_column wpb_content_element\" >\n\t\t<div class=\"wpb_wrapper\">\n\t\t\t<p style=\"text-align: center;\"><strong>MAPA Y DIRECCIONES<\/strong><\/p>\n\n\t\t<\/div>\n\t<\/div>\n\n\t<div class=\"wpb_text_column wpb_content_element\" >\n\t\t<div class=\"wpb_wrapper\">\n\t\t\t<p><iframe loading=\"lazy\" style=\"border: 0;\" src=\"https:\/\/www.google.com\/maps\/embed?pb=!1m18!1m12!1m3!1d3593.296637464852!2d-80.19221005384729!3d25.760763813379675!2m3!1f0!2f0!3f0!3m2!1i1024!2i768!4f13.1!3m3!1m2!1s0x88d9b681177b3235%3A0x6bbd177972751c46!2sBrickell%20Law%20Group!5e0!3m2!1sen!2sus!4v1742413473955!5m2!1sen!2sus\" width=\"400\" height=\"300\" allowfullscreen=\"allowfullscreen\"><\/iframe><\/p>\n\n\t\t<\/div>\n\t<\/div>\n<\/div><\/div><\/div><div class=\"wpb_column vc_column_container vc_col-sm-1\"><div class=\"vc_column-inner\"><div class=\"wpb_wrapper\"><\/div><\/div><\/div><div class=\"wpb_column vc_column_container vc_col-sm-7\"><div class=\"vc_column-inner\"><div class=\"wpb_wrapper\">\n\t<div class=\"wpb_text_column wpb_content_element\" >\n\t\t<div class=\"wpb_wrapper\">\n\t\t\t<h2 style=\"text-align: left;\"><span style=\"color: #0000ff;\">Alvaro Acevedo, Esq.<\/span><\/h2>\n<hr \/>\n<p>\u00c1lvaro A. Acevedo, Esq., CPA, LLM (Tax)<\/p>\n<p>Fundador de Brickell Law Group P.A. (2015) y International CPA of Miami (2008). A partir de marzo de 2025, es el \u00fanico abogado en los Estados Unidos con doble certificaci\u00f3n de la Florida Bar en Derecho Tributario y Derecho Internacional, adem\u00e1s de estar licenciado como Contador P\u00fablico Certificado (CPA) en Delaware, Massachusetts y Florida, y Agente Inscrito (EA) a nivel federal.<\/p>\n<p>Nacido en Bogot\u00e1, Colombia, y criado en Weston, Florida, es miembro del Comit\u00e9 de Certificaci\u00f3n en Derecho Internacional de la Florida Bar, con la responsabilidad de redactar y revisar preguntas relacionadas con tributaci\u00f3n internacional para el examen de certificaci\u00f3n.<\/p>\n<p>Es un asesor y representante legal de confianza para algunas de las familias m\u00e1s acaudaladas de Am\u00e9rica Latina, con m\u00e1s de mil millones de d\u00f3lares en exposici\u00f3n fiscal estructurada. Reconocido a nivel mundial como conferencista y catedr\u00e1tico en tributaci\u00f3n internacional y representaci\u00f3n en casos complejos, forma parte del cuerpo docente del Latin American Business Institute.<\/p>\n<p>Actualmente lidera oficinas con personal propio en Miami (Brickell) y Bogot\u00e1 (Belmira), dirigiendo un equipo de m\u00e1s de 30 profesionales. Adem\u00e1s, mantiene oficinas sat\u00e9lites en Tampa Bay y Ciudad de Panam\u00e1, y colabora con firmas legales asociadas en todo el mundo, incluyendo Nevis, Islas Cook, Suiza, Liechtenstein, Islas V\u00edrgenes Brit\u00e1nicas, Canad\u00e1, M\u00e9xico, Santa Luc\u00eda, Bahamas y Belice, entre otros.<\/p>\n\n\t\t<\/div>\n\t<\/div>\n\n\t<div class=\"wpb_text_column wpb_content_element\" >\n\t\t<div class=\"wpb_wrapper\">\n\t\t\t<h3>Areas de Pr\u00e1ctica<\/h3>\n<hr \/>\n<p>Impuestos corporativos internacionales<br \/>\nProtecci\u00f3n de activos y patrimonio<br \/>\nFiducias y entidades internacionales<\/p>\n\n\t\t<\/div>\n\t<\/div>\n\n\t<div class=\"wpb_text_column wpb_content_element\" >\n\t\t<div class=\"wpb_wrapper\">\n\t\t\t<h3>Educaci\u00f3n<\/h3>\n<hr \/>\n<p>2017 &#8211; 2018 LLM in Tax Law &#8211; Georgetown University l, specialist certificate in International Tax Law. Washington, DC.<\/p>\n<p>2014 &#8211; 2017 Executive Certificate in Economic Development &#8211; Focus on Fomparative Tax Policy and Administration and Mastering Trade Policy and Negotiation &#8211; Harvard Kennedy School of Executive Education. Cambridge, MA.<\/p>\n<p>2010 &#8211; 2014 Juris Doctor &#8211; Shepard Broad Law Center at Nova Southeastern University, Davie, FL.<\/p>\n<p>2003 &#8211; 2007 Bachelor of Accounting &#8211; Florida International University, Miami, FL.<\/p>\n\n\t\t<\/div>\n\t<\/div>\n\n\t<div class=\"wpb_text_column wpb_content_element\" >\n\t\t<div class=\"wpb_wrapper\">\n\t\t\t<h3>Admisi\u00f3n a la Pr\u00e1ctica<\/h3>\n<hr \/>\n<p>Todos los tribunales estatales de Florida<br \/>\nUnited States Tax Court<br \/>\nUnited States Court of Federal Claims<\/p>\n\n\t\t<\/div>\n\t<\/div>\n\n\t<div class=\"wpb_text_column wpb_content_element\" >\n\t\t<div class=\"wpb_wrapper\">\n\t\t\t<h3>Idiomas<\/h3>\n<hr \/>\n<p>Fluent in English, Spanish and <span data-olk-copy-source=\"MessageBody\">Portuguese<\/span><\/p>\n\n\t\t<\/div>\n\t<\/div>\n\n\t<div class=\"wpb_text_column wpb_content_element\" >\n\t\t<div class=\"wpb_wrapper\">\n\t\t\t<h3>Video<\/h3>\n<hr \/>\n\n\t\t<\/div>\n\t<\/div>\n\n\t<div class=\"wpb_video_widget wpb_content_element vc_clearfix vc_video-aspect-ratio-169 vc_video-el-width-100 vc_video-align-left wd-rs-67db25f35b21e\" >\n\t\t<div class=\"wpb_wrapper\">\n\t\t\t\n\t\t\t<div class=\"wpb_video_wrapper\"><iframe loading=\"lazy\" title=\"15 Aniversario Acevedo &amp; Associates \/ International CPA of Miami 2008-2023\" width=\"500\" height=\"281\" src=\"https:\/\/www.youtube.com\/embed\/dWg2STb3mKw?feature=oembed\" frameborder=\"0\" allow=\"accelerometer; autoplay; clipboard-write; encrypted-media; gyroscope; picture-in-picture; web-share\" referrerpolicy=\"strict-origin-when-cross-origin\" allowfullscreen><\/iframe><\/div>\n\t\t<\/div>\n\t<\/div>\n<div class=\"vc_empty_space\"   style=\"height: 32px\"><span class=\"vc_empty_space_inner\"><\/span><\/div>\n\t<div class=\"wpb_video_widget wpb_content_element vc_clearfix vc_video-aspect-ratio-169 vc_video-el-width-100 vc_video-align-left wd-rs-67db263011952\" >\n\t\t<div class=\"wpb_wrapper\">\n\t\t\t\n\t\t\t<div class=\"wpb_video_wrapper\"><iframe loading=\"lazy\" title=\"GCE Summit Electrify @GCERadioTV\" width=\"500\" height=\"281\" src=\"https:\/\/www.youtube.com\/embed\/WS8i5L-bbFg?feature=oembed\" frameborder=\"0\" allow=\"accelerometer; autoplay; clipboard-write; encrypted-media; gyroscope; picture-in-picture; web-share\" referrerpolicy=\"strict-origin-when-cross-origin\" allowfullscreen><\/iframe><\/div>\n\t\t<\/div>\n\t<\/div>\n<\/div><\/div><\/div><\/div>\n<\/div>","protected":false},"excerpt":{"rendered":"Alvaro Acevedo, Esq. Brickell Law Group P.A. 1395 Brickell Ave Miami, FL 33131 Visit Website Send Email (754) 422-9814 MAP","protected":false},"author":1,"featured_media":0,"parent":8600,"menu_order":0,"comment_status":"closed","ping_status":"closed","template":"","meta":{"footnotes":""},"class_list":["post-11103","page","type-page","status-publish","hentry"],"_links":{"self":[{"href":"https:\/\/colbar.org\/es\/wp-json\/wp\/v2\/pages\/11103","targetHints":{"allow":["GET"]}}],"collection":[{"href":"https:\/\/colbar.org\/es\/wp-json\/wp\/v2\/pages"}],"about":[{"href":"https:\/\/colbar.org\/es\/wp-json\/wp\/v2\/types\/page"}],"author":[{"embeddable":true,"href":"https:\/\/colbar.org\/es\/wp-json\/wp\/v2\/users\/1"}],"replies":[{"embeddable":true,"href":"https:\/\/colbar.org\/es\/wp-json\/wp\/v2\/comments?post=11103"}],"version-history":[{"count":0,"href":"https:\/\/colbar.org\/es\/wp-json\/wp\/v2\/pages\/11103\/revisions"}],"up":[{"embeddable":true,"href":"https:\/\/colbar.org\/es\/wp-json\/wp\/v2\/pages\/8600"}],"wp:attachment":[{"href":"https:\/\/colbar.org\/es\/wp-json\/wp\/v2\/media?parent=11103"}],"curies":[{"name":"wp","href":"https:\/\/api.w.org\/{rel}","templated":true}]}}