{"id":11349,"date":"2025-06-20T11:36:18","date_gmt":"2025-06-20T15:36:18","guid":{"rendered":"https:\/\/colbar.org\/?page_id=11349"},"modified":"2026-03-19T14:06:07","modified_gmt":"2026-03-19T18:06:07","slug":"cristobal-soto-mejia-esq","status":"publish","type":"page","link":"https:\/\/colbar.org\/es\/attorneys\/cristobal-soto-mejia-esq\/","title":{"rendered":"Cristobal Soto Mejia, Esq."},"content":{"rendered":"<div class=\"wpb-content-wrapper\"><div class=\"vc_row wpb_row vc_row-fluid\"><div class=\"wpb_column vc_column_container vc_col-sm-4\"><div class=\"vc_column-inner vc_custom_1618350251727\"><div class=\"wpb_wrapper\">\n\t<div  class=\"wpb_single_image wpb_content_element vc_align_center\">\n\t\t\n\t\t<figure class=\"wpb_wrapper vc_figure\">\n\t\t\t<div class=\"vc_single_image-wrapper   vc_box_border_grey\"><img loading=\"lazy\" decoding=\"async\" width=\"252\" height=\"300\" src=\"https:\/\/colbar.org\/wp-content\/uploads\/Cristobal-Soto-Mejia.png\" class=\"vc_single_image-img attachment-full\" alt=\"Cristobal Soto Mejia\" title=\"Cristobal Soto Mejia\" srcset=\"https:\/\/colbar.org\/wp-content\/uploads\/Cristobal-Soto-Mejia.png 252w, https:\/\/colbar.org\/wp-content\/uploads\/Cristobal-Soto-Mejia-10x12.png 10w\" sizes=\"auto, (max-width: 252px) 100vw, 252px\" \/><\/div>\n\t\t<\/figure>\n\t<\/div>\n\n\t<div class=\"wpb_text_column wpb_content_element\" >\n\t\t<div class=\"wpb_wrapper\">\n\t\t\t<h6 style=\"text-align: center;\"><strong>Cristobal Soto Mejia, Esq.<\/strong><\/h6>\n\n\t\t<\/div>\n\t<\/div>\n\n\t<div class=\"wpb_text_column wpb_content_element\" >\n\t\t<div class=\"wpb_wrapper\">\n\t\t\t<p style=\"text-align: center;\"><strong>Alltech, Inc.<\/strong><br \/>\n1126 Fontaine Rd<br \/>\nLexington, Kentucky 40502<\/p>\n\n\t\t<\/div>\n\t<\/div>\n<div class=\"vc_btn3-container vc_btn3-center vc_do_btn\" ><a class=\"vc_general vc_btn3 vc_btn3-size-sm vc_btn3-shape-rounded vc_btn3-style-modern vc_btn3-block vc_btn3-icon-left vc_btn3-color-success\" href=\"mailto:cristobal.soto@alltech.com\" title=\"\"><i class=\"vc_btn3-icon\"><\/i> Email<\/a><\/div><div class=\"vc_btn3-container vc_btn3-center vc_do_btn\" ><a class=\"vc_general vc_btn3 vc_btn3-size-sm vc_btn3-shape-rounded vc_btn3-style-modern vc_btn3-block vc_btn3-icon-left vc_btn3-color-mulled-wine\" href=\"tel:+18593548206\" title=\"\"><i class=\"vc_btn3-icon\"><\/i> (859) 354-8206<\/a><\/div>\n\t<div class=\"wpb_text_column wpb_content_element\" >\n\t\t<div class=\"wpb_wrapper\">\n\t\t\t<p><a href=\"https:\/\/www.linkedin.com\/in\/cristobalsotomejia\/\" target=\"_blank\" rel=\"noopener\"><img loading=\"lazy\" decoding=\"async\" class=\"alignnone size-full wp-image-10300\" src=\"https:\/\/colbar.org\/wp-content\/uploads\/linkedin-icon-2.png\" alt=\"linkedin-icon\" width=\"50\" height=\"50\" srcset=\"https:\/\/colbar.org\/wp-content\/uploads\/linkedin-icon-2.png 50w, https:\/\/colbar.org\/wp-content\/uploads\/linkedin-icon-2-12x12.png 12w\" sizes=\"auto, (max-width: 50px) 100vw, 50px\" \/><\/a><\/p>\n\n\t\t<\/div>\n\t<\/div>\n\n\t<div class=\"wpb_text_column wpb_content_element\" >\n\t\t<div class=\"wpb_wrapper\">\n\t\t\t<p style=\"text-align: center;\"><strong>MAPA Y DIRECCIONES<\/strong><\/p>\n\n\t\t<\/div>\n\t<\/div>\n\n\t<div class=\"wpb_text_column wpb_content_element\" >\n\t\t<div class=\"wpb_wrapper\">\n\t\t\t<p><iframe loading=\"lazy\" style=\"border: 0;\" src=\"https:\/\/www.google.com\/maps\/embed?pb=!1m18!1m12!1m3!1d6285.665947925307!2d-84.48933202429458!3d38.02767317192276!2m3!1f0!2f0!3f0!3m2!1i1024!2i768!4f13.1!3m3!1m2!1s0x884244d0c220452f%3A0x8ca8364deb17b39f!2s1126%20Fontaine%20Rd%2C%20Lexington%2C%20KY%2040502!5e0!3m2!1sen!2sus!4v1750433192406!5m2!1sen!2sus\" width=\"400\" height=\"300\" allowfullscreen=\"allowfullscreen\"><\/iframe><\/p>\n\n\t\t<\/div>\n\t<\/div>\n<\/div><\/div><\/div><div class=\"wpb_column vc_column_container vc_col-sm-1\"><div class=\"vc_column-inner\"><div class=\"wpb_wrapper\"><\/div><\/div><\/div><div class=\"wpb_column vc_column_container vc_col-sm-7\"><div class=\"vc_column-inner\"><div class=\"wpb_wrapper\">\n\t<div class=\"wpb_text_column wpb_content_element\" >\n\t\t<div class=\"wpb_wrapper\">\n\t\t\t<h2 style=\"text-align: left;\"><span style=\"color: #0000ff;\">Cristobal Soto Mejia, Esq.<\/span><\/h2>\n<hr \/>\n<p>Soy un abogado disciplinado y entusiasta enfocado en Business and Human Rights, compliance y risk management, con licensia de la barra del estado de Nueva York y en Colombia.<\/p>\n<p>Me mueve poder ayudar a los dem\u00e1s y lograr un cambio positivo en mi entorno reconstruyendo el tejido social por medio de la cooperaci\u00f3n del estado, la sociedad civil y el sector privado.<\/p>\n<p>Particip\u00e9 en diferentes programas de voluntariado y cofund\u00e9 la ONG Construyendo Sonrisas para lograr impacto social en las zonas rurales de Colombia. Actualmente trabajo en Alltech, una empresa agroindustrial que est\u00e1 trabajando por un Planeta de Abundancia.<\/p>\n<p>Durante la carrera de Derecho fui premiado como uno de los 10 mejores estudiantes de derecho de Colombia y la Universidad de La Sabana me otorg\u00f3 la Beca de Excelencia para Estudiantes Meritorios. Durante mi Maestr\u00eda en Derecho (LLM) en la Universidad de Washington en St. Louis, obtuve una concentraci\u00f3n en Negociaci\u00f3n y Resoluci\u00f3n Alternativa de Controversias y un certificado en Derecho Internacional.<\/p>\n<p>Considero que mi disciplina, pasi\u00f3n y curiosidad son mis fortalezas para mejorar el estilo de vida de muchas personas.<\/p>\n\n\t\t<\/div>\n\t<\/div>\n\n\t<div class=\"wpb_text_column wpb_content_element\" >\n\t\t<div class=\"wpb_wrapper\">\n\t\t\t<h3>Areas de Pr\u00e1ctica<\/h3>\n<hr \/>\n<p>Abogado corporativo enfocado en Business and Human Rights, compliance and risk management<\/p>\n\n\t\t<\/div>\n\t<\/div>\n\n\t<div class=\"wpb_text_column wpb_content_element\" >\n\t\t<div class=\"wpb_wrapper\">\n\t\t\t<h3>Educaci\u00f3n<\/h3>\n<hr \/>\n<p>Law School: Universidad de La Sabana (Bogota &#8211; Colombia)<br \/>\nLL.M: Washington University in St Louis (Masters in Law with a concentration in Negotiation and Alternative Dispute Resolution and a certificate in International Law)<\/p>\n\n\t\t<\/div>\n\t<\/div>\n\n\t<div class=\"wpb_text_column wpb_content_element\" >\n\t\t<div class=\"wpb_wrapper\">\n\t\t\t<h3>Admisi\u00f3n a la Pr\u00e1ctica<\/h3>\n<hr \/>\n<p>State of New York<br \/>\nColombia<\/p>\n\n\t\t<\/div>\n\t<\/div>\n\n\t<div class=\"wpb_text_column wpb_content_element\" >\n\t\t<div class=\"wpb_wrapper\">\n\t\t\t<h3>Idiomas<\/h3>\n<hr \/>\n<p>Fluidez en Ingl\u00e9s y Espa\u00f1ol.<\/p>\n\n\t\t<\/div>\n\t<\/div>\n<\/div><\/div><\/div><\/div>\n<\/div>","protected":false},"excerpt":{"rendered":"Cristobal Soto Mejia, Esq. Alltech, Inc. 1126 Fontaine Rd Lexington, Kentucky 40502 Send Email (859) 354-8206 MAP &amp; DIRECTIONS Cristobal","protected":false},"author":1,"featured_media":0,"parent":8600,"menu_order":0,"comment_status":"closed","ping_status":"closed","template":"","meta":{"footnotes":""},"class_list":["post-11349","page","type-page","status-publish","hentry"],"_links":{"self":[{"href":"https:\/\/colbar.org\/es\/wp-json\/wp\/v2\/pages\/11349","targetHints":{"allow":["GET"]}}],"collection":[{"href":"https:\/\/colbar.org\/es\/wp-json\/wp\/v2\/pages"}],"about":[{"href":"https:\/\/colbar.org\/es\/wp-json\/wp\/v2\/types\/page"}],"author":[{"embeddable":true,"href":"https:\/\/colbar.org\/es\/wp-json\/wp\/v2\/users\/1"}],"replies":[{"embeddable":true,"href":"https:\/\/colbar.org\/es\/wp-json\/wp\/v2\/comments?post=11349"}],"version-history":[{"count":0,"href":"https:\/\/colbar.org\/es\/wp-json\/wp\/v2\/pages\/11349\/revisions"}],"up":[{"embeddable":true,"href":"https:\/\/colbar.org\/es\/wp-json\/wp\/v2\/pages\/8600"}],"wp:attachment":[{"href":"https:\/\/colbar.org\/es\/wp-json\/wp\/v2\/media?parent=11349"}],"curies":[{"name":"wp","href":"https:\/\/api.w.org\/{rel}","templated":true}]}}