{"id":11367,"date":"2025-07-22T15:52:07","date_gmt":"2025-07-22T19:52:07","guid":{"rendered":"https:\/\/colbar.org\/?page_id=11367"},"modified":"2026-03-19T10:50:45","modified_gmt":"2026-03-19T14:50:45","slug":"ana-carolina-varela-esq","status":"publish","type":"page","link":"https:\/\/colbar.org\/es\/attorneys\/ana-carolina-varela-esq\/","title":{"rendered":"Ana Carolina Varela, Esq."},"content":{"rendered":"<div class=\"wpb-content-wrapper\"><div class=\"vc_row wpb_row vc_row-fluid\"><div class=\"wpb_column vc_column_container vc_col-sm-4\"><div class=\"vc_column-inner vc_custom_1618350251727\"><div class=\"wpb_wrapper\">\n\t<div  class=\"wpb_single_image wpb_content_element vc_align_center\">\n\t\t\n\t\t<figure class=\"wpb_wrapper vc_figure\">\n\t\t\t<div class=\"vc_single_image-wrapper   vc_box_border_grey\"><img loading=\"lazy\" decoding=\"async\" width=\"252\" height=\"300\" src=\"https:\/\/colbar.org\/wp-content\/uploads\/Ana-Carolina-Varela.png\" class=\"vc_single_image-img attachment-full\" alt=\"Ana Carolina Varela\" title=\"Ana Carolina Varela\" srcset=\"https:\/\/colbar.org\/wp-content\/uploads\/Ana-Carolina-Varela.png 252w, https:\/\/colbar.org\/wp-content\/uploads\/Ana-Carolina-Varela-10x12.png 10w\" sizes=\"auto, (max-width: 252px) 100vw, 252px\" \/><\/div>\n\t\t<\/figure>\n\t<\/div>\n\n\t<div class=\"wpb_text_column wpb_content_element\" >\n\t\t<div class=\"wpb_wrapper\">\n\t\t\t<h6 style=\"text-align: center;\"><strong>Ana Carolina Varela, Esq.<\/strong><\/h6>\n\n\t\t<\/div>\n\t<\/div>\n\n\t<div class=\"wpb_text_column wpb_content_element\" >\n\t\t<div class=\"wpb_wrapper\">\n\t\t\t<p style=\"text-align: center;\"><strong>BOIES SCHILLER FLEXNER LLP<\/strong><br \/>\n401 E. Las Olas Blvd.<br \/>\nSuite 1200<br \/>\nFort Lauderdale, FL, 33301<\/p>\n\n\t\t<\/div>\n\t<\/div>\n<div class=\"vc_btn3-container vc_btn3-center vc_do_btn\" ><a class=\"vc_general vc_btn3 vc_btn3-size-sm vc_btn3-shape-rounded vc_btn3-style-modern vc_btn3-block vc_btn3-icon-left vc_btn3-color-sky\" href=\"https:\/\/www.bsfllp.com\/\" title=\"\" target=\"_blank\"><i class=\"vc_btn3-icon\"><\/i> Visit Website<\/a><\/div><div class=\"vc_btn3-container vc_btn3-center vc_do_btn\" ><a class=\"vc_general vc_btn3 vc_btn3-size-sm vc_btn3-shape-rounded vc_btn3-style-modern vc_btn3-block vc_btn3-icon-left vc_btn3-color-success\" href=\"mailto:avarela@bsfllp.com\" title=\"\" target=\"_blank\"><i class=\"vc_btn3-icon\"><\/i> Email<\/a><\/div><div class=\"vc_btn3-container vc_btn3-center vc_do_btn\" ><a class=\"vc_general vc_btn3 vc_btn3-size-sm vc_btn3-shape-rounded vc_btn3-style-modern vc_btn3-block vc_btn3-icon-left vc_btn3-color-mulled-wine\" href=\"tel:+19543774207\" title=\"\" target=\"_blank\"><i class=\"vc_btn3-icon\"><\/i> (954) 377-4207<\/a><\/div>\n\t<div class=\"wpb_text_column wpb_content_element\" >\n\t\t<div class=\"wpb_wrapper\">\n\t\t\t<p><a href=\"https:\/\/www.linkedin.com\/in\/ana-carolina-varela-5b792612\/\" target=\"_blank\" rel=\"noopener\"><img loading=\"lazy\" decoding=\"async\" class=\"alignnone size-full wp-image-10300\" src=\"https:\/\/colbar.org\/wp-content\/uploads\/linkedin-icon-2.png\" alt=\"linkedin-icon\" width=\"50\" height=\"50\" srcset=\"https:\/\/colbar.org\/wp-content\/uploads\/linkedin-icon-2.png 50w, https:\/\/colbar.org\/wp-content\/uploads\/linkedin-icon-2-12x12.png 12w\" sizes=\"auto, (max-width: 50px) 100vw, 50px\" \/><\/a><\/p>\n\n\t\t<\/div>\n\t<\/div>\n\n\t<div class=\"wpb_text_column wpb_content_element\" >\n\t\t<div class=\"wpb_wrapper\">\n\t\t\t<p style=\"text-align: center;\"><strong>MAPA Y DIRECCIONES<\/strong><\/p>\n\n\t\t<\/div>\n\t<\/div>\n\n\t<div class=\"wpb_text_column wpb_content_element\" >\n\t\t<div class=\"wpb_wrapper\">\n\t\t\t<p><iframe loading=\"lazy\" style=\"border: 0;\" src=\"https:\/\/www.google.com\/maps\/embed?pb=!1m18!1m12!1m3!1d3582.364823024353!2d-80.1415149245876!3d26.119645277128818!2m3!1f0!2f0!3f0!3m2!1i1024!2i768!4f13.1!3m3!1m2!1s0x88d90056ef333725%3A0x5a80bc29a345f5!2sBank%20of%20America%20Plaza%2C%20401%20E%20Las%20Olas%20Blvd%2C%20Fort%20Lauderdale%2C%20FL%2033301!5e0!3m2!1sen!2sus!4v1753213046903!5m2!1sen!2sus\" width=\"400\" height=\"300\" allowfullscreen=\"allowfullscreen\"><\/iframe><\/p>\n\n\t\t<\/div>\n\t<\/div>\n<\/div><\/div><\/div><div class=\"wpb_column vc_column_container vc_col-sm-1\"><div class=\"vc_column-inner\"><div class=\"wpb_wrapper\"><\/div><\/div><\/div><div class=\"wpb_column vc_column_container vc_col-sm-7\"><div class=\"vc_column-inner\"><div class=\"wpb_wrapper\">\n\t<div class=\"wpb_text_column wpb_content_element\" >\n\t\t<div class=\"wpb_wrapper\">\n\t\t\t<h2 style=\"text-align: left;\"><span style=\"color: #0000ff;\">Ana Carolina Varela, Esq.<\/span><\/h2>\n<hr \/>\n<p class=\"x_MsoNormal\"><span data-ogsc=\"rgb(0, 112, 192)\" data-olk-copy-source=\"MessageBody\">Carolina is an attorney at Boies Schiller Flexner LLP in Fort Lauderdale, Florida, where she\u00a0<\/span><span data-ogsc=\"rgb(0, 112, 192)\">Carolina es abogada en la firma Boies Schiller Flexner LLP, con sede en Fort Lauderdale, Florida. Su pr\u00e1ctica se enfoca en litigios comerciales complejos, en los que asesora a clientes en controversias de alto impacto, incluyendo disputas contractuales, casos de responsabilidad profesional e investigaciones judiciales tanto en tribunales estatales como federales a lo largo de los Estados Unidos.<\/span><\/p>\n<p class=\"x_MsoNormal\"><span data-ogsc=\"rgb(0, 112, 192)\">Ha representado a clientes de m\u00faltiples sectores, entre ellos energ\u00eda, bienes ra\u00edces, aviaci\u00f3n, contadur\u00eda, turismo y banca de inversi\u00f3n. Cuenta con amplia experiencia en la resoluci\u00f3n de disputas mercantiles, investigaciones en materia penal econ\u00f3mica (white collar), litigios relacionados con esquemas Ponzi, asuntos laborales, pr\u00e1cticas comerciales desleales, temas regulatorios, defensa en casos de responsabilidad profesional, fraude y reclamaciones de seguros.<\/span><\/p>\n<p class=\"x_MsoNormal\"><span data-ogsc=\"rgb(0, 112, 192)\">Carolina tiene experiencia en todas las etapas del litigio, desde la fase previa al juicio hasta el juicio mismo, incluyendo descubrimiento de pruebas, declaraciones, presentaci\u00f3n de mociones y preparaci\u00f3n de argumentos orales.<\/span><\/p>\n<p class=\"x_MsoNormal\"><span data-ogsc=\"rgb(0, 112, 192)\">Asimismo, ha actuado tanto en la defensa frente a reclamaciones de alto valor como en la presentaci\u00f3n de demandas, tanto en primera como segunda instancia.<\/span><\/p>\n<p class=\"x_MsoNormal\"><span data-ogsc=\"rgb(0, 112, 192)\">Habla espa\u00f1ol con fluidez y ha trabajado en asuntos que involucran clientes, abogados y peritos internacionales.\u00a0<\/span><\/p>\n\n\t\t<\/div>\n\t<\/div>\n\n\t<div class=\"wpb_text_column wpb_content_element\" >\n\t\t<div class=\"wpb_wrapper\">\n\t\t\t<h3>Areas de Pr\u00e1ctica<\/h3>\n<hr \/>\n<p>Litigios Comerciales<br \/>\nCommercial Contract Disputes<br \/>\nProfessional Malpractice<\/p>\n\n\t\t<\/div>\n\t<\/div>\n\n\t<div class=\"wpb_text_column wpb_content_element\" >\n\t\t<div class=\"wpb_wrapper\">\n\t\t\t<h3>Educaci\u00f3n<\/h3>\n<hr \/>\n<p>B.A., Brown University<br \/>\nJ.D., Columbia Law School<\/p>\n\n\t\t<\/div>\n\t<\/div>\n\n\t<div class=\"wpb_text_column wpb_content_element\" >\n\t\t<div class=\"wpb_wrapper\">\n\t\t\t<h3>Admisi\u00f3n a la Pr\u00e1ctica<\/h3>\n<hr \/>\n<p>Todos los tribunales estatales de Florida<\/p>\n\n\t\t<\/div>\n\t<\/div>\n\n\t<div class=\"wpb_text_column wpb_content_element\" >\n\t\t<div class=\"wpb_wrapper\">\n\t\t\t<h3>Idiomas<\/h3>\n<hr \/>\n<p>Fluidez en Ingl\u00e9s y Espa\u00f1ol.<\/p>\n\n\t\t<\/div>\n\t<\/div>\n<\/div><\/div><\/div><\/div>\n<\/div>","protected":false},"excerpt":{"rendered":"Ana Carolina Varela, Esq. BOIES SCHILLER FLEXNER LLP 401 E. Las Olas Blvd. Suite 1200 Fort Lauderdale, FL, 33301 Visit","protected":false},"author":1,"featured_media":0,"parent":8600,"menu_order":0,"comment_status":"closed","ping_status":"closed","template":"","meta":{"footnotes":""},"class_list":["post-11367","page","type-page","status-publish","hentry"],"_links":{"self":[{"href":"https:\/\/colbar.org\/es\/wp-json\/wp\/v2\/pages\/11367","targetHints":{"allow":["GET"]}}],"collection":[{"href":"https:\/\/colbar.org\/es\/wp-json\/wp\/v2\/pages"}],"about":[{"href":"https:\/\/colbar.org\/es\/wp-json\/wp\/v2\/types\/page"}],"author":[{"embeddable":true,"href":"https:\/\/colbar.org\/es\/wp-json\/wp\/v2\/users\/1"}],"replies":[{"embeddable":true,"href":"https:\/\/colbar.org\/es\/wp-json\/wp\/v2\/comments?post=11367"}],"version-history":[{"count":0,"href":"https:\/\/colbar.org\/es\/wp-json\/wp\/v2\/pages\/11367\/revisions"}],"up":[{"embeddable":true,"href":"https:\/\/colbar.org\/es\/wp-json\/wp\/v2\/pages\/8600"}],"wp:attachment":[{"href":"https:\/\/colbar.org\/es\/wp-json\/wp\/v2\/media?parent=11367"}],"curies":[{"name":"wp","href":"https:\/\/api.w.org\/{rel}","templated":true}]}}