{"id":11425,"date":"2025-09-09T16:42:43","date_gmt":"2025-09-09T20:42:43","guid":{"rendered":"https:\/\/colbar.org\/?page_id=11425"},"modified":"2026-03-20T16:41:05","modified_gmt":"2026-03-20T20:41:05","slug":"vikas-dhar-esq","status":"publish","type":"page","link":"https:\/\/colbar.org\/es\/attorneys\/vikas-dhar-esq\/","title":{"rendered":"Vikas Dhar, Esq."},"content":{"rendered":"<div class=\"wpb-content-wrapper\"><div class=\"vc_row wpb_row vc_row-fluid\"><div class=\"wpb_column vc_column_container vc_col-sm-4\"><div class=\"vc_column-inner vc_custom_1618350251727\"><div class=\"wpb_wrapper\">\n\t<div  class=\"wpb_single_image wpb_content_element vc_align_center\">\n\t\t\n\t\t<figure class=\"wpb_wrapper vc_figure\">\n\t\t\t<div class=\"vc_single_image-wrapper   vc_box_border_grey\"><img loading=\"lazy\" decoding=\"async\" width=\"252\" height=\"300\" src=\"https:\/\/colbar.org\/wp-content\/uploads\/Vikas-Dhar.png\" class=\"vc_single_image-img attachment-full\" alt=\"Vikas Dhar\" title=\"Vikas Dhar\" srcset=\"https:\/\/colbar.org\/wp-content\/uploads\/Vikas-Dhar.png 252w, https:\/\/colbar.org\/wp-content\/uploads\/Vikas-Dhar-10x12.png 10w\" sizes=\"auto, (max-width: 252px) 100vw, 252px\" \/><\/div>\n\t\t<\/figure>\n\t<\/div>\n\n\t<div class=\"wpb_text_column wpb_content_element\" >\n\t\t<div class=\"wpb_wrapper\">\n\t\t\t<h6 style=\"text-align: center;\"><strong>Vikas Dhar, Esq.<\/strong><\/h6>\n\n\t\t<\/div>\n\t<\/div>\n\n\t<div class=\"wpb_text_column wpb_content_element\" >\n\t\t<div class=\"wpb_wrapper\">\n\t\t\t<p style=\"text-align: center;\"><strong>Dhar Law, LLP<\/strong><br \/>\n529 Main Street, Suite P200<br \/>\nCharlestown, MA 02129<\/p>\n\n\t\t<\/div>\n\t<\/div>\n<div class=\"vc_btn3-container vc_btn3-center vc_do_btn\" ><a class=\"vc_general vc_btn3 vc_btn3-size-sm vc_btn3-shape-rounded vc_btn3-style-modern vc_btn3-block vc_btn3-icon-left vc_btn3-color-sky\" href=\"https:\/\/www.dharlawllp.com\/\" title=\"\" target=\"_blank\"><i class=\"vc_btn3-icon\"><\/i> Visit Website<\/a><\/div><div class=\"vc_btn3-container vc_btn3-center vc_do_btn\" ><a class=\"vc_general vc_btn3 vc_btn3-size-sm vc_btn3-shape-rounded vc_btn3-style-modern vc_btn3-block vc_btn3-icon-left vc_btn3-color-success\" href=\"mailto:vikas@dharlawllp.com\" title=\"\"><i class=\"vc_btn3-icon\"><\/i> Email<\/a><\/div><div class=\"vc_btn3-container vc_btn3-center vc_do_btn\" ><a class=\"vc_general vc_btn3 vc_btn3-size-sm vc_btn3-shape-rounded vc_btn3-style-modern vc_btn3-block vc_btn3-icon-left vc_btn3-color-mulled-wine\" href=\"tel:+16178806155\" title=\"\" target=\"_blank\"><i class=\"vc_btn3-icon\"><\/i> (617) 880-6155<\/a><\/div>\n\t<div class=\"wpb_text_column wpb_content_element\" >\n\t\t<div class=\"wpb_wrapper\">\n\t\t\t<p><a href=\"https:\/\/www.linkedin.com\/in\/vidhar\/\" target=\"_blank\" rel=\"noopener\"><img loading=\"lazy\" decoding=\"async\" class=\"alignnone size-full wp-image-10300\" src=\"https:\/\/colbar.org\/wp-content\/uploads\/linkedin-icon-2.png\" alt=\"linkedin-icon\" width=\"50\" height=\"50\" srcset=\"https:\/\/colbar.org\/wp-content\/uploads\/linkedin-icon-2.png 50w, https:\/\/colbar.org\/wp-content\/uploads\/linkedin-icon-2-12x12.png 12w\" sizes=\"auto, (max-width: 50px) 100vw, 50px\" \/><\/a><a href=\"https:\/\/www.facebook.com\/DharLaw\/\" target=\"_blank\" rel=\"noopener\"><img loading=\"lazy\" decoding=\"async\" class=\"alignnone size-full wp-image-10302\" src=\"https:\/\/colbar.org\/wp-content\/uploads\/facebook-icon-1.png\" alt=\"\" width=\"50\" height=\"50\" srcset=\"https:\/\/colbar.org\/wp-content\/uploads\/facebook-icon-1.png 50w, https:\/\/colbar.org\/wp-content\/uploads\/facebook-icon-1-12x12.png 12w\" sizes=\"auto, (max-width: 50px) 100vw, 50px\" \/><\/a><a href=\"https:\/\/www.instagram.com\/dharlawllp\/\" target=\"_blank\" rel=\"noopener\"><img loading=\"lazy\" decoding=\"async\" class=\"alignnone size-full wp-image-10298\" src=\"https:\/\/colbar.org\/wp-content\/uploads\/instagram-icon-1.png\" alt=\"instagram icon\" width=\"50\" height=\"50\" srcset=\"https:\/\/colbar.org\/wp-content\/uploads\/instagram-icon-1.png 50w, https:\/\/colbar.org\/wp-content\/uploads\/instagram-icon-1-12x12.png 12w\" sizes=\"auto, (max-width: 50px) 100vw, 50px\" \/><\/a><\/p>\n\n\t\t<\/div>\n\t<\/div>\n\n\t<div class=\"wpb_text_column wpb_content_element\" >\n\t\t<div class=\"wpb_wrapper\">\n\t\t\t<p style=\"text-align: center;\"><strong>MAPA Y DIRECCIONES<\/strong><\/p>\n\n\t\t<\/div>\n\t<\/div>\n\n\t<div class=\"wpb_text_column wpb_content_element\" >\n\t\t<div class=\"wpb_wrapper\">\n\t\t\t<p><iframe loading=\"lazy\" style=\"border: 0;\" src=\"https:\/\/www.google.com\/maps\/embed?pb=!1m18!1m12!1m3!1d736.7544240983406!2d-71.07112713037694!3d42.38476949819943!2m3!1f0!2f0!3f0!3m2!1i1024!2i768!4f13.1!3m3!1m2!1s0x89e370f1c81cc479%3A0x9b59e096156da40d!2sDhar%20Law%2C%20LLP!5e0!3m2!1sen!2sus!4v1757449116508!5m2!1sen!2sus\" width=\"400\" height=\"300\" allowfullscreen=\"allowfullscreen\"><\/iframe><\/p>\n\n\t\t<\/div>\n\t<\/div>\n<\/div><\/div><\/div><div class=\"wpb_column vc_column_container vc_col-sm-1\"><div class=\"vc_column-inner\"><div class=\"wpb_wrapper\"><\/div><\/div><\/div><div class=\"wpb_column vc_column_container vc_col-sm-7\"><div class=\"vc_column-inner\"><div class=\"wpb_wrapper\">\n\t<div class=\"wpb_text_column wpb_content_element\" >\n\t\t<div class=\"wpb_wrapper\">\n\t\t\t<h2 style=\"text-align: left;\"><span style=\"color: #0000ff;\">Vikas Dhar, Esq.<\/span><\/h2>\n<hr \/>\n<p>Vikas es ampliamente reconocido como un l\u00edder en la comunidad legal de Nueva Inglaterra. Se especializa en la defensa penal de cuello blanco, en asuntos de extradici\u00f3n internacional y en defensa penal estatal. Ha sido galardonado con el premio \u201cExcelencia en el Derecho\u201d por Massachusetts Lawyers Weekly y ha sido reconocido por Boston Magazine anualmente durante los \u00faltimos 15 a\u00f1os como un \u201cSuper Lawyer\u201d en defensa penal de cuello blanco.<\/p>\n<p>Ha sido invitado en dos ocasiones por el poder judicial federal a formar parte de Paneles de Selecci\u00f3n por M\u00e9rito para nombrar nuevos jueces federales magistrados en Boston, cumpli\u00f3 un mandato de 5 a\u00f1os como Oficial de Audiencias de la Junta de Supervisores de Abogados y es miembro del panel de Senior Partners for Justice. Vikas es miembro de la Litigation Counsel of America y el trabajo pro bono y las contribuciones comunitarias de su firma han sido destacados por Forbes Magazine y Harvard Business Review.<\/p>\n<p>Considerado poderoso en la sala del tribunal e imperturbable en la mesa de negociaci\u00f3n, los clientes elogian su car\u00e1cter sereno, su amabilidad y sus inagotables reservas de energ\u00eda.<\/p>\n\n\t\t<\/div>\n\t<\/div>\n\n\t<div class=\"wpb_text_column wpb_content_element\" >\n\t\t<div class=\"wpb_wrapper\">\n\t\t\t<h3>Areas de Pr\u00e1ctica<\/h3>\n<hr \/>\n<p>Defensa Penal<\/p>\n\n\t\t<\/div>\n\t<\/div>\n\n\t<div class=\"wpb_text_column wpb_content_element\" >\n\t\t<div class=\"wpb_wrapper\">\n\t\t\t<h3>Educaci\u00f3n<\/h3>\n<hr \/>\n<p>J.D., Honors: John S. Rendleman Award, Southern Illinois University School of Law, Carbondale, IL<br \/>\nA.B., Washington University, St. Louis, MO<\/p>\n\n\t\t<\/div>\n\t<\/div>\n\n\t<div class=\"wpb_text_column wpb_content_element\" >\n\t\t<div class=\"wpb_wrapper\">\n\t\t\t<h3>Admisi\u00f3n a la Pr\u00e1ctica<\/h3>\n<hr \/>\n<p>Tribunales Estatales de Massachusetts<br \/>\nTribunales Federales de los Estados Unidos<\/p>\n\n\t\t<\/div>\n\t<\/div>\n\n\t<div class=\"wpb_text_column wpb_content_element\" >\n\t\t<div class=\"wpb_wrapper\">\n\t\t\t<h3>Idiomas<\/h3>\n<hr \/>\n<p>Fluent in English, Spanish and <span data-olk-copy-source=\"MessageBody\">Portuguese<\/span><\/p>\n\n\t\t<\/div>\n\t<\/div>\n<\/div><\/div><\/div><\/div>\n<\/div>","protected":false},"excerpt":{"rendered":"Vikas Dhar, Esq. Dhar Law, LLP 529 Main Street, Suite P200 Charlestown, MA 02129 Visit Website Send Email (617) 880-6155","protected":false},"author":1,"featured_media":0,"parent":8600,"menu_order":0,"comment_status":"closed","ping_status":"closed","template":"","meta":{"footnotes":""},"class_list":["post-11425","page","type-page","status-publish","hentry"],"_links":{"self":[{"href":"https:\/\/colbar.org\/es\/wp-json\/wp\/v2\/pages\/11425","targetHints":{"allow":["GET"]}}],"collection":[{"href":"https:\/\/colbar.org\/es\/wp-json\/wp\/v2\/pages"}],"about":[{"href":"https:\/\/colbar.org\/es\/wp-json\/wp\/v2\/types\/page"}],"author":[{"embeddable":true,"href":"https:\/\/colbar.org\/es\/wp-json\/wp\/v2\/users\/1"}],"replies":[{"embeddable":true,"href":"https:\/\/colbar.org\/es\/wp-json\/wp\/v2\/comments?post=11425"}],"version-history":[{"count":0,"href":"https:\/\/colbar.org\/es\/wp-json\/wp\/v2\/pages\/11425\/revisions"}],"up":[{"embeddable":true,"href":"https:\/\/colbar.org\/es\/wp-json\/wp\/v2\/pages\/8600"}],"wp:attachment":[{"href":"https:\/\/colbar.org\/es\/wp-json\/wp\/v2\/media?parent=11425"}],"curies":[{"name":"wp","href":"https:\/\/api.w.org\/{rel}","templated":true}]}}