{"id":11456,"date":"2025-11-12T16:17:13","date_gmt":"2025-11-12T21:17:13","guid":{"rendered":"https:\/\/colbar.org\/?page_id=11456"},"modified":"2025-11-12T16:21:10","modified_gmt":"2025-11-12T21:21:10","slug":"tomas-carmona","status":"publish","type":"page","link":"https:\/\/colbar.org\/es\/student-members\/tomas-carmona\/","title":{"rendered":"Tomas Carmona"},"content":{"rendered":"<div class=\"wpb-content-wrapper\"><div class=\"vc_row wpb_row vc_row-fluid\"><div class=\"wpb_column vc_column_container vc_col-sm-4\"><div class=\"vc_column-inner vc_custom_1618350251727\"><div class=\"wpb_wrapper\">\n\t<div  class=\"wpb_single_image wpb_content_element vc_align_center\">\n\t\t\n\t\t<figure class=\"wpb_wrapper vc_figure\">\n\t\t\t<div class=\"vc_single_image-wrapper   vc_box_border_grey\"><img loading=\"lazy\" decoding=\"async\" width=\"252\" height=\"300\" src=\"https:\/\/colbar.org\/wp-content\/uploads\/Tomas-Carmona.jpg\" class=\"vc_single_image-img attachment-full\" alt=\"Tomas Carmona\" title=\"Tomas Carmona\" srcset=\"https:\/\/colbar.org\/wp-content\/uploads\/Tomas-Carmona.jpg 252w, https:\/\/colbar.org\/wp-content\/uploads\/Tomas-Carmona-10x12.jpg 10w\" sizes=\"auto, (max-width: 252px) 100vw, 252px\" \/><\/div>\n\t\t<\/figure>\n\t<\/div>\n\n\t<div class=\"wpb_text_column wpb_content_element\" >\n\t\t<div class=\"wpb_wrapper\">\n\t\t\t<h6 style=\"text-align: center;\"><strong>Tomas Carmona<\/strong><\/h6>\n\n\t\t<\/div>\n\t<\/div>\n\n\t<div class=\"wpb_text_column wpb_content_element\" >\n\t\t<div class=\"wpb_wrapper\">\n\t\t\t<p style=\"text-align: center;\"><strong>University of Miami School of Law<\/strong><\/p>\n\n\t\t<\/div>\n\t<\/div>\n<div class=\"vc_btn3-container vc_btn3-center vc_do_btn\" ><a class=\"vc_general vc_btn3 vc_btn3-size-sm vc_btn3-shape-rounded vc_btn3-style-modern vc_btn3-block vc_btn3-icon-left vc_btn3-color-success\" href=\"mailto:tomasxcarmona@law.miami.edu\" title=\"\"><i class=\"vc_btn3-icon\"><\/i> Email<\/a><\/div><div class=\"vc_btn3-container vc_btn3-center vc_do_btn\" ><a class=\"vc_general vc_btn3 vc_btn3-size-sm vc_btn3-shape-rounded vc_btn3-style-modern vc_btn3-block vc_btn3-icon-left vc_btn3-color-mulled-wine\" href=\"tel:+19042387469\" title=\"\"><i class=\"vc_btn3-icon\"><\/i> (904) 238-7469<\/a><\/div>\n\t<div class=\"wpb_text_column wpb_content_element\" >\n\t\t<div class=\"wpb_wrapper\">\n\t\t\t<p><a href=\"https:\/\/www.linkedin.com\/in\/tomasxcarmona\/\" target=\"_blank\" rel=\"noopener\"><img loading=\"lazy\" decoding=\"async\" class=\"alignnone size-full wp-image-10300\" src=\"https:\/\/colbar.org\/wp-content\/uploads\/linkedin-icon-2.png\" alt=\"linkedin-icon\" width=\"50\" height=\"50\" srcset=\"https:\/\/colbar.org\/wp-content\/uploads\/linkedin-icon-2.png 50w, https:\/\/colbar.org\/wp-content\/uploads\/linkedin-icon-2-12x12.png 12w\" sizes=\"auto, (max-width: 50px) 100vw, 50px\" \/><\/a><\/p>\n\n\t\t<\/div>\n\t<\/div>\n\n\t<div class=\"wpb_text_column wpb_content_element\" >\n\t\t<div class=\"wpb_wrapper\">\n\t\t\t<p style=\"text-align: center;\"><strong>MAPA Y DIRECCIONES<\/strong><\/p>\n\n\t\t<\/div>\n\t<\/div>\n\n\t<div class=\"wpb_text_column wpb_content_element\" >\n\t\t<div class=\"wpb_wrapper\">\n\t\t\t<p><iframe loading=\"lazy\" style=\"border: 0;\" src=\"https:\/\/www.google.com\/maps\/embed?pb=!1m18!1m12!1m3!1d3594.510630621478!2d-80.28046479999999!3d25.720622!2m3!1f0!2f0!3f0!3m2!1i1024!2i768!4f13.1!3m3!1m2!1s0x88d9b8019fff9153%3A0xa125edf8db58da23!2sUniversity%20of%20Miami%20School%20of%20Law!5e0!3m2!1sen!2sus!4v1762982025127!5m2!1sen!2sus\" width=\"400\" height=\"300\" allowfullscreen=\"allowfullscreen\"><\/iframe><\/p>\n\n\t\t<\/div>\n\t<\/div>\n<\/div><\/div><\/div><div class=\"wpb_column vc_column_container vc_col-sm-1\"><div class=\"vc_column-inner\"><div class=\"wpb_wrapper\"><\/div><\/div><\/div><div class=\"wpb_column vc_column_container vc_col-sm-7\"><div class=\"vc_column-inner\"><div class=\"wpb_wrapper\">\n\t<div class=\"wpb_text_column wpb_content_element\" >\n\t\t<div class=\"wpb_wrapper\">\n\t\t\t<h2 style=\"text-align: left;\"><span style=\"color: #0000ff;\">Tomas Carmona<\/span><\/h2>\n\n\t\t<\/div>\n\t<\/div>\n<div class=\"vc_separator wpb_content_element vc_separator_align_center vc_sep_width_100 vc_sep_pos_align_left vc_separator_no_text vc_sep_color_black\" ><span class=\"vc_sep_holder vc_sep_holder_l\"><span class=\"vc_sep_line\"><\/span><\/span><span class=\"vc_sep_holder vc_sep_holder_r\"><span class=\"vc_sep_line\"><\/span><\/span>\n<\/div>\n\t<div class=\"wpb_text_column wpb_content_element\" >\n\t\t<div class=\"wpb_wrapper\">\n\t\t\t<p>Nac\u00ed en Jacksonville, Florida, pero crec\u00ed en Medell\u00edn hasta los cinco a\u00f1os. Viv\u00ed en Jacksonville hasta que fui a la Universidad de la Florida, donde estudie Ciencias Pol\u00edticas, Historia y Negocios Internacionales. Despu\u00e9s de graduarme, regres\u00e9 a Jacksonville, donde trabaj\u00e9 como asistente legal por casi dos a\u00f1os antes de venir a Miami para estudiar leyes.<\/p>\n<p>Mis padres son mi mayor motivaci\u00f3n, ya que sacrificaron toda su vida como m\u00e9dicos en Colombia para darme la oportunidad de crecer y estudiar en los Estados Unidos. Siento que solo es justo que alcance una posici\u00f3n donde pueda devolverles todo lo que me han dado. Ser el primer Americano y el primer estudiante de leyes en familia me a dado una perspectiva \u00fanica de la vida, lo que me ha ayudado a mantenerme enfocado y agradecido por todas las oportunidades y privilegios que he tenido.<\/p>\n<p>No hab\u00eda podido visitar al resto de mi familia en Colombia desde que me vine a los Estados Unidos en 2008, pero afortunadamente pude ir dos veces el a\u00f1o pasado. Regresar a Medell\u00edn no solo me dio la oportunidad de reencontrarme con mi familia, sino que tambi\u00e9n me motiv\u00f3 a\u00fan m\u00e1s a seguir mi camino para convertirme en abogado y poder ayudar a todos los que siguen all\u00e1.<\/p>\n<p>Por ultimo, en mi tiempo libre me encanta ver pel\u00edculas y ir a conciertos. Feid es uno de mis artistas favoritos, sobre todo porque ha contribuido a llevar la cultura Colombiana por todo el mundo. Tambi\u00e9n me gusta el f\u00fatbol y espero alg\u00fan d\u00eda poder viajar a Barcelona y ver un partido en persona.<\/p>\n\n\t\t<\/div>\n\t<\/div>\n\n\t<div class=\"wpb_text_column wpb_content_element\" >\n\t\t<div class=\"wpb_wrapper\">\n\t\t\t<h3>\u00c1reas de Inter\u00e9s<\/h3>\n\n\t\t<\/div>\n\t<\/div>\n<div class=\"vc_separator wpb_content_element vc_separator_align_center vc_sep_width_100 vc_sep_pos_align_left vc_separator_no_text vc_sep_color_black\" ><span class=\"vc_sep_holder vc_sep_holder_l\"><span class=\"vc_sep_line\"><\/span><\/span><span class=\"vc_sep_holder vc_sep_holder_r\"><span class=\"vc_sep_line\"><\/span><\/span>\n<\/div>\n\t<div class=\"wpb_text_column wpb_content_element\" >\n\t\t<div class=\"wpb_wrapper\">\n\t\t\t<p>Derecho Transaccional<br \/>\nLey Internacional<br \/>\nDerecho Deportivo y del Entretenimiento<br \/>\nPropiedad intelectual<\/p>\n\n\t\t<\/div>\n\t<\/div>\n\n\t<div class=\"wpb_text_column wpb_content_element\" >\n\t\t<div class=\"wpb_wrapper\">\n\t\t\t<h3>Educaci\u00f3n<\/h3>\n\n\t\t<\/div>\n\t<\/div>\n<div class=\"vc_separator wpb_content_element vc_separator_align_center vc_sep_width_100 vc_sep_pos_align_left vc_separator_no_text vc_sep_color_black\" ><span class=\"vc_sep_holder vc_sep_holder_l\"><span class=\"vc_sep_line\"><\/span><\/span><span class=\"vc_sep_holder vc_sep_holder_r\"><span class=\"vc_sep_line\"><\/span><\/span>\n<\/div>\n\t<div class=\"wpb_text_column wpb_content_element\" >\n\t\t<div class=\"wpb_wrapper\">\n\t\t\t<p><span data-olk-copy-source=\"MessageBody\">B.A., Political Science &#8211; University of Florida (minor in History, and a certificate in International Relations)<\/span><\/p>\n\n\t\t<\/div>\n\t<\/div>\n\n\t<div class=\"wpb_text_column wpb_content_element\" >\n\t\t<div class=\"wpb_wrapper\">\n\t\t\t<h3>Experiencias Relevantes<\/h3>\n\n\t\t<\/div>\n\t<\/div>\n<div class=\"vc_separator wpb_content_element vc_separator_align_center vc_sep_width_100 vc_sep_pos_align_left vc_separator_no_text vc_sep_color_black\" ><span class=\"vc_sep_holder vc_sep_holder_l\"><span class=\"vc_sep_line\"><\/span><\/span><span class=\"vc_sep_holder vc_sep_holder_r\"><span class=\"vc_sep_line\"><\/span><\/span>\n<\/div>\n\t<div class=\"wpb_text_column wpb_content_element\" >\n\t\t<div class=\"wpb_wrapper\">\n\t\t\t<p><span data-olk-copy-source=\"MessageBody\">Florida Notary Public, Legal Assistant for an attorney that did Estate Planning.<\/span><\/p>\n\n\t\t<\/div>\n\t<\/div>\n\n\t<div class=\"wpb_text_column wpb_content_element\" >\n\t\t<div class=\"wpb_wrapper\">\n\t\t\t<h3>Idiomas<\/h3>\n\n\t\t<\/div>\n\t<\/div>\n<div class=\"vc_separator wpb_content_element vc_separator_align_center vc_sep_width_100 vc_sep_pos_align_left vc_separator_no_text vc_sep_color_black\" ><span class=\"vc_sep_holder vc_sep_holder_l\"><span class=\"vc_sep_line\"><\/span><\/span><span class=\"vc_sep_holder vc_sep_holder_r\"><span class=\"vc_sep_line\"><\/span><\/span>\n<\/div>\n\t<div class=\"wpb_text_column wpb_content_element\" >\n\t\t<div class=\"wpb_wrapper\">\n\t\t\t<p>Fluidez en Ingl\u00e9s y Espa\u00f1ol.<\/p>\n\n\t\t<\/div>\n\t<\/div>\n<\/div><\/div><\/div><\/div>\n<\/div>","protected":false},"excerpt":{"rendered":"Tomas Carmona University of Miami School of Law Send Email (904) 238-7469 MAP &amp; DIRECTIONS Tomas Carmona I was born","protected":false},"author":1,"featured_media":0,"parent":7556,"menu_order":0,"comment_status":"closed","ping_status":"closed","template":"","meta":{"footnotes":""},"class_list":["post-11456","page","type-page","status-publish","hentry"],"_links":{"self":[{"href":"https:\/\/colbar.org\/es\/wp-json\/wp\/v2\/pages\/11456","targetHints":{"allow":["GET"]}}],"collection":[{"href":"https:\/\/colbar.org\/es\/wp-json\/wp\/v2\/pages"}],"about":[{"href":"https:\/\/colbar.org\/es\/wp-json\/wp\/v2\/types\/page"}],"author":[{"embeddable":true,"href":"https:\/\/colbar.org\/es\/wp-json\/wp\/v2\/users\/1"}],"replies":[{"embeddable":true,"href":"https:\/\/colbar.org\/es\/wp-json\/wp\/v2\/comments?post=11456"}],"version-history":[{"count":0,"href":"https:\/\/colbar.org\/es\/wp-json\/wp\/v2\/pages\/11456\/revisions"}],"up":[{"embeddable":true,"href":"https:\/\/colbar.org\/es\/wp-json\/wp\/v2\/pages\/7556"}],"wp:attachment":[{"href":"https:\/\/colbar.org\/es\/wp-json\/wp\/v2\/media?parent=11456"}],"curies":[{"name":"wp","href":"https:\/\/api.w.org\/{rel}","templated":true}]}}