{"id":11483,"date":"2026-01-15T15:58:00","date_gmt":"2026-01-15T20:58:00","guid":{"rendered":"https:\/\/colbar.org\/?page_id=11483"},"modified":"2026-03-20T16:39:21","modified_gmt":"2026-03-20T20:39:21","slug":"valentina-rios","status":"publish","type":"page","link":"https:\/\/colbar.org\/es\/attorneys\/valentina-rios\/","title":{"rendered":"Valentina Rios"},"content":{"rendered":"<div class=\"wpb-content-wrapper\"><div class=\"vc_row wpb_row vc_row-fluid\"><div class=\"wpb_column vc_column_container vc_col-sm-4\"><div class=\"vc_column-inner vc_custom_1618350251727\"><div class=\"wpb_wrapper\">\n\t<div  class=\"wpb_single_image wpb_content_element vc_align_center\">\n\t\t\n\t\t<figure class=\"wpb_wrapper vc_figure\">\n\t\t\t<div class=\"vc_single_image-wrapper   vc_box_border_grey\"><img loading=\"lazy\" decoding=\"async\" width=\"252\" height=\"300\" src=\"https:\/\/colbar.org\/wp-content\/uploads\/Valentina-Rios.jpg\" class=\"vc_single_image-img attachment-full\" alt=\"Valentina Rios\" title=\"Valentina Rios\" srcset=\"https:\/\/colbar.org\/wp-content\/uploads\/Valentina-Rios.jpg 252w, https:\/\/colbar.org\/wp-content\/uploads\/Valentina-Rios-10x12.jpg 10w\" sizes=\"auto, (max-width: 252px) 100vw, 252px\" \/><\/div>\n\t\t<\/figure>\n\t<\/div>\n\n\t<div class=\"wpb_text_column wpb_content_element\" >\n\t\t<div class=\"wpb_wrapper\">\n\t\t\t<h6 style=\"text-align: center;\"><strong>Valentina Rios, Esq.<\/strong><\/h6>\n\n\t\t<\/div>\n\t<\/div>\n\n\t<div class=\"wpb_text_column wpb_content_element\" >\n\t\t<div class=\"wpb_wrapper\">\n\t\t\t<p style=\"text-align: center;\"><strong>Bryson Harris Suciu Demay<\/strong><br \/>\n201 Sevilla Ave. 2nd Floor<br \/>\nCoral Gables, Florida 33134<\/p>\n\n\t\t<\/div>\n\t<\/div>\n<div class=\"vc_btn3-container vc_btn3-center vc_do_btn\" ><a class=\"vc_general vc_btn3 vc_btn3-size-sm vc_btn3-shape-rounded vc_btn3-style-modern vc_btn3-block vc_btn3-icon-left vc_btn3-color-success\" href=\"mailto:vbarboza@brysonpllc.com\" title=\"\" target=\"_blank\"><i class=\"vc_btn3-icon\"><\/i> Email<\/a><\/div>\n\t<div class=\"wpb_text_column wpb_content_element\" >\n\t\t<div class=\"wpb_wrapper\">\n\t\t\t<p><a href=\"https:\/\/www.linkedin.com\/in\/valentina-rios-3606b61ab\/\" target=\"_blank\" rel=\"noopener\"><img loading=\"lazy\" decoding=\"async\" class=\"alignnone size-full wp-image-10300\" src=\"https:\/\/colbar.org\/wp-content\/uploads\/linkedin-icon-2.png\" alt=\"linkedin-icon\" width=\"50\" height=\"50\" srcset=\"https:\/\/colbar.org\/wp-content\/uploads\/linkedin-icon-2.png 50w, https:\/\/colbar.org\/wp-content\/uploads\/linkedin-icon-2-12x12.png 12w\" sizes=\"auto, (max-width: 50px) 100vw, 50px\" \/><\/a><\/p>\n\n\t\t<\/div>\n\t<\/div>\n\n\t<div class=\"wpb_text_column wpb_content_element\" >\n\t\t<div class=\"wpb_wrapper\">\n\t\t\t<p style=\"text-align: center;\"><strong>MAPA Y DIRECCIONES<\/strong><\/p>\n\n\t\t<\/div>\n\t<\/div>\n\n\t<div class=\"wpb_text_column wpb_content_element\" >\n\t\t<div class=\"wpb_wrapper\">\n\t\t\t<p><iframe loading=\"lazy\" style=\"border: 0;\" src=\"https:\/\/www.google.com\/maps\/embed?pb=!1m18!1m12!1m3!1d3593.3021707120047!2d-80.39062638497909!3d25.76058098363735!2m3!1f0!2f0!3f0!3m2!1i1024!2i768!4f13.1!3m3!1m2!1s0x88d9bf187829e63f%3A0x1c996dc11802ac06!2s11890%20SW%208th%20St%20%23406%2C%20Miami%2C%20FL%2033184!5e0!3m2!1sen!2sus!4v1618351597558!5m2!1sen!2sus\" width=\"400\" height=\"300\" allowfullscreen=\"allowfullscreen\"><\/iframe><\/p>\n\n\t\t<\/div>\n\t<\/div>\n<\/div><\/div><\/div><div class=\"wpb_column vc_column_container vc_col-sm-1\"><div class=\"vc_column-inner\"><div class=\"wpb_wrapper\"><\/div><\/div><\/div><div class=\"wpb_column vc_column_container vc_col-sm-7\"><div class=\"vc_column-inner\"><div class=\"wpb_wrapper\">\n\t<div class=\"wpb_text_column wpb_content_element\" >\n\t\t<div class=\"wpb_wrapper\">\n\t\t\t<h2 style=\"text-align: left;\"><span style=\"color: #0000ff;\">Valentina Rios, Esq.<\/span><\/h2>\n<hr \/>\n<p>Valentina es abogada graduada de la Facultad de Derecho de la Universidad Internacional de Florida (FIU) y actualmente se desempe\u00f1a como abogada asociada en Bryson Harris Suciu Demay PLLC, firma en la que previamente complet\u00f3 su programa como summer associate. Su pr\u00e1ctica profesional se centra en litigios de acciones colectivas, con especial \u00e9nfasis en asuntos de privacidad de datos y protecci\u00f3n al consumidor, arbitraje masivo y litigios comerciales complejos.<\/p>\n<p>Valentina mantiene un v\u00ednculo cercano con Colombia, pa\u00eds que visita con frecuencia y que sigue siendo parte fundamental de su identidad personal y profesional. Uno de sus objetivos en su carrera es demostrar, a trav\u00e9s de su trabajo, el talento y la solidez de los abogados colomboamericanos, as\u00ed como contribuir al fortalecimiento de la presencia legal colombiana en Miami mediante la construcci\u00f3n de relaciones profesionales y la colaboraci\u00f3n jur\u00eddica entre ambos pa\u00edses.<\/p>\n<p>Valentina remains deeply connected to Colombia. One of her professional goals is to reflect, through her work, the skill and professionalism of Colombian-American attorneys and to contribute to a stronger Colombian legal presence in Miami by fostering meaningful professional relationships and cross-border collaboration.<\/p>\n\n\t\t<\/div>\n\t<\/div>\n\n\t<div class=\"wpb_text_column wpb_content_element\" >\n\t\t<div class=\"wpb_wrapper\">\n\t\t\t<h3>Areas de Pr\u00e1ctica<\/h3>\n<hr \/>\n<p>Demandas Colectivas<br \/>\nMass Arbitration<br \/>\nProteccion de Datos<br \/>\nProtecci\u00f3n al Consumidor<br \/>\nLitigios Comerciales<\/p>\n\n\t\t<\/div>\n\t<\/div>\n\n\t<div class=\"wpb_text_column wpb_content_element\" >\n\t\t<div class=\"wpb_wrapper\">\n\t\t\t<h3>Educaci\u00f3n<\/h3>\n<hr \/>\n<p>Florida International University College of Law, Miami, FL<br \/>\nJuris Doctor, May 2025<\/p>\n<p>University of North Florida, Jacksonville, FL<br \/>\nBachelor of Arts, Economics, December 2020<\/p>\n\n\t\t<\/div>\n\t<\/div>\n\n\t<div class=\"wpb_text_column wpb_content_element\" >\n\t\t<div class=\"wpb_wrapper\">\n\t\t\t<h3>Admisi\u00f3n a la Pr\u00e1ctica<\/h3>\n<hr \/>\n<p>Todos los tribunales estatales de Florida<\/p>\n\n\t\t<\/div>\n\t<\/div>\n\n\t<div class=\"wpb_text_column wpb_content_element\" >\n\t\t<div class=\"wpb_wrapper\">\n\t\t\t<h3>Idiomas<\/h3>\n<hr \/>\n<p>Fluidez en Ingl\u00e9s y Espa\u00f1ol.<\/p>\n\n\t\t<\/div>\n\t<\/div>\n<\/div><\/div><\/div><\/div>\n<\/div>","protected":false},"excerpt":{"rendered":"Valentina Rios, Esq. Bryson Harris Suciu Demay 201 Sevilla Ave. 2nd Floor Coral Gables, Florida 33134 Send Email MAP &amp;","protected":false},"author":1,"featured_media":0,"parent":8600,"menu_order":0,"comment_status":"closed","ping_status":"closed","template":"","meta":{"footnotes":""},"class_list":["post-11483","page","type-page","status-publish","hentry"],"_links":{"self":[{"href":"https:\/\/colbar.org\/es\/wp-json\/wp\/v2\/pages\/11483","targetHints":{"allow":["GET"]}}],"collection":[{"href":"https:\/\/colbar.org\/es\/wp-json\/wp\/v2\/pages"}],"about":[{"href":"https:\/\/colbar.org\/es\/wp-json\/wp\/v2\/types\/page"}],"author":[{"embeddable":true,"href":"https:\/\/colbar.org\/es\/wp-json\/wp\/v2\/users\/1"}],"replies":[{"embeddable":true,"href":"https:\/\/colbar.org\/es\/wp-json\/wp\/v2\/comments?post=11483"}],"version-history":[{"count":0,"href":"https:\/\/colbar.org\/es\/wp-json\/wp\/v2\/pages\/11483\/revisions"}],"up":[{"embeddable":true,"href":"https:\/\/colbar.org\/es\/wp-json\/wp\/v2\/pages\/8600"}],"wp:attachment":[{"href":"https:\/\/colbar.org\/es\/wp-json\/wp\/v2\/media?parent=11483"}],"curies":[{"name":"wp","href":"https:\/\/api.w.org\/{rel}","templated":true}]}}