{"id":6168,"date":"2019-11-21T12:03:42","date_gmt":"2019-11-21T12:03:42","guid":{"rendered":"http:\/\/consulting.stylemixthemes.com\/demo\/?page_id=6168"},"modified":"2024-06-30T01:08:29","modified_gmt":"2024-06-30T05:08:29","slug":"faq","status":"publish","type":"page","link":"https:\/\/colbar.org\/es\/faq\/","title":{"rendered":"PMF"},"content":{"rendered":"<div class=\"wpb-content-wrapper\"><div class=\"vc_row wpb_row vc_row-fluid\"><div class=\"wpb_column vc_column_container vc_col-sm-12\"><div class=\"vc_column-inner\"><div class=\"wpb_wrapper\"><div class=\"vc_empty_space\"   style=\"height: 30px\"><span class=\"vc_empty_space_inner\"><\/span><\/div>\n\t<div class=\"wpb_text_column wpb_content_element\" >\n\t\t<div class=\"wpb_wrapper\">\n\t\t\t<p><strong>\u00bfQu\u00e9 es COLBAR? <\/strong><br \/>\nIncorporada en 1995, la Asociaci\u00f3n de Abogados Colombiano Americano (COLBAR) es una corporaci\u00f3n sin fines de lucro de Florida dedicada a promover los intereses c\u00edvicos y profesionales de los abogados colombianos estadounidenses y sus colegas. Como una organizaci\u00f3n de abogados voluntarios, tambi\u00e9n existe para abordar los intereses y necesidades legales de la comunidad colombiana en el sur de la Florida y en general.<\/p>\n\n\t\t<\/div>\n\t<\/div>\n<div class=\"vc_empty_space\"   style=\"height: 30px\"><span class=\"vc_empty_space_inner\"><\/span><\/div><\/div><\/div><\/div><\/div><div class=\"vc_row wpb_row vc_row-fluid\"><div class=\"wpb_column vc_column_container vc_col-sm-12\"><div class=\"vc_column-inner\"><div class=\"wpb_wrapper\">\n\t<div class=\"wpb_text_column wpb_content_element\" >\n\t\t<div class=\"wpb_wrapper\">\n\t\t\t<p><strong>\u00bfQui\u00e9n puede unirse? <\/strong><br \/>\nPueden unirse abogados, jueces y estudiantes de derecho en Florida.<\/p>\n\n\t\t<\/div>\n\t<\/div>\n<div class=\"vc_empty_space\"   style=\"height: 30px\"><span class=\"vc_empty_space_inner\"><\/span><\/div><\/div><\/div><\/div><\/div><div class=\"vc_row wpb_row vc_row-fluid\"><div class=\"wpb_column vc_column_container vc_col-sm-12\"><div class=\"vc_column-inner\"><div class=\"wpb_wrapper\">\n\t<div class=\"wpb_text_column wpb_content_element\" >\n\t\t<div class=\"wpb_wrapper\">\n\t\t\t<p><strong>\u00bfQu\u00e9 cuesta unirse?<\/strong><br \/>\nLas cuotas de membres\u00eda son de $ 125, pagaderas anualmente. Incluidos en las cuotas de afiliaci\u00f3n est\u00e1n<\/p>\n<ul>\n<li>Un perfil en l\u00ednea disponible p\u00fablicamente<\/li>\n<li>Almuerzos reducidos o sin costo<\/li>\n<li>Cr\u00e9ditos CLE reducidos o sin costo<\/li>\n<li>Membres\u00eda en la red de referencia profesional COLBAR<\/li>\n<\/ul>\n\n\t\t<\/div>\n\t<\/div>\n<div class=\"vc_empty_space\"   style=\"height: 30px\"><span class=\"vc_empty_space_inner\"><\/span><\/div><\/div><\/div><\/div><\/div><div class=\"vc_row wpb_row vc_row-fluid\"><div class=\"wpb_column vc_column_container vc_col-sm-12\"><div class=\"vc_column-inner\"><div class=\"wpb_wrapper\">\n\t<div class=\"wpb_text_column wpb_content_element\" >\n\t\t<div class=\"wpb_wrapper\">\n\t\t\t<p><strong>\u00bfQu\u00e9 puede hacer COLBAR por m\u00ed?<\/strong><br \/>\nCOLBAR es una barra voluntaria de larga data que brinda a sus miembros la oportunidad de:<\/p>\n<ul>\n<li>Red de conexi\u00f3n con colegas<\/li>\n<li>Crear sinergias para el desarrollo de clientes y para problemas complicados de clientes<\/li>\n<li>Proporciona una plataforma informativa en l\u00ednea para sus miembros,<\/li>\n<li>Oportunidad de obtener y proporcionar referencias,<\/li>\n<li>Proporciona un gran lugar para reuniones en los almuerzos de COLBAR y un picnic anual.<\/li>\n<li>Oportunidades para atender las necesidades de la comunidad colombo-estadounidense del sur de la Florida<\/li>\n<\/ul>\n\n\t\t<\/div>\n\t<\/div>\n<div class=\"vc_empty_space\"   style=\"height: 30px\"><span class=\"vc_empty_space_inner\"><\/span><\/div><\/div><\/div><\/div><\/div><div class=\"vc_row wpb_row vc_row-fluid\"><div class=\"wpb_column vc_column_container vc_col-sm-12\"><div class=\"vc_column-inner\"><div class=\"wpb_wrapper\">\n\t<div class=\"wpb_text_column wpb_content_element\" >\n\t\t<div class=\"wpb_wrapper\">\n\t\t\t<p><strong>\u00bfQu\u00e9 puedo hacer yo por COLBAR?<\/strong><\/p>\n<ul>\n<li>Compartir experiencia de manera informal o a trav\u00e9s de CLE<\/li>\n<li>Informar a los miembros sobre logros profesionales espec\u00edficos.<\/li>\n<li>Informar a los miembros sobre eventos importantes para la comunidad colombo-estadounidense<\/li>\n<li>Presentar colegas a otros profesionales (financieros o contables o inmobiliarios, por ejemplo)<\/li>\n<li>Alentar a los colegas con inter\u00e9s en unirse.<\/li>\n<\/ul>\n\n\t\t<\/div>\n\t<\/div>\n<div class=\"vc_empty_space\"   style=\"height: 30px\"><span class=\"vc_empty_space_inner\"><\/span><\/div><\/div><\/div><\/div><\/div><div class=\"vc_row wpb_row vc_row-fluid\"><div class=\"wpb_column vc_column_container vc_col-sm-12\"><div class=\"vc_column-inner\"><div class=\"wpb_wrapper\">\n\t<div class=\"wpb_text_column wpb_content_element\" >\n\t\t<div class=\"wpb_wrapper\">\n\t\t\t<p><strong>\u00bfCon qu\u00e9 frecuencia se re\u00fane COLBAR?<\/strong><br \/>\nUsualmente mensual para almuerzos o happy hours; tambi\u00e9n el picnic anual y otros eventos especiales.<\/p>\n\n\t\t<\/div>\n\t<\/div>\n<div class=\"vc_empty_space\"   style=\"height: 30px\"><span class=\"vc_empty_space_inner\"><\/span><\/div><\/div><\/div><\/div><\/div><div class=\"vc_row wpb_row vc_row-fluid\"><div class=\"wpb_column vc_column_container vc_col-sm-12\"><div class=\"vc_column-inner\"><div class=\"wpb_wrapper\">\n\t<div class=\"wpb_text_column wpb_content_element\" >\n\t\t<div class=\"wpb_wrapper\">\n\t\t\t<p><strong>\u00bfCu\u00e1l es el papel de COLBAR en la comunidad legal del Sur de la Florida? <\/strong><br \/>\nCOLBAR es una asociaci\u00f3n de abogados voluntaria dedicada a ayudar a la comunidad colombo estadounidense del sur de la Florida. Tambi\u00e9n cuenta con miembros que son abogados con licencia en Colombia y pueden ayudar con asuntos transnacionales.<\/p>\n\n\t\t<\/div>\n\t<\/div>\n<div class=\"vc_empty_space\"   style=\"height: 30px\"><span class=\"vc_empty_space_inner\"><\/span><\/div><\/div><\/div><\/div><\/div><div class=\"vc_row wpb_row vc_row-fluid\"><div class=\"wpb_column vc_column_container vc_col-sm-12\"><div class=\"vc_column-inner\"><div class=\"wpb_wrapper\">\n\t<div class=\"wpb_text_column wpb_content_element\" >\n\t\t<div class=\"wpb_wrapper\">\n\t\t\t<p><strong>\u00bfCOLBAR toma posiciones pol\u00edticas sobre la actualidad?<\/strong><br \/>\nCOLBAR es una organizaci\u00f3n sin fines de lucro y apartidista que no toma posiciones pol\u00edticas sobre asuntos de actualidad ni participa en ninguna actividad pol\u00edtica de ninguna manera.<\/p>\n\n\t\t<\/div>\n\t<\/div>\n<div class=\"vc_empty_space\"   style=\"height: 30px\"><span class=\"vc_empty_space_inner\"><\/span><\/div><\/div><\/div><\/div><\/div><div class=\"vc_row wpb_row vc_row-fluid\"><div class=\"wpb_column vc_column_container vc_col-sm-12\"><div class=\"vc_column-inner\"><div class=\"wpb_wrapper\">\n\t<div class=\"wpb_text_column wpb_content_element\" >\n\t\t<div class=\"wpb_wrapper\">\n\t\t\t<p><strong>\u00bfPueden unirse los estudiantes de derecho? <\/strong><br \/>\nLos estudiantes de derecho pueden unirse a COLBAR.ORG sin costo anual.<\/p>\n\n\t\t<\/div>\n\t<\/div>\n<div class=\"vc_empty_space\"   style=\"height: 30px\"><span class=\"vc_empty_space_inner\"><\/span><\/div><\/div><\/div><\/div><\/div><div class=\"vc_row wpb_row vc_row-fluid\"><div class=\"wpb_column vc_column_container vc_col-sm-12\"><div class=\"vc_column-inner\"><div class=\"wpb_wrapper\">\n\t<div class=\"wpb_text_column wpb_content_element\" >\n\t\t<div class=\"wpb_wrapper\">\n\t\t\t<p><strong>\u00bfPuede COLBAR ayudarme con mi problema legal? <\/strong><br \/>\nSi bien COLBAR como servicio p\u00fablico brinda informaci\u00f3n sobre sus miembros, no brinda, directa o indirectamente, asesor\u00eda legal o servicios legales. COLBAR no es un servicio de referencia. Sus miembros tienen diferentes \u00e1reas de especializaci\u00f3n y cualquier persona que tenga un problema legal puede comunicarse directamente con el miembro de COLBAR que figura en la lista.<\/p>\n\n\t\t<\/div>\n\t<\/div>\n<div class=\"vc_empty_space\"   style=\"height: 30px\"><span class=\"vc_empty_space_inner\"><\/span><\/div><\/div><\/div><\/div><\/div>\n<\/div>","protected":false},"excerpt":{"rendered":"What is COLBAR? Incorporated in 1995, the Colombian American Bar Association (COLBAR) is a Florida non-profit corporation dedicated to furthering","protected":false},"author":1,"featured_media":0,"parent":0,"menu_order":0,"comment_status":"closed","ping_status":"closed","template":"","meta":{"footnotes":""},"class_list":["post-6168","page","type-page","status-publish","hentry"],"_links":{"self":[{"href":"https:\/\/colbar.org\/es\/wp-json\/wp\/v2\/pages\/6168","targetHints":{"allow":["GET"]}}],"collection":[{"href":"https:\/\/colbar.org\/es\/wp-json\/wp\/v2\/pages"}],"about":[{"href":"https:\/\/colbar.org\/es\/wp-json\/wp\/v2\/types\/page"}],"author":[{"embeddable":true,"href":"https:\/\/colbar.org\/es\/wp-json\/wp\/v2\/users\/1"}],"replies":[{"embeddable":true,"href":"https:\/\/colbar.org\/es\/wp-json\/wp\/v2\/comments?post=6168"}],"version-history":[{"count":0,"href":"https:\/\/colbar.org\/es\/wp-json\/wp\/v2\/pages\/6168\/revisions"}],"wp:attachment":[{"href":"https:\/\/colbar.org\/es\/wp-json\/wp\/v2\/media?parent=6168"}],"curies":[{"name":"wp","href":"https:\/\/api.w.org\/{rel}","templated":true}]}}