{"id":7613,"date":"2021-04-13T17:18:17","date_gmt":"2021-04-13T21:18:17","guid":{"rendered":"https:\/\/colbar.org\/?page_id=7613"},"modified":"2026-03-19T10:25:13","modified_gmt":"2026-03-19T14:25:13","slug":"adriana-p-santiesteban","status":"publish","type":"page","link":"https:\/\/colbar.org\/es\/attorneys\/adriana-p-santiesteban\/","title":{"rendered":"Adriana P. Santiesteban, Esq."},"content":{"rendered":"<div class=\"wpb-content-wrapper\"><div class=\"vc_row wpb_row vc_row-fluid\"><div class=\"wpb_column vc_column_container vc_col-sm-4\"><div class=\"vc_column-inner vc_custom_1618350251727\"><div class=\"wpb_wrapper\">\n\t<div  class=\"wpb_single_image wpb_content_element vc_align_center\">\n\t\t\n\t\t<figure class=\"wpb_wrapper vc_figure\">\n\t\t\t<div class=\"vc_single_image-wrapper   vc_box_border_grey\"><img loading=\"lazy\" decoding=\"async\" width=\"253\" height=\"300\" src=\"https:\/\/colbar.org\/wp-content\/uploads\/Adriana-Santiesteban.jpg\" class=\"vc_single_image-img attachment-full\" alt=\"Adriana Santiesteban\" title=\"Adriana Santiesteban\" \/><\/div>\n\t\t<\/figure>\n\t<\/div>\n\n\t<div class=\"wpb_text_column wpb_content_element\" >\n\t\t<div class=\"wpb_wrapper\">\n\t\t\t<h6 style=\"text-align: center;\"><strong>Adriana P. Santiesteban, Esq.<\/strong><\/h6>\n\n\t\t<\/div>\n\t<\/div>\n\n\t<div class=\"wpb_text_column wpb_content_element\" >\n\t\t<div class=\"wpb_wrapper\">\n\t\t\t<p style=\"text-align: center;\"><strong>Adriana P. Santiesteban, P.A.<\/strong><br \/>\n11890 SW 8th Street<br \/>\nSuite 406<br \/>\nMiami, FL 33184<\/p>\n\n\t\t<\/div>\n\t<\/div>\n<div class=\"vc_btn3-container vc_btn3-center vc_do_btn\" ><a class=\"vc_general vc_btn3 vc_btn3-size-sm vc_btn3-shape-rounded vc_btn3-style-modern vc_btn3-block vc_btn3-icon-left vc_btn3-color-sky\" href=\"https:\/\/www.AttorneyAPS.com\" title=\"\" target=\"_blank\"><i class=\"vc_btn3-icon fas fa-globe\"><\/i> Visit Website<\/a><\/div><div class=\"vc_btn3-container vc_btn3-center vc_do_btn\" ><a class=\"vc_general vc_btn3 vc_btn3-size-sm vc_btn3-shape-rounded vc_btn3-style-modern vc_btn3-block vc_btn3-icon-left vc_btn3-color-success\" href=\"mailto:Adriana@AttorneyAPS.com\" title=\"\" target=\"_blank\"><i class=\"vc_btn3-icon far fa-envelope\"><\/i> Email<\/a><\/div><div class=\"vc_btn3-container vc_btn3-center vc_do_btn\" ><a class=\"vc_general vc_btn3 vc_btn3-size-sm vc_btn3-shape-rounded vc_btn3-style-modern vc_btn3-block vc_btn3-icon-left vc_btn3-color-mulled-wine\" href=\"tel:13052024171\" title=\"\" target=\"_blank\"><i class=\"vc_btn3-icon fas fa-phone-square-alt\"><\/i> (305) 202-4171<\/a><\/div>\n\t<div class=\"wpb_text_column wpb_content_element\" >\n\t\t<div class=\"wpb_wrapper\">\n\t\t\t<p><a href=\"https:\/\/www.instagram.com\/adriana_p_santiesteban_pa\/\" target=\"_blank\" rel=\"noopener\"><img loading=\"lazy\" decoding=\"async\" class=\"alignleft wp-image-10298 size-full\" src=\"https:\/\/colbar.org\/wp-content\/uploads\/instagram-icon-1.png\" alt=\"\" width=\"50\" height=\"50\" srcset=\"https:\/\/colbar.org\/wp-content\/uploads\/instagram-icon-1.png 50w, https:\/\/colbar.org\/wp-content\/uploads\/instagram-icon-1-12x12.png 12w\" sizes=\"auto, (max-width: 50px) 100vw, 50px\" \/><\/a><a href=\"https:\/\/twitter.com\/Ms_Adri_Esq\" target=\"_blank\" rel=\"noopener\"><img loading=\"lazy\" decoding=\"async\" class=\"alignleft wp-image-10301 size-full\" src=\"https:\/\/colbar.org\/wp-content\/uploads\/x-icon.png\" alt=\"\" width=\"50\" height=\"50\" srcset=\"https:\/\/colbar.org\/wp-content\/uploads\/x-icon.png 50w, https:\/\/colbar.org\/wp-content\/uploads\/x-icon-12x12.png 12w\" sizes=\"auto, (max-width: 50px) 100vw, 50px\" \/><\/a><a href=\"https:\/\/www.facebook.com\/adriana.santiesteban.esq\" target=\"_blank\" rel=\"noopener\"><img loading=\"lazy\" decoding=\"async\" class=\"alignleft wp-image-10302 size-full\" src=\"https:\/\/colbar.org\/wp-content\/uploads\/facebook-icon-1.png\" alt=\"\" width=\"50\" height=\"50\" srcset=\"https:\/\/colbar.org\/wp-content\/uploads\/facebook-icon-1.png 50w, https:\/\/colbar.org\/wp-content\/uploads\/facebook-icon-1-12x12.png 12w\" sizes=\"auto, (max-width: 50px) 100vw, 50px\" \/><\/a><a href=\"https:\/\/www.linkedin.com\/in\/adriana-p-santiesteban-esq\" target=\"_blank\" rel=\"noopener\"><img loading=\"lazy\" decoding=\"async\" class=\"alignleft wp-image-10300 size-full\" src=\"https:\/\/colbar.org\/wp-content\/uploads\/linkedin-icon-2.png\" alt=\"\" width=\"50\" height=\"50\" srcset=\"https:\/\/colbar.org\/wp-content\/uploads\/linkedin-icon-2.png 50w, https:\/\/colbar.org\/wp-content\/uploads\/linkedin-icon-2-12x12.png 12w\" sizes=\"auto, (max-width: 50px) 100vw, 50px\" \/><\/a><\/p>\n\n\t\t<\/div>\n\t<\/div>\n<div class=\"vc_separator wpb_content_element vc_separator_align_center vc_sep_width_100 vc_sep_pos_align_center vc_separator_no_text vc_sep_color_grey\" ><span class=\"vc_sep_holder vc_sep_holder_l\"><span class=\"vc_sep_line\"><\/span><\/span><span class=\"vc_sep_holder vc_sep_holder_r\"><span class=\"vc_sep_line\"><\/span><\/span>\n<\/div>\n\t<div class=\"wpb_text_column wpb_content_element\" >\n\t\t<div class=\"wpb_wrapper\">\n\t\t\t<p style=\"text-align: center;\"><strong>MAPA Y DIRECCIONES<\/strong><\/p>\n\n\t\t<\/div>\n\t<\/div>\n\n\t<div class=\"wpb_text_column wpb_content_element\" >\n\t\t<div class=\"wpb_wrapper\">\n\t\t\t<p><iframe loading=\"lazy\" style=\"border: 0;\" src=\"https:\/\/www.google.com\/maps\/embed?pb=!1m18!1m12!1m3!1d3593.3021707120047!2d-80.39062638497909!3d25.76058098363735!2m3!1f0!2f0!3f0!3m2!1i1024!2i768!4f13.1!3m3!1m2!1s0x88d9bf187829e63f%3A0x1c996dc11802ac06!2s11890%20SW%208th%20St%20%23406%2C%20Miami%2C%20FL%2033184!5e0!3m2!1sen!2sus!4v1618351597558!5m2!1sen!2sus\" width=\"400\" height=\"300\" allowfullscreen=\"allowfullscreen\"><\/iframe><\/p>\n\n\t\t<\/div>\n\t<\/div>\n<\/div><\/div><\/div><div class=\"wpb_column vc_column_container vc_col-sm-1\"><div class=\"vc_column-inner\"><div class=\"wpb_wrapper\"><\/div><\/div><\/div><div class=\"wpb_column vc_column_container vc_col-sm-7\"><div class=\"vc_column-inner\"><div class=\"wpb_wrapper\">\n\t<div class=\"wpb_text_column wpb_content_element\" >\n\t\t<div class=\"wpb_wrapper\">\n\t\t\t<h2 style=\"text-align: left;\"><span style=\"color: #0000ff;\">Adriana P. Santiesteban, Esq.<\/span><\/h2>\n<hr \/>\n<p><a href=\"https:\/\/attorneyaps.com\/about-us\/attorney-profile\/\" target=\"_blank\" rel=\"noopener\">Adriana P. Santiesteban, Esq<\/a>., is an experienced civil litigation trial and <a href=\"https:\/\/attorneyaps.com\/practice-areas\/miami-personal-injury-lagal-services\/\" target=\"_blank\" rel=\"noopener\">personal injury attorney<\/a> with over twenty years of experience in the legal field. She was born in Urrao, Colombia, S.A., and with the help and sacrifices of her maternal grandmother, her family immigrated to the United States when she was two years old. Ms. Santiesteban was raised in Brooklyn, NY and lived in East Stroudsburg, PA, for a few years before permanently moving to sunny Miami, FL in 1989.<\/p>\n<p>La Sra. Santiesteban siempre supo que estaba destinada a ser abogada desde muy joven. Comenz\u00f3 su carrera legal a la edad de 21 a\u00f1os, como asistente de secretaria legal para un destacado bufete de abogados de defensa de seguros de compensaci\u00f3n para trabajadores y r\u00e1pidamente se convirti\u00f3 en asistente legal de un abogado litigante senior con quien trabaj\u00f3 durante 3 a\u00f1os hasta que asisti\u00f3 a la facultad de derecho.<\/p>\n<p>La Sra. Santiesteban disfruta principalmente de representar a personas lesionadas como resultado de la negligencia de otra persona. Se basa en su experiencia previa como abogada defensora de seguros para navegar a trav\u00e9s de litigios complejos en todas las fases del litigio, incluida la mediaci\u00f3n, el arbitraje y el juicio. La Sra. Santiesteban se destaca por mantener una comunicaci\u00f3n constante con sus clientes, manteni\u00e9ndolos bien informados sobre el progreso de su caso y estableciendo relaciones profesionales s\u00f3lidas y duraderas.<\/p>\n<p>La Sra. Santiesteban est\u00e1 muy orgullosa de ser una inmigrante colombo-estadounidense que representa a muchas minor\u00edas, latinos y otros miembros de la comunidad colombo-estadounidense.<\/p>\n<p>La Sra. Santiesteban disfruta bailar, pasar tiempo en la playa y viajar con su familia.<\/p>\n\n\t\t<\/div>\n\t<\/div>\n\n\t<div class=\"wpb_text_column wpb_content_element\" >\n\t\t<div class=\"wpb_wrapper\">\n\t\t\t<h3>Areas de Pr\u00e1ctica<\/h3>\n<hr \/>\n<p>Lesiones Personales \/ Compensaci\u00f3n Laboral<br \/>\nLey Familiar<br \/>\nNegociaci\u00f3n de Deuda y Defensa<br \/>\nDisputas Entre Propietarios e Inquilinos<br \/>\nDisputas Comerciales<br \/>\nDefensa Penal<\/p>\n\n\t\t<\/div>\n\t<\/div>\n\n\t<div class=\"wpb_text_column wpb_content_element\" >\n\t\t<div class=\"wpb_wrapper\">\n\t\t\t<h3>Educaci\u00f3n<\/h3>\n<hr \/>\n<p>J.D. (2008), St. Thomas University College of Law<br \/>\nB.A. (<em>cum laude<\/em>, 2003) Carlos Albizu University<\/p>\n\n\t\t<\/div>\n\t<\/div>\n\n\t<div class=\"wpb_text_column wpb_content_element\" >\n\t\t<div class=\"wpb_wrapper\">\n\t\t\t<h3>Admisi\u00f3n a la Pr\u00e1ctica<\/h3>\n<hr \/>\n<p>Todos Los Tribunales Estatales de Florida (2008)<br \/>\nTribunal de Distrito de Los Estados Unidos, Distrito Sur de Florida (2011)<br \/>\nTribunal de Distrito de EE. UU., Distrito Medio de Florida (2014)<\/p>\n\n\t\t<\/div>\n\t<\/div>\n\n\t<div class=\"wpb_text_column wpb_content_element\" >\n\t\t<div class=\"wpb_wrapper\">\n\t\t\t<h3>Idiomas<\/h3>\n<hr \/>\n<p>Fluidez en Ingl\u00e9s y Espa\u00f1ol.<\/p>\n\n\t\t<\/div>\n\t<\/div>\n<\/div><\/div><\/div><\/div>\n<\/div>","protected":false},"excerpt":{"rendered":"Adriana P. Santiesteban, Esq. Adriana P. Santiesteban, P.A. 11890 SW 8th Street Suite 406 Miami, FL 33184 Visit Website Send","protected":false},"author":1,"featured_media":0,"parent":8600,"menu_order":0,"comment_status":"closed","ping_status":"closed","template":"","meta":{"footnotes":""},"class_list":["post-7613","page","type-page","status-publish","hentry"],"_links":{"self":[{"href":"https:\/\/colbar.org\/es\/wp-json\/wp\/v2\/pages\/7613","targetHints":{"allow":["GET"]}}],"collection":[{"href":"https:\/\/colbar.org\/es\/wp-json\/wp\/v2\/pages"}],"about":[{"href":"https:\/\/colbar.org\/es\/wp-json\/wp\/v2\/types\/page"}],"author":[{"embeddable":true,"href":"https:\/\/colbar.org\/es\/wp-json\/wp\/v2\/users\/1"}],"replies":[{"embeddable":true,"href":"https:\/\/colbar.org\/es\/wp-json\/wp\/v2\/comments?post=7613"}],"version-history":[{"count":0,"href":"https:\/\/colbar.org\/es\/wp-json\/wp\/v2\/pages\/7613\/revisions"}],"up":[{"embeddable":true,"href":"https:\/\/colbar.org\/es\/wp-json\/wp\/v2\/pages\/8600"}],"wp:attachment":[{"href":"https:\/\/colbar.org\/es\/wp-json\/wp\/v2\/media?parent=7613"}],"curies":[{"name":"wp","href":"https:\/\/api.w.org\/{rel}","templated":true}]}}