{"id":7659,"date":"2021-04-15T15:19:42","date_gmt":"2021-04-15T19:19:42","guid":{"rendered":"https:\/\/colbar.org\/?page_id=7659"},"modified":"2026-03-19T14:48:49","modified_gmt":"2026-03-19T18:48:49","slug":"frederick-woodbridge-jr","status":"publish","type":"page","link":"https:\/\/colbar.org\/es\/attorneys\/frederick-woodbridge-jr\/","title":{"rendered":"Frederick Woodbridge Jr., Esq."},"content":{"rendered":"<div class=\"wpb-content-wrapper\"><div class=\"vc_row wpb_row vc_row-fluid\"><div class=\"wpb_column vc_column_container vc_col-sm-4\"><div class=\"vc_column-inner vc_custom_1618350251727\"><div class=\"wpb_wrapper\">\n\t<div  class=\"wpb_single_image wpb_content_element vc_align_center\">\n\t\t\n\t\t<figure class=\"wpb_wrapper vc_figure\">\n\t\t\t<div class=\"vc_single_image-wrapper   vc_box_border_grey\"><img loading=\"lazy\" decoding=\"async\" width=\"253\" height=\"300\" src=\"https:\/\/colbar.org\/wp-content\/uploads\/Fred-Woodbridge.jpg\" class=\"vc_single_image-img attachment-full\" alt=\"Fred Woodbridge\" title=\"Fred Woodbridge\" \/><\/div>\n\t\t<\/figure>\n\t<\/div>\n\n\t<div class=\"wpb_text_column wpb_content_element\" >\n\t\t<div class=\"wpb_wrapper\">\n\t\t\t<h6 style=\"text-align: center;\"><strong>Frederick Woodbridge Jr., Esq.<\/strong><\/h6>\n\n\t\t<\/div>\n\t<\/div>\n\n\t<div class=\"wpb_text_column wpb_content_element\" >\n\t\t<div class=\"wpb_wrapper\">\n\t\t\t<p style=\"text-align: center;\"><strong>Frederick Woodbridge, Jr., P.A.<\/strong><br \/>\n2655 S. Le Jeune Rd. Suite 543<br \/>\nCoral Gables, FL 33134<\/p>\n\n\t\t<\/div>\n\t<\/div>\n<div class=\"vc_btn3-container vc_btn3-center vc_do_btn\" ><a class=\"vc_general vc_btn3 vc_btn3-size-sm vc_btn3-shape-rounded vc_btn3-style-modern vc_btn3-block vc_btn3-icon-left vc_btn3-color-success\" href=\"mailto:fwoodbridge@bellsouth.net\" title=\"\" target=\"_blank\"><i class=\"vc_btn3-icon far fa-envelope\"><\/i> Email<\/a><\/div><div class=\"vc_btn3-container vc_btn3-center vc_do_btn\" ><a class=\"vc_general vc_btn3 vc_btn3-size-sm vc_btn3-shape-rounded vc_btn3-style-modern vc_btn3-block vc_btn3-icon-left vc_btn3-color-mulled-wine\" href=\"tel:13053589414\" title=\"\" target=\"_blank\"><i class=\"vc_btn3-icon fas fa-phone-square-alt\"><\/i> (305) 358-9414<\/a><\/div>\n\t<div class=\"wpb_text_column wpb_content_element\" >\n\t\t<div class=\"wpb_wrapper\">\n\t\t\t<p style=\"text-align: center;\"><strong>MAPA Y DIRECCIONES<\/strong><\/p>\n\n\t\t<\/div>\n\t<\/div>\n\n\t<div class=\"wpb_text_column wpb_content_element\" >\n\t\t<div class=\"wpb_wrapper\">\n\t\t\t<p><iframe loading=\"lazy\" style=\"border: 0;\" src=\"https:\/\/www.google.com\/maps\/embed?pb=!1m18!1m12!1m3!1d3593.6982951447244!2d-80.26367948497936!3d25.747489083643135!2m3!1f0!2f0!3f0!3m2!1i1024!2i768!4f13.1!3m3!1m2!1s0x88d9b790e7696ead%3A0xd489275a4c533780!2s2655%20S%20Le%20Jeune%20Rd%20%23543%2C%20Miami%2C%20FL%2033134!5e0!3m2!1sen!2sus!4v1618514332967!5m2!1sen!2sus\" width=\"400\" height=\"300\" allowfullscreen=\"allowfullscreen\"><\/iframe><\/p>\n\n\t\t<\/div>\n\t<\/div>\n<\/div><\/div><\/div><div class=\"wpb_column vc_column_container vc_col-sm-1\"><div class=\"vc_column-inner\"><div class=\"wpb_wrapper\"><\/div><\/div><\/div><div class=\"wpb_column vc_column_container vc_col-sm-7\"><div class=\"vc_column-inner\"><div class=\"wpb_wrapper\">\n\t<div class=\"wpb_text_column wpb_content_element\" >\n\t\t<div class=\"wpb_wrapper\">\n\t\t\t<h2 style=\"text-align: left;\"><span style=\"color: #0000ff;\">Frederick Woodbridge Jr., Esq.<\/span><\/h2>\n<hr \/>\n<p>Frederick Woodbridge, Jr. ejerce con su propia firma, Frederick Woodbridge, Jr., P.A. en  la ciudad de Coral Gables. Act\u00faa en las \u00e1reas de derecho mercantil y societario internacional e inmobiliario.<\/p>\n<p>El Sr. Woodbridge obtuvo su t\u00edtulo universitario en la Universidad de Yale, magna cum laude. Obtuvo una Maestr\u00eda en Middlebury College y la Sorbona y es Licenciado en Derecho espa\u00f1ol (Licenciatura en Derecho) de la Universidad Complutense de Madrid. Obtuvo su t\u00edtulo de abogado estadounidense en derecho en la Universidad de Cincinnati.<\/p>\n<p>Antes de estudiar derecho, trabaj\u00f3 durante 12 a\u00f1os en la Rep\u00fablica de Camer\u00fan, para el Ministerio de Educaci\u00f3n de Camer\u00fan y el Ministerio de Cooperaci\u00f3n de Francia como profesor y director de una escuela secundaria estatal (Proviseur de Lyc\u00e9e).<br \/>\nHabla franc\u00e9s, espa\u00f1ol y portugu\u00e9s con fluidez, ha dictado conferencias sobre arbitraje internacional en Brasil para la Agencia de Informaci\u00f3n de EE. UU. y conferencias sobre leyes de EE. UU. en Florida, Brasil, Colombia y Francia para abogados y jueces extranjeros.<\/p>\n<p>Es ex presidente y actual secretario del Colegio de Abogados Colombiano Americano.<\/p>\n\n\t\t<\/div>\n\t<\/div>\n\n\t<div class=\"wpb_text_column wpb_content_element\" >\n\t\t<div class=\"wpb_wrapper\">\n\t\t\t<h3>Areas de Pr\u00e1ctica<\/h3>\n<hr \/>\n<p>Derecho Mercantil y de Negocios<br \/>\nDerecho Corporativo<br \/>\nBienes Ra\u00edces<\/p>\n\n\t\t<\/div>\n\t<\/div>\n\n\t<div class=\"wpb_text_column wpb_content_element\" >\n\t\t<div class=\"wpb_wrapper\">\n\t\t\t<h3>Educaci\u00f3n<\/h3>\n<hr \/>\n<p>J.D., University of Cincinnati<br \/>\nLicenciatura en Derecho, Universidad Complutense de Madrid<br \/>\nM.A., Middlebury College<br \/>\nB.A., (magna cum laude) Yale University<\/p>\n\n\t\t<\/div>\n\t<\/div>\n\n\t<div class=\"wpb_text_column wpb_content_element\" >\n\t\t<div class=\"wpb_wrapper\">\n\t\t\t<h3>Admisi\u00f3n a la Pr\u00e1ctica<\/h3>\n<hr \/>\n<p>Todos los tribunales estatales de Florida (1984)<\/p>\n\n\t\t<\/div>\n\t<\/div>\n\n\t<div class=\"wpb_text_column wpb_content_element\" >\n\t\t<div class=\"wpb_wrapper\">\n\t\t\t<h3>Idiomas<\/h3>\n<hr \/>\n<p>Fluidez en Ingl\u00e9s, Espa\u00f1ol, Franc\u00e9s y Portugu\u00e9s.<\/p>\n\n\t\t<\/div>\n\t<\/div>\n<\/div><\/div><\/div><\/div>\n<\/div>","protected":false},"excerpt":{"rendered":"Frederick Woodbridge Jr., Esq. Frederick Woodbridge, Jr., P.A. 2655 S. Le Jeune Rd. Suite 543 Coral Gables, FL 33134 Send","protected":false},"author":1,"featured_media":0,"parent":8600,"menu_order":0,"comment_status":"closed","ping_status":"closed","template":"","meta":{"footnotes":""},"class_list":["post-7659","page","type-page","status-publish","hentry"],"_links":{"self":[{"href":"https:\/\/colbar.org\/es\/wp-json\/wp\/v2\/pages\/7659","targetHints":{"allow":["GET"]}}],"collection":[{"href":"https:\/\/colbar.org\/es\/wp-json\/wp\/v2\/pages"}],"about":[{"href":"https:\/\/colbar.org\/es\/wp-json\/wp\/v2\/types\/page"}],"author":[{"embeddable":true,"href":"https:\/\/colbar.org\/es\/wp-json\/wp\/v2\/users\/1"}],"replies":[{"embeddable":true,"href":"https:\/\/colbar.org\/es\/wp-json\/wp\/v2\/comments?post=7659"}],"version-history":[{"count":0,"href":"https:\/\/colbar.org\/es\/wp-json\/wp\/v2\/pages\/7659\/revisions"}],"up":[{"embeddable":true,"href":"https:\/\/colbar.org\/es\/wp-json\/wp\/v2\/pages\/8600"}],"wp:attachment":[{"href":"https:\/\/colbar.org\/es\/wp-json\/wp\/v2\/media?parent=7659"}],"curies":[{"name":"wp","href":"https:\/\/api.w.org\/{rel}","templated":true}]}}