{"id":7664,"date":"2021-04-15T15:40:05","date_gmt":"2021-04-15T19:40:05","guid":{"rendered":"https:\/\/colbar.org\/?page_id=7664"},"modified":"2026-03-19T15:01:59","modified_gmt":"2026-03-19T19:01:59","slug":"iris-hernandez-2","status":"publish","type":"page","link":"https:\/\/colbar.org\/es\/attorneys\/iris-hernandez-2\/","title":{"rendered":"Iris Hernandez, Esq."},"content":{"rendered":"<div class=\"wpb-content-wrapper\"><div class=\"vc_row wpb_row vc_row-fluid\"><div class=\"wpb_column vc_column_container vc_col-sm-4\"><div class=\"vc_column-inner vc_custom_1618350251727\"><div class=\"wpb_wrapper\">\n\t<div  class=\"wpb_single_image wpb_content_element vc_align_center\">\n\t\t\n\t\t<figure class=\"wpb_wrapper vc_figure\">\n\t\t\t<div class=\"vc_single_image-wrapper   vc_box_border_grey\"><img loading=\"lazy\" decoding=\"async\" width=\"253\" height=\"300\" src=\"https:\/\/colbar.org\/wp-content\/uploads\/Iris-Hernandez.jpg\" class=\"vc_single_image-img attachment-full\" alt=\"Iris Hernandez\" title=\"Iris Hernandez\" \/><\/div>\n\t\t<\/figure>\n\t<\/div>\n\n\t<div class=\"wpb_text_column wpb_content_element\" >\n\t\t<div class=\"wpb_wrapper\">\n\t\t\t<h6 style=\"text-align: center;\"><strong>Iris Hernandez, Esq.<\/strong><\/h6>\n\n\t\t<\/div>\n\t<\/div>\n\n\t<div class=\"wpb_text_column wpb_content_element\" >\n\t\t<div class=\"wpb_wrapper\">\n\t\t\t<p style=\"text-align: center;\"><strong>In-House Counsel<\/strong><br \/>\n1800 Coral Way, Suite 67<br \/>\nMiami, FL 33145<\/p>\n\n\t\t<\/div>\n\t<\/div>\n<div class=\"vc_btn3-container vc_btn3-center vc_do_btn\" ><a class=\"vc_general vc_btn3 vc_btn3-size-sm vc_btn3-shape-rounded vc_btn3-style-modern vc_btn3-block vc_btn3-icon-left vc_btn3-color-success\" href=\"mailto:IGHernandez@iCloud.com\" title=\"\" target=\"_blank\"><i class=\"vc_btn3-icon far fa-envelope\"><\/i> Email<\/a><\/div><div class=\"vc_btn3-container vc_btn3-center vc_do_btn\" ><a class=\"vc_general vc_btn3 vc_btn3-size-sm vc_btn3-shape-rounded vc_btn3-style-modern vc_btn3-block vc_btn3-icon-left vc_btn3-color-mulled-wine\" href=\"tel:13059067115\" title=\"\" target=\"_blank\"><i class=\"vc_btn3-icon fas fa-phone-square-alt\"><\/i> (305) 906-7115<\/a><\/div>\n\t<div class=\"wpb_text_column wpb_content_element\" >\n\t\t<div class=\"wpb_wrapper\">\n\t\t\t<p><a href=\"https:\/\/www.linkedin.com\/in\/iris-hernandez-26461775\/\" target=\"_blank\" rel=\"noopener\"><img loading=\"lazy\" decoding=\"async\" class=\"wp-image-10300 size-full aligncenter\" src=\"https:\/\/colbar.org\/wp-content\/uploads\/linkedin-icon-2.png\" alt=\"\" width=\"50\" height=\"50\" srcset=\"https:\/\/colbar.org\/wp-content\/uploads\/linkedin-icon-2.png 50w, https:\/\/colbar.org\/wp-content\/uploads\/linkedin-icon-2-12x12.png 12w\" sizes=\"auto, (max-width: 50px) 100vw, 50px\" \/><\/a><\/p>\n\n\t\t<\/div>\n\t<\/div>\n\n\t<div class=\"wpb_text_column wpb_content_element\" >\n\t\t<div class=\"wpb_wrapper\">\n\t\t\t<p style=\"text-align: center;\"><strong>MAPA Y DIRECCIONES<\/strong><\/p>\n\n\t\t<\/div>\n\t<\/div>\n\n\t<div class=\"wpb_text_column wpb_content_element\" >\n\t\t<div class=\"wpb_wrapper\">\n\t\t\t<p><iframe loading=\"lazy\" style=\"border: 0;\" src=\"https:\/\/www.google.com\/maps\/embed?pb=!1m18!1m12!1m3!1d3593.606617343327!2d-80.22643398497927!3d25.75051958364177!2m3!1f0!2f0!3f0!3m2!1i1024!2i768!4f13.1!3m3!1m2!1s0x88d9b65107174391%3A0xb3e3847af746aa4d!2s1800%20Coral%20Way%20%2367%2C%20Miami%2C%20FL%2033145!5e0!3m2!1sen!2sus!4v1618515071618!5m2!1sen!2sus\" width=\"400\" height=\"300\" allowfullscreen=\"allowfullscreen\"><\/iframe><\/p>\n\n\t\t<\/div>\n\t<\/div>\n<\/div><\/div><\/div><div class=\"wpb_column vc_column_container vc_col-sm-1\"><div class=\"vc_column-inner\"><div class=\"wpb_wrapper\"><\/div><\/div><\/div><div class=\"wpb_column vc_column_container vc_col-sm-7\"><div class=\"vc_column-inner\"><div class=\"wpb_wrapper\">\n\t<div class=\"wpb_text_column wpb_content_element\" >\n\t\t<div class=\"wpb_wrapper\">\n\t\t\t<h2 style=\"text-align: left;\"><span style=\"color: #0000ff;\">Iris Hernandez, Esq.<\/span><\/h2>\n<hr \/>\n<p>Tengo una amplia experiencia legal trabajando con empresas, individuos, prestamistas e inversores en una variedad de asuntos legales. Antes de venir a Paradise, fui asesor principal de servicios comerciales en North American National Title Solutions, brindando servicios de dep\u00f3sito en garant\u00eda, cierre y t\u00edtulos para transacciones inmobiliarias generales y complejas en todo el pa\u00eds. Antes de eso, fui Directora Jur\u00eddica Asociada y Oficial de Cumplimiento de una firma de m\u00faltiples jurisdicciones. Dirig\u00ed las operaciones de la firma supervisando todos los procesos legales mientras representaba a los administradores hipotecarios, inversionistas y prestamistas institucionales. Adem\u00e1s de las responsabilidades de liderazgo del personal, trabaj\u00e9 inteligentemente para garantizar la entrega de la mejor calidad de servicio posible para nuestros clientes.<\/p>\n<p>Tambi\u00e9n me desempe\u00f1\u00e9 como abogado \"Of Counsel\" en dos firmas de Miami. En uno, supervis\u00e9 el departamento de litigios y cierre de la firma. En este \u00faltimo, adem\u00e1s de muchas otras funciones, cumpl\u00ed con los requisitos jurisdiccionales de las GSE (Empresas patrocinadas por el gobierno) y cre\u00e9 con \u00e9xito pol\u00edticas y procedimientos para obtener determinaciones de \"no objeci\u00f3n\" de las GSE.<\/p>\n<p>Antes de eso, fui Abogado Gerente en otra firma de m\u00faltiples jurisdicciones. All\u00ed adquir\u00ed una amplia experiencia en el litigio de asuntos inmobiliarios. Como agente de t\u00edtulos aprobado durante ese tiempo, ten\u00eda una experiencia sustancial en la reparaci\u00f3n de defectos de t\u00edtulos, la realizaci\u00f3n de ex\u00e1menes de t\u00edtulos, el control del preprocesamiento, el cumplimiento de los requisitos de t\u00edtulos y la gesti\u00f3n de todo el proceso de cierre, incluida la emisi\u00f3n de compromisos y p\u00f3lizas.<\/p>\n<p>Aporto mucho tiempo a organizaciones comunitarias y ben\u00e9ficas, incluida la Fundaci\u00f3n Make-a-Wish, donde soy un Wish Granter. Soy miembro de la Academia Colombiana de Genealog\u00eda y del Club de Genealog\u00eda Cubana de Miami.<\/p>\n\n\t\t<\/div>\n\t<\/div>\n\n\t<div class=\"wpb_text_column wpb_content_element\" >\n\t\t<div class=\"wpb_wrapper\">\n\t\t\t<h3>Areas de Pr\u00e1ctica<\/h3>\n<hr \/>\n<p>Derecho Corporativo<br \/>\nBienes Ra\u00edces<br \/>\nFideicomiso y Patrimonios<\/p>\n\n\t\t<\/div>\n\t<\/div>\n\n\t<div class=\"wpb_text_column wpb_content_element\" >\n\t\t<div class=\"wpb_wrapper\">\n\t\t\t<h3>Educaci\u00f3n<\/h3>\n<hr \/>\n<p>J.D., University of Florida<br \/>\nB.A., Florida International University<\/p>\n\n\t\t<\/div>\n\t<\/div>\n\n\t<div class=\"wpb_text_column wpb_content_element\" >\n\t\t<div class=\"wpb_wrapper\">\n\t\t\t<h3>Admisi\u00f3n a la Pr\u00e1ctica<\/h3>\n<hr \/>\n<p>Florida<br \/>\nNew Jersey<br \/>\nPennsylvania<br \/>\nConnecticut<\/p>\n\n\t\t<\/div>\n\t<\/div>\n\n\t<div class=\"wpb_text_column wpb_content_element\" >\n\t\t<div class=\"wpb_wrapper\">\n\t\t\t<h3>Idiomas<\/h3>\n<hr \/>\n<p>Fluidez en Ingl\u00e9s y Espa\u00f1ol.<\/p>\n\n\t\t<\/div>\n\t<\/div>\n<\/div><\/div><\/div><\/div>\n<\/div>","protected":false},"excerpt":{"rendered":"Iris Hernandez, Esq. In-House Counsel 1800 Coral Way, Suite 67 Miami, FL 33145 Send Email (305) 906-7115 MAP &amp; DIRECTIONS","protected":false},"author":1,"featured_media":0,"parent":8600,"menu_order":0,"comment_status":"closed","ping_status":"closed","template":"","meta":{"footnotes":""},"class_list":["post-7664","page","type-page","status-publish","hentry"],"_links":{"self":[{"href":"https:\/\/colbar.org\/es\/wp-json\/wp\/v2\/pages\/7664","targetHints":{"allow":["GET"]}}],"collection":[{"href":"https:\/\/colbar.org\/es\/wp-json\/wp\/v2\/pages"}],"about":[{"href":"https:\/\/colbar.org\/es\/wp-json\/wp\/v2\/types\/page"}],"author":[{"embeddable":true,"href":"https:\/\/colbar.org\/es\/wp-json\/wp\/v2\/users\/1"}],"replies":[{"embeddable":true,"href":"https:\/\/colbar.org\/es\/wp-json\/wp\/v2\/comments?post=7664"}],"version-history":[{"count":0,"href":"https:\/\/colbar.org\/es\/wp-json\/wp\/v2\/pages\/7664\/revisions"}],"up":[{"embeddable":true,"href":"https:\/\/colbar.org\/es\/wp-json\/wp\/v2\/pages\/8600"}],"wp:attachment":[{"href":"https:\/\/colbar.org\/es\/wp-json\/wp\/v2\/media?parent=7664"}],"curies":[{"name":"wp","href":"https:\/\/api.w.org\/{rel}","templated":true}]}}