{"id":7668,"date":"2021-04-15T16:17:09","date_gmt":"2021-04-15T20:17:09","guid":{"rendered":"https:\/\/colbar.org\/?page_id=7668"},"modified":"2026-03-19T15:49:59","modified_gmt":"2026-03-19T19:49:59","slug":"karamat-qayum","status":"publish","type":"page","link":"https:\/\/colbar.org\/es\/attorneys\/karamat-qayum\/","title":{"rendered":"Karamat Qayum, Esq."},"content":{"rendered":"<div class=\"wpb-content-wrapper\"><div class=\"vc_row wpb_row vc_row-fluid\"><div class=\"wpb_column vc_column_container vc_col-sm-4\"><div class=\"vc_column-inner vc_custom_1618350251727\"><div class=\"wpb_wrapper\">\n\t<div  class=\"wpb_single_image wpb_content_element vc_align_center\">\n\t\t\n\t\t<figure class=\"wpb_wrapper vc_figure\">\n\t\t\t<div class=\"vc_single_image-wrapper   vc_box_border_grey\"><img loading=\"lazy\" decoding=\"async\" width=\"253\" height=\"300\" src=\"https:\/\/colbar.org\/wp-content\/uploads\/Karamat-Qayum-Colbar-Profile.jpg\" class=\"vc_single_image-img attachment-full\" alt=\"Karamat Qayum Colbar Profile\" title=\"Karamat Qayum Colbar Profile\" \/><\/div>\n\t\t<\/figure>\n\t<\/div>\n\n\t<div class=\"wpb_text_column wpb_content_element\" >\n\t\t<div class=\"wpb_wrapper\">\n\t\t\t<h6 style=\"text-align: center;\"><strong>Karamat Qayum, Esq.<\/strong><\/h6>\n\n\t\t<\/div>\n\t<\/div>\n\n\t<div class=\"wpb_text_column wpb_content_element\" >\n\t\t<div class=\"wpb_wrapper\">\n\t\t\t<p style=\"text-align: center;\"><strong>Garcia &amp; Qayum Law Group, P. A.<\/strong><br \/>\n3475 West Flagler Street<br \/>\nMiami, FL 33135<\/p>\n\n\t\t<\/div>\n\t<\/div>\n<div class=\"vc_btn3-container vc_btn3-center vc_do_btn\" ><a class=\"vc_general vc_btn3 vc_btn3-size-sm vc_btn3-shape-rounded vc_btn3-style-modern vc_btn3-block vc_btn3-icon-left vc_btn3-color-sky\" href=\"https:\/\/gqlawgroup.com\/\" title=\"\" target=\"_blank\"><i class=\"vc_btn3-icon fas fa-globe\"><\/i> Visit Website<\/a><\/div><div class=\"vc_btn3-container vc_btn3-center vc_do_btn\" ><a class=\"vc_general vc_btn3 vc_btn3-size-sm vc_btn3-shape-rounded vc_btn3-style-modern vc_btn3-block vc_btn3-icon-left vc_btn3-color-success\" href=\"mailto:karamat@gqlawgroup.com\" title=\"\" target=\"_blank\"><i class=\"vc_btn3-icon far fa-envelope\"><\/i> Email<\/a><\/div><div class=\"vc_btn3-container vc_btn3-center vc_do_btn\" ><a class=\"vc_general vc_btn3 vc_btn3-size-sm vc_btn3-shape-rounded vc_btn3-style-modern vc_btn3-block vc_btn3-icon-left vc_btn3-color-mulled-wine\" href=\"tel:13052304020\" title=\"\" target=\"_blank\"><i class=\"vc_btn3-icon fas fa-phone-square-alt\"><\/i> (305) 230-4020<\/a><\/div>\n\t<div class=\"wpb_text_column wpb_content_element\" >\n\t\t<div class=\"wpb_wrapper\">\n\t\t\t<p><a href=\"https:\/\/www.facebook.com\/GQLawGroup\/\" target=\"_blank\" rel=\"noopener\"><img loading=\"lazy\" decoding=\"async\" class=\"alignnone size-full wp-image-10302\" src=\"https:\/\/colbar.org\/wp-content\/uploads\/facebook-icon-1.png\" alt=\"\" width=\"50\" height=\"50\" srcset=\"https:\/\/colbar.org\/wp-content\/uploads\/facebook-icon-1.png 50w, https:\/\/colbar.org\/wp-content\/uploads\/facebook-icon-1-12x12.png 12w\" sizes=\"auto, (max-width: 50px) 100vw, 50px\" \/><\/a><a href=\"https:\/\/www.linkedin.com\/in\/karamatqayum\/\" target=\"_blank\" rel=\"noopener\"><img loading=\"lazy\" decoding=\"async\" class=\"alignnone size-full wp-image-10300\" src=\"https:\/\/colbar.org\/wp-content\/uploads\/linkedin-icon-2.png\" alt=\"\" width=\"50\" height=\"50\" srcset=\"https:\/\/colbar.org\/wp-content\/uploads\/linkedin-icon-2.png 50w, https:\/\/colbar.org\/wp-content\/uploads\/linkedin-icon-2-12x12.png 12w\" sizes=\"auto, (max-width: 50px) 100vw, 50px\" \/><\/a><\/p>\n\n\t\t<\/div>\n\t<\/div>\n\n\t<div class=\"wpb_text_column wpb_content_element\" >\n\t\t<div class=\"wpb_wrapper\">\n\t\t\t<p style=\"text-align: center;\"><strong>MAPA Y DIRECCIONES<\/strong><\/p>\n\n\t\t<\/div>\n\t<\/div>\n\n\t<div class=\"wpb_text_column wpb_content_element\" >\n\t\t<div class=\"wpb_wrapper\">\n\t\t\t<p><iframe loading=\"lazy\" style=\"border: 0;\" src=\"https:\/\/www.google.com\/maps\/embed?pb=!1m18!1m12!1m3!1d3592.951523775406!2d-80.25421628497884!3d25.772164683632024!2m3!1f0!2f0!3f0!3m2!1i1024!2i768!4f13.1!3m3!1m2!1s0x88d9b70d7a25ed2b%3A0x8001febde1feba49!2s3475%20W%20Flagler%20St%2C%20Miami%2C%20FL%2033135!5e0!3m2!1sen!2sus!4v1618517001058!5m2!1sen!2sus\" width=\"400\" height=\"300\" allowfullscreen=\"allowfullscreen\"><\/iframe><\/p>\n\n\t\t<\/div>\n\t<\/div>\n<\/div><\/div><\/div><div class=\"wpb_column vc_column_container vc_col-sm-1\"><div class=\"vc_column-inner\"><div class=\"wpb_wrapper\"><\/div><\/div><\/div><div class=\"wpb_column vc_column_container vc_col-sm-7\"><div class=\"vc_column-inner\"><div class=\"wpb_wrapper\">\n\t<div class=\"wpb_text_column wpb_content_element\" >\n\t\t<div class=\"wpb_wrapper\">\n\t\t\t<h2 style=\"text-align: left;\"><span style=\"color: #0000ff;\">Karamat Qayum, Esq.<\/span><\/h2>\n<hr \/>\n<p>El Sr. Karamat Qayum se dedica a representar a la comunidad inmigrante y utiliza su experiencia como inmigrante para ayudar a otros a lograr su sue\u00f1o de residencia permanente en Estados Unidos. Adem\u00e1s, su experiencia en litigios le ha dado el conocimiento y los medios para lidiar con cualquier problema legal que un inmigrante pueda experimentar en Miami, Florida.<\/p>\n<p>Nacido en Medell\u00edn, Colombia, el Sr. Qayum lleg\u00f3 a los Estados Unidos cuando ten\u00eda diez a\u00f1os. Incluso pas\u00f3 tiempo indocumentado en los Estados Unidos. Habla ingl\u00e9s y espa\u00f1ol con fluidez y est\u00e1 bien preparado no solo para comprender las preocupaciones y dificultades de las personas con problemas de inmigraci\u00f3n, sino tambi\u00e9n para ayudar a resolverlos de la mejor manera posible.<\/p>\n<p>El Sr. Qayum se gradu\u00f3 cum laude con una Licenciatura en Ciencias en Justicia Penal de la Universidad Internacional de Florida. Mientras obten\u00eda su licenciatura, realiz\u00f3 una pasant\u00eda en la Oficina del Fiscal del Estado de MiamiDade, donde adquiri\u00f3 un conocimiento invaluable del sistema de justicia penal. Tambi\u00e9n es un orgulloso alumno de la Facultad de Derecho de la Universidad Internacional de Florida.<\/p>\n<p>Durante la escuela de derecho, particip\u00f3 en la Cl\u00ednica de Justicia para Ni\u00f1os Inmigrantes, donde represent\u00f3 a ni\u00f1os inmigrantes que enfrentan la expulsi\u00f3n del pa\u00eds. Tambi\u00e9n particip\u00f3 en la Cl\u00ednica de Desarrollo Comunitario, donde proporcion\u00f3 asesoramiento legal y servicios transaccionales a peque\u00f1as empresas y organizaciones sin fines de lucro. Esta vasta experiencia con la justicia de los Estados Unidos lo equip\u00f3 con el conocimiento de c\u00f3mo funciona ese sistema, lo que le permiti\u00f3 guiar mejor a sus clientes a trav\u00e9s de sus casos, evitando trampas que podr\u00edan no ser obvias para los menos experimentados.<\/p>\n<p>El Sr. Qayum se desempe\u00f1\u00f3 como pasante judicial para la Honorable Jueza Stacy D. Glick. Adem\u00e1s, trabaj\u00f3 como asistente legal en la Oficina Ejecutiva de Revisi\u00f3n de Inmigraci\u00f3n del Departamento de Justicia de los Estados Unidos, donde asesor\u00f3 y redact\u00f3 decisiones legales para jueces de inmigraci\u00f3n sobre asuntos relacionados con casos de deportaci\u00f3n. M\u00e1s tarde trabaj\u00f3 para una prestigiosa firma de inmigraci\u00f3n en Coral Gables antes de abrir las puertas de Garcia &amp; Qayum Law Group, P. A.<\/p>\n<p>El Sr. Qayyum fue presidente de la Asociaci\u00f3n de Abogados de Colombia y Am\u00e9rica. Tambi\u00e9n es miembro de la Junta Directiva de la Junta Asesora de Asuntos Hispanos de Miami-Dade, donde asesora a los comisionados del condado sobre las necesidades de la comunidad hispana que vive en el Condado de Miami-Dade. Recientemente, el Sr. Qayum fue seleccionado a la lista de Estrellas en ascenso de la Florida de Super Lawyers 2019, un honor reservado para aquellos abogados que exhiben excelencia en la pr\u00e1ctica. Solo el 2.5% de los abogados en Florida reciben esta distinci\u00f3n.<\/p>\n\n\t\t<\/div>\n\t<\/div>\n\n\t<div class=\"wpb_text_column wpb_content_element\" >\n\t\t<div class=\"wpb_wrapper\">\n\t\t\t<h3>Areas de Pr\u00e1ctica<\/h3>\n<hr \/>\n<p>Inmigracion<br \/>\nDefensa Penal<br \/>\nLesiones Personales<\/p>\n\n\t\t<\/div>\n\t<\/div>\n\n\t<div class=\"wpb_text_column wpb_content_element\" >\n\t\t<div class=\"wpb_wrapper\">\n\t\t\t<h3>Educaci\u00f3n<\/h3>\n<hr \/>\n<p>J.D., Florida International University College of Law<br \/>\nB.S. (Criminal Justice), Florida International University<\/p>\n\n\t\t<\/div>\n\t<\/div>\n\n\t<div class=\"wpb_text_column wpb_content_element\" >\n\t\t<div class=\"wpb_wrapper\">\n\t\t\t<h3>Admisi\u00f3n a la Pr\u00e1ctica<\/h3>\n<hr \/>\n<p>Todos los tribunales estatales de Florida<\/p>\n\n\t\t<\/div>\n\t<\/div>\n\n\t<div class=\"wpb_text_column wpb_content_element\" >\n\t\t<div class=\"wpb_wrapper\">\n\t\t\t<h3>Idiomas<\/h3>\n<hr \/>\n<p>Fluidez en Ingl\u00e9s y Espa\u00f1ol.<\/p>\n\n\t\t<\/div>\n\t<\/div>\n\n\t<div class=\"wpb_text_column wpb_content_element\" >\n\t\t<div class=\"wpb_wrapper\">\n\t\t\t<h3>Video<\/h3>\n<hr \/>\n\n\t\t<\/div>\n\t<\/div>\n\n\t<div class=\"wpb_video_widget wpb_content_element vc_clearfix vc_video-aspect-ratio-169 vc_video-el-width-100 vc_video-align-left\" >\n\t\t<div class=\"wpb_wrapper\">\n\t\t\t\n\t\t\t<div class=\"wpb_video_wrapper\"><iframe loading=\"lazy\" title=\"Situaci\u00f3n Actual Con Inmigraci\u00f3n y El Virus de Corona.\" width=\"500\" height=\"281\" src=\"https:\/\/www.youtube.com\/embed\/ub-7SwCK3bM?feature=oembed\" frameborder=\"0\" allow=\"accelerometer; autoplay; clipboard-write; encrypted-media; gyroscope; picture-in-picture; web-share\" referrerpolicy=\"strict-origin-when-cross-origin\" allowfullscreen><\/iframe><\/div>\n\t\t<\/div>\n\t<\/div>\n<\/div><\/div><\/div><\/div>\n<\/div>","protected":false},"excerpt":{"rendered":"Karamat Qayum, Esq. Garcia &amp; Qayum Law Group, P. A. 3475 West Flagler Street Miami, FL 33135 Visit Website Send","protected":false},"author":1,"featured_media":0,"parent":8600,"menu_order":0,"comment_status":"closed","ping_status":"closed","template":"","meta":{"footnotes":""},"class_list":["post-7668","page","type-page","status-publish","hentry"],"_links":{"self":[{"href":"https:\/\/colbar.org\/es\/wp-json\/wp\/v2\/pages\/7668","targetHints":{"allow":["GET"]}}],"collection":[{"href":"https:\/\/colbar.org\/es\/wp-json\/wp\/v2\/pages"}],"about":[{"href":"https:\/\/colbar.org\/es\/wp-json\/wp\/v2\/types\/page"}],"author":[{"embeddable":true,"href":"https:\/\/colbar.org\/es\/wp-json\/wp\/v2\/users\/1"}],"replies":[{"embeddable":true,"href":"https:\/\/colbar.org\/es\/wp-json\/wp\/v2\/comments?post=7668"}],"version-history":[{"count":0,"href":"https:\/\/colbar.org\/es\/wp-json\/wp\/v2\/pages\/7668\/revisions"}],"up":[{"embeddable":true,"href":"https:\/\/colbar.org\/es\/wp-json\/wp\/v2\/pages\/8600"}],"wp:attachment":[{"href":"https:\/\/colbar.org\/es\/wp-json\/wp\/v2\/media?parent=7668"}],"curies":[{"name":"wp","href":"https:\/\/api.w.org\/{rel}","templated":true}]}}