{"id":7673,"date":"2021-04-15T16:23:54","date_gmt":"2021-04-15T20:23:54","guid":{"rendered":"https:\/\/colbar.org\/?page_id=7673"},"modified":"2026-04-13T11:01:18","modified_gmt":"2026-04-13T15:01:18","slug":"maria-t-sallato","status":"publish","type":"page","link":"https:\/\/colbar.org\/es\/attorneys\/maria-t-sallato\/","title":{"rendered":"Maria T. Sallato, Esq."},"content":{"rendered":"<div class=\"wpb-content-wrapper\"><div class=\"vc_row wpb_row vc_row-fluid\"><div class=\"wpb_column vc_column_container vc_col-sm-4\"><div class=\"vc_column-inner vc_custom_1618350251727\"><div class=\"wpb_wrapper\">\n\t<div  class=\"wpb_single_image wpb_content_element vc_align_center\">\n\t\t\n\t\t<figure class=\"wpb_wrapper vc_figure\">\n\t\t\t<div class=\"vc_single_image-wrapper   vc_box_border_grey\"><img loading=\"lazy\" decoding=\"async\" width=\"253\" height=\"300\" src=\"https:\/\/colbar.org\/wp-content\/uploads\/Maria-T.-Sallato.jpg\" class=\"vc_single_image-img attachment-full\" alt=\"Maria T. Sallato\" title=\"Maria T. Sallato\" \/><\/div>\n\t\t<\/figure>\n\t<\/div>\n\n\t<div class=\"wpb_text_column wpb_content_element\" >\n\t\t<div class=\"wpb_wrapper\">\n\t\t\t<h6 style=\"text-align: center;\"><strong>Maria T. Sallato, Esq.<\/strong><\/h6>\n\n\t\t<\/div>\n\t<\/div>\n\n\t<div class=\"wpb_text_column wpb_content_element\" >\n\t\t<div class=\"wpb_wrapper\">\n\t\t\t<p style=\"text-align: center;\"><strong>Sallato &amp; Associates, P.A.<\/strong><br \/>\n2655 S Le Jeune Rd Ste 511<br \/>\nCoral Gables, FL 33134-5832<\/p>\n\n\t\t<\/div>\n\t<\/div>\n<div class=\"vc_btn3-container vc_btn3-center vc_do_btn\" ><a class=\"vc_general vc_btn3 vc_btn3-size-sm vc_btn3-shape-rounded vc_btn3-style-modern vc_btn3-block vc_btn3-icon-left vc_btn3-color-sky\" href=\"https:\/\/mariatsallato.com\/\" title=\"\" target=\"_blank\"><i class=\"vc_btn3-icon fas fa-globe\"><\/i> Visit Website<\/a><\/div><div class=\"vc_btn3-container vc_btn3-center vc_do_btn\" ><a class=\"vc_general vc_btn3 vc_btn3-size-sm vc_btn3-shape-rounded vc_btn3-style-modern vc_btn3-block vc_btn3-icon-left vc_btn3-color-success\" href=\"mailto:maria@mariatsallato.com\" title=\"\" target=\"_blank\"><i class=\"vc_btn3-icon far fa-envelope\"><\/i> Email<\/a><\/div><div class=\"vc_btn3-container vc_btn3-center vc_do_btn\" ><a class=\"vc_general vc_btn3 vc_btn3-size-sm vc_btn3-shape-rounded vc_btn3-style-modern vc_btn3-block vc_btn3-icon-left vc_btn3-color-mulled-wine\" href=\"tel:13055989600\" title=\"\" target=\"_blank\"><i class=\"vc_btn3-icon fas fa-phone-square-alt\"><\/i> (305) 598-9600<\/a><\/div>\n\t<div class=\"wpb_text_column wpb_content_element\" >\n\t\t<div class=\"wpb_wrapper\">\n\t\t\t<p><a href=\"https:\/\/www.facebook.com\/MariaTSallato\" target=\"_blank\" rel=\"noopener\"><img loading=\"lazy\" decoding=\"async\" class=\"alignnone size-full wp-image-10302\" src=\"https:\/\/colbar.org\/wp-content\/uploads\/facebook-icon-1.png\" alt=\"\" width=\"50\" height=\"50\" srcset=\"https:\/\/colbar.org\/wp-content\/uploads\/facebook-icon-1.png 50w, https:\/\/colbar.org\/wp-content\/uploads\/facebook-icon-1-12x12.png 12w\" sizes=\"auto, (max-width: 50px) 100vw, 50px\" \/><\/a><a href=\"https:\/\/www.linkedin.com\/in\/maria-sallato-99992371\/\" target=\"_blank\" rel=\"noopener\"><img loading=\"lazy\" decoding=\"async\" class=\"alignnone size-full wp-image-10300\" src=\"https:\/\/colbar.org\/wp-content\/uploads\/linkedin-icon-2.png\" alt=\"\" width=\"50\" height=\"50\" srcset=\"https:\/\/colbar.org\/wp-content\/uploads\/linkedin-icon-2.png 50w, https:\/\/colbar.org\/wp-content\/uploads\/linkedin-icon-2-12x12.png 12w\" sizes=\"auto, (max-width: 50px) 100vw, 50px\" \/><\/a><\/p>\n\n\t\t<\/div>\n\t<\/div>\n\n\t<div class=\"wpb_text_column wpb_content_element\" >\n\t\t<div class=\"wpb_wrapper\">\n\t\t\t<p style=\"text-align: center;\"><strong>MAPA Y DIRECCIONES<\/strong><\/p>\n\n\t\t<\/div>\n\t<\/div>\n\n\t<div class=\"wpb_text_column wpb_content_element\" >\n\t\t<div class=\"wpb_wrapper\">\n\t\t\t<p><iframe loading=\"lazy\" style=\"border: 0;\" src=\"https:\/\/www.google.com\/maps\/embed?pb=!1m18!1m12!1m3!1d3593.6982976749337!2d-80.261491!3d25.747488999999998!2m3!1f0!2f0!3f0!3m2!1i1024!2i768!4f13.1!3m3!1m2!1s0x88d9c7a98901f495%3A0x1ba136da36e535ae!2sSallato%20and%20Associates%20P.A.%20Attorneys%20at%20law!5e0!3m2!1sen!2sus!4v1776092433646!5m2!1sen!2sus\" width=\"400\" height=\"300\" allowfullscreen=\"allowfullscreen\"><\/iframe><\/p>\n\n\t\t<\/div>\n\t<\/div>\n<\/div><\/div><\/div><div class=\"wpb_column vc_column_container vc_col-sm-1\"><div class=\"vc_column-inner\"><div class=\"wpb_wrapper\"><\/div><\/div><\/div><div class=\"wpb_column vc_column_container vc_col-sm-7\"><div class=\"vc_column-inner\"><div class=\"wpb_wrapper\">\n\t<div class=\"wpb_text_column wpb_content_element\" >\n\t\t<div class=\"wpb_wrapper\">\n\t\t\t<h2 style=\"text-align: left;\"><span style=\"color: #0000ff;\">Maria T. Sallato, Esq.<\/span><\/h2>\n<hr \/>\n<p>Durante m\u00e1s de 25 a\u00f1os, Maria T. Sallato ha ayudado a clientes en Florida, en todo Estados Unidos y en el extranjero. Se ha ganado una excelente reputaci\u00f3n por brindar representaci\u00f3n experta y de calidad en casos de derecho de familia.<\/p>\n<p>La Sra. Sallato naci\u00f3 en Colombia y ha sido residente del estado de Florida desde 1974.<\/p>\n<p>La Sra. Sallato dedica la mayor parte de su pr\u00e1ctica al derecho matrimonial, adopci\u00f3n y casos complejos de custodia internacional, incluidos los casos de la Convenci\u00f3n de La Haya, y es reconocida como especialista en el \u00e1rea del derecho matrimonial. En 2009, la Sra. Sallato obtuvo la Certificaci\u00f3n de la Junta en Derecho Matrimonial y Familiar. Participa activamente en la Secci\u00f3n de Derecho Familiar del Colegio de Abogados de Florida.<\/p>\n<p>La certificaci\u00f3n de la junta reconoce el conocimiento, las habilidades y la competencia especiales de la Sra. Sallato en el \u00e1rea de derecho matrimonial y \u00e9tica en la pr\u00e1ctica. Los abogados certificados por la junta en Florida son evaluados por su profesionalismo y evaluados por su experiencia; es el nivel m\u00e1s alto de evaluaci\u00f3n de la competencia y experiencia de los abogados en su \u00e1rea de pr\u00e1ctica.<\/p>\n<p>La Sra. Sallato tambi\u00e9n est\u00e1 altamente calificada tanto en capacidad legal como en est\u00e1ndares \u00e9ticos por Martindale-Hubbell.<\/p>\n<p>La Sra. Sallato se enfoca en las relaciones familiares representando a clientes en casos de divorcio complejos y no disputados, adopci\u00f3n y asuntos de sucesiones.<\/p>\n\n\t\t<\/div>\n\t<\/div>\n\n\t<div class=\"wpb_text_column wpb_content_element\" >\n\t\t<div class=\"wpb_wrapper\">\n\t\t\t<h3>Areas de Pr\u00e1ctica<\/h3>\n<hr \/>\n<p>Divorcio<br \/>\nAdopci\u00f3n<br \/>\nCustodia internacional de menores (Convenio de La Haya)<br \/>\nLegalizaci\u00f3n de un Testamento<\/p>\n\n\t\t<\/div>\n\t<\/div>\n\n\t<div class=\"wpb_text_column wpb_content_element\" >\n\t\t<div class=\"wpb_wrapper\">\n\t\t\t<h3>Educaci\u00f3n<\/h3>\n<hr \/>\n<p>J.D. (cum laude, 1991), St. Thomas University College of Law<br \/>\nB.B.A. (1980), University of Miami<\/p>\n\n\t\t<\/div>\n\t<\/div>\n\n\t<div class=\"wpb_text_column wpb_content_element\" >\n\t\t<div class=\"wpb_wrapper\">\n\t\t\t<h3>Admisi\u00f3n a la Pr\u00e1ctica<\/h3>\n<hr \/>\n<p>Todos los tribunales estatales de Florida<br \/>\nTodos los Tribunales Estatales de Texas<\/p>\n\n\t\t<\/div>\n\t<\/div>\n\n\t<div class=\"wpb_text_column wpb_content_element\" >\n\t\t<div class=\"wpb_wrapper\">\n\t\t\t<h3>Idiomas<\/h3>\n<hr \/>\n<p>Fluidez en Ingl\u00e9s y Espa\u00f1ol.<\/p>\n\n\t\t<\/div>\n\t<\/div>\n<\/div><\/div><\/div><\/div>\n<\/div>","protected":false},"excerpt":{"rendered":"Maria T. Sallato, Esq. Sallato &amp; Associates, P.A. 2655 S Le Jeune Rd Ste 511 Coral Gables, FL 33134-5832 Visit","protected":false},"author":1,"featured_media":0,"parent":8600,"menu_order":0,"comment_status":"closed","ping_status":"closed","template":"","meta":{"footnotes":""},"class_list":["post-7673","page","type-page","status-publish","hentry"],"_links":{"self":[{"href":"https:\/\/colbar.org\/es\/wp-json\/wp\/v2\/pages\/7673","targetHints":{"allow":["GET"]}}],"collection":[{"href":"https:\/\/colbar.org\/es\/wp-json\/wp\/v2\/pages"}],"about":[{"href":"https:\/\/colbar.org\/es\/wp-json\/wp\/v2\/types\/page"}],"author":[{"embeddable":true,"href":"https:\/\/colbar.org\/es\/wp-json\/wp\/v2\/users\/1"}],"replies":[{"embeddable":true,"href":"https:\/\/colbar.org\/es\/wp-json\/wp\/v2\/comments?post=7673"}],"version-history":[{"count":2,"href":"https:\/\/colbar.org\/es\/wp-json\/wp\/v2\/pages\/7673\/revisions"}],"predecessor-version":[{"id":11922,"href":"https:\/\/colbar.org\/es\/wp-json\/wp\/v2\/pages\/7673\/revisions\/11922"}],"up":[{"embeddable":true,"href":"https:\/\/colbar.org\/es\/wp-json\/wp\/v2\/pages\/8600"}],"wp:attachment":[{"href":"https:\/\/colbar.org\/es\/wp-json\/wp\/v2\/media?parent=7673"}],"curies":[{"name":"wp","href":"https:\/\/api.w.org\/{rel}","templated":true}]}}