{"id":7678,"date":"2021-04-15T16:49:20","date_gmt":"2021-04-15T20:49:20","guid":{"rendered":"https:\/\/colbar.org\/?page_id=7678"},"modified":"2026-03-19T15:30:35","modified_gmt":"2026-03-19T19:30:35","slug":"juan-diaz-avila","status":"publish","type":"page","link":"https:\/\/colbar.org\/es\/attorneys\/juan-diaz-avila\/","title":{"rendered":"Juan C. Diaz Avila, Esq."},"content":{"rendered":"<div class=\"wpb-content-wrapper\"><div class=\"vc_row wpb_row vc_row-fluid\"><div class=\"wpb_column vc_column_container vc_col-sm-4\"><div class=\"vc_column-inner vc_custom_1618350251727\"><div class=\"wpb_wrapper\">\n\t<div  class=\"wpb_single_image wpb_content_element vc_align_center\">\n\t\t\n\t\t<figure class=\"wpb_wrapper vc_figure\">\n\t\t\t<div class=\"vc_single_image-wrapper   vc_box_border_grey\"><img loading=\"lazy\" decoding=\"async\" width=\"253\" height=\"300\" src=\"https:\/\/colbar.org\/wp-content\/uploads\/Juan-C.-Diaz-Avila.jpg\" class=\"vc_single_image-img attachment-full\" alt=\"Juan C. Diaz Avila\" title=\"Juan C. Diaz Avila\" \/><\/div>\n\t\t<\/figure>\n\t<\/div>\n\n\t<div class=\"wpb_text_column wpb_content_element\" >\n\t\t<div class=\"wpb_wrapper\">\n\t\t\t<h6 style=\"text-align: center;\"><strong>Juan C. Diaz Avila, Esq.<\/strong><\/h6>\n\n\t\t<\/div>\n\t<\/div>\n\n\t<div class=\"wpb_text_column wpb_content_element\" >\n\t\t<div class=\"wpb_wrapper\">\n\t\t\t<p style=\"text-align: center;\"><strong>Searcy, Denney, Scarola, Barnhart, &amp; Shipley, P.A.<\/strong><br \/>\n2139 Palm Beach Lakes Blvd.<br \/>\nWest Palm Beach, FL 33409<\/p>\n\n\t\t<\/div>\n\t<\/div>\n<div class=\"vc_btn3-container vc_btn3-center vc_do_btn\" ><a class=\"vc_general vc_btn3 vc_btn3-size-sm vc_btn3-shape-rounded vc_btn3-style-modern vc_btn3-block vc_btn3-icon-left vc_btn3-color-sky\" href=\"https:\/\/www.searcylaw.com\/attorneys\/juan-c-diaz-avila\/\" title=\"\" target=\"_blank\"><i class=\"vc_btn3-icon fas fa-globe\"><\/i> Visit Website<\/a><\/div><div class=\"vc_btn3-container vc_btn3-center vc_do_btn\" ><a class=\"vc_general vc_btn3 vc_btn3-size-sm vc_btn3-shape-rounded vc_btn3-style-modern vc_btn3-block vc_btn3-icon-left vc_btn3-color-success\" href=\"mailto:jdiaz@searcylaw.com\" title=\"\" target=\"_blank\"><i class=\"vc_btn3-icon far fa-envelope\"><\/i> Email<\/a><\/div><div class=\"vc_btn3-container vc_btn3-center vc_do_btn\" ><a class=\"vc_general vc_btn3 vc_btn3-size-sm vc_btn3-shape-rounded vc_btn3-style-modern vc_btn3-block vc_btn3-icon-left vc_btn3-color-mulled-wine\" href=\"tel:15616866300\" title=\"\" target=\"_blank\"><i class=\"vc_btn3-icon fas fa-phone-square-alt\"><\/i> (561) 686-6300<\/a><\/div>\n\t<div class=\"wpb_text_column wpb_content_element\" >\n\t\t<div class=\"wpb_wrapper\">\n\t\t\t<p style=\"text-align: center;\"><strong>MAPA Y DIRECCIONES<\/strong><\/p>\n\n\t\t<\/div>\n\t<\/div>\n\n\t<div class=\"wpb_text_column wpb_content_element\" >\n\t\t<div class=\"wpb_wrapper\">\n\t\t\t<p><iframe loading=\"lazy\" style=\"border: 0;\" src=\"https:\/\/www.google.com\/maps\/embed?pb=!1m18!1m12!1m3!1d3563.978667408459!2d-80.09771648495935!3d26.713128483213993!2m3!1f0!2f0!3f0!3m2!1i1024!2i768!4f13.1!3m3!1m2!1s0x88d8d61e5fa72905%3A0xa07b702da23ae6fb!2s2139%20Palm%20Beach%20Lakes%20Blvd%2C%20West%20Palm%20Beach%2C%20FL%2033409!5e0!3m2!1sen!2sus!4v1618519371885!5m2!1sen!2sus\" width=\"400\" height=\"300\" allowfullscreen=\"allowfullscreen\"><\/iframe><\/p>\n\n\t\t<\/div>\n\t<\/div>\n<\/div><\/div><\/div><div class=\"wpb_column vc_column_container vc_col-sm-1\"><div class=\"vc_column-inner\"><div class=\"wpb_wrapper\"><\/div><\/div><\/div><div class=\"wpb_column vc_column_container vc_col-sm-7\"><div class=\"vc_column-inner\"><div class=\"wpb_wrapper\">\n\t<div class=\"wpb_text_column wpb_content_element\" >\n\t\t<div class=\"wpb_wrapper\">\n\t\t\t<h2 style=\"text-align: left;\"><span style=\"color: #0000ff;\">Juan C. Diaz Avila, Esq.<\/span><\/h2>\n<hr \/>\n<p>Juan C. Diaz Avila naci\u00f3 en Bogot\u00e1, Colombia, y se mud\u00f3 a Florida a los 21 a\u00f1os. Obtuvo su t\u00edtulo universitario cum laude de la Universidad Internacional de Florida, con especializaci\u00f3n en Relaciones Internacionales. Luego obtuvo su Doctorado en Jurisprudencia de la Facultad de Derecho de la Universidad Internacional de Florida, donde se destac\u00f3 en sus clases de defensa y escritura legal.<\/p>\n<p>El Sr. D\u00edaz ha dedicado su carrera legal al litigio de lesiones personales, responsabilidad de locales comerciales, muerte por negligencia, seguridad negligente y reclamos de responsabilidad de productos, representando a sus clientes en tribunales estatales y federales desde el inicio del caso hasta el juicio. Como hablante nativo de espa\u00f1ol, est\u00e1 especialmente bien experimentado para comprender y atender las necesidades de la comunidad latina.<\/p>\n<p>Antes de trabajar para las personas lesionadas, el Sr. D\u00edaz trabaj\u00f3 en el bufete de abogados de defensa de seguros m\u00e1s grande de Florida, donde defendi\u00f3 demandas por lesiones personales en nombre de algunas de las compa\u00f1\u00edas de seguros m\u00e1s establecidas. Ahora aplica este conocimiento del funcionamiento interno de la industria de seguros para obtener compensaci\u00f3n por lesiones causadas por la negligencia de otros.<\/p>\n\n\t\t<\/div>\n\t<\/div>\n\n\t<div class=\"wpb_text_column wpb_content_element\" >\n\t\t<div class=\"wpb_wrapper\">\n\t\t\t<h3>Areas de Pr\u00e1ctica<\/h3>\n<hr \/>\n<p>Lesiones Personales<br \/>\nMuerte Injusta<br \/>\nNegligencia M\u00e9dica<br \/>\nNegligencia de Enfermer\u00eda<br \/>\nSeguridad negligente<br \/>\nResponsabilidad por productos<\/p>\n\n\t\t<\/div>\n\t<\/div>\n\n\t<div class=\"wpb_text_column wpb_content_element\" >\n\t\t<div class=\"wpb_wrapper\">\n\t\t\t<h3>Educaci\u00f3n<\/h3>\n<hr \/>\n<p>J.D., Florida International University College of Law<br \/>\nB.A. (cum laude), Florida International University<\/p>\n\n\t\t<\/div>\n\t<\/div>\n\n\t<div class=\"wpb_text_column wpb_content_element\" >\n\t\t<div class=\"wpb_wrapper\">\n\t\t\t<h3>Admisi\u00f3n a la Pr\u00e1ctica<\/h3>\n<hr \/>\n<p>Todos los tribunales estatales de Florida<br \/>\nTribunal de Distrito de los Estados Unidos, Distrito Sur de Florida.<br \/>\nTribunal de Distrito de EE. UU., Distrito Medio de Florida<\/p>\n\n\t\t<\/div>\n\t<\/div>\n\n\t<div class=\"wpb_text_column wpb_content_element\" >\n\t\t<div class=\"wpb_wrapper\">\n\t\t\t<h3>Idiomas<\/h3>\n<hr \/>\n<p>Fluidez en Ingl\u00e9s y Espa\u00f1ol.<\/p>\n\n\t\t<\/div>\n\t<\/div>\n<\/div><\/div><\/div><\/div>\n<\/div>","protected":false},"excerpt":{"rendered":"Juan C. Diaz Avila, Esq. Searcy, Denney, Scarola, Barnhart, &amp; Shipley, P.A. 2139 Palm Beach Lakes Blvd. West Palm Beach,","protected":false},"author":1,"featured_media":0,"parent":8600,"menu_order":0,"comment_status":"closed","ping_status":"closed","template":"","meta":{"footnotes":""},"class_list":["post-7678","page","type-page","status-publish","hentry"],"_links":{"self":[{"href":"https:\/\/colbar.org\/es\/wp-json\/wp\/v2\/pages\/7678","targetHints":{"allow":["GET"]}}],"collection":[{"href":"https:\/\/colbar.org\/es\/wp-json\/wp\/v2\/pages"}],"about":[{"href":"https:\/\/colbar.org\/es\/wp-json\/wp\/v2\/types\/page"}],"author":[{"embeddable":true,"href":"https:\/\/colbar.org\/es\/wp-json\/wp\/v2\/users\/1"}],"replies":[{"embeddable":true,"href":"https:\/\/colbar.org\/es\/wp-json\/wp\/v2\/comments?post=7678"}],"version-history":[{"count":0,"href":"https:\/\/colbar.org\/es\/wp-json\/wp\/v2\/pages\/7678\/revisions"}],"up":[{"embeddable":true,"href":"https:\/\/colbar.org\/es\/wp-json\/wp\/v2\/pages\/8600"}],"wp:attachment":[{"href":"https:\/\/colbar.org\/es\/wp-json\/wp\/v2\/media?parent=7678"}],"curies":[{"name":"wp","href":"https:\/\/api.w.org\/{rel}","templated":true}]}}