{"id":7681,"date":"2021-04-15T17:00:07","date_gmt":"2021-04-15T21:00:07","guid":{"rendered":"https:\/\/colbar.org\/?page_id=7681"},"modified":"2026-03-19T15:41:08","modified_gmt":"2026-03-19T19:41:08","slug":"juan-g-mejia","status":"publish","type":"page","link":"https:\/\/colbar.org\/es\/attorneys\/juan-g-mejia\/","title":{"rendered":"Juan G. Mejia, Esq."},"content":{"rendered":"<div class=\"wpb-content-wrapper\"><div class=\"vc_row wpb_row vc_row-fluid\"><div class=\"wpb_column vc_column_container vc_col-sm-4\"><div class=\"vc_column-inner vc_custom_1618350251727\"><div class=\"wpb_wrapper\">\n\t<div  class=\"wpb_single_image wpb_content_element vc_align_center\">\n\t\t\n\t\t<figure class=\"wpb_wrapper vc_figure\">\n\t\t\t<div class=\"vc_single_image-wrapper   vc_box_border_grey\"><img loading=\"lazy\" decoding=\"async\" width=\"253\" height=\"300\" src=\"https:\/\/colbar.org\/wp-content\/uploads\/Juan-Mejia.jpg\" class=\"vc_single_image-img attachment-full\" alt=\"Juan Mejia\" title=\"Juan Mejia\" \/><\/div>\n\t\t<\/figure>\n\t<\/div>\n\n\t<div class=\"wpb_text_column wpb_content_element\" >\n\t\t<div class=\"wpb_wrapper\">\n\t\t\t<h6 style=\"text-align: center;\"><strong>Juan G. Mejia, Esq.<\/strong><\/h6>\n\n\t\t<\/div>\n\t<\/div>\n\n\t<div class=\"wpb_text_column wpb_content_element\" >\n\t\t<div class=\"wpb_wrapper\">\n\t\t\t<p style=\"text-align: center;\"><strong>Mejia Law Group<\/strong><br \/>\n9100 S Dadeland Blvd, Suite 512<br \/>\nMiami, FL 33156<\/p>\n\n\t\t<\/div>\n\t<\/div>\n<div class=\"vc_btn3-container vc_btn3-center vc_do_btn\" ><a class=\"vc_general vc_btn3 vc_btn3-size-sm vc_btn3-shape-rounded vc_btn3-style-modern vc_btn3-block vc_btn3-icon-left vc_btn3-color-sky\" href=\"https:\/\/www.mlawfl.com\/\" title=\"\" target=\"_blank\"><i class=\"vc_btn3-icon fas fa-globe\"><\/i> Visit Website<\/a><\/div><div class=\"vc_btn3-container vc_btn3-center vc_do_btn\" ><a class=\"vc_general vc_btn3 vc_btn3-size-sm vc_btn3-shape-rounded vc_btn3-style-modern vc_btn3-block vc_btn3-icon-left vc_btn3-color-success\" href=\"mailto:juan@mlawfl.com\" title=\"\" target=\"_blank\"><i class=\"vc_btn3-icon far fa-envelope\"><\/i> Email<\/a><\/div><div class=\"vc_btn3-container vc_btn3-center vc_do_btn\" ><a class=\"vc_general vc_btn3 vc_btn3-size-sm vc_btn3-shape-rounded vc_btn3-style-modern vc_btn3-block vc_btn3-icon-left vc_btn3-color-mulled-wine\" href=\"tel:17863133669\" title=\"\" target=\"_blank\"><i class=\"vc_btn3-icon fas fa-phone-square-alt\"><\/i> (786) 313-3669<\/a><\/div>\n\t<div class=\"wpb_text_column wpb_content_element\" >\n\t\t<div class=\"wpb_wrapper\">\n\t\t\t<p style=\"text-align: center;\"><strong>MAPA Y DIRECCIONES<\/strong><\/p>\n\n\t\t<\/div>\n\t<\/div>\n\n\t<div class=\"wpb_text_column wpb_content_element\" >\n\t\t<div class=\"wpb_wrapper\">\n\t\t\t<p><iframe loading=\"lazy\" style=\"border: 0;\" src=\"https:\/\/www.google.com\/maps\/embed?pb=!1m18!1m12!1m3!1d3593.3021707120047!2d-80.39062638497909!3d25.76058098363735!2m3!1f0!2f0!3f0!3m2!1i1024!2i768!4f13.1!3m3!1m2!1s0x88d9bf187829e63f%3A0x1c996dc11802ac06!2s11890%20SW%208th%20St%20%23406%2C%20Miami%2C%20FL%2033184!5e0!3m2!1sen!2sus!4v1618351597558!5m2!1sen!2sus\" width=\"400\" height=\"300\" allowfullscreen=\"allowfullscreen\"><\/iframe><\/p>\n\n\t\t<\/div>\n\t<\/div>\n<\/div><\/div><\/div><div class=\"wpb_column vc_column_container vc_col-sm-1\"><div class=\"vc_column-inner\"><div class=\"wpb_wrapper\"><\/div><\/div><\/div><div class=\"wpb_column vc_column_container vc_col-sm-7\"><div class=\"vc_column-inner\"><div class=\"wpb_wrapper\">\n\t<div class=\"wpb_text_column wpb_content_element\" >\n\t\t<div class=\"wpb_wrapper\">\n\t\t\t<h2 style=\"text-align: left;\"><span style=\"color: #0000ff;\">Juan G. Mejia, Esq.<\/span><\/h2>\n<hr \/>\n<p>Nacido en Medell\u00edn, Colombia, Juan se mud\u00f3 a los Estados Unidos en 1998. Es un abogado triling\u00fce, con competencia en ingl\u00e9s, espa\u00f1ol y portugu\u00e9s, que ha centrado su carrera legal en la representaci\u00f3n de asociaciones comunitarias, principalmente en cobranzas y litigios de cumplimiento de pactos. Tambi\u00e9n representa a clientes en asuntos relacionados con bienes ra\u00edces y litigios en todo el estado de Florida.<\/p>\n<p>Juan es miembro de la Secci\u00f3n de Derecho de Bienes Ra\u00edces, Sucesiones y Fideicomisos del Colegio de Abogados de la Florida y entre sus logros, figura como abogado Estrella en Ascenso de S\u00faper Abogados de la Florida para los a\u00f1os 2019, 2020 y 2021. Bajo esta categor\u00eda altamente selectiva, no m\u00e1s del 2.5 por ciento de los abogados en cada estado son reconocidos.<\/p>\n<p>Juan se gradu\u00f3 de la Universidad de Florida y recibi\u00f3 su t\u00edtulo de abogado de la Facultad de Derecho de la Universidad Internacional de Florida. Mientras estudiaba derecho, obtuvo varios premios como el Premio a la Excelencia en el Estudio del Derecho de Propiedad Intelectual de la American Bar Association as\u00ed como los Premios CALI Excellence for the Future para ambos, Derecho de Propiedad Intelectual y Derecho de Computadoras e Internet.<\/p>\n\n\t\t<\/div>\n\t<\/div>\n\n\t<div class=\"wpb_text_column wpb_content_element\" >\n\t\t<div class=\"wpb_wrapper\">\n\t\t\t<h3>Areas de Pr\u00e1ctica<\/h3>\n<hr \/>\n<p>Ley de Asociaciones Comunitarias<br \/>\nLey de Inversionistas de Ejecuci\u00f3n Hipotecaria<br \/>\nDerecho inmobiliario<\/p>\n\n\t\t<\/div>\n\t<\/div>\n\n\t<div class=\"wpb_text_column wpb_content_element\" >\n\t\t<div class=\"wpb_wrapper\">\n\t\t\t<h3>Educaci\u00f3n<\/h3>\n<hr \/>\n<p>J.D., Florida International University, 2009<br \/>\nB.A., University of Florida, 2005 (Political Science)<\/p>\n\n\t\t<\/div>\n\t<\/div>\n\n\t<div class=\"wpb_text_column wpb_content_element\" >\n\t\t<div class=\"wpb_wrapper\">\n\t\t\t<h3>Admisi\u00f3n a la Pr\u00e1ctica<\/h3>\n<hr \/>\n<p>Todos los tribunales estatales de Florida<br \/>\nTribunal de Distrito de los Estados Unidos, Distrito Sur de Florida.<\/p>\n\n\t\t<\/div>\n\t<\/div>\n\n\t<div class=\"wpb_text_column wpb_content_element\" >\n\t\t<div class=\"wpb_wrapper\">\n\t\t\t<h3>Idiomas<\/h3>\n<hr \/>\n<p>Habla ingl\u00e9s, Espa\u00f1ol y Portugu\u00e9s con fluidez.<\/p>\n\n\t\t<\/div>\n\t<\/div>\n<\/div><\/div><\/div><\/div>\n<\/div>","protected":false},"excerpt":{"rendered":"Juan G. Mejia, Esq. Mejia Law Group 9100 S Dadeland Blvd, Suite 512 Miami, FL 33156 Visit Website Send Email","protected":false},"author":1,"featured_media":0,"parent":8600,"menu_order":0,"comment_status":"closed","ping_status":"closed","template":"","meta":{"footnotes":""},"class_list":["post-7681","page","type-page","status-publish","hentry"],"_links":{"self":[{"href":"https:\/\/colbar.org\/es\/wp-json\/wp\/v2\/pages\/7681","targetHints":{"allow":["GET"]}}],"collection":[{"href":"https:\/\/colbar.org\/es\/wp-json\/wp\/v2\/pages"}],"about":[{"href":"https:\/\/colbar.org\/es\/wp-json\/wp\/v2\/types\/page"}],"author":[{"embeddable":true,"href":"https:\/\/colbar.org\/es\/wp-json\/wp\/v2\/users\/1"}],"replies":[{"embeddable":true,"href":"https:\/\/colbar.org\/es\/wp-json\/wp\/v2\/comments?post=7681"}],"version-history":[{"count":0,"href":"https:\/\/colbar.org\/es\/wp-json\/wp\/v2\/pages\/7681\/revisions"}],"up":[{"embeddable":true,"href":"https:\/\/colbar.org\/es\/wp-json\/wp\/v2\/pages\/8600"}],"wp:attachment":[{"href":"https:\/\/colbar.org\/es\/wp-json\/wp\/v2\/media?parent=7681"}],"curies":[{"name":"wp","href":"https:\/\/api.w.org\/{rel}","templated":true}]}}