{"id":7687,"date":"2021-04-15T17:21:48","date_gmt":"2021-04-15T21:21:48","guid":{"rendered":"https:\/\/colbar.org\/?page_id=7687"},"modified":"2026-03-19T17:02:26","modified_gmt":"2026-03-19T21:02:26","slug":"patrick-vilar","status":"publish","type":"page","link":"https:\/\/colbar.org\/es\/attorneys\/patrick-vilar\/","title":{"rendered":"Patrick Vilar, Esq."},"content":{"rendered":"<div class=\"wpb-content-wrapper\"><div class=\"vc_row wpb_row vc_row-fluid\"><div class=\"wpb_column vc_column_container vc_col-sm-4\"><div class=\"vc_column-inner vc_custom_1618350251727\"><div class=\"wpb_wrapper\">\n\t<div  class=\"wpb_single_image wpb_content_element vc_align_center\">\n\t\t\n\t\t<figure class=\"wpb_wrapper vc_figure\">\n\t\t\t<div class=\"vc_single_image-wrapper   vc_box_border_grey\"><img loading=\"lazy\" decoding=\"async\" width=\"253\" height=\"300\" src=\"https:\/\/colbar.org\/wp-content\/uploads\/Patrick-Vilar-1.jpg\" class=\"vc_single_image-img attachment-full\" alt=\"Patrick Vilar\" title=\"Patrick Vilar\" \/><\/div>\n\t\t<\/figure>\n\t<\/div>\n\n\t<div class=\"wpb_text_column wpb_content_element\" >\n\t\t<div class=\"wpb_wrapper\">\n\t\t\t<h6 style=\"text-align: center;\"><strong>Patrick Vilar, Esq.<\/strong><\/h6>\n\n\t\t<\/div>\n\t<\/div>\n\n\t<div class=\"wpb_text_column wpb_content_element\" >\n\t\t<div class=\"wpb_wrapper\">\n\t\t\t<p style=\"text-align: center;\"><strong>Vilar Law, PA<\/strong><br \/>\n66 W Flagler St, Suite 500<br \/>\nMiami, FL 33130<\/p>\n\n\t\t<\/div>\n\t<\/div>\n<div class=\"vc_btn3-container vc_btn3-center vc_do_btn\" ><a class=\"vc_general vc_btn3 vc_btn3-size-sm vc_btn3-shape-rounded vc_btn3-style-modern vc_btn3-block vc_btn3-icon-left vc_btn3-color-sky\" href=\"https:\/\/www.vilarlaw.com\/\" title=\"\" target=\"_blank\"><i class=\"vc_btn3-icon fas fa-globe\"><\/i> Visit Website<\/a><\/div><div class=\"vc_btn3-container vc_btn3-center vc_do_btn\" ><a class=\"vc_general vc_btn3 vc_btn3-size-sm vc_btn3-shape-rounded vc_btn3-style-modern vc_btn3-block vc_btn3-icon-left vc_btn3-color-success\" href=\"mailto:patrick@vilarlaw.com\" title=\"\" target=\"_blank\"><i class=\"vc_btn3-icon far fa-envelope\"><\/i> Email<\/a><\/div><div class=\"vc_btn3-container vc_btn3-center vc_do_btn\" ><a class=\"vc_general vc_btn3 vc_btn3-size-sm vc_btn3-shape-rounded vc_btn3-style-modern vc_btn3-block vc_btn3-icon-left vc_btn3-color-mulled-wine\" href=\"tel:13053738000\" title=\"\" target=\"_blank\"><i class=\"vc_btn3-icon fas fa-phone-square-alt\"><\/i> (305) 373-8000<\/a><\/div>\n\t<div class=\"wpb_text_column wpb_content_element\" >\n\t\t<div class=\"wpb_wrapper\">\n\t\t\t<p style=\"text-align: center;\"><a href=\"https:\/\/www.linkedin.com\/in\/patrick-vilar-9a167229\/\" target=\"_blank\" rel=\"noopener\"><img loading=\"lazy\" decoding=\"async\" class=\"alignnone size-full wp-image-10300\" src=\"https:\/\/colbar.org\/wp-content\/uploads\/linkedin-icon-2.png\" alt=\"\" width=\"50\" height=\"50\" srcset=\"https:\/\/colbar.org\/wp-content\/uploads\/linkedin-icon-2.png 50w, https:\/\/colbar.org\/wp-content\/uploads\/linkedin-icon-2-12x12.png 12w\" sizes=\"auto, (max-width: 50px) 100vw, 50px\" \/><\/a><\/p>\n\n\t\t<\/div>\n\t<\/div>\n\n\t<div class=\"wpb_text_column wpb_content_element\" >\n\t\t<div class=\"wpb_wrapper\">\n\t\t\t<p style=\"text-align: center;\"><strong>MAPA Y DIRECCIONES<\/strong><\/p>\n\n\t\t<\/div>\n\t<\/div>\n\n\t<div class=\"wpb_text_column wpb_content_element\" >\n\t\t<div class=\"wpb_wrapper\">\n\t\t\t<p><iframe loading=\"lazy\" style=\"border: 0;\" src=\"https:\/\/www.google.com\/maps\/embed?pb=!1m18!1m12!1m3!1d3592.9009898395507!2d-80.1971394849788!3d25.77383368363134!2m3!1f0!2f0!3f0!3m2!1i1024!2i768!4f13.1!3m3!1m2!1s0x88d9b69bc4585a31%3A0x118fcf669c4f91d8!2s66%20W%20Flagler%20St%20%23500%2C%20Miami%2C%20FL%2033130!5e0!3m2!1sen!2sus!4v1618521407416!5m2!1sen!2sus\" width=\"400\" height=\"300\" allowfullscreen=\"allowfullscreen\"><\/iframe><\/p>\n\n\t\t<\/div>\n\t<\/div>\n<\/div><\/div><\/div><div class=\"wpb_column vc_column_container vc_col-sm-1\"><div class=\"vc_column-inner\"><div class=\"wpb_wrapper\"><\/div><\/div><\/div><div class=\"wpb_column vc_column_container vc_col-sm-7\"><div class=\"vc_column-inner\"><div class=\"wpb_wrapper\">\n\t<div class=\"wpb_text_column wpb_content_element\" >\n\t\t<div class=\"wpb_wrapper\">\n\t\t\t<h2 style=\"text-align: left;\"><span style=\"color: #0000ff;\">Patrick Vilar, Esq.<\/span><\/h2>\n<hr \/>\n<p>El Sr. Vilar es miembro fundador de Vilar Law, P.A., una firma de abogados que concentra su pr\u00e1ctica en el \u00e1rea de derecho de familia. Vilar Law, P.A., se fund\u00f3 con el objetivo de brindar a los clientes una representaci\u00f3n legal honesta, comprometida, en\u00e9rgica y eficiente en todas las \u00e1reas del derecho de familia a un precio razonable y justo. Al perseguir estos objetivos, el Sr. Vilar pone el mayor \u00e9nfasis en escuchar atentamente las inquietudes y preguntas de cada cliente, proteger los derechos del cliente y promover la posici\u00f3n del cliente.<\/p>\n<p>Practicando derecho de familia desde 1996 en Miami, Florida, el Sr. Vilar ha establecido una amplia y bien ganada reputaci\u00f3n por la resoluci\u00f3n honesta, oportuna y rentable de los problemas legales de su cliente, ya sea que las soluciones se logren mediante litigio o negociaci\u00f3n.<\/p>\n<p>El Sr. Vilar es minucioso y meticuloso al descubrir los detalles financieros de cada caso a trav\u00e9s de lo que se denomina la fase de descubrimiento de cada proceso. Con respecto a los temas m\u00e1s delicados, como la custodia de los hijos y el tiempo compartido, el Sr. Vilar reconoce que el inter\u00e9s superior de los ni\u00f1os es primordial. El bienestar de los ni\u00f1os siempre recibe la consideraci\u00f3n m\u00e1s cuidadosa por parte del Sr. Vilar en todos los casos.<\/p>\n<p>El Sr. Vilar recibi\u00f3 su Doctorado en Jurisprudencia (t\u00edtulo en derecho) de la Facultad de Derecho de la Universidad de Toledo. El Sr. Vilar es un participante activo del 1st Family Law American Inn of Court, una organizaci\u00f3n de abogados y jueces activos en derecho familiar, que promueve la excelencia legal, la pr\u00e1ctica \u00e9tica, el profesionalismo y el servicio p\u00fablico. El Sr. Vilar sirvi\u00f3 en la junta directiva durante muchos a\u00f1os y fue presidente en el per\u00edodo 2014-2015.<\/p>\n<p>El Sr. Vilar es actualmente miembro de la Asociaci\u00f3n de Abogados de Florida, la Asociaci\u00f3n de Abogados del Condado de Dade, y participa activamente en COLBAR (Asociaci\u00f3n de Abogados de Colombia en Estados Unidos), donde se desempe\u00f1\u00f3 como presidente y actualmente forma parte de la junta directiva. Est\u00e1 aprobado para ejercer ante los tribunales estatales y federales de Florida. El Sr. Vilar tambi\u00e9n fue Big Brother con Big Brother y Big Sisters of Greater Miami, se desempe\u00f1\u00f3 como presidente del Consejo Comunitario de Kendall, es un \u00e1vido triatleta y es un miembro activo de Toastmasters International.<\/p>\n\n\t\t<\/div>\n\t<\/div>\n\n\t<div class=\"wpb_text_column wpb_content_element\" >\n\t\t<div class=\"wpb_wrapper\">\n\t\t\t<h3>Areas de Pr\u00e1ctica<\/h3>\n<hr \/>\n<p>Procedimientos de Divorcio<br \/>\nAcuerdos Prenupciales y Post Nupciales<br \/>\nDivorcio de Alto Valor<\/p>\n\n\t\t<\/div>\n\t<\/div>\n\n\t<div class=\"wpb_text_column wpb_content_element\" >\n\t\t<div class=\"wpb_wrapper\">\n\t\t\t<h3>Educaci\u00f3n<\/h3>\n<hr \/>\n<p>J.D., University of Toledo College of Law<br \/>\nB.A., Florida International University<\/p>\n\n\t\t<\/div>\n\t<\/div>\n\n\t<div class=\"wpb_text_column wpb_content_element\" >\n\t\t<div class=\"wpb_wrapper\">\n\t\t\t<h3>Admisi\u00f3n a la Pr\u00e1ctica<\/h3>\n<hr \/>\n<p>Todos los tribunales estatales de Florida<\/p>\n\n\t\t<\/div>\n\t<\/div>\n\n\t<div class=\"wpb_text_column wpb_content_element\" >\n\t\t<div class=\"wpb_wrapper\">\n\t\t\t<h3>Idiomas<\/h3>\n<hr \/>\n<p>Fluidez en Ingl\u00e9s y Espa\u00f1ol.<\/p>\n\n\t\t<\/div>\n\t<\/div>\n<\/div><\/div><\/div><\/div>\n<\/div>","protected":false},"excerpt":{"rendered":"Patrick Vilar, Esq. Vilar Law, PA 66 W Flagler St, Suite 500 Miami, FL 33130 Visit Website Send Email (305)","protected":false},"author":1,"featured_media":0,"parent":8600,"menu_order":0,"comment_status":"closed","ping_status":"closed","template":"","meta":{"footnotes":""},"class_list":["post-7687","page","type-page","status-publish","hentry"],"_links":{"self":[{"href":"https:\/\/colbar.org\/es\/wp-json\/wp\/v2\/pages\/7687","targetHints":{"allow":["GET"]}}],"collection":[{"href":"https:\/\/colbar.org\/es\/wp-json\/wp\/v2\/pages"}],"about":[{"href":"https:\/\/colbar.org\/es\/wp-json\/wp\/v2\/types\/page"}],"author":[{"embeddable":true,"href":"https:\/\/colbar.org\/es\/wp-json\/wp\/v2\/users\/1"}],"replies":[{"embeddable":true,"href":"https:\/\/colbar.org\/es\/wp-json\/wp\/v2\/comments?post=7687"}],"version-history":[{"count":0,"href":"https:\/\/colbar.org\/es\/wp-json\/wp\/v2\/pages\/7687\/revisions"}],"up":[{"embeddable":true,"href":"https:\/\/colbar.org\/es\/wp-json\/wp\/v2\/pages\/8600"}],"wp:attachment":[{"href":"https:\/\/colbar.org\/es\/wp-json\/wp\/v2\/media?parent=7687"}],"curies":[{"name":"wp","href":"https:\/\/api.w.org\/{rel}","templated":true}]}}