{"id":7690,"date":"2021-04-15T18:03:19","date_gmt":"2021-04-15T22:03:19","guid":{"rendered":"https:\/\/colbar.org\/?page_id=7690"},"modified":"2026-03-19T16:32:17","modified_gmt":"2026-03-19T20:32:17","slug":"martha-l-arias","status":"publish","type":"page","link":"https:\/\/colbar.org\/es\/attorneys\/martha-l-arias\/","title":{"rendered":"Martha L. Arias, Esq."},"content":{"rendered":"<div class=\"wpb-content-wrapper\"><div class=\"vc_row wpb_row vc_row-fluid\"><div class=\"wpb_column vc_column_container vc_col-sm-4\"><div class=\"vc_column-inner vc_custom_1618350251727\"><div class=\"wpb_wrapper\">\n\t<div  class=\"wpb_single_image wpb_content_element vc_align_center\">\n\t\t\n\t\t<figure class=\"wpb_wrapper vc_figure\">\n\t\t\t<div class=\"vc_single_image-wrapper   vc_box_border_grey\"><img loading=\"lazy\" decoding=\"async\" width=\"253\" height=\"300\" src=\"https:\/\/colbar.org\/wp-content\/uploads\/Martha-Arias.jpg\" class=\"vc_single_image-img attachment-full\" alt=\"Martha Arias\" title=\"Martha Arias\" \/><\/div>\n\t\t<\/figure>\n\t<\/div>\n\n\t<div class=\"wpb_text_column wpb_content_element\" >\n\t\t<div class=\"wpb_wrapper\">\n\t\t\t<h6 style=\"text-align: center;\"><strong>Martha L. Arias, Esq.<\/strong><\/h6>\n\n\t\t<\/div>\n\t<\/div>\n\n\t<div class=\"wpb_text_column wpb_content_element\" >\n\t\t<div class=\"wpb_wrapper\">\n\t\t\t<p style=\"text-align: center;\"><strong>Arias Villa PLLC<\/strong><br \/>\n9100 S. Dadeland Blvd, Suite 510<br \/>\nMiami, FL 33156<\/p>\n\n\t\t<\/div>\n\t<\/div>\n<div class=\"vc_btn3-container vc_btn3-center vc_do_btn\" ><a class=\"vc_general vc_btn3 vc_btn3-size-sm vc_btn3-shape-rounded vc_btn3-style-modern vc_btn3-block vc_btn3-icon-left vc_btn3-color-sky\" href=\"https:\/\/www.ariasvilla.com\/\" title=\"\" target=\"_blank\"><i class=\"vc_btn3-icon fas fa-globe\"><\/i> Visit Website<\/a><\/div><div class=\"vc_btn3-container vc_btn3-center vc_do_btn\" ><a class=\"vc_general vc_btn3 vc_btn3-size-sm vc_btn3-shape-rounded vc_btn3-style-modern vc_btn3-block vc_btn3-icon-left vc_btn3-color-success\" href=\"mailto:martha@ariasvilla.com\" title=\"\"><i class=\"vc_btn3-icon far fa-envelope\"><\/i> Email<\/a><\/div><div class=\"vc_btn3-container vc_btn3-center vc_do_btn\" ><a class=\"vc_general vc_btn3 vc_btn3-size-sm vc_btn3-shape-rounded vc_btn3-style-modern vc_btn3-block vc_btn3-icon-left vc_btn3-color-mulled-wine\" href=\"tel:13056710018\" title=\"\" target=\"_blank\"><i class=\"vc_btn3-icon fas fa-phone-square-alt\"><\/i> (305) 671-0018<\/a><\/div>\n\t<div class=\"wpb_text_column wpb_content_element\" >\n\t\t<div class=\"wpb_wrapper\">\n\t\t\t<p><a href=\"https:\/\/www.facebook.com\/Ariasvillalaw\" target=\"_blank\" rel=\"noopener\"><img loading=\"lazy\" decoding=\"async\" class=\"alignnone size-full wp-image-10302\" src=\"https:\/\/colbar.org\/wp-content\/uploads\/facebook-icon-1.png\" alt=\"\" width=\"50\" height=\"50\" srcset=\"https:\/\/colbar.org\/wp-content\/uploads\/facebook-icon-1.png 50w, https:\/\/colbar.org\/wp-content\/uploads\/facebook-icon-1-12x12.png 12w\" sizes=\"auto, (max-width: 50px) 100vw, 50px\" \/><\/a><a href=\"https:\/\/www.instagram.com\/martha_arias98\/\" target=\"_blank\" rel=\"noopener\"><img loading=\"lazy\" decoding=\"async\" class=\"alignnone size-full wp-image-10298\" src=\"https:\/\/colbar.org\/wp-content\/uploads\/instagram-icon-1.png\" alt=\"\" width=\"50\" height=\"50\" srcset=\"https:\/\/colbar.org\/wp-content\/uploads\/instagram-icon-1.png 50w, https:\/\/colbar.org\/wp-content\/uploads\/instagram-icon-1-12x12.png 12w\" sizes=\"auto, (max-width: 50px) 100vw, 50px\" \/><\/a><a href=\"https:\/\/x.com\/martaLarias\" target=\"_blank\" rel=\"noopener\"><img loading=\"lazy\" decoding=\"async\" class=\"alignnone size-full wp-image-10301\" src=\"https:\/\/colbar.org\/wp-content\/uploads\/x-icon.png\" alt=\"\" width=\"50\" height=\"50\" srcset=\"https:\/\/colbar.org\/wp-content\/uploads\/x-icon.png 50w, https:\/\/colbar.org\/wp-content\/uploads\/x-icon-12x12.png 12w\" sizes=\"auto, (max-width: 50px) 100vw, 50px\" \/><\/a><a href=\"https:\/\/www.linkedin.com\/in\/martha-l-arias-b335a41b\" target=\"_blank\" rel=\"noopener\"><img loading=\"lazy\" decoding=\"async\" class=\"alignnone size-full wp-image-10300\" src=\"https:\/\/colbar.org\/wp-content\/uploads\/linkedin-icon-2.png\" alt=\"\" width=\"50\" height=\"50\" srcset=\"https:\/\/colbar.org\/wp-content\/uploads\/linkedin-icon-2.png 50w, https:\/\/colbar.org\/wp-content\/uploads\/linkedin-icon-2-12x12.png 12w\" sizes=\"auto, (max-width: 50px) 100vw, 50px\" \/><\/a><a href=\"https:\/\/www.youtube.com\/@AriasVilla\" target=\"_blank\" rel=\"noopener\"><img loading=\"lazy\" decoding=\"async\" class=\"alignnone size-full wp-image-10408\" src=\"https:\/\/colbar.org\/wp-content\/uploads\/youtube-icon.png\" alt=\"\" width=\"50\" height=\"50\" srcset=\"https:\/\/colbar.org\/wp-content\/uploads\/youtube-icon.png 50w, https:\/\/colbar.org\/wp-content\/uploads\/youtube-icon-12x12.png 12w\" sizes=\"auto, (max-width: 50px) 100vw, 50px\" \/><\/a><\/p>\n\n\t\t<\/div>\n\t<\/div>\n\n\t<div class=\"wpb_text_column wpb_content_element\" >\n\t\t<div class=\"wpb_wrapper\">\n\t\t\t<p style=\"text-align: center;\"><strong>MAPA Y DIRECCIONES<\/strong><\/p>\n\n\t\t<\/div>\n\t<\/div>\n\n\t<div class=\"wpb_text_column wpb_content_element\" >\n\t\t<div class=\"wpb_wrapper\">\n\t\t\t<p><iframe loading=\"lazy\" style=\"border: 0;\" src=\"https:\/\/www.google.com\/maps\/embed?pb=!1m14!1m8!1m3!1d14382.333470819824!2d-80.3143558!3d25.6851023!3m2!1i1024!2i768!4f13.1!3m3!1m2!1s0x88d9c7a5c0cac233%3A0xcf79f8293bb00290!2sArias%20Villa%20PLLC!5e0!3m2!1sen!2sus!4v1719786214447!5m2!1sen!2sus\" width=\"400\" height=\"300\" allowfullscreen=\"allowfullscreen\"><\/iframe><\/p>\n\n\t\t<\/div>\n\t<\/div>\n<\/div><\/div><\/div><div class=\"wpb_column vc_column_container vc_col-sm-1\"><div class=\"vc_column-inner\"><div class=\"wpb_wrapper\"><\/div><\/div><\/div><div class=\"wpb_column vc_column_container vc_col-sm-7\"><div class=\"vc_column-inner\"><div class=\"wpb_wrapper\">\n\t<div class=\"wpb_text_column wpb_content_element\" >\n\t\t<div class=\"wpb_wrapper\">\n\t\t\t<h2 style=\"text-align: left;\"><span style=\"color: #0000ff;\">Martha L. Arias, Esq.<\/span><\/h2>\n<hr \/>\n<p>Martha Liliana Arias is the founder and sole owner of Arias Villa PLLC, a full-service immigration law firm located in Miami, Fl.\u00a0 Martha has been exclusively and successfully practicing U.S. immigration law for almost two decades; she has relevant experience with removal defense cases, USCIS and NVC cases, and also business visas, particularly investors visas.<\/p>\n<p>Martha obtuvo su t\u00edtulo de Doctor en Jurisprudencia de la Facultad de Derecho de la Universidad de St. Thomas; tambi\u00e9n tiene una Maestr\u00eda en Derecho Comparado con \u00e9nfasis en Derecho Internacional de la Facultad de Derecho de la Universidad de Miami, y un Doctorado en Derecho de Colombia - una Especialidad en Derecho Civil.<\/p>\n<p>Martha habla ingl\u00e9s y espa\u00f1ol con fluidez. Martha est\u00e1 admitida para ejercer la abogac\u00eda en Florida; tambi\u00e9n est\u00e1 autorizada para ejercer ante el Tribunal de Apelaciones del 11\u00ba Circuito y el Tribunal de Distrito de EE. UU. para el Distrito Medio y Sur de Florida. Martha ha litigado casos de inmigraci\u00f3n ante el Tribunal de Circuito 11 y 9, el Distrito Sur y Medio de Florida, la Junta de Apelaciones de Inmigraci\u00f3n y la Oficina de Apelaciones Administrativas.<\/p>\n<p>Martha ha sido invitada a comentar sobre la ley de inmigraci\u00f3n por varios medios de comunicaci\u00f3n del Sur de la Florida y Sudam\u00e9rica, como La Mega TV, Canal 17, \u201cCanal Uno\u201d (Colombia), Actualidad Radio Miami, Blue Radio Colombia, EVTV Miami, Zona \u00c9xitos (Programa de TV de Venezuela) y Caracol Radio Miami. Adem\u00e1s, Martha tiene un programa de radio semanal en Caracol Radio Miami sobre leyes y noticias de inmigraci\u00f3n, que ha estado al aire durante los \u00faltimos 13 a\u00f1os y adem\u00e1s da las noticias de inmigraci\u00f3n en Actualidad Radio todos los lunes durante los \u00faltimos cuatro a\u00f1os.<\/p>\n<p>Adem\u00e1s, Martha es miembro activo de la Asociaci\u00f3n Estadounidense de Abogados de Inmigraci\u00f3n (AILA) desde 2005. Desde 2009, Martha ha sido miembro de la junta de AILA y ha participado en numerosos comit\u00e9s de AILA, incluido el Comit\u00e9 Federal de Litigios, el Comit\u00e9 ICE\/OCC y el Comit\u00e9 de USCIS. Tambi\u00e9n es miembro fundador de la Secci\u00f3n de Litigios Nacionales de AILA.<\/p>\n<p>Martha es ex presidenta de la Asociaci\u00f3n de Abogados de Colombia en Estados Unidos, donde ha estado activa durante m\u00e1s de 10 a\u00f1os. Las actividades comunitarias adicionales incluyen la participaci\u00f3n anual en el D\u00eda de la Gobernanza \u00c9tica por parte de la Comisi\u00f3n de \u00c9tica y Confianza P\u00fablica del Condado de Maimi-Dade, un programa para estudiantes de secundaria. Martha actualmente es parte de \u201cZona 33 \u2013 Colombianos en el Exterior\u201d, una organizaci\u00f3n sin fines de lucro a la cual brinda informaci\u00f3n y noticias sobre la ley de inmigraci\u00f3n de los Estados Unidos.<\/p>\n\n\t\t<\/div>\n\t<\/div>\n\n\t<div class=\"wpb_text_column wpb_content_element\" >\n\t\t<div class=\"wpb_wrapper\">\n\t\t\t<h3>Areas de Pr\u00e1ctica<\/h3>\n<hr \/>\n<p>Derecho de inmigraci\u00f3n<br \/>\nVisas de Negocios e Inversionistas<br \/>\nPeticiones Basadas en la Familia y el Empleo<br \/>\nApelaciones federales y administrativas de inmigraci\u00f3n<\/p>\n\n\t\t<\/div>\n\t<\/div>\n\n\t<div class=\"wpb_text_column wpb_content_element\" >\n\t\t<div class=\"wpb_wrapper\">\n\t\t\t<h3>Educaci\u00f3n<\/h3>\n<hr \/>\n<p>L.L.M. (Comparative Law), University of Miami School of Law<br \/>\nJ.D., St. Thomas University College of Law<\/p>\n\n\t\t<\/div>\n\t<\/div>\n\n\t<div class=\"wpb_text_column wpb_content_element\" >\n\t\t<div class=\"wpb_wrapper\">\n\t\t\t<h3>Admisi\u00f3n a la Pr\u00e1ctica<\/h3>\n<hr \/>\n<p>Todos los tribunales estatales de Florida<br \/>\nCorte de Apelaciones del Und\u00e9cimo Circuito<br \/>\nTribunal de Distrito de los Estados Unidos, Distrito Sur de Florida.<br \/>\nTribunal de Distrito de EE. UU., Distrito Medio de Florida<\/p>\n\n\t\t<\/div>\n\t<\/div>\n\n\t<div class=\"wpb_text_column wpb_content_element\" >\n\t\t<div class=\"wpb_wrapper\">\n\t\t\t<h3>Idiomas<\/h3>\n<hr \/>\n<p>Fluidez en Ingl\u00e9s y Espa\u00f1ol.<\/p>\n\n\t\t<\/div>\n\t<\/div>\n<\/div><\/div><\/div><\/div>\n<\/div>","protected":false},"excerpt":{"rendered":"Martha L. Arias, Esq. Arias Villa PLLC 9100 S. Dadeland Blvd, Suite 510 Miami, FL 33156 Visit Website Send Email","protected":false},"author":1,"featured_media":0,"parent":8600,"menu_order":0,"comment_status":"closed","ping_status":"closed","template":"","meta":{"footnotes":""},"class_list":["post-7690","page","type-page","status-publish","hentry"],"_links":{"self":[{"href":"https:\/\/colbar.org\/es\/wp-json\/wp\/v2\/pages\/7690","targetHints":{"allow":["GET"]}}],"collection":[{"href":"https:\/\/colbar.org\/es\/wp-json\/wp\/v2\/pages"}],"about":[{"href":"https:\/\/colbar.org\/es\/wp-json\/wp\/v2\/types\/page"}],"author":[{"embeddable":true,"href":"https:\/\/colbar.org\/es\/wp-json\/wp\/v2\/users\/1"}],"replies":[{"embeddable":true,"href":"https:\/\/colbar.org\/es\/wp-json\/wp\/v2\/comments?post=7690"}],"version-history":[{"count":0,"href":"https:\/\/colbar.org\/es\/wp-json\/wp\/v2\/pages\/7690\/revisions"}],"up":[{"embeddable":true,"href":"https:\/\/colbar.org\/es\/wp-json\/wp\/v2\/pages\/8600"}],"wp:attachment":[{"href":"https:\/\/colbar.org\/es\/wp-json\/wp\/v2\/media?parent=7690"}],"curies":[{"name":"wp","href":"https:\/\/api.w.org\/{rel}","templated":true}]}}