{"id":7732,"date":"2021-04-19T14:07:19","date_gmt":"2021-04-19T18:07:19","guid":{"rendered":"https:\/\/colbar.org\/?page_id=7732"},"modified":"2026-03-19T16:23:54","modified_gmt":"2026-03-19T20:23:54","slug":"maria-del-pilar-rubio","status":"publish","type":"page","link":"https:\/\/colbar.org\/es\/attorneys\/maria-del-pilar-rubio\/","title":{"rendered":"Maria del Pilar Rubio, Esq."},"content":{"rendered":"<div class=\"wpb-content-wrapper\"><div class=\"vc_row wpb_row vc_row-fluid\"><div class=\"wpb_column vc_column_container vc_col-sm-4\"><div class=\"vc_column-inner vc_custom_1618350251727\"><div class=\"wpb_wrapper\">\n\t<div  class=\"wpb_single_image wpb_content_element vc_align_center\">\n\t\t\n\t\t<figure class=\"wpb_wrapper vc_figure\">\n\t\t\t<div class=\"vc_single_image-wrapper   vc_box_border_grey\"><img loading=\"lazy\" decoding=\"async\" width=\"252\" height=\"300\" src=\"https:\/\/colbar.org\/wp-content\/uploads\/Maria-del-Pilar-Rubio-2.jpg\" class=\"vc_single_image-img attachment-full\" alt=\"\" title=\"Maria del Pilar Rubio\" srcset=\"https:\/\/colbar.org\/wp-content\/uploads\/Maria-del-Pilar-Rubio-2.jpg 252w, https:\/\/colbar.org\/wp-content\/uploads\/Maria-del-Pilar-Rubio-2-10x12.jpg 10w, https:\/\/colbar.org\/wp-content\/uploads\/Maria-del-Pilar-Rubio-2-125x150.jpg 125w\" sizes=\"auto, (max-width: 252px) 100vw, 252px\" \/><\/div>\n\t\t<\/figure>\n\t<\/div>\n\n\t<div class=\"wpb_text_column wpb_content_element\" >\n\t\t<div class=\"wpb_wrapper\">\n\t\t\t<h6 style=\"text-align: center;\"><strong>Maria del Pilar Rubio, Esq.<\/strong><\/h6>\n\n\t\t<\/div>\n\t<\/div>\n\n\t<div class=\"wpb_text_column wpb_content_element\" >\n\t\t<div class=\"wpb_wrapper\">\n\t\t\t<p style=\"text-align: center;\"><strong>Rubio International Law PLLC<\/strong><br \/>\n2030 S Douglas Rd, Suite 214<br \/>\nCoral Gables, FL 33134<\/p>\n\n\t\t<\/div>\n\t<\/div>\n<div class=\"vc_btn3-container vc_btn3-center vc_do_btn\" ><a class=\"vc_general vc_btn3 vc_btn3-size-sm vc_btn3-shape-rounded vc_btn3-style-modern vc_btn3-block vc_btn3-icon-left vc_btn3-color-sky\" href=\"https:\/\/rubio-law.com\" title=\"\" target=\"_blank\"><i class=\"vc_btn3-icon fas fa-globe\"><\/i> Visit Website<\/a><\/div><div class=\"vc_btn3-container vc_btn3-center vc_do_btn\" ><a class=\"vc_general vc_btn3 vc_btn3-size-sm vc_btn3-shape-rounded vc_btn3-style-modern vc_btn3-block vc_btn3-icon-left vc_btn3-color-success\" href=\"mailto:Pilar@rubio-law.com\" title=\"\" target=\"_blank\"><i class=\"vc_btn3-icon far fa-envelope\"><\/i> Email<\/a><\/div><div class=\"vc_btn3-container vc_btn3-center vc_do_btn\" ><a class=\"vc_general vc_btn3 vc_btn3-size-sm vc_btn3-shape-rounded vc_btn3-style-modern vc_btn3-block vc_btn3-icon-left vc_btn3-color-mulled-wine\" href=\"tel:13056323022\" title=\"\" target=\"_blank\"><i class=\"vc_btn3-icon fas fa-phone-square-alt\"><\/i> (305) 632-3022<\/a><\/div>\n\t<div class=\"wpb_text_column wpb_content_element\" >\n\t\t<div class=\"wpb_wrapper\">\n\t\t\t<p><a href=\"https:\/\/www.linkedin.com\/in\/maria-del-pilar-rubio-2b76636b\" target=\"_blank\" rel=\"noopener\"><img loading=\"lazy\" decoding=\"async\" class=\"size-full wp-image-10300 aligncenter\" src=\"https:\/\/colbar.org\/wp-content\/uploads\/linkedin-icon-2.png\" alt=\"\" width=\"50\" height=\"50\" srcset=\"https:\/\/colbar.org\/wp-content\/uploads\/linkedin-icon-2.png 50w, https:\/\/colbar.org\/wp-content\/uploads\/linkedin-icon-2-12x12.png 12w\" sizes=\"auto, (max-width: 50px) 100vw, 50px\" \/><\/a><\/p>\n\n\t\t<\/div>\n\t<\/div>\n\n\t<div class=\"wpb_text_column wpb_content_element\" >\n\t\t<div class=\"wpb_wrapper\">\n\t\t\t<p style=\"text-align: center;\"><strong>MAPA Y DIRECCIONES<\/strong><\/p>\n\n\t\t<\/div>\n\t<\/div>\n\n\t<div class=\"wpb_text_column wpb_content_element\" >\n\t\t<div class=\"wpb_wrapper\">\n\t\t\t<p><iframe loading=\"lazy\" style=\"border: 0;\" src=\"https:\/\/www.google.com\/maps\/embed?pb=!1m18!1m12!1m3!1d3593.5114408855416!2d-80.2574545849792!3d25.75366538364048!2m3!1f0!2f0!3f0!3m2!1i1024!2i768!4f13.1!3m3!1m2!1s0x88d9b798971817b5%3A0xbcdd53097fc9a927!2s2030%20Douglas%20Rd%20STE%20214%2C%20Coral%20Gables%2C%20FL%2033134!5e0!3m2!1sen!2sus!4v1618855170343!5m2!1sen!2sus\" width=\"400\" height=\"300\" allowfullscreen=\"allowfullscreen\"><\/iframe><\/p>\n\n\t\t<\/div>\n\t<\/div>\n<\/div><\/div><\/div><div class=\"wpb_column vc_column_container vc_col-sm-1\"><div class=\"vc_column-inner\"><div class=\"wpb_wrapper\"><\/div><\/div><\/div><div class=\"wpb_column vc_column_container vc_col-sm-7\"><div class=\"vc_column-inner\"><div class=\"wpb_wrapper\">\n\t<div class=\"wpb_text_column wpb_content_element\" >\n\t\t<div class=\"wpb_wrapper\">\n\t\t\t<h2 style=\"text-align: left;\"><span style=\"color: #0000ff;\">Maria del Pilar Rubio, Esq.<\/span><\/h2>\n<hr \/>\n<p>Mar\u00eda del Pilar Rubio es una destacada abogada con sede en Miami que se ocupa de las necesidades de clientes de alto poder adquisitivo y familias transfronterizas. Con base en sus logros en su profesi\u00f3n y su compromiso con la comunidad, en 2017 Pilar fue destacada como una de las 20 mejores profesionales menores de 40 a\u00f1os en la revista Brickell. Posteriormente en 2021, Pilar fue nuevamente reconocida por un grupo de sus colegas como merecedora de la nominaci\u00f3n a Best Lawyer: Ones To Watch, por la publicaci\u00f3n regional e internacional Best Lawyers.<\/p>\n<p>Pilar tiene una gran experiencia que incluye asesoramiento sobre fideicomisos nacionales e internacionales y planificaci\u00f3n patrimonial, planificaci\u00f3n previa a la inmigraci\u00f3n, planificaci\u00f3n de expatriaci\u00f3n, informes y cumplimiento internacional, cumplimiento voluntario en el extranjero y adquisici\u00f3n, mantenimiento y venta de bienes ra\u00edces en los EE. UU. por parte de extranjeros. Los a\u00f1os de pr\u00e1ctica de Pilar tambi\u00e9n incluyen la redacci\u00f3n de documentos de planificaci\u00f3n patrimonial, como testamentos, fideicomisos y documentos auxiliares.<\/p>\n<p>Su dedicaci\u00f3n y compromiso con la pr\u00e1ctica del derecho le vali\u00f3 a Pilar varias oportunidades como panelista y oradora. Entre ellos, la oportunidad de ser oradora frente a Overseas Property Professionals, en Londres en noviembre de 2014. All\u00ed, Pilar habl\u00f3 sobre los temas de \"Oportunidades a trav\u00e9s de la emigraci\u00f3n\" y \"Oportunidades en EE. UU. y Canad\u00e1: \u00bfcaliente o sobrecalentado?\" Un poco m\u00e1s de un a\u00f1o despu\u00e9s, en 2016, Pilar asisti\u00f3 a la Conferencia de Riqueza Internacional de SunTrust y brind\u00f3 actualizaciones regulatorias sobre los reg\u00edmenes FATCA y CRS. Luego, en 2017 en su ciudad natal de Bogot\u00e1, Pilar comparti\u00f3 su perspectiva en la conferencia \u201cReforma Tributaria Ley 1819 de 2016 y su impacto en Empresas de Familia\u201d.<\/p>\n<p>Pilar es una abogada facultada de Florida y est\u00e1 muy involucrada en lograr un impacto en la comunidad legal del sur de Florida. Es miembro de la Secci\u00f3n de Impuestos de la American Bar Association, miembro de la Secci\u00f3n de Impuestos de la Florida Bar Association y se ha desempe\u00f1ado como Tesorera de la Colombian American Bar Association desde 2019.<\/p>\n\n\t\t<\/div>\n\t<\/div>\n\n\t<div class=\"wpb_text_column wpb_content_element\" >\n\t\t<div class=\"wpb_wrapper\">\n\t\t\t<h3>Areas de Pr\u00e1ctica<\/h3>\n<hr \/>\n<p>Fiscalidad Internacional<br \/>\nServicios Para Clientes Privados<br \/>\nPlanificaci\u00f3n Patrimonial Nacional e Internacional<\/p>\n\n\t\t<\/div>\n\t<\/div>\n\n\t<div class=\"wpb_text_column wpb_content_element\" >\n\t\t<div class=\"wpb_wrapper\">\n\t\t\t<h3>Educaci\u00f3n<\/h3>\n<hr \/>\n<p>L.L.M. (Taxation, 2014),University of Miami School of Law<br \/>\nJ.D. (<em>magna cum laude<\/em>, 2014) University of Miami School of Law<br \/>\nB.A. (<em>cum laude<\/em>, 2010) Florida International University<\/p>\n\n\t\t<\/div>\n\t<\/div>\n\n\t<div class=\"wpb_text_column wpb_content_element\" >\n\t\t<div class=\"wpb_wrapper\">\n\t\t\t<h3>Admisi\u00f3n a la Pr\u00e1ctica<\/h3>\n<hr \/>\n<p>Todos los tribunales estatales de Florida<\/p>\n\n\t\t<\/div>\n\t<\/div>\n\n\t<div class=\"wpb_text_column wpb_content_element\" >\n\t\t<div class=\"wpb_wrapper\">\n\t\t\t<h3>Idiomas<\/h3>\n<hr \/>\n<p>Fluidez en Ingl\u00e9s y Espa\u00f1ol.<\/p>\n\n\t\t<\/div>\n\t<\/div>\n<\/div><\/div><\/div><\/div>\n<\/div>","protected":false},"excerpt":{"rendered":"Maria del Pilar Rubio, Esq. Rubio International Law PLLC 2030 S Douglas Rd, Suite 214 Coral Gables, FL 33134 Visit","protected":false},"author":1,"featured_media":0,"parent":8600,"menu_order":0,"comment_status":"closed","ping_status":"closed","template":"","meta":{"footnotes":""},"class_list":["post-7732","page","type-page","status-publish","hentry"],"_links":{"self":[{"href":"https:\/\/colbar.org\/es\/wp-json\/wp\/v2\/pages\/7732","targetHints":{"allow":["GET"]}}],"collection":[{"href":"https:\/\/colbar.org\/es\/wp-json\/wp\/v2\/pages"}],"about":[{"href":"https:\/\/colbar.org\/es\/wp-json\/wp\/v2\/types\/page"}],"author":[{"embeddable":true,"href":"https:\/\/colbar.org\/es\/wp-json\/wp\/v2\/users\/1"}],"replies":[{"embeddable":true,"href":"https:\/\/colbar.org\/es\/wp-json\/wp\/v2\/comments?post=7732"}],"version-history":[{"count":0,"href":"https:\/\/colbar.org\/es\/wp-json\/wp\/v2\/pages\/7732\/revisions"}],"up":[{"embeddable":true,"href":"https:\/\/colbar.org\/es\/wp-json\/wp\/v2\/pages\/8600"}],"wp:attachment":[{"href":"https:\/\/colbar.org\/es\/wp-json\/wp\/v2\/media?parent=7732"}],"curies":[{"name":"wp","href":"https:\/\/api.w.org\/{rel}","templated":true}]}}