{"id":7770,"date":"2021-04-21T18:26:32","date_gmt":"2021-04-21T22:26:32","guid":{"rendered":"https:\/\/colbar.org\/?page_id=7770"},"modified":"2026-03-20T16:46:02","modified_gmt":"2026-03-20T20:46:02","slug":"walter-a-reynoso","status":"publish","type":"page","link":"https:\/\/colbar.org\/es\/attorneys\/walter-a-reynoso\/","title":{"rendered":"Walter A. Reynoso, Esq."},"content":{"rendered":"<div class=\"wpb-content-wrapper\"><div class=\"vc_row wpb_row vc_row-fluid\"><div class=\"wpb_column vc_column_container vc_col-sm-4\"><div class=\"vc_column-inner vc_custom_1618350251727\"><div class=\"wpb_wrapper\">\n\t<div  class=\"wpb_single_image wpb_content_element vc_align_center\">\n\t\t\n\t\t<figure class=\"wpb_wrapper vc_figure\">\n\t\t\t<div class=\"vc_single_image-wrapper   vc_box_border_grey\"><img loading=\"lazy\" decoding=\"async\" width=\"253\" height=\"300\" src=\"https:\/\/colbar.org\/wp-content\/uploads\/Walter-Reynoso.jpg\" class=\"vc_single_image-img attachment-full\" alt=\"Walter Reynoso, ESQ.\" title=\"Walter Reynoso\" \/><\/div>\n\t\t<\/figure>\n\t<\/div>\n\n\t<div class=\"wpb_text_column wpb_content_element\" >\n\t\t<div class=\"wpb_wrapper\">\n\t\t\t<h6 style=\"text-align: center;\"><strong>Walter A. Reynoso, Esq.<\/strong><\/h6>\n\n\t\t<\/div>\n\t<\/div>\n\n\t<div class=\"wpb_text_column wpb_content_element\" >\n\t\t<div class=\"wpb_wrapper\">\n\t\t\t<p style=\"text-align: center;\"><strong>Law Offices of Walter A. Reynoso, P.A.<\/strong><br \/>\n2030 S. Douglas Rd, Suite 214<br \/>\nCoral Gables, FL 33134<\/p>\n\n\t\t<\/div>\n\t<\/div>\n<div class=\"vc_btn3-container vc_btn3-center vc_do_btn\" ><a class=\"vc_general vc_btn3 vc_btn3-size-sm vc_btn3-shape-rounded vc_btn3-style-modern vc_btn3-block vc_btn3-icon-left vc_btn3-color-sky\" href=\"https:\/\/lawreynoso.com\/\" title=\"\" target=\"_blank\"><i class=\"vc_btn3-icon fas fa-globe\"><\/i> Visit Website<\/a><\/div><div class=\"vc_btn3-container vc_btn3-center vc_do_btn\" ><a class=\"vc_general vc_btn3 vc_btn3-size-sm vc_btn3-shape-rounded vc_btn3-style-modern vc_btn3-block vc_btn3-icon-left vc_btn3-color-success\" href=\"mailto:lawreynoso@aol.com\" title=\"\" target=\"_blank\"><i class=\"vc_btn3-icon far fa-envelope\"><\/i> Email<\/a><\/div><div class=\"vc_btn3-container vc_btn3-center vc_do_btn\" ><a class=\"vc_general vc_btn3 vc_btn3-size-sm vc_btn3-shape-rounded vc_btn3-style-modern vc_btn3-block vc_btn3-icon-left vc_btn3-color-mulled-wine\" href=\"tel:13054418881\" title=\"\" target=\"_blank\"><i class=\"vc_btn3-icon fas fa-phone-square-alt\"><\/i> (305) 441-8881<\/a><\/div>\n\t<div class=\"wpb_text_column wpb_content_element\" >\n\t\t<div class=\"wpb_wrapper\">\n\t\t\t<p><a href=\"https:\/\/www.facebook.com\/lawreynoso2030\" target=\"_blank\" rel=\"noopener\"><img loading=\"lazy\" decoding=\"async\" class=\"alignnone size-full wp-image-10302\" src=\"https:\/\/colbar.org\/wp-content\/uploads\/facebook-icon-1.png\" alt=\"\" width=\"50\" height=\"50\" srcset=\"https:\/\/colbar.org\/wp-content\/uploads\/facebook-icon-1.png 50w, https:\/\/colbar.org\/wp-content\/uploads\/facebook-icon-1-12x12.png 12w\" sizes=\"auto, (max-width: 50px) 100vw, 50px\" \/><\/a><a href=\"https:\/\/www.linkedin.com\/in\/waterreynoso\" target=\"_blank\" rel=\"noopener\"><img loading=\"lazy\" decoding=\"async\" class=\"alignnone size-full wp-image-10300\" src=\"https:\/\/colbar.org\/wp-content\/uploads\/linkedin-icon-2.png\" alt=\"\" width=\"50\" height=\"50\" srcset=\"https:\/\/colbar.org\/wp-content\/uploads\/linkedin-icon-2.png 50w, https:\/\/colbar.org\/wp-content\/uploads\/linkedin-icon-2-12x12.png 12w\" sizes=\"auto, (max-width: 50px) 100vw, 50px\" \/><\/a><\/p>\n\n\t\t<\/div>\n\t<\/div>\n\n\t<div class=\"wpb_text_column wpb_content_element\" >\n\t\t<div class=\"wpb_wrapper\">\n\t\t\t<p style=\"text-align: center;\"><strong>MAPA Y DIRECCIONES<\/strong><\/p>\n\n\t\t<\/div>\n\t<\/div>\n\n\t<div class=\"wpb_text_column wpb_content_element\" >\n\t\t<div class=\"wpb_wrapper\">\n\t\t\t<p><iframe loading=\"lazy\" style=\"border: 0;\" src=\"https:\/\/www.google.com\/maps\/embed?pb=!1m18!1m12!1m3!1d3593.5114408855416!2d-80.2574545849792!3d25.75366538364048!2m3!1f0!2f0!3f0!3m2!1i1024!2i768!4f13.1!3m3!1m2!1s0x88d9b798971817b5%3A0xbcdd53097fc9a927!2s2030%20Douglas%20Rd%20STE%20214%2C%20Coral%20Gables%2C%20FL%2033134!5e0!3m2!1sen!2sus!4v1619043228620!5m2!1sen!2sus\" width=\"400\" height=\"300\" allowfullscreen=\"allowfullscreen\"><\/iframe><\/p>\n\n\t\t<\/div>\n\t<\/div>\n<\/div><\/div><\/div><div class=\"wpb_column vc_column_container vc_col-sm-1\"><div class=\"vc_column-inner\"><div class=\"wpb_wrapper\"><\/div><\/div><\/div><div class=\"wpb_column vc_column_container vc_col-sm-7\"><div class=\"vc_column-inner\"><div class=\"wpb_wrapper\">\n\t<div class=\"wpb_text_column wpb_content_element\" >\n\t\t<div class=\"wpb_wrapper\">\n\t\t\t<h2 style=\"text-align: left;\"><span style=\"color: #0000ff;\">Walter A. Reynoso, Esq.<\/span><\/h2>\n<hr \/>\n<p>Desde 1986, Walter A. Reynoso, Esq. ha dedicado su pr\u00e1ctica al manejo de la defensa penal en tribunales estatales y federales en todo el estado de Florida y en todo Estados Unidos. Un abogado de defensa penal muy respetado, el Sr. Reynoso ha representado con \u00e9xito a muchos clientes de alto perfil a lo largo de los a\u00f1os, incluidos atletas profesionales, pol\u00edticos, m\u00e9dicos, abogados y acusados \u200b\u200bprincipales en casos de delitos graves, cuello blanco, fraude electr\u00f3nico y lavado de dinero. Es miembro del Colegio de Abogados de Florida y est\u00e1 autorizado para ejercer en los Distritos Sur y Medio de los Tribunales de Distrito de los Estados Unidos.<\/p>\n<p>El Sr. Reynoso es un miembro vitalicio distinguido de la Asociaci\u00f3n Nacional de Abogados de Defensa Penal y es miembro actual y ex presidente de la Asociaci\u00f3n de Abogados de Colombia en Estados Unidos.<\/p>\n<p>Las Oficinas Legales de Walter A. Reynoso, P.A. ha recibido una calificaci\u00f3n AV del servicio de calificaci\u00f3n legal de Martindale-Hubbell. La calificaci\u00f3n AV es el galard\u00f3n m\u00e1s alto en el sistema de calificaci\u00f3n de Martindale-Hubbell y se otorg\u00f3 como resultado de una revisi\u00f3n extensa y confidencial realizada entre profesionales legales. El bufete de abogados tambi\u00e9n hab\u00eda sido reconocido como \"Mejores abogados\" en la Gu\u00eda legal del sur de la Florida y fue nombrado \"Mejores abogados en el pa\u00eds\" por la revista Newsweek.<\/p>\n<p>El Sr. Reynoso se gradu\u00f3 de la Facultad de Derecho de la Universidad de Boston en 1985. Mientras estuvo en la Universidad de Boston, fue redactor del personal del Reporter Digest del C\u00f3digo Comercial Uniforme de la Universidad de Boston y trabaj\u00f3 para el Departamento de Justicia, la Comisi\u00f3n de Bolsa y Valores, Divisi\u00f3n de Cumplimiento. El Sr. Reynoso tiene una licenciatura en Administraci\u00f3n de Empresas de la Universidad John Carroll.<\/p>\n<p>Cuando el Sr. Reynoso no est\u00e1 en la oficina, est\u00e1 activo en la comunidad. El Sr. Reynoso ofrece su tiempo como voluntario ayudando a las personas sin hogar del sur de la Florida y patrocina el <em>Chapman Partnership, <\/em><em>Camillus House<\/em> y <em>Miami Rescue Mission<\/em>. El bufete de abogados tambi\u00e9n lleva a cabo un Programa de Mentores Legales en las escuelas intermedias locales, donde los ni\u00f1os participan en un juicio simulado al participar como fiscales, abogados defensores y jurados. El Sr. Reynoso y su familia han recibido premios por sus esfuerzos en la coordinaci\u00f3n de fiestas navide\u00f1as y otros eventos para los ni\u00f1os de crianza del <em>Children\u2019s Home <\/em><em>Society<\/em> y para las familias en el <em>Chapman Partnerships<\/em>.<\/p>\n\n\t\t<\/div>\n\t<\/div>\n\n\t<div class=\"wpb_text_column wpb_content_element\" >\n\t\t<div class=\"wpb_wrapper\">\n\t\t\t<h3>Areas de Pr\u00e1ctica<\/h3>\n<hr \/>\n<p>Defensa Criminal de Cuello Blanco\/ Citaciones del Gran Jurado<br \/>\nDelitos Graves y Delitos Menores en los Tribunales Federales y Estatales<\/p>\n\n\t\t<\/div>\n\t<\/div>\n\n\t<div class=\"wpb_text_column wpb_content_element\" >\n\t\t<div class=\"wpb_wrapper\">\n\t\t\t<h3>Educaci\u00f3n<\/h3>\n<hr \/>\n<p>J.D., Boston College School of Law<br \/>\nB.A., John Carroll University<\/p>\n\n\t\t<\/div>\n\t<\/div>\n\n\t<div class=\"wpb_text_column wpb_content_element\" >\n\t\t<div class=\"wpb_wrapper\">\n\t\t\t<h3>Admisi\u00f3n a la Pr\u00e1ctica<\/h3>\n<hr \/>\n<p>Todos los tribunales estatales de Florida<br \/>\nTribunal de Distrito de los Estados Unidos, Distrito Sur de Florida.<br \/>\nTribunal de Distrito de EE. UU., Distrito Medio de Florida<\/p>\n\n\t\t<\/div>\n\t<\/div>\n\n\t<div class=\"wpb_text_column wpb_content_element\" >\n\t\t<div class=\"wpb_wrapper\">\n\t\t\t<h3>Idiomas<\/h3>\n<hr \/>\n<p>Fluidez en Ingl\u00e9s y Espa\u00f1ol.<\/p>\n\n\t\t<\/div>\n\t<\/div>\n\n\t<div class=\"wpb_text_column wpb_content_element\" >\n\t\t<div class=\"wpb_wrapper\">\n\t\t\t<h3>Video<\/h3>\n<hr \/>\n\n\t\t<\/div>\n\t<\/div>\n\n\t<div class=\"wpb_video_widget wpb_content_element vc_clearfix vc_video-aspect-ratio-169 vc_video-el-width-100 vc_video-align-left\" >\n\t\t<div class=\"wpb_wrapper\">\n\t\t\t\n\t\t\t<div class=\"wpb_video_wrapper\"><iframe loading=\"lazy\" title=\"Walter Reynoso | Miami, FL | Abogados de Defensa Criminal\" width=\"500\" height=\"281\" src=\"https:\/\/www.youtube.com\/embed\/OIwo92ymKdk?feature=oembed\" frameborder=\"0\" allow=\"accelerometer; autoplay; clipboard-write; encrypted-media; gyroscope; picture-in-picture; web-share\" referrerpolicy=\"strict-origin-when-cross-origin\" allowfullscreen><\/iframe><\/div>\n\t\t<\/div>\n\t<\/div>\n<\/div><\/div><\/div><\/div>\n<\/div>","protected":false},"excerpt":{"rendered":"Walter A. Reynoso, Esq. Law Offices of Walter A. Reynoso, P.A. 2030 S. Douglas Rd, Suite 214 Coral Gables, FL","protected":false},"author":1,"featured_media":0,"parent":8600,"menu_order":0,"comment_status":"closed","ping_status":"closed","template":"","meta":{"footnotes":""},"class_list":["post-7770","page","type-page","status-publish","hentry"],"_links":{"self":[{"href":"https:\/\/colbar.org\/es\/wp-json\/wp\/v2\/pages\/7770","targetHints":{"allow":["GET"]}}],"collection":[{"href":"https:\/\/colbar.org\/es\/wp-json\/wp\/v2\/pages"}],"about":[{"href":"https:\/\/colbar.org\/es\/wp-json\/wp\/v2\/types\/page"}],"author":[{"embeddable":true,"href":"https:\/\/colbar.org\/es\/wp-json\/wp\/v2\/users\/1"}],"replies":[{"embeddable":true,"href":"https:\/\/colbar.org\/es\/wp-json\/wp\/v2\/comments?post=7770"}],"version-history":[{"count":0,"href":"https:\/\/colbar.org\/es\/wp-json\/wp\/v2\/pages\/7770\/revisions"}],"up":[{"embeddable":true,"href":"https:\/\/colbar.org\/es\/wp-json\/wp\/v2\/pages\/8600"}],"wp:attachment":[{"href":"https:\/\/colbar.org\/es\/wp-json\/wp\/v2\/media?parent=7770"}],"curies":[{"name":"wp","href":"https:\/\/api.w.org\/{rel}","templated":true}]}}