{"id":7774,"date":"2021-04-21T18:44:34","date_gmt":"2021-04-21T22:44:34","guid":{"rendered":"https:\/\/colbar.org\/?page_id=7774"},"modified":"2026-03-19T15:56:18","modified_gmt":"2026-03-19T19:56:18","slug":"kristen-reynoso-jackwin","status":"publish","type":"page","link":"https:\/\/colbar.org\/es\/attorneys\/kristen-reynoso-jackwin\/","title":{"rendered":"Kristen Reynoso Jackwin, Esq."},"content":{"rendered":"<div class=\"wpb-content-wrapper\"><div class=\"vc_row wpb_row vc_row-fluid\"><div class=\"wpb_column vc_column_container vc_col-sm-4\"><div class=\"vc_column-inner vc_custom_1618350251727\"><div class=\"wpb_wrapper\">\n\t<div  class=\"wpb_single_image wpb_content_element vc_align_center\">\n\t\t\n\t\t<figure class=\"wpb_wrapper vc_figure\">\n\t\t\t<div class=\"vc_single_image-wrapper   vc_box_border_grey\"><img loading=\"lazy\" decoding=\"async\" width=\"253\" height=\"300\" src=\"https:\/\/colbar.org\/wp-content\/uploads\/Kristen-Reynoso-Jackwin.jpg\" class=\"vc_single_image-img attachment-full\" alt=\"Kristen Reynoso Jackwin\" title=\"Kristen Reynoso Jackwin\" \/><\/div>\n\t\t<\/figure>\n\t<\/div>\n\n\t<div class=\"wpb_text_column wpb_content_element\" >\n\t\t<div class=\"wpb_wrapper\">\n\t\t\t<h6 style=\"text-align: center;\"><strong>Kristen Reynoso Jackwin, Esq.<\/strong><\/h6>\n\n\t\t<\/div>\n\t<\/div>\n\n\t<div class=\"wpb_text_column wpb_content_element\" >\n\t\t<div class=\"wpb_wrapper\">\n\t\t\t<p style=\"text-align: center;\"><strong>Law Offices of Walter A. Reynoso, P.A.<\/strong><br \/>\n2030 S. Douglas Road, Suite 214<br \/>\nCoral Gables, FL 33134<\/p>\n\n\t\t<\/div>\n\t<\/div>\n<div class=\"vc_btn3-container vc_btn3-center vc_do_btn\" ><a class=\"vc_general vc_btn3 vc_btn3-size-sm vc_btn3-shape-rounded vc_btn3-style-modern vc_btn3-block vc_btn3-icon-left vc_btn3-color-sky\" href=\"https:\/\/lawreynoso.com\/\" title=\"\" target=\"_blank\"><i class=\"vc_btn3-icon fas fa-globe\"><\/i> Visit Website<\/a><\/div><div class=\"vc_btn3-container vc_btn3-center vc_do_btn\" ><a class=\"vc_general vc_btn3 vc_btn3-size-sm vc_btn3-shape-rounded vc_btn3-style-modern vc_btn3-block vc_btn3-icon-left vc_btn3-color-success\" href=\"mailto:kristen@lawreynoso.com\" title=\"\" target=\"_blank\"><i class=\"vc_btn3-icon far fa-envelope\"><\/i> Email<\/a><\/div><div class=\"vc_btn3-container vc_btn3-center vc_do_btn\" ><a class=\"vc_general vc_btn3 vc_btn3-size-sm vc_btn3-shape-rounded vc_btn3-style-modern vc_btn3-block vc_btn3-icon-left vc_btn3-color-mulled-wine\" href=\"tel:13054418881\" title=\"\" target=\"_blank\"><i class=\"vc_btn3-icon fas fa-phone-square-alt\"><\/i> (305) 441-8881<\/a><\/div>\n\t<div class=\"wpb_text_column wpb_content_element\" >\n\t\t<div class=\"wpb_wrapper\">\n\t\t\t<p><a href=\"https:\/\/www.facebook.com\/lawreynoso2030\" target=\"_blank\" rel=\"noopener\"><img loading=\"lazy\" decoding=\"async\" class=\"size-full wp-image-10302 aligncenter\" src=\"https:\/\/colbar.org\/wp-content\/uploads\/facebook-icon-1.png\" alt=\"\" width=\"50\" height=\"50\" srcset=\"https:\/\/colbar.org\/wp-content\/uploads\/facebook-icon-1.png 50w, https:\/\/colbar.org\/wp-content\/uploads\/facebook-icon-1-12x12.png 12w\" sizes=\"auto, (max-width: 50px) 100vw, 50px\" \/><\/a><\/p>\n\n\t\t<\/div>\n\t<\/div>\n\n\t<div class=\"wpb_text_column wpb_content_element\" >\n\t\t<div class=\"wpb_wrapper\">\n\t\t\t<p style=\"text-align: center;\"><strong>MAPA Y DIRECCIONES<\/strong><\/p>\n\n\t\t<\/div>\n\t<\/div>\n\n\t<div class=\"wpb_text_column wpb_content_element\" >\n\t\t<div class=\"wpb_wrapper\">\n\t\t\t<p><iframe loading=\"lazy\" style=\"border: 0;\" src=\"https:\/\/www.google.com\/maps\/embed?pb=!1m14!1m8!1m3!1d7187.0229049865575!2d-80.255266!3d25.753665!3m2!1i1024!2i768!4f13.1!3m3!1m2!1s0x88d9b798971817b5%3A0xbcdd53097fc9a927!2s2030%20Douglas%20Rd%20STE%20214%2C%20Coral%20Gables%2C%20FL%2033134!5e0!3m2!1sen!2sus!4v1619044594773!5m2!1sen!2sus\" width=\"400\" height=\"300\" allowfullscreen=\"allowfullscreen\"><\/iframe><\/p>\n\n\t\t<\/div>\n\t<\/div>\n<\/div><\/div><\/div><div class=\"wpb_column vc_column_container vc_col-sm-1\"><div class=\"vc_column-inner\"><div class=\"wpb_wrapper\"><\/div><\/div><\/div><div class=\"wpb_column vc_column_container vc_col-sm-7\"><div class=\"vc_column-inner\"><div class=\"wpb_wrapper\">\n\t<div class=\"wpb_text_column wpb_content_element\" >\n\t\t<div class=\"wpb_wrapper\">\n\t\t\t<h2 style=\"text-align: left;\"><span style=\"color: #0000ff;\">Kristen Reynoso Jackwin, Esq.<\/span><\/h2>\n<hr \/>\n<p>Kristen Reynoso Jackwin, Esq. es un abogado de defensa criminal en las Oficinas Legales de Walter A. Reynoso, P.A. La Sra. Reynoso Jackwin ha representado a muchos clientes de alto perfil a lo largo de los a\u00f1os, incluidos pol\u00edticos, m\u00e9dicos, abogados y acusados \u200b\u200bprincipales en casos de delitos graves, fraude, drogas y lavado de dinero.<\/p>\n<p>La Sra. Reynoso Jackwin ha sido honrada como S\u00faper Abogada Estrella en Ascenso en 2018, 2019, 2020 y 2021. Inicialmente recibi\u00f3 este honor en menos de tres a\u00f1os de pr\u00e1ctica y fue una de las 6 mujeres honradas en su campo de defensa criminal. El honor de S\u00faper Abogado se otorga al 2.5 % de los mejores abogados en el Estado de Florida nominados por profesionales de la comunidad legal.<\/p>\n<p>Tambi\u00e9n fue honrada como una de las mejores abogadas de Florida en 2019, 2020 y 2021. Este reconocimiento se otorga a la excelencia y los logros de la comunidad legal seg\u00fan lo publicado en el Miami Herald.<\/p>\n<p>La Sra. Reynoso Jackwin fue seleccionada como miembro nacional de la Orden de Abogados por exhibir excelencia y obtener altos honores a trav\u00e9s del arte de la defensa en los tribunales. La Orden de Abogados es una sociedad de honor nacional de los Estados Unidos que reconoce la defensa oral y las habilidades de escritura breve a trav\u00e9s de programas efectivos de defensa oral de la facultad de derecho.<\/p>\n<p>En marzo de 2020, la Sra. Reynoso Jackwin fue finalista en los premios Equitable Advisors Businesswoman of the Year de la C\u00e1mara de Comercio de Coral Gables, por su reputaci\u00f3n en la comunidad legal.<\/p>\n<p>La Sra. Reynoso Jackwin se gradu\u00f3 del Centro de Derecho Shepard Broad de la Universidad Nova Southeastern. Mientras estuvo en Nova, fue una de los cuatro estudiantes elegidos en el Equipo de Arbitraje Comercial Internacional William C. Vis para representar a su facultad de derecho en Viena, Austria. Como la \u00fanica mujer en el equipo, se destac\u00f3 en la competencia y recibi\u00f3 los puntajes m\u00e1s altos de todos sus compa\u00f1eros de equipo.<\/p>\n<p>Las Oficinas Legales de Walter A. Reynoso, P.A. ha recibido una calificaci\u00f3n AV del servicio de calificaci\u00f3n legal de Martindale-Hubbell. La calificaci\u00f3n AV es el galard\u00f3n m\u00e1s alto en el sistema de calificaci\u00f3n de Martindale-Hubbell y se otorg\u00f3 como resultado de una revisi\u00f3n extensa y confidencial realizada entre profesionales legales. El bufete de abogados tambi\u00e9n hab\u00eda sido reconocido como \"Mejores abogados\" en la Gu\u00eda legal del sur de la Florida y fue nombrado \"Mejores abogados en el pa\u00eds\" por la revista Newsweek.<\/p>\n\n\t\t<\/div>\n\t<\/div>\n\n\t<div class=\"wpb_text_column wpb_content_element\" >\n\t\t<div class=\"wpb_wrapper\">\n\t\t\t<h3>Areas de Pr\u00e1ctica<\/h3>\n<hr \/>\n<p>Defensa Criminal de Cuello Blanco\/ Citaciones del Gran Jurado<br \/>\nDelitos Graves y Delitos Menores en los Tribunales Federales y Estatales<\/p>\n\n\t\t<\/div>\n\t<\/div>\n\n\t<div class=\"wpb_text_column wpb_content_element\" >\n\t\t<div class=\"wpb_wrapper\">\n\t\t\t<h3>Educaci\u00f3n<\/h3>\n<hr \/>\n<p>J.D., Nova Southeastern University Shepard Broad College of Law<br \/>\nB.S. (Legal Studies), University of Central Florida<\/p>\n\n\t\t<\/div>\n\t<\/div>\n\n\t<div class=\"wpb_text_column wpb_content_element\" >\n\t\t<div class=\"wpb_wrapper\">\n\t\t\t<h3>Admisi\u00f3n a la Pr\u00e1ctica<\/h3>\n<hr \/>\n<p>Todos los tribunales estatales de Florida<br \/>\nTribunal de Distrito de los Estados Unidos, Distrito Sur de Florida.<\/p>\n\n\t\t<\/div>\n\t<\/div>\n\n\t<div class=\"wpb_text_column wpb_content_element\" >\n\t\t<div class=\"wpb_wrapper\">\n\t\t\t<h3>Idiomas<\/h3>\n<hr \/>\n<p>Ingl\u00e9s<\/p>\n\n\t\t<\/div>\n\t<\/div>\n<\/div><\/div><\/div><\/div>\n<\/div>","protected":false},"excerpt":{"rendered":"Kristen Reynoso Jackwin, Esq. Law Offices of Walter A. Reynoso, P.A. 2030 S. Douglas Road, Suite 214 Coral Gables, FL","protected":false},"author":1,"featured_media":0,"parent":8600,"menu_order":0,"comment_status":"closed","ping_status":"closed","template":"","meta":{"footnotes":""},"class_list":["post-7774","page","type-page","status-publish","hentry"],"_links":{"self":[{"href":"https:\/\/colbar.org\/es\/wp-json\/wp\/v2\/pages\/7774","targetHints":{"allow":["GET"]}}],"collection":[{"href":"https:\/\/colbar.org\/es\/wp-json\/wp\/v2\/pages"}],"about":[{"href":"https:\/\/colbar.org\/es\/wp-json\/wp\/v2\/types\/page"}],"author":[{"embeddable":true,"href":"https:\/\/colbar.org\/es\/wp-json\/wp\/v2\/users\/1"}],"replies":[{"embeddable":true,"href":"https:\/\/colbar.org\/es\/wp-json\/wp\/v2\/comments?post=7774"}],"version-history":[{"count":0,"href":"https:\/\/colbar.org\/es\/wp-json\/wp\/v2\/pages\/7774\/revisions"}],"up":[{"embeddable":true,"href":"https:\/\/colbar.org\/es\/wp-json\/wp\/v2\/pages\/8600"}],"wp:attachment":[{"href":"https:\/\/colbar.org\/es\/wp-json\/wp\/v2\/media?parent=7774"}],"curies":[{"name":"wp","href":"https:\/\/api.w.org\/{rel}","templated":true}]}}