{"id":8023,"date":"2021-09-27T19:19:19","date_gmt":"2021-09-27T23:19:19","guid":{"rendered":"https:\/\/colbar.org\/?page_id=8023"},"modified":"2026-03-19T14:36:32","modified_gmt":"2026-03-19T18:36:32","slug":"eric-l-jackwin-esq","status":"publish","type":"page","link":"https:\/\/colbar.org\/es\/attorneys\/eric-l-jackwin-esq\/","title":{"rendered":"Eric L. Jackwin, Esq."},"content":{"rendered":"<div class=\"wpb-content-wrapper\"><div class=\"vc_row wpb_row vc_row-fluid\"><div class=\"wpb_column vc_column_container vc_col-sm-4\"><div class=\"vc_column-inner vc_custom_1618350251727\"><div class=\"wpb_wrapper\">\n\t<div  class=\"wpb_single_image wpb_content_element vc_align_center\">\n\t\t\n\t\t<figure class=\"wpb_wrapper vc_figure\">\n\t\t\t<div class=\"vc_single_image-wrapper   vc_box_border_grey\"><img loading=\"lazy\" decoding=\"async\" width=\"252\" height=\"300\" src=\"https:\/\/colbar.org\/wp-content\/uploads\/Eric-Jackwin.jpg\" class=\"vc_single_image-img attachment-full\" alt=\"Eric Jackwin\" title=\"Eric Jackwin\" srcset=\"https:\/\/colbar.org\/wp-content\/uploads\/Eric-Jackwin.jpg 252w, https:\/\/colbar.org\/wp-content\/uploads\/Eric-Jackwin-125x150.jpg 125w\" sizes=\"auto, (max-width: 252px) 100vw, 252px\" \/><\/div>\n\t\t<\/figure>\n\t<\/div>\n\n\t<div class=\"wpb_text_column wpb_content_element\" >\n\t\t<div class=\"wpb_wrapper\">\n\t\t\t<h6 style=\"text-align: center;\"><strong>Eric L. Jackwin, Esq.<\/strong><\/h6>\n\n\t\t<\/div>\n\t<\/div>\n\n\t<div class=\"wpb_text_column wpb_content_element\" >\n\t\t<div class=\"wpb_wrapper\">\n\t\t\t<p style=\"text-align: center;\"><strong>Jackwin Legal, P.A.<\/strong><br \/>\n423 SE 19th Street<br \/>\nFort Lauderdale, FL 33316<\/p>\n\n\t\t<\/div>\n\t<\/div>\n<div class=\"vc_btn3-container vc_btn3-center vc_do_btn\" ><a class=\"vc_general vc_btn3 vc_btn3-size-sm vc_btn3-shape-rounded vc_btn3-style-modern vc_btn3-block vc_btn3-icon-left vc_btn3-color-sky\" href=\"https:\/\/www.jackwinlegal.com\/\" title=\"\" target=\"_blank\"><i class=\"vc_btn3-icon fas fa-globe\"><\/i> Visit Website<\/a><\/div><div class=\"vc_btn3-container vc_btn3-center vc_do_btn\" ><a class=\"vc_general vc_btn3 vc_btn3-size-sm vc_btn3-shape-rounded vc_btn3-style-modern vc_btn3-block vc_btn3-icon-left vc_btn3-color-success\" href=\"mailto:ejackwin@jackwinlegal.com\" title=\"\" target=\"_blank\"><i class=\"vc_btn3-icon far fa-envelope\"><\/i> Email<\/a><\/div><div class=\"vc_btn3-container vc_btn3-center vc_do_btn\" ><a class=\"vc_general vc_btn3 vc_btn3-size-sm vc_btn3-shape-rounded vc_btn3-style-modern vc_btn3-block vc_btn3-icon-left vc_btn3-color-mulled-wine\" href=\"tel:19544403918\" title=\"\" target=\"_blank\"><i class=\"vc_btn3-icon fas fa-phone-square-alt\"><\/i> (954) 440-3918<\/a><\/div>\n\t<div class=\"wpb_text_column wpb_content_element\" >\n\t\t<div class=\"wpb_wrapper\">\n\t\t\t<p><a href=\"https:\/\/www.facebook.com\/JackwinLegal\" target=\"_blank\" rel=\"noopener\"><img loading=\"lazy\" decoding=\"async\" class=\"alignnone size-full wp-image-10302\" src=\"https:\/\/colbar.org\/wp-content\/uploads\/facebook-icon-1.png\" alt=\"\" width=\"50\" height=\"50\" srcset=\"https:\/\/colbar.org\/wp-content\/uploads\/facebook-icon-1.png 50w, https:\/\/colbar.org\/wp-content\/uploads\/facebook-icon-1-12x12.png 12w\" sizes=\"auto, (max-width: 50px) 100vw, 50px\" \/><\/a><a href=\"https:\/\/www.linkedin.com\/in\/ejackwin\/\" target=\"_blank\" rel=\"noopener\"><img loading=\"lazy\" decoding=\"async\" class=\"alignnone size-full wp-image-10300\" src=\"https:\/\/colbar.org\/wp-content\/uploads\/linkedin-icon-2.png\" alt=\"\" width=\"50\" height=\"50\" srcset=\"https:\/\/colbar.org\/wp-content\/uploads\/linkedin-icon-2.png 50w, https:\/\/colbar.org\/wp-content\/uploads\/linkedin-icon-2-12x12.png 12w\" sizes=\"auto, (max-width: 50px) 100vw, 50px\" \/><\/a><\/p>\n\n\t\t<\/div>\n\t<\/div>\n\n\t<div class=\"wpb_text_column wpb_content_element\" >\n\t\t<div class=\"wpb_wrapper\">\n\t\t\t<p style=\"text-align: center;\"><strong>MAPA Y DIRECCIONES<\/strong><\/p>\n\n\t\t<\/div>\n\t<\/div>\n\n\t<div class=\"wpb_text_column wpb_content_element\" >\n\t\t<div class=\"wpb_wrapper\">\n\t\t\t<p><iframe loading=\"lazy\" style=\"border: 0;\" src=\"https:\/\/www.google.com\/maps\/embed?pb=!1m18!1m12!1m3!1d3583.038049719861!2d-80.13996598497211!3d26.097676583485526!2m3!1f0!2f0!3f0!3m2!1i1024!2i768!4f13.1!3m3!1m2!1s0x88d90063f0fcb867%3A0x686c8572384748a0!2s423%20SE%2019th%20St%2C%20Fort%20Lauderdale%2C%20FL%2033316!5e0!3m2!1sen!2sus!4v1632784135814!5m2!1sen!2sus\" width=\"400\" height=\"300\" allowfullscreen=\"allowfullscreen\"><\/iframe><\/p>\n\n\t\t<\/div>\n\t<\/div>\n<\/div><\/div><\/div><div class=\"wpb_column vc_column_container vc_col-sm-1\"><div class=\"vc_column-inner\"><div class=\"wpb_wrapper\"><\/div><\/div><\/div><div class=\"wpb_column vc_column_container vc_col-sm-7\"><div class=\"vc_column-inner\"><div class=\"wpb_wrapper\">\n\t<div class=\"wpb_text_column wpb_content_element\" >\n\t\t<div class=\"wpb_wrapper\">\n\t\t\t<h2 style=\"text-align: left;\"><span style=\"color: #0000ff;\">Eric L. Jackwin, Esq.<\/span><\/h2>\n<hr \/>\n<p>Eric L. Jackwin es un abogado con licencia de Florida que se enfoca en servir a los clientes con sus necesidades comerciales y de bienes ra\u00edces. Como empresario y due\u00f1o de un negocio, el Sr. Jackwin sabe lo que se necesita para convertir una idea en un negocio. Las empresas nuevas y las peque\u00f1as empresas requieren una planificaci\u00f3n espec\u00edfica, al tiempo que incorporan estrategias legales \u00fanicas para ayudar a llevar ese negocio al siguiente nivel. El Sr. Jackwin fund\u00f3 este bufete de abogados para brindar la atenci\u00f3n a los detalles que las peque\u00f1as, medianas empresas y las empresas emergentes requieren en este mundo en constante cambio. El Sr. Jackwin a menudo representa a compradores, vendedores, propietarios, inversionistas, empresarios y personas de alto valor neto en la adquisici\u00f3n, administraci\u00f3n y disposici\u00f3n de bienes ra\u00edces y entidades comerciales.<\/p>\n<p>La pasi\u00f3n y el impulso del Sr. Jackwin est\u00e1n en Bienes Ra\u00edces. Como inversionista de bienes ra\u00edces \u00e9l mismo y de servir como Consejero General de Abode Group, la perspectiva \u00fanica del Sr. Jackwin le ha dado la ventaja necesaria para brindar honesto asesoramiento a sus clientes en el sector de bienes ra\u00edces. El Sr. Jackwin se mantiene actualizado con todas las tendencias legales que afectan a los bienes ra\u00edces en esta era digital y durante todo el COVID-19.<\/p>\n<p>Antes de fundar Jackwin Legal, P.A., el Sr. Jackwin ejerci\u00f3 en las \u00e1reas de Quiebras, Bienes Ra\u00edces, Derecho Comercial y Litigios Civiles en una firma de abogados boutique ubicada en el condado de Palm Beach, Florida. El Sr. Jackwin tambi\u00e9n tiene su licencia de corredor de bienes ra\u00edces de Florida y es un notario en l\u00ednea remoto (RON) de Florida aprobado.<\/p>\n<p>El Sr. Jackwin es originario de Connecticut y se mud\u00f3 al sur de la Florida en 2007. El Sr. Jackwin fue reclutado para nadar en el equipo masculino de nataci\u00f3n y buceo de la Florida Atlantic University, donde fue nombrado Capit\u00e1n en su \u00faltimo a\u00f1o. La nataci\u00f3n sigue siendo una pasi\u00f3n para \u00e9l, ya que es tres veces nadador All American Masters con Swim Fort Lauderdale Master's Team. El Sr. Jackwin se enorgullece de ser miembro fiduciario de Riverwalk Fort Lauderdale, una organizaci\u00f3n sin fines de lucro responsable de revitalizar el \u00e1rea ribere\u00f1a en el centro de Fort Lauderdale.<\/p>\n\n\t\t<\/div>\n\t<\/div>\n\n\t<div class=\"wpb_text_column wpb_content_element\" >\n\t\t<div class=\"wpb_wrapper\">\n\t\t\t<h3>Areas de Pr\u00e1ctica<\/h3>\n<hr \/>\n<p>Propiedad Real<br \/>\nSucesi\u00f3n y Fideicomiso<\/p>\n\n\t\t<\/div>\n\t<\/div>\n\n\t<div class=\"wpb_text_column wpb_content_element\" >\n\t\t<div class=\"wpb_wrapper\">\n\t\t\t<h3>Educaci\u00f3n<\/h3>\n<hr \/>\n<p>J.D., Nova Southeastern University, Shepard Broad College of Law<br \/>\nB.A., Florida Atlantic University<\/p>\n\n\t\t<\/div>\n\t<\/div>\n\n\t<div class=\"wpb_text_column wpb_content_element\" >\n\t\t<div class=\"wpb_wrapper\">\n\t\t\t<h3>Admisi\u00f3n a la Pr\u00e1ctica<\/h3>\n<hr \/>\n<p>Todos los tribunales estatales de Florida<br \/>\nTribunal de Quiebras de los Estados Unidos, Distrito Sur de Florida<br \/>\nTribunal de Distrito de los Estados Unidos, Distrito Sur de Florida.<\/p>\n\n\t\t<\/div>\n\t<\/div>\n\n\t<div class=\"wpb_text_column wpb_content_element\" >\n\t\t<div class=\"wpb_wrapper\">\n\t\t\t<h3>Idiomas<\/h3>\n<hr \/>\n<p>Ingl\u00e9s<\/p>\n\n\t\t<\/div>\n\t<\/div>\n<\/div><\/div><\/div><\/div>\n<\/div>","protected":false},"excerpt":{"rendered":"Eric L. Jackwin, Esq. Jackwin Legal, P.A. 423 SE 19th Street Fort Lauderdale, FL 33316 Visit Website Send Email (954)","protected":false},"author":1,"featured_media":0,"parent":8600,"menu_order":0,"comment_status":"closed","ping_status":"closed","template":"","meta":{"footnotes":""},"class_list":["post-8023","page","type-page","status-publish","hentry"],"_links":{"self":[{"href":"https:\/\/colbar.org\/es\/wp-json\/wp\/v2\/pages\/8023","targetHints":{"allow":["GET"]}}],"collection":[{"href":"https:\/\/colbar.org\/es\/wp-json\/wp\/v2\/pages"}],"about":[{"href":"https:\/\/colbar.org\/es\/wp-json\/wp\/v2\/types\/page"}],"author":[{"embeddable":true,"href":"https:\/\/colbar.org\/es\/wp-json\/wp\/v2\/users\/1"}],"replies":[{"embeddable":true,"href":"https:\/\/colbar.org\/es\/wp-json\/wp\/v2\/comments?post=8023"}],"version-history":[{"count":0,"href":"https:\/\/colbar.org\/es\/wp-json\/wp\/v2\/pages\/8023\/revisions"}],"up":[{"embeddable":true,"href":"https:\/\/colbar.org\/es\/wp-json\/wp\/v2\/pages\/8600"}],"wp:attachment":[{"href":"https:\/\/colbar.org\/es\/wp-json\/wp\/v2\/media?parent=8023"}],"curies":[{"name":"wp","href":"https:\/\/api.w.org\/{rel}","templated":true}]}}