{"id":8030,"date":"2021-09-28T13:03:27","date_gmt":"2021-09-28T17:03:27","guid":{"rendered":"https:\/\/colbar.org\/?page_id=8030"},"modified":"2026-03-19T13:02:55","modified_gmt":"2026-03-19T17:02:55","slug":"angela-nieves","status":"publish","type":"page","link":"https:\/\/colbar.org\/es\/attorneys\/angela-nieves\/","title":{"rendered":"Angela Nieves, Esq."},"content":{"rendered":"<div class=\"wpb-content-wrapper\"><div class=\"vc_row wpb_row vc_row-fluid\"><div class=\"wpb_column vc_column_container vc_col-sm-4\"><div class=\"vc_column-inner vc_custom_1618350251727\"><div class=\"wpb_wrapper\">\n\t<div  class=\"wpb_single_image wpb_content_element vc_align_center\">\n\t\t\n\t\t<figure class=\"wpb_wrapper vc_figure\">\n\t\t\t<div class=\"vc_single_image-wrapper   vc_box_border_grey\"><img loading=\"lazy\" decoding=\"async\" width=\"252\" height=\"300\" src=\"https:\/\/colbar.org\/wp-content\/uploads\/ANGELA-NIEVES.jpg\" class=\"vc_single_image-img attachment-full\" alt=\"ANGELA NIEVES\" title=\"ANGELA NIEVES\" srcset=\"https:\/\/colbar.org\/wp-content\/uploads\/ANGELA-NIEVES.jpg 252w, https:\/\/colbar.org\/wp-content\/uploads\/ANGELA-NIEVES-125x150.jpg 125w\" sizes=\"auto, (max-width: 252px) 100vw, 252px\" \/><\/div>\n\t\t<\/figure>\n\t<\/div>\n\n\t<div class=\"wpb_text_column wpb_content_element\" >\n\t\t<div class=\"wpb_wrapper\">\n\t\t\t<h6 style=\"text-align: center;\"><strong>Angela Nieves, Esq.<\/strong><\/h6>\n\n\t\t<\/div>\n\t<\/div>\n\n\t<div class=\"wpb_text_column wpb_content_element\" >\n\t\t<div class=\"wpb_wrapper\">\n\t\t\t<p style=\"text-align: center;\"><strong>SRIPLAW<\/strong><br \/>\n1500 NW North River Drive #1508<br \/>\nMiami, FL 33125<\/p>\n\n\t\t<\/div>\n\t<\/div>\n<div class=\"vc_btn3-container vc_btn3-center vc_do_btn\" ><a class=\"vc_general vc_btn3 vc_btn3-size-sm vc_btn3-shape-rounded vc_btn3-style-modern vc_btn3-block vc_btn3-icon-left vc_btn3-color-sky\" href=\"https:\/\/www.sriplaw.com\/\" title=\"\" target=\"_blank\"><i class=\"vc_btn3-icon fas fa-globe\"><\/i> Visit Website<\/a><\/div><div class=\"vc_btn3-container vc_btn3-center vc_do_btn\" ><a class=\"vc_general vc_btn3 vc_btn3-size-sm vc_btn3-shape-rounded vc_btn3-style-modern vc_btn3-block vc_btn3-icon-left vc_btn3-color-success\" href=\"mailto:Amnieves@stu.edu\" title=\"\" target=\"_blank\"><i class=\"vc_btn3-icon far fa-envelope\"><\/i> Email<\/a><\/div><div class=\"vc_btn3-container vc_btn3-center vc_do_btn\" ><a class=\"vc_general vc_btn3 vc_btn3-size-sm vc_btn3-shape-rounded vc_btn3-style-modern vc_btn3-block vc_btn3-icon-left vc_btn3-color-mulled-wine\" href=\"tel:17864598802\" title=\"\" target=\"_blank\"><i class=\"vc_btn3-icon fas fa-phone-square-alt\"><\/i> (786) 459-8802<\/a><\/div>\n\t<div class=\"wpb_text_column wpb_content_element\" >\n\t\t<div class=\"wpb_wrapper\">\n\t\t\t<p><a href=\"https:\/\/www.linkedin.com\/in\/angienieves\/\" target=\"_blank\" rel=\"noopener\"><img loading=\"lazy\" decoding=\"async\" class=\"size-full wp-image-10300 aligncenter\" src=\"https:\/\/colbar.org\/wp-content\/uploads\/linkedin-icon-2.png\" alt=\"\" width=\"50\" height=\"50\" srcset=\"https:\/\/colbar.org\/wp-content\/uploads\/linkedin-icon-2.png 50w, https:\/\/colbar.org\/wp-content\/uploads\/linkedin-icon-2-12x12.png 12w\" sizes=\"auto, (max-width: 50px) 100vw, 50px\" \/><\/a><\/p>\n\n\t\t<\/div>\n\t<\/div>\n\n\t<div class=\"wpb_text_column wpb_content_element\" >\n\t\t<div class=\"wpb_wrapper\">\n\t\t\t<p style=\"text-align: center;\"><strong>MAPA Y DIRECCIONES<\/strong><\/p>\n\n\t\t<\/div>\n\t<\/div>\n\n\t<div class=\"wpb_text_column wpb_content_element\" >\n\t\t<div class=\"wpb_wrapper\">\n\t\t\t<p><iframe loading=\"lazy\" style=\"border: 0;\" src=\"https:\/\/www.google.com\/maps\/embed?pb=!1m18!1m12!1m3!1d3592.5397090850593!2d-80.22325318497855!3d25.785762883625875!2m3!1f0!2f0!3f0!3m2!1i1024!2i768!4f13.1!3m3!1m2!1s0x88d9b6dcd3820d05%3A0x9ac1ff0e545f1c8d!2s1500%20NW%20N%20River%20Dr%20%231508%2C%20Miami%2C%20FL%2033125!5e0!3m2!1sen!2sus!4v1632847852026!5m2!1sen!2sus\" width=\"400\" height=\"300\" allowfullscreen=\"allowfullscreen\"><\/iframe><\/p>\n\n\t\t<\/div>\n\t<\/div>\n<\/div><\/div><\/div><div class=\"wpb_column vc_column_container vc_col-sm-1\"><div class=\"vc_column-inner\"><div class=\"wpb_wrapper\"><\/div><\/div><\/div><div class=\"wpb_column vc_column_container vc_col-sm-7\"><div class=\"vc_column-inner\"><div class=\"wpb_wrapper\">\n\t<div class=\"wpb_text_column wpb_content_element\" >\n\t\t<div class=\"wpb_wrapper\">\n\t\t\t<h2 style=\"text-align: left;\"><span style=\"color: #0000ff;\">Angela Nieves, Esq.<\/span><\/h2>\n<hr \/>\n<p>Angela es una estadounidense de primera generaci\u00f3n, la primera abogada de su familia y la orgullosa hija de padres colombianos.<\/p>\n<p>La experiencia de Angela como m\u00fasico profesional en el \u00e1rea del Sur de la Florida y m\u00e1s tarde como traductora en televisi\u00f3n, dio lugar a su inter\u00e9s en asuntos de propiedad intelectual. Se gradu\u00f3 summa cum laude de la Facultad de Derecho de St. Thomas con un Certificado en Derecho de Propiedad Intelectual; se desempe\u00f1\u00f3 como Presidenta de la Sociedad de Derecho Cibern\u00e9tico y Propiedad Intelectual de la escuela y como Editora Gerente de St.Thomas Law Review. Adem\u00e1s de ganar numerosos premios por sus logros acad\u00e9micos, Angela es autora de tres art\u00edculos \u2013 sobre marcas registradas, seguros cibern\u00e9ticos y tecnolog\u00eda de reconocimiento facial \u2013 que han sido publicados por las principales revistas de derecho.<\/p>\n<p>Antes de unirse a SRIPLAW, Angela realiz\u00f3 una pasant\u00eda para la Jueza Principal Barbara M. G. Lynn en el Distrito Norte de Texas en Dallas y trabaj\u00f3 en firmas de propiedad intelectual y litigios comerciales en el \u00e1rea del Sur de la Florida. En su tiempo libre, a Angela le gusta pasar tiempo con su esposo, especialmente cuando se trata de viajar o tomar una buena copa de vino.<\/p>\n\n\t\t<\/div>\n\t<\/div>\n\n\t<div class=\"wpb_text_column wpb_content_element\" >\n\t\t<div class=\"wpb_wrapper\">\n\t\t\t<h3>\u00c1reas de Inter\u00e9s<\/h3>\n<hr \/>\n<p>Propiedad Intelectual General<br \/>\nAutor<br \/>\nMarcas Comerciales \/ Secretos Comerciales<\/p>\n\n\t\t<\/div>\n\t<\/div>\n\n\t<div class=\"wpb_text_column wpb_content_element\" >\n\t\t<div class=\"wpb_wrapper\">\n\t\t\t<h3>Educaci\u00f3n<\/h3>\n<hr \/>\n<p>J.D., St. Thomas University College of Law<br \/>\nB.A., Florida International University<\/p>\n\n\t\t<\/div>\n\t<\/div>\n\n\t<div class=\"wpb_text_column wpb_content_element\" >\n\t\t<div class=\"wpb_wrapper\">\n\t\t\t<h3>Experiencias Relevantes<\/h3>\n<hr \/>\n<p>He practicado con un juez federal en Dallas, He sido empleado en una firma de litigios comerciales y en una firma de propiedad intelectual. Ahora trabajo despu\u00e9s del Bar en SRIPLAW, una firma boutique de propiedad intelectual.<\/p>\n\n\t\t<\/div>\n\t<\/div>\n\n\t<div class=\"wpb_text_column wpb_content_element\" >\n\t\t<div class=\"wpb_wrapper\">\n\t\t\t<h3>Idiomas<\/h3>\n<hr \/>\n<p>Fluidez en Ingl\u00e9s y Espa\u00f1ol.<\/p>\n\n\t\t<\/div>\n\t<\/div>\n<\/div><\/div><\/div><\/div>\n<\/div>","protected":false},"excerpt":{"rendered":"Angela Nieves, Esq. SRIPLAW 1500 NW North River Drive #1508 Miami, FL 33125 Visit Website Send Email (786) 459-8802 MAP","protected":false},"author":1,"featured_media":0,"parent":8600,"menu_order":0,"comment_status":"closed","ping_status":"closed","template":"","meta":{"footnotes":""},"class_list":["post-8030","page","type-page","status-publish","hentry"],"_links":{"self":[{"href":"https:\/\/colbar.org\/es\/wp-json\/wp\/v2\/pages\/8030","targetHints":{"allow":["GET"]}}],"collection":[{"href":"https:\/\/colbar.org\/es\/wp-json\/wp\/v2\/pages"}],"about":[{"href":"https:\/\/colbar.org\/es\/wp-json\/wp\/v2\/types\/page"}],"author":[{"embeddable":true,"href":"https:\/\/colbar.org\/es\/wp-json\/wp\/v2\/users\/1"}],"replies":[{"embeddable":true,"href":"https:\/\/colbar.org\/es\/wp-json\/wp\/v2\/comments?post=8030"}],"version-history":[{"count":0,"href":"https:\/\/colbar.org\/es\/wp-json\/wp\/v2\/pages\/8030\/revisions"}],"up":[{"embeddable":true,"href":"https:\/\/colbar.org\/es\/wp-json\/wp\/v2\/pages\/8600"}],"wp:attachment":[{"href":"https:\/\/colbar.org\/es\/wp-json\/wp\/v2\/media?parent=8030"}],"curies":[{"name":"wp","href":"https:\/\/api.w.org\/{rel}","templated":true}]}}