{"id":8041,"date":"2021-09-28T13:55:12","date_gmt":"2021-09-28T17:55:12","guid":{"rendered":"https:\/\/colbar.org\/?page_id=8041"},"modified":"2024-06-30T22:09:02","modified_gmt":"2024-07-01T02:09:02","slug":"daniel-gonzalez","status":"publish","type":"page","link":"https:\/\/colbar.org\/es\/student-members\/daniel-gonzalez\/","title":{"rendered":"Daniel Gonzalez"},"content":{"rendered":"<div class=\"wpb-content-wrapper\"><div class=\"vc_row wpb_row vc_row-fluid\"><div class=\"wpb_column vc_column_container vc_col-sm-4\"><div class=\"vc_column-inner vc_custom_1618350251727\"><div class=\"wpb_wrapper\">\n\t<div  class=\"wpb_single_image wpb_content_element vc_align_center\">\n\t\t\n\t\t<figure class=\"wpb_wrapper vc_figure\">\n\t\t\t<div class=\"vc_single_image-wrapper   vc_box_border_grey\"><img loading=\"lazy\" decoding=\"async\" width=\"252\" height=\"300\" src=\"https:\/\/colbar.org\/wp-content\/uploads\/Daniel-Gonzalez.jpg\" class=\"vc_single_image-img attachment-full\" alt=\"\" title=\"Daniel Gonzalez\" \/><\/div>\n\t\t<\/figure>\n\t<\/div>\n\n\t<div class=\"wpb_text_column wpb_content_element\" >\n\t\t<div class=\"wpb_wrapper\">\n\t\t\t<h6 style=\"text-align: center;\"><strong>Daniel Gonzalez<\/strong><\/h6>\n\n\t\t<\/div>\n\t<\/div>\n\n\t<div class=\"wpb_text_column wpb_content_element\" >\n\t\t<div class=\"wpb_wrapper\">\n\t\t\t<p style=\"text-align: center;\">16401 NW 37th Avenue<br \/>\nMiami Gardens, FL 33054<\/p>\n\n\t\t<\/div>\n\t<\/div>\n<div class=\"vc_btn3-container vc_btn3-center vc_do_btn\" ><a class=\"vc_general vc_btn3 vc_btn3-size-sm vc_btn3-shape-rounded vc_btn3-style-modern vc_btn3-block vc_btn3-icon-left vc_btn3-color-success\" href=\"mailto:DanielGonzalez@Stu.Edu\" title=\"\" target=\"_blank\"><i class=\"vc_btn3-icon far fa-envelope\"><\/i> Email<\/a><\/div><div class=\"vc_btn3-container vc_btn3-center vc_do_btn\" ><a class=\"vc_general vc_btn3 vc_btn3-size-sm vc_btn3-shape-rounded vc_btn3-style-modern vc_btn3-block vc_btn3-icon-left vc_btn3-color-mulled-wine\" href=\"tel:13055621379\" title=\"\" target=\"_blank\"><i class=\"vc_btn3-icon fas fa-phone-square-alt\"><\/i> (305) 562-1379<\/a><\/div>\n\t<div class=\"wpb_text_column wpb_content_element\" >\n\t\t<div class=\"wpb_wrapper\">\n\t\t\t<p style=\"text-align: center;\">MAPA Y DIRECCIONES<\/p>\n\n\t\t<\/div>\n\t<\/div>\n\n\t<div class=\"wpb_text_column wpb_content_element\" >\n\t\t<div class=\"wpb_wrapper\">\n\t\t\t<p><iframe loading=\"lazy\" style=\"border: 0;\" src=\"https:\/\/www.google.com\/maps\/embed?pb=!1m18!1m12!1m3!1d3593.793489653933!2d-80.22981118497945!3d25.74434198364458!2m3!1f0!2f0!3f0!3m2!1i1024!2i768!4f13.1!3m3!1m2!1s0x88d9b64c314e643f%3A0xc08eddce66ceb9f!2s2567%20SW%2021st%20Ave%2C%20Miami%2C%20FL%2033133!5e0!3m2!1sen!2sus!4v1632851669635!5m2!1sen!2sus\" width=\"400\" height=\"300\" allowfullscreen=\"allowfullscreen\"><\/iframe><\/p>\n\n\t\t<\/div>\n\t<\/div>\n<\/div><\/div><\/div><div class=\"wpb_column vc_column_container vc_col-sm-1\"><div class=\"vc_column-inner\"><div class=\"wpb_wrapper\"><\/div><\/div><\/div><div class=\"wpb_column vc_column_container vc_col-sm-7\"><div class=\"vc_column-inner\"><div class=\"wpb_wrapper\">\n\t<div class=\"wpb_text_column wpb_content_element\" >\n\t\t<div class=\"wpb_wrapper\">\n\t\t\t<h2 style=\"text-align: left;\"><span style=\"color: #0000ff;\">Daniel Gonzalez<\/span><\/h2>\n\n\t\t<\/div>\n\t<\/div>\n<div class=\"vc_separator wpb_content_element vc_separator_align_center vc_sep_width_100 vc_sep_pos_align_left vc_separator_no_text vc_sep_color_black\" ><span class=\"vc_sep_holder vc_sep_holder_l\"><span class=\"vc_sep_line\"><\/span><\/span><span class=\"vc_sep_holder vc_sep_holder_r\"><span class=\"vc_sep_line\"><\/span><\/span>\n<\/div>\n\t<div class=\"wpb_text_column wpb_content_element\" >\n\t\t<div class=\"wpb_wrapper\">\n\t\t\t<p>\u00a1Bienvenido a mi p\u00e1gina! Mi nombre es Daniel Gonz\u00e1lez. Actualmente asisto a la Facultad de Derecho de la Universidad de St. Thomas. Mi objetivo actual es seguir una carrera en derecho comercial. No me atengo estrictamente al derecho comercial, ya que puedo encontrarme interesado en un \u00e1rea diferente del derecho, \u00a1pero nunca est\u00e1 de m\u00e1s tener un plan que pueda cambiar! Me gradu\u00e9 de la Universidad Internacional de Florida con una licenciatura en Justicia Criminal en junio de 2016.<\/p>\n<p>Durante mis a\u00f1os de escuela secundaria, tuve la oportunidad de ser parte de un puesto de explorador que me introdujo al campo del derecho. El programa ense\u00f1aba las formas adecuadas de realizar paradas de tr\u00e1fico, interrogar a un sospechoso, realizar registros, etc\u2026 El programa realmente me ayud\u00f3 a decidir lo que quer\u00eda seguir al ingresar a la universidad. Despu\u00e9s de graduarme de FIU, no me postul\u00e9 de inmediato a la facultad de derecho y en cambio, comenc\u00e9 a trabajar como t\u00e9cnico de campo para Comcast. No fue una experiencia f\u00e1cil debido a la temperatura de Miami, pero el trabajo me ayud\u00f3 a aprender un campo completamente diferente y estoy agradecido por eso. Sin embargo, ahora estoy completamente enfocado y comprometido a obtener mi Doctorado en Jurisprudencia para poder ejercer la abogac\u00eda.<\/p>\n<p>Mis intereses se han calmado con los a\u00f1os, y simplemente disfruto viendo una serie o viendo algunas pel\u00edculas cuando encuentro tiempo. \u00a1Viajar est\u00e1 fuera de la lista de intereses de muchas personas este a\u00f1o! Adem\u00e1s de las series de televisi\u00f3n y las pel\u00edculas, tambi\u00e9n disfruto jugando juegos para ayudar a la mente a cambiar de ritmo. Si te sentaste y le\u00edste toda esta declaraci\u00f3n, \u00a1gracias!<\/p>\n<p>\u00a1Alcanzar! \u00a1Crear conexiones siempre es bienvenido!<\/p>\n\n\t\t<\/div>\n\t<\/div>\n<div class=\"vc_empty_space\"   style=\"height: 10px\"><span class=\"vc_empty_space_inner\"><\/span><\/div>\n\t<div class=\"wpb_text_column wpb_content_element\" >\n\t\t<div class=\"wpb_wrapper\">\n\t\t\t<h3>\u00c1reas de Inter\u00e9s<\/h3>\n\n\t\t<\/div>\n\t<\/div>\n<div class=\"vc_separator wpb_content_element vc_separator_align_center vc_sep_width_100 vc_sep_pos_align_left vc_separator_no_text vc_sep_color_black\" ><span class=\"vc_sep_holder vc_sep_holder_l\"><span class=\"vc_sep_line\"><\/span><\/span><span class=\"vc_sep_holder vc_sep_holder_r\"><span class=\"vc_sep_line\"><\/span><\/span>\n<\/div>\n\t<div class=\"wpb_text_column wpb_content_element\" >\n\t\t<div class=\"wpb_wrapper\">\n\t\t\t<p>Propiedad Intelectual<br \/>\nLa Seguridad Cibern\u00e9tica<br \/>\nImpuestos<br \/>\nNegocio<\/p>\n\n\t\t<\/div>\n\t<\/div>\n<div class=\"vc_empty_space\"   style=\"height: 10px\"><span class=\"vc_empty_space_inner\"><\/span><\/div>\n\t<div class=\"wpb_text_column wpb_content_element\" >\n\t\t<div class=\"wpb_wrapper\">\n\t\t\t<h3>Educaci\u00f3n<\/h3>\n\n\t\t<\/div>\n\t<\/div>\n<div class=\"vc_separator wpb_content_element vc_separator_align_center vc_sep_width_100 vc_sep_pos_align_left vc_separator_no_text vc_sep_color_black\" ><span class=\"vc_sep_holder vc_sep_holder_l\"><span class=\"vc_sep_line\"><\/span><\/span><span class=\"vc_sep_holder vc_sep_holder_r\"><span class=\"vc_sep_line\"><\/span><\/span>\n<\/div>\n\t<div class=\"wpb_text_column wpb_content_element\" >\n\t\t<div class=\"wpb_wrapper\">\n\t\t\t<p>J.D. Candidate (2023), St. Thomas University College of Law<br \/>\nB.A. (Criminal Justice), Florida International University<br \/>\nA.A. (Criminal Justice), Miami Dade College<\/p>\n\n\t\t<\/div>\n\t<\/div>\n<div class=\"vc_empty_space\"   style=\"height: 10px\"><span class=\"vc_empty_space_inner\"><\/span><\/div>\n\t<div class=\"wpb_text_column wpb_content_element\" >\n\t\t<div class=\"wpb_wrapper\">\n\t\t\t<h3>Idiomas<\/h3>\n\n\t\t<\/div>\n\t<\/div>\n<div class=\"vc_separator wpb_content_element vc_separator_align_center vc_sep_width_100 vc_sep_pos_align_left vc_separator_no_text vc_sep_color_black\" ><span class=\"vc_sep_holder vc_sep_holder_l\"><span class=\"vc_sep_line\"><\/span><\/span><span class=\"vc_sep_holder vc_sep_holder_r\"><span class=\"vc_sep_line\"><\/span><\/span>\n<\/div>\n\t<div class=\"wpb_text_column wpb_content_element\" >\n\t\t<div class=\"wpb_wrapper\">\n\t\t\t<p>Fluidez en Ingl\u00e9s y Espa\u00f1ol.<\/p>\n\n\t\t<\/div>\n\t<\/div>\n<\/div><\/div><\/div><\/div>\n<\/div>","protected":false},"excerpt":{"rendered":"Daniel Gonzalez 16401 NW 37th Avenue Miami Gardens, FL 33054 Send Email (305) 562-1379 MAP &amp; DIRECTIONS Daniel Gonzalez Welcome","protected":false},"author":1,"featured_media":0,"parent":7556,"menu_order":0,"comment_status":"closed","ping_status":"closed","template":"","meta":{"footnotes":""},"class_list":["post-8041","page","type-page","status-publish","hentry"],"_links":{"self":[{"href":"https:\/\/colbar.org\/es\/wp-json\/wp\/v2\/pages\/8041","targetHints":{"allow":["GET"]}}],"collection":[{"href":"https:\/\/colbar.org\/es\/wp-json\/wp\/v2\/pages"}],"about":[{"href":"https:\/\/colbar.org\/es\/wp-json\/wp\/v2\/types\/page"}],"author":[{"embeddable":true,"href":"https:\/\/colbar.org\/es\/wp-json\/wp\/v2\/users\/1"}],"replies":[{"embeddable":true,"href":"https:\/\/colbar.org\/es\/wp-json\/wp\/v2\/comments?post=8041"}],"version-history":[{"count":0,"href":"https:\/\/colbar.org\/es\/wp-json\/wp\/v2\/pages\/8041\/revisions"}],"up":[{"embeddable":true,"href":"https:\/\/colbar.org\/es\/wp-json\/wp\/v2\/pages\/7556"}],"wp:attachment":[{"href":"https:\/\/colbar.org\/es\/wp-json\/wp\/v2\/media?parent=8041"}],"curies":[{"name":"wp","href":"https:\/\/api.w.org\/{rel}","templated":true}]}}