{"id":8068,"date":"2021-09-29T12:15:37","date_gmt":"2021-09-29T16:15:37","guid":{"rendered":"https:\/\/colbar.org\/?page_id=8068"},"modified":"2026-04-13T10:46:23","modified_gmt":"2026-04-13T14:46:23","slug":"nicholas-bastidas","status":"publish","type":"page","link":"https:\/\/colbar.org\/es\/attorneys\/nicholas-bastidas\/","title":{"rendered":"Nicholas Bastidas, Esq."},"content":{"rendered":"<div class=\"wpb-content-wrapper\"><div class=\"vc_row wpb_row vc_row-fluid\"><div class=\"wpb_column vc_column_container vc_col-sm-4\"><div class=\"vc_column-inner vc_custom_1618350251727\"><div class=\"wpb_wrapper\">\n\t<div  class=\"wpb_single_image wpb_content_element vc_align_center\">\n\t\t\n\t\t<figure class=\"wpb_wrapper vc_figure\">\n\t\t\t<div class=\"vc_single_image-wrapper   vc_box_border_grey\"><img loading=\"lazy\" decoding=\"async\" width=\"252\" height=\"300\" src=\"https:\/\/colbar.org\/wp-content\/uploads\/Nicholas-Bastidas.jpg\" class=\"vc_single_image-img attachment-full\" alt=\"\" title=\"Nicholas Bastidas\" \/><\/div>\n\t\t<\/figure>\n\t<\/div>\n\n\t<div class=\"wpb_text_column wpb_content_element\" >\n\t\t<div class=\"wpb_wrapper\">\n\t\t\t<h6 style=\"text-align: center;\"><strong>Nicholas Bastidas, Esq.<\/strong><\/h6>\n\n\t\t<\/div>\n\t<\/div>\n\n\t<div class=\"wpb_text_column wpb_content_element\" >\n\t\t<div class=\"wpb_wrapper\">\n\t\t\t<p style=\"text-align: center;\"><strong>Nelson Mullins Riley &amp; Scarborough LLP<\/strong><br \/>\n2 S Biscayne Blvd Ste 21<br \/>\nMiami, FL 33131-9998<\/p>\n\n\t\t<\/div>\n\t<\/div>\n<div class=\"vc_btn3-container vc_btn3-center vc_do_btn\" ><a class=\"vc_general vc_btn3 vc_btn3-size-sm vc_btn3-shape-rounded vc_btn3-style-modern vc_btn3-block vc_btn3-icon-left vc_btn3-color-sky\" href=\"https:\/\/www.nelsonmullins.com\/professionals\/nico-bastidas#main\" title=\"\"><i class=\"vc_btn3-icon\"><\/i> Visit Website<\/a><\/div><div class=\"vc_btn3-container vc_btn3-center vc_do_btn\" ><a class=\"vc_general vc_btn3 vc_btn3-size-sm vc_btn3-shape-rounded vc_btn3-style-modern vc_btn3-block vc_btn3-icon-left vc_btn3-color-success\" href=\"mailto:nico.bastidas@nelsonmullins.com\" title=\"\"><i class=\"vc_btn3-icon\"><\/i> Email<\/a><\/div><div class=\"vc_btn3-container vc_btn3-center vc_do_btn\" ><a class=\"vc_general vc_btn3 vc_btn3-size-sm vc_btn3-shape-rounded vc_btn3-style-modern vc_btn3-block vc_btn3-icon-left vc_btn3-color-mulled-wine\" href=\"tel:+13053739464\" title=\"\"><i class=\"vc_btn3-icon\"><\/i> (305) 373-9464<\/a><\/div>\n\t<div class=\"wpb_text_column wpb_content_element\" >\n\t\t<div class=\"wpb_wrapper\">\n\t\t\t<p style=\"text-align: center;\"><strong>MAPA Y DIRECCIONES<\/strong><\/p>\n\n\t\t<\/div>\n\t<\/div>\n\n\t<div class=\"wpb_text_column wpb_content_element\" >\n\t\t<div class=\"wpb_wrapper\">\n\t\t\t<p><iframe loading=\"lazy\" style=\"border: 0;\" src=\"https:\/\/www.google.com\/maps\/embed?pb=!1m18!1m12!1m3!1d3592.901807559429!2d-80.19036737459919!3d25.77380667734432!2m3!1f0!2f0!3f0!3m2!1i1024!2i768!4f13.1!3m3!1m2!1s0x88d9b704f58f962b%3A0x3c0417bf7158da48!2sNelson%20Mullins%20Riley%20%26%20Scarborough%20LLP!5e0!3m2!1sen!2sus!4v1776090941323!5m2!1sen!2sus\" width=\"400\" height=\"300\" allowfullscreen=\"allowfullscreen\"><\/iframe><\/p>\n\n\t\t<\/div>\n\t<\/div>\n<\/div><\/div><\/div><div class=\"wpb_column vc_column_container vc_col-sm-1\"><div class=\"vc_column-inner\"><div class=\"wpb_wrapper\"><\/div><\/div><\/div><div class=\"wpb_column vc_column_container vc_col-sm-7\"><div class=\"vc_column-inner\"><div class=\"wpb_wrapper\">\n\t<div class=\"wpb_text_column wpb_content_element\" >\n\t\t<div class=\"wpb_wrapper\">\n\t\t\t<h2 style=\"text-align: left;\"><span style=\"color: #0000ff;\">Nicholas Bastidas, Esq.<\/span><\/h2>\n<hr \/>\n<p>\u00a1Hola a todos! Mi nombre es Nico Bastidas y actualmente soy estudiante de tercer a\u00f1o en la Facultad de Derecho de la Universidad de St. Thomas. Durante mi tiempo en St. Thomas, me desempe\u00f1\u00e9 como editor gerente de St. Thomas Law Review y tambi\u00e9n como miembro de St. Thomas Moot Court Society. Me he desempe\u00f1ado como asistente legal en varias firmas, pero estoy m\u00e1s orgulloso de mi tiempo sirviendo en la Corte Suprema de Florida como pasante judicial del juez John D. Couriel. Nac\u00ed en Miami de dos padres colombianos y estoy muy orgulloso del lugar de origen de mi familia.<\/p>\n\n\t\t<\/div>\n\t<\/div>\n\n\t<div class=\"wpb_text_column wpb_content_element\" >\n\t\t<div class=\"wpb_wrapper\">\n\t\t\t<h3>Areas de Pr\u00e1ctica<\/h3>\n<hr \/>\n<p>Construction and Construction Transactions<br \/>\nClass Action &amp; Multi-Claim Litigation<br \/>\nCommercial Litigation &amp; Business Torts<\/p>\n\n\t\t<\/div>\n\t<\/div>\n\n\t<div class=\"wpb_text_column wpb_content_element\" >\n\t\t<div class=\"wpb_wrapper\">\n\t\t\t<h3>Educaci\u00f3n<\/h3>\n<hr \/>\n<p>St. Thomas University School of Law, JD, magna cum laude<br \/>\nFlorida State University, BS, cum laude<\/p>\n\n\t\t<\/div>\n\t<\/div>\n\n\t<div class=\"wpb_text_column wpb_content_element\" >\n\t\t<div class=\"wpb_wrapper\">\n\t\t\t<h3>Admisi\u00f3n a la Pr\u00e1ctica<\/h3>\n<hr \/>\n<p>Florida<br \/>\nSupreme Court of Florida<\/p>\n\n\t\t<\/div>\n\t<\/div>\n\n\t<div class=\"wpb_text_column wpb_content_element\" >\n\t\t<div class=\"wpb_wrapper\">\n\t\t\t<h3>Idiomas<\/h3>\n<hr \/>\n<p>Fluidez en Ingl\u00e9s y Espa\u00f1ol.<\/p>\n\n\t\t<\/div>\n\t<\/div>\n<\/div><\/div><\/div><\/div>\n<\/div>","protected":false},"excerpt":{"rendered":"Nicholas Bastidas, Esq. Nelson Mullins Riley &amp; Scarborough LLP 2 S Biscayne Blvd Ste 21 Miami, FL 33131-9998 Visit Website","protected":false},"author":1,"featured_media":0,"parent":8600,"menu_order":0,"comment_status":"closed","ping_status":"closed","template":"","meta":{"footnotes":""},"class_list":["post-8068","page","type-page","status-publish","hentry"],"_links":{"self":[{"href":"https:\/\/colbar.org\/es\/wp-json\/wp\/v2\/pages\/8068","targetHints":{"allow":["GET"]}}],"collection":[{"href":"https:\/\/colbar.org\/es\/wp-json\/wp\/v2\/pages"}],"about":[{"href":"https:\/\/colbar.org\/es\/wp-json\/wp\/v2\/types\/page"}],"author":[{"embeddable":true,"href":"https:\/\/colbar.org\/es\/wp-json\/wp\/v2\/users\/1"}],"replies":[{"embeddable":true,"href":"https:\/\/colbar.org\/es\/wp-json\/wp\/v2\/comments?post=8068"}],"version-history":[{"count":3,"href":"https:\/\/colbar.org\/es\/wp-json\/wp\/v2\/pages\/8068\/revisions"}],"predecessor-version":[{"id":11919,"href":"https:\/\/colbar.org\/es\/wp-json\/wp\/v2\/pages\/8068\/revisions\/11919"}],"up":[{"embeddable":true,"href":"https:\/\/colbar.org\/es\/wp-json\/wp\/v2\/pages\/8600"}],"wp:attachment":[{"href":"https:\/\/colbar.org\/es\/wp-json\/wp\/v2\/media?parent=8068"}],"curies":[{"name":"wp","href":"https:\/\/api.w.org\/{rel}","templated":true}]}}