{"id":8257,"date":"2021-11-19T16:59:27","date_gmt":"2021-11-19T21:59:27","guid":{"rendered":"https:\/\/colbar.org\/?page_id=8257"},"modified":"2026-03-19T14:24:36","modified_gmt":"2026-03-19T18:24:36","slug":"douglas-sanchez-esq","status":"publish","type":"page","link":"https:\/\/colbar.org\/es\/attorneys\/douglas-sanchez-esq\/","title":{"rendered":"Douglas Sanchez, Esq"},"content":{"rendered":"<div class=\"wpb-content-wrapper\"><div class=\"vc_row wpb_row vc_row-fluid\"><div class=\"wpb_column vc_column_container vc_col-sm-4\"><div class=\"vc_column-inner vc_custom_1618350251727\"><div class=\"wpb_wrapper\">\n\t<div  class=\"wpb_single_image wpb_content_element vc_align_center\">\n\t\t\n\t\t<figure class=\"wpb_wrapper vc_figure\">\n\t\t\t<div class=\"vc_single_image-wrapper   vc_box_border_grey\"><img loading=\"lazy\" decoding=\"async\" width=\"252\" height=\"300\" src=\"https:\/\/colbar.org\/wp-content\/uploads\/Douglas-Sanchez.jpg\" class=\"vc_single_image-img attachment-full\" alt=\"\" title=\"Douglas Sanchez\" srcset=\"https:\/\/colbar.org\/wp-content\/uploads\/Douglas-Sanchez.jpg 252w, https:\/\/colbar.org\/wp-content\/uploads\/Douglas-Sanchez-125x150.jpg 125w\" sizes=\"auto, (max-width: 252px) 100vw, 252px\" \/><\/div>\n\t\t<\/figure>\n\t<\/div>\n\n\t<div class=\"wpb_text_column wpb_content_element\" >\n\t\t<div class=\"wpb_wrapper\">\n\t\t\t<h6 style=\"text-align: center;\"><strong>Douglas Sanchez, Esq<\/strong><\/h6>\n\n\t\t<\/div>\n\t<\/div>\n\n\t<div class=\"wpb_text_column wpb_content_element\" >\n\t\t<div class=\"wpb_wrapper\">\n\t\t\t<p style=\"text-align: center;\"><strong>Cruser, Mitchell, Novitz, Sanchez, Gasto<\/strong><br \/>\n55 NE 5th Ave<br \/>\nBoca Raton, FL 33432-4000<\/p>\n\n\t\t<\/div>\n\t<\/div>\n<div class=\"vc_btn3-container vc_btn3-center vc_do_btn\" ><a class=\"vc_general vc_btn3 vc_btn3-size-sm vc_btn3-shape-rounded vc_btn3-style-modern vc_btn3-block vc_btn3-icon-left vc_btn3-color-sky\" href=\"https:\/\/cmlawfirm.com\/\" title=\"\" target=\"_blank\"><i class=\"vc_btn3-icon fas fa-globe\"><\/i> Visit Website<\/a><\/div><div class=\"vc_btn3-container vc_btn3-center vc_do_btn\" ><a class=\"vc_general vc_btn3 vc_btn3-size-sm vc_btn3-shape-rounded vc_btn3-style-modern vc_btn3-block vc_btn3-icon-left vc_btn3-color-success\" href=\"mailto:dsanchez@cmlawfirm.com\" title=\"\" target=\"_blank\"><i class=\"vc_btn3-icon far fa-envelope\"><\/i> Email<\/a><\/div><div class=\"vc_btn3-container vc_btn3-center vc_do_btn\" ><a class=\"vc_general vc_btn3 vc_btn3-size-sm vc_btn3-shape-rounded vc_btn3-style-modern vc_btn3-block vc_btn3-icon-left vc_btn3-color-mulled-wine\" href=\"tel:13055752424\" title=\"\" target=\"_blank\"><i class=\"vc_btn3-icon fas fa-phone-square-alt\"><\/i> (305) 575-2424<\/a><\/div>\n\t<div class=\"wpb_text_column wpb_content_element\" >\n\t\t<div class=\"wpb_wrapper\">\n\t\t\t<p style=\"text-align: center;\"><strong>MAPA Y DIRECCIONES<\/strong><\/p>\n\n\t\t<\/div>\n\t<\/div>\n\n\t<div class=\"wpb_text_column wpb_content_element\" >\n\t\t<div class=\"wpb_wrapper\">\n\t\t\t<p><iframe loading=\"lazy\" style=\"border: 0;\" src=\"https:\/\/www.google.com\/maps\/embed?pb=!1m18!1m12!1m3!1d3593.112802281292!2d-80.19091568514003!3d25.76683741467694!2m3!1f0!2f0!3f0!3m2!1i1024!2i768!4f13.1!3m3!1m2!1s0x88d9b682ea3a24d1%3A0x33476300065862a2!2s701%20Brickell%20Ave%2C%20Miami%2C%20FL%2033131!5e0!3m2!1sen!2sus!4v1637359008494!5m2!1sen!2sus\" width=\"400\" height=\"300\" allowfullscreen=\"allowfullscreen\"><\/iframe><\/p>\n\n\t\t<\/div>\n\t<\/div>\n<\/div><\/div><\/div><div class=\"wpb_column vc_column_container vc_col-sm-1\"><div class=\"vc_column-inner\"><div class=\"wpb_wrapper\"><\/div><\/div><\/div><div class=\"wpb_column vc_column_container vc_col-sm-7\"><div class=\"vc_column-inner\"><div class=\"wpb_wrapper\">\n\t<div class=\"wpb_text_column wpb_content_element\" >\n\t\t<div class=\"wpb_wrapper\">\n\t\t\t<h2 style=\"text-align: left;\"><span style=\"color: #0000ff;\">Douglas Sanchez, Esq<\/span><\/h2>\n<hr \/>\n<p>Doug es el socio gerente de las oficinas del sur de Florida, Nueva Jersey y Pensilvania de Cruser, Mitchell, Novitz, Sanchez, Gaston &amp; Zimet, LLP. Est\u00e1 certificado por la Corte Suprema de Nueva Jersey como abogado litigante civil y su pr\u00e1ctica se centra en litigios civiles complejos. Doug representa a individuos, corporaciones, sociedades, entidades p\u00fablicas y aseguradoras en tribunales estatales y federales en todo Nueva Jersey, Nueva York, Pensilvania, Connecticut, Massachusetts, Illinois y Florida en asuntos de litigio relacionados con la responsabilidad de directores y funcionarios, reclamos por pr\u00e1cticas laborales, responsabilidad por productos defectuosos, disputas de propiedad corporativa y sociedad, disputas de cobertura de seguros, acuerdos de no competencia, reclamos de construcci\u00f3n y responsabilidad profesional. Doug tambi\u00e9n tiene una amplia experiencia litigando y defendiendo reclamos por violaciones de derechos civiles, accidentes de veh\u00edculos comerciales y reclamos de responsabilidad por productos defectuosos. Doug ha juzgado, mediado y arbitrado casos en los tribunales estatales y federales de Nueva Jersey, Pensilvania, Nueva York y Florida, y est\u00e1 autorizado para ejercer la abogac\u00eda en NJ, NY, CT, PA, MA, IL y FL. Doug tiene una calificaci\u00f3n AV de Martindale Hubbell (la m\u00e1s alta posible) y ha sido seleccionado como S\u00faper Abogado de Nueva Jersey durante los \u00faltimos diez a\u00f1os.<\/p>\n<p>Doug ha sido facultado por una compa\u00f1\u00eda de seguros nacional como su abogado designado para p\u00e9rdidas catastr\u00f3ficas en Nueva Jersey. Es miembro de la Junta de Fideicomisarios de los Abogados Litigantes de Nueva Jersey y actualmente se desempe\u00f1a como asesor legal de la Fundaci\u00f3n de Becas del Consejo Empresarial Hispano, Inc. Doug se desempe\u00f1\u00f3 como presidente y panelista en el Panel de Arbitraje de Tarifas del Condado de Bergen; copresidente del Comit\u00e9 de Pr\u00e1ctica Civil del Condado de Bergen; miembro del Comit\u00e9 de \u00c9tica del Distrito IIA; miembro de la Junta Asesora de Asistente Legal de Bergen Community College; profesor adjunto en Bergen Community College; y como director del Consejo Empresarial Hispano de la Asociaci\u00f3n de Comercio e Industria de Nueva Jersey, Inc. Doug tambi\u00e9n habla espa\u00f1ol con fluidez.<\/p>\n\n\t\t<\/div>\n\t<\/div>\n\n\t<div class=\"wpb_text_column wpb_content_element\" >\n\t\t<div class=\"wpb_wrapper\">\n\t\t\t<h3>Areas de Pr\u00e1ctica<\/h3>\n<hr \/>\n<p>Litigio Laboral<br \/>\nResponsabilidad Profesional<br \/>\nLesiones Personales y Responsabilidad del Producto<br \/>\nLitigios Comerciales<br \/>\nResponsabilidad de Directores y Funcionarios<\/p>\n\n\t\t<\/div>\n\t<\/div>\n\n\t<div class=\"wpb_text_column wpb_content_element\" >\n\t\t<div class=\"wpb_wrapper\">\n\t\t\t<h3>Educaci\u00f3n<\/h3>\n<hr \/>\n<p>J.D., Rutgers Law School<br \/>\nB.A., Fairleigh Dickson University<\/p>\n\n\t\t<\/div>\n\t<\/div>\n\n\t<div class=\"wpb_text_column wpb_content_element\" >\n\t\t<div class=\"wpb_wrapper\">\n\t\t\t<h3>Admisi\u00f3n a la Pr\u00e1ctica<\/h3>\n<hr \/>\n<p>Todos los tribunales estatales y federales en:<br \/>\nFlorida<br \/>\nNew Jersey<br \/>\nNew York<br \/>\nPennsylvania<br \/>\nConnecticut<\/p>\n\n\t\t<\/div>\n\t<\/div>\n\n\t<div class=\"wpb_text_column wpb_content_element\" >\n\t\t<div class=\"wpb_wrapper\">\n\t\t\t<h3>Idiomas<\/h3>\n<hr \/>\n<p>Fluidez en Ingl\u00e9s y Espa\u00f1ol.<\/p>\n\n\t\t<\/div>\n\t<\/div>\n<\/div><\/div><\/div><\/div>\n<\/div>","protected":false},"excerpt":{"rendered":"Douglas Sanchez, Esq Cruser, Mitchell, Novitz, Sanchez, Gasto 55 NE 5th Ave Boca Raton, FL 33432-4000 Visit Website Send Email","protected":false},"author":1,"featured_media":0,"parent":8600,"menu_order":0,"comment_status":"closed","ping_status":"closed","template":"","meta":{"footnotes":""},"class_list":["post-8257","page","type-page","status-publish","hentry"],"_links":{"self":[{"href":"https:\/\/colbar.org\/es\/wp-json\/wp\/v2\/pages\/8257","targetHints":{"allow":["GET"]}}],"collection":[{"href":"https:\/\/colbar.org\/es\/wp-json\/wp\/v2\/pages"}],"about":[{"href":"https:\/\/colbar.org\/es\/wp-json\/wp\/v2\/types\/page"}],"author":[{"embeddable":true,"href":"https:\/\/colbar.org\/es\/wp-json\/wp\/v2\/users\/1"}],"replies":[{"embeddable":true,"href":"https:\/\/colbar.org\/es\/wp-json\/wp\/v2\/comments?post=8257"}],"version-history":[{"count":0,"href":"https:\/\/colbar.org\/es\/wp-json\/wp\/v2\/pages\/8257\/revisions"}],"up":[{"embeddable":true,"href":"https:\/\/colbar.org\/es\/wp-json\/wp\/v2\/pages\/8600"}],"wp:attachment":[{"href":"https:\/\/colbar.org\/es\/wp-json\/wp\/v2\/media?parent=8257"}],"curies":[{"name":"wp","href":"https:\/\/api.w.org\/{rel}","templated":true}]}}