{"id":8364,"date":"2021-12-02T17:05:09","date_gmt":"2021-12-02T22:05:09","guid":{"rendered":"https:\/\/colbar.org\/?page_id=8364"},"modified":"2026-03-19T16:34:26","modified_gmt":"2026-03-19T20:34:26","slug":"melissa-dangond-esq","status":"publish","type":"page","link":"https:\/\/colbar.org\/es\/attorneys\/melissa-dangond-esq\/","title":{"rendered":"Melissa Dangond, Esq."},"content":{"rendered":"<div class=\"wpb-content-wrapper\"><div class=\"vc_row wpb_row vc_row-fluid\"><div class=\"wpb_column vc_column_container vc_col-sm-4\"><div class=\"vc_column-inner vc_custom_1618350251727\"><div class=\"wpb_wrapper\">\n\t<div  class=\"wpb_single_image wpb_content_element vc_align_center\">\n\t\t\n\t\t<figure class=\"wpb_wrapper vc_figure\">\n\t\t\t<div class=\"vc_single_image-wrapper   vc_box_border_grey\"><img loading=\"lazy\" decoding=\"async\" width=\"252\" height=\"300\" src=\"https:\/\/colbar.org\/wp-content\/uploads\/Melissa-Dangond.jpg\" class=\"vc_single_image-img attachment-full\" alt=\"\" title=\"Melissa Dangond\" srcset=\"https:\/\/colbar.org\/wp-content\/uploads\/Melissa-Dangond.jpg 252w, https:\/\/colbar.org\/wp-content\/uploads\/Melissa-Dangond-125x150.jpg 125w\" sizes=\"auto, (max-width: 252px) 100vw, 252px\" \/><\/div>\n\t\t<\/figure>\n\t<\/div>\n\n\t<div class=\"wpb_text_column wpb_content_element\" >\n\t\t<div class=\"wpb_wrapper\">\n\t\t\t<h6 style=\"text-align: center;\"><strong>Melissa Dangond, Esq.<\/strong><\/h6>\n\n\t\t<\/div>\n\t<\/div>\n\n\t<div class=\"wpb_text_column wpb_content_element\" >\n\t\t<div class=\"wpb_wrapper\">\n\t\t\t<p style=\"text-align: center;\"><strong>Allen, Dyer, Doppelt + Gilchrist, P. A.<\/strong><br \/>\n1221 Brickell Ave, Suite 2400<br \/>\nMiami, FL 33131<\/p>\n\n\t\t<\/div>\n\t<\/div>\n<div class=\"vc_btn3-container vc_btn3-center vc_do_btn\" ><a class=\"vc_general vc_btn3 vc_btn3-size-sm vc_btn3-shape-rounded vc_btn3-style-modern vc_btn3-block vc_btn3-icon-left vc_btn3-color-sky\" href=\"https:\/\/allendyer.com\/\" title=\"\" target=\"_blank\"><i class=\"vc_btn3-icon fas fa-globe\"><\/i> Visit Website<\/a><\/div><div class=\"vc_btn3-container vc_btn3-center vc_do_btn\" ><a class=\"vc_general vc_btn3 vc_btn3-size-sm vc_btn3-shape-rounded vc_btn3-style-modern vc_btn3-block vc_btn3-icon-left vc_btn3-color-success\" href=\"mailto:mdangond@allendyer.com\" title=\"\" target=\"_blank\"><i class=\"vc_btn3-icon far fa-envelope\"><\/i> Email<\/a><\/div><div class=\"vc_btn3-container vc_btn3-center vc_do_btn\" ><a class=\"vc_general vc_btn3 vc_btn3-size-sm vc_btn3-shape-rounded vc_btn3-style-modern vc_btn3-block vc_btn3-icon-left vc_btn3-color-mulled-wine\" href=\"tel:13053748303\" title=\"\" target=\"_blank\"><i class=\"vc_btn3-icon fas fa-phone-square-alt\"><\/i> (305) 374-8303<\/a><\/div>\n\t<div class=\"wpb_text_column wpb_content_element\" >\n\t\t<div class=\"wpb_wrapper\">\n\t\t\t<p style=\"text-align: center;\"><strong>MAPA Y DIRECCIONES<\/strong><\/p>\n\n\t\t<\/div>\n\t<\/div>\n\n\t<div class=\"wpb_text_column wpb_content_element\" >\n\t\t<div class=\"wpb_wrapper\">\n\t\t\t<p><iframe loading=\"lazy\" style=\"border: 0;\" src=\"https:\/\/www.google.com\/maps\/embed?pb=!1m18!1m12!1m3!1d3593.2816663431313!2d-80.19331318497903!3d25.761258483636954!2m3!1f0!2f0!3f0!3m2!1i1024!2i768!4f13.1!3m3!1m2!1s0x88d9b68112db4acd%3A0x261ef30219901cd2!2s1221%20Brickell%20Ave%20Unit%202400%2C%20Miami%2C%20FL%2033131!5e0!3m2!1sen!2sus!4v1638482338736!5m2!1sen!2sus\" width=\"400\" height=\"300\" allowfullscreen=\"allowfullscreen\"><\/iframe><\/p>\n\n\t\t<\/div>\n\t<\/div>\n<\/div><\/div><\/div><div class=\"wpb_column vc_column_container vc_col-sm-1\"><div class=\"vc_column-inner\"><div class=\"wpb_wrapper\"><\/div><\/div><\/div><div class=\"wpb_column vc_column_container vc_col-sm-7\"><div class=\"vc_column-inner\"><div class=\"wpb_wrapper\">\n\t<div class=\"wpb_text_column wpb_content_element\" >\n\t\t<div class=\"wpb_wrapper\">\n\t\t\t<h2 style=\"text-align: left;\"><span style=\"color: #0000ff;\">Melissa Dangond, Esq.<\/span><\/h2>\n<hr \/>\n<p>Melissa Dangond es una colombiana-estadounidense, nativa de Miami, que habla ingl\u00e9s y espa\u00f1ol con fluidez. En la firma Allen Dyer, practica litigios de propiedad intelectual. Tambi\u00e9n ayuda a los clientes con asuntos de enjuiciamiento de marcas registradas y disputas de nombres de dominio.<\/p>\n<p>La Sra. Dangond se gradu\u00f3 cum laude de la Facultad de Derecho Levin de la Universidad de Florida con un Certificado en Propiedad Intelectual y un Certificado en Derecho Ambiental, de Uso de la Tierra y de Bienes Ra\u00edces. En UF Law, la Sra. Dangond fue miembro del Journal of Technology Law and Policy, asesor\u00f3 a estudiantes a trav\u00e9s de la Asociaci\u00f3n Latina de Facultades de Derecho, ayud\u00f3 a planificar y ejecutar la 25.\u00aa Conferencia Anual de Medio Ambiente de Inter\u00e9s P\u00fablico de UF Law y adem\u00e1s estudi\u00f3 en el extranjero en el pa\u00eds de Costa Rica. Mientras continuaba su educaci\u00f3n legal, la Sra. Dangond trabaj\u00f3 en ADD+G como asociada de verano. Melissa tambi\u00e9n trabaj\u00f3 en UF Innovate como becaria de acuerdo de transferencia de material, donde redact\u00f3, edit\u00f3 y negoci\u00f3 contratos de transferencia de material.<\/p>\n<p>Antes de ingresar a la facultad de derecho, la Sra. Dangond se gradu\u00f3 de Boston College en 2017 con una licenciatura en biolog\u00eda y una especializaci\u00f3n en estudios ambientales. Durante su tercer a\u00f1o, Melissa estudi\u00f3 en el extranjero en la Universidad Complutense de Madrid, Espa\u00f1a. Durante sus estudios universitarios, Melissa tambi\u00e9n hizo una pasant\u00eda en el Departamento de Polic\u00eda de Boston College e imparti\u00f3 clases con Boston College SPLASH, una organizaci\u00f3n dirigida por estudiantes que ofrece una amplia variedad de cursos para estudiantes de secundaria y preparatoria. Las clases que impart\u00eda se centraban principalmente en los disruptores ambientales del desarrollo y los biocombustibles.<\/p>\n<p>Como parte de su trabajo de curso para la especializaci\u00f3n en Biolog\u00eda, Melissa form\u00f3 parte de un proyecto de investigaci\u00f3n de un semestre en el que estudi\u00f3 la conservaci\u00f3n evolutiva de genes en la s\u00edntesis de metionina en Saccharomyces cerevisiae. Como parte de su curso de \u00faltimo a\u00f1o para la especializaci\u00f3n en Estudios Ambientales, la Sra. Dangond realiz\u00f3 un inventario y una evaluaci\u00f3n del h\u00e1bitat de los polinizadores en Boston College. Su trabajo fue publicado posteriormente en el Repositorio Institucional del Boston College. Tambi\u00e9n tom\u00f3 varias clases en Boston College Law donde escribi\u00f3 y present\u00f3 sobre la regulaci\u00f3n de la FDA de cosm\u00e9ticos y remedios de recursos naturales.<\/p>\n<p>Antes de dejar Miami para sus estudios universitarios, Melissa asisti\u00f3 y se gradu\u00f3 de Palmer Trinity School. All\u00ed, fue consejera de compa\u00f1eros, tutora de ingl\u00e9s, embajadora estudiantil y tesorera de la clase. Tambi\u00e9n form\u00f3 parte del conjunto de guitarras.<\/p>\n\n\t\t<\/div>\n\t<\/div>\n\n\t<div class=\"wpb_text_column wpb_content_element\" >\n\t\t<div class=\"wpb_wrapper\">\n\t\t\t<h3>Areas de Pr\u00e1ctica<\/h3>\n<hr \/>\n<p>Litigio de Propiedad Intelectual<br \/>\nTransacciones de Propiedad Intelectual<br \/>\nMarcas Registradas<br \/>\nDerechos de Autor<\/p>\n\n\t\t<\/div>\n\t<\/div>\n\n\t<div class=\"wpb_text_column wpb_content_element\" >\n\t\t<div class=\"wpb_wrapper\">\n\t\t\t<h3>Educaci\u00f3n<\/h3>\n<hr \/>\n<p>J.D. (cum laude), University of Florida Levin College of Law<br \/>\nCertificado de Grado en Propiedad Intelectual<br \/>\nDiplomado en Derecho Ambiental, Ordenamiento Territorial e Inmobiliario<br \/>\nB.S. (cum laude), Boston College<\/p>\n\n\t\t<\/div>\n\t<\/div>\n\n\t<div class=\"wpb_text_column wpb_content_element\" >\n\t\t<div class=\"wpb_wrapper\">\n\t\t\t<h3>Admisi\u00f3n a la Pr\u00e1ctica<\/h3>\n<hr \/>\n<p>Todos los tribunales estatales de Florida<br \/>\nTribunal de Distrito de los Estados Unidos, Distrito Sur de Florida.<br \/>\nTribunal de Distrito de EE. UU., Distrito Medio de Florida<\/p>\n\n\t\t<\/div>\n\t<\/div>\n\n\t<div class=\"wpb_text_column wpb_content_element\" >\n\t\t<div class=\"wpb_wrapper\">\n\t\t\t<h3>Idiomas<\/h3>\n<hr \/>\n<p>Fluidez en Ingl\u00e9s y Espa\u00f1ol.<\/p>\n\n\t\t<\/div>\n\t<\/div>\n<\/div><\/div><\/div><\/div>\n<\/div>","protected":false},"excerpt":{"rendered":"Melissa Dangond, Esq. Allen, Dyer, Doppelt + Gilchrist, P. A. 1221 Brickell Ave, Suite 2400 Miami, FL 33131 Visit Website","protected":false},"author":1,"featured_media":0,"parent":8600,"menu_order":0,"comment_status":"closed","ping_status":"closed","template":"","meta":{"footnotes":""},"class_list":["post-8364","page","type-page","status-publish","hentry"],"_links":{"self":[{"href":"https:\/\/colbar.org\/es\/wp-json\/wp\/v2\/pages\/8364","targetHints":{"allow":["GET"]}}],"collection":[{"href":"https:\/\/colbar.org\/es\/wp-json\/wp\/v2\/pages"}],"about":[{"href":"https:\/\/colbar.org\/es\/wp-json\/wp\/v2\/types\/page"}],"author":[{"embeddable":true,"href":"https:\/\/colbar.org\/es\/wp-json\/wp\/v2\/users\/1"}],"replies":[{"embeddable":true,"href":"https:\/\/colbar.org\/es\/wp-json\/wp\/v2\/comments?post=8364"}],"version-history":[{"count":0,"href":"https:\/\/colbar.org\/es\/wp-json\/wp\/v2\/pages\/8364\/revisions"}],"up":[{"embeddable":true,"href":"https:\/\/colbar.org\/es\/wp-json\/wp\/v2\/pages\/8600"}],"wp:attachment":[{"href":"https:\/\/colbar.org\/es\/wp-json\/wp\/v2\/media?parent=8364"}],"curies":[{"name":"wp","href":"https:\/\/api.w.org\/{rel}","templated":true}]}}