{"id":8391,"date":"2021-12-15T13:22:08","date_gmt":"2021-12-15T18:22:08","guid":{"rendered":"https:\/\/colbar.org\/?page_id=8391"},"modified":"2026-03-19T13:16:13","modified_gmt":"2026-03-19T17:16:13","slug":"claudia-reves-gonzalez","status":"publish","type":"page","link":"https:\/\/colbar.org\/es\/attorneys\/claudia-reves-gonzalez\/","title":{"rendered":"Claudia Reves Gonzalez"},"content":{"rendered":"<div class=\"wpb-content-wrapper\"><div class=\"vc_row wpb_row vc_row-fluid\"><div class=\"wpb_column vc_column_container vc_col-sm-4\"><div class=\"vc_column-inner vc_custom_1618350251727\"><div class=\"wpb_wrapper\">\n\t<div  class=\"wpb_single_image wpb_content_element vc_align_center\">\n\t\t\n\t\t<figure class=\"wpb_wrapper vc_figure\">\n\t\t\t<div class=\"vc_single_image-wrapper   vc_box_border_grey\"><img loading=\"lazy\" decoding=\"async\" width=\"252\" height=\"300\" src=\"https:\/\/colbar.org\/wp-content\/uploads\/Claudia-Reves-Gonzalez.jpg\" class=\"vc_single_image-img attachment-full\" alt=\"Claudia Reves Gonzalez\" title=\"Claudia Reves Gonzalez\" srcset=\"https:\/\/colbar.org\/wp-content\/uploads\/Claudia-Reves-Gonzalez.jpg 252w, https:\/\/colbar.org\/wp-content\/uploads\/Claudia-Reves-Gonzalez-125x150.jpg 125w\" sizes=\"auto, (max-width: 252px) 100vw, 252px\" \/><\/div>\n\t\t<\/figure>\n\t<\/div>\n\n\t<div class=\"wpb_text_column wpb_content_element\" >\n\t\t<div class=\"wpb_wrapper\">\n\t\t\t<h6 style=\"text-align: center;\"><strong>Claudia Reves Gonzalez, Esq.<\/strong><\/h6>\n\n\t\t<\/div>\n\t<\/div>\n\n\t<div class=\"wpb_text_column wpb_content_element\" >\n\t\t<div class=\"wpb_wrapper\">\n\t\t\t<p style=\"text-align: center;\"><strong>Reyes,Reves &amp; Betancourt<\/strong><br \/>\n5798 SW 68th Street, Suite 4<br \/>\nMiami, FL 33143<\/p>\n\n\t\t<\/div>\n\t<\/div>\n<div class=\"vc_btn3-container vc_btn3-center vc_do_btn\" ><a class=\"vc_general vc_btn3 vc_btn3-size-sm vc_btn3-shape-rounded vc_btn3-style-modern vc_btn3-block vc_btn3-icon-left vc_btn3-color-success\" href=\"mailto:claudia@rrb-lawyers.com\" title=\"\" target=\"_blank\"><i class=\"vc_btn3-icon\"><\/i> Email<\/a><\/div><div class=\"vc_btn3-container vc_btn3-center vc_do_btn\" ><a class=\"vc_general vc_btn3 vc_btn3-size-sm vc_btn3-shape-rounded vc_btn3-style-modern vc_btn3-block vc_btn3-icon-left vc_btn3-color-mulled-wine\" href=\"tel:+13052091335\" title=\"\" target=\"_blank\"><i class=\"vc_btn3-icon\"><\/i> (305) 209-1335<\/a><\/div>\n\t<div class=\"wpb_text_column wpb_content_element\" >\n\t\t<div class=\"wpb_wrapper\">\n\t\t\t<p style=\"text-align: center;\"><strong>MAPA Y DIRECCIONES<\/strong><\/p>\n\n\t\t<\/div>\n\t<\/div>\n\n\t<div class=\"wpb_text_column wpb_content_element\" >\n\t\t<div class=\"wpb_wrapper\">\n\t\t\t<p><iframe loading=\"lazy\" style=\"border: 0;\" src=\"https:\/\/www.google.com\/maps\/embed?pb=!1m18!1m12!1m3!1d3594.8978121002983!2d-80.2874066!3d25.7078072!2m3!1f0!2f0!3f0!3m2!1i1024!2i768!4f13.1!3m3!1m2!1s0x8aa76e88c7246d11%3A0xb347a58cb1a59409!2sReyes%2C%20Reves%20%26%20Betancourt%2C%20PLLC!5e0!3m2!1sen!2sus!4v1744117199975!5m2!1sen!2sus\" width=\"400\" height=\"300\" allowfullscreen=\"allowfullscreen\"><\/iframe><\/p>\n\n\t\t<\/div>\n\t<\/div>\n<\/div><\/div><\/div><div class=\"wpb_column vc_column_container vc_col-sm-1\"><div class=\"vc_column-inner\"><div class=\"wpb_wrapper\"><\/div><\/div><\/div><div class=\"wpb_column vc_column_container vc_col-sm-7\"><div class=\"vc_column-inner\"><div class=\"wpb_wrapper\">\n\t<div class=\"wpb_text_column wpb_content_element\" >\n\t\t<div class=\"wpb_wrapper\">\n\t\t\t<h2 style=\"text-align: left;\"><span style=\"color: #0000ff;\">Claudia Reves Gonzalez, Esq.<\/span><\/h2>\n<hr \/>\n<p>Nac\u00ed y crec\u00ed en Cuba. Actualmente soy estudiante de derecho por segunda vez porque fui a la facultad de derecho en mi pa\u00eds de nacimiento. Despu\u00e9s de darme cuenta de que iba a ser un abogado sin voz, decid\u00ed emigrar sola para encontrar un futuro mejor.<\/p>\n<p>Durante mi trayecto como inmigrante, miembro de la comunidad y estudiante de tiempo completo, he aprendido a ser ingeniosa y decidida. He luchado con la tristeza de perderme el D\u00eda de la Madre y asistir sola a mi graduaci\u00f3n, con la resiliencia como mi mejor amiga. Pero lo que es m\u00e1s importante, he crecido humanamente y he aprendido el valor de las relaciones duraderas. Felizmente, desde que llegu\u00e9 a los Estados Unidos, mi vida ha sido bendecida con incre\u00edbles amigos colombianos que han hecho mi vida m\u00e1s feliz. Adem\u00e1s, he llegado a conocer a mi comunidad a trav\u00e9s de mis horas de servicio social, tanto dando tutor\u00eda a ni\u00f1as como alimentando a personas sin hogar logrando que un enorme deseo de retribuir a los dem\u00e1s se haya apoderado de mi coraz\u00f3n. Me he convencido a mi misma que soy una guerrera y no me rindo. Mi constancia y trabajo duro me han demostrado hasta d\u00f3nde puede llegar un buen coraz\u00f3n y creo que puedo llegar m\u00e1s lejos con la Ley a mi lado.<\/p>\n\n\t\t<\/div>\n\t<\/div>\n\n\t<div class=\"wpb_text_column wpb_content_element\" >\n\t\t<div class=\"wpb_wrapper\">\n\t\t\t<h3>\u00c1reas de Inter\u00e9s<\/h3>\n<hr \/>\n<p>Bienes Ra\u00edces<br \/>\nDerecho Corporativo<br \/>\nBancarrota<br \/>\nPlanificaci\u00f3n Patrimonial<\/p>\n\n\t\t<\/div>\n\t<\/div>\n\n\t<div class=\"wpb_text_column wpb_content_element\" >\n\t\t<div class=\"wpb_wrapper\">\n\t\t\t<h3>Educaci\u00f3n<\/h3>\n<hr \/>\n<p>J.D. Candidate (2022), St. Thomas University College of Law<br \/>\nB.S. (Criminal Justice), Florida International University<\/p>\n\n\t\t<\/div>\n\t<\/div>\n\n\t<div class=\"wpb_text_column wpb_content_element\" >\n\t\t<div class=\"wpb_wrapper\">\n\t\t\t<h3>Experiencias Relevantes<\/h3>\n<hr \/>\n<p>Previamente trabaj\u00e9 como asistente legal en Awad&amp;Elias Abogados, un despacho de abogados especializado en estructuras societarias, inversi\u00f3n extranjera, planificaci\u00f3n fiscal, protecci\u00f3n de la propiedad intelectual, asuntos laborales y migratorios.<\/p>\n<p>Fui pasante en The Loss Recovery Law Group, especializ\u00e1ndome en litigios de seguros de propiedad.<\/p>\n<p>Actualmente soy asistente legal en Aybar Landrau &amp; Nizio, P.L., una firma boutique de bienes ra\u00edces que maneja casos de defensa de ejecuciones hipotecarias, reclamos de seguros de propiedad, asuntos corporativos y desalojos.<\/p>\n<p>Soy voluntaria del programa The Guardian at Litem, que aboga por los ni\u00f1os abusados, abandonados y desatendidos.<\/p>\n\n\t\t<\/div>\n\t<\/div>\n\n\t<div class=\"wpb_text_column wpb_content_element\" >\n\t\t<div class=\"wpb_wrapper\">\n\t\t\t<h3>Idiomas<\/h3>\n<hr \/>\n<p>Fluidez en Ingl\u00e9s y Espa\u00f1ol.<\/p>\n\n\t\t<\/div>\n\t<\/div>\n<\/div><\/div><\/div><\/div>\n<\/div>","protected":false},"excerpt":{"rendered":"Claudia Reves Gonzalez, Esq. Reyes,Reves &amp; Betancourt 5798 SW 68th Street, Suite 4 Miami, FL 33143 Send Email (305) 209-1335","protected":false},"author":1,"featured_media":0,"parent":8600,"menu_order":0,"comment_status":"closed","ping_status":"closed","template":"","meta":{"footnotes":""},"class_list":["post-8391","page","type-page","status-publish","hentry"],"_links":{"self":[{"href":"https:\/\/colbar.org\/es\/wp-json\/wp\/v2\/pages\/8391","targetHints":{"allow":["GET"]}}],"collection":[{"href":"https:\/\/colbar.org\/es\/wp-json\/wp\/v2\/pages"}],"about":[{"href":"https:\/\/colbar.org\/es\/wp-json\/wp\/v2\/types\/page"}],"author":[{"embeddable":true,"href":"https:\/\/colbar.org\/es\/wp-json\/wp\/v2\/users\/1"}],"replies":[{"embeddable":true,"href":"https:\/\/colbar.org\/es\/wp-json\/wp\/v2\/comments?post=8391"}],"version-history":[{"count":0,"href":"https:\/\/colbar.org\/es\/wp-json\/wp\/v2\/pages\/8391\/revisions"}],"up":[{"embeddable":true,"href":"https:\/\/colbar.org\/es\/wp-json\/wp\/v2\/pages\/8600"}],"wp:attachment":[{"href":"https:\/\/colbar.org\/es\/wp-json\/wp\/v2\/media?parent=8391"}],"curies":[{"name":"wp","href":"https:\/\/api.w.org\/{rel}","templated":true}]}}