{"id":8864,"date":"2023-01-17T13:03:51","date_gmt":"2023-01-17T18:03:51","guid":{"rendered":"https:\/\/colbar.org\/?page_id=8864"},"modified":"2026-04-13T10:03:47","modified_gmt":"2026-04-13T14:03:47","slug":"luz-caceres","status":"publish","type":"page","link":"https:\/\/colbar.org\/es\/student-members\/luz-caceres\/","title":{"rendered":"Luz Caceres"},"content":{"rendered":"<div class=\"wpb-content-wrapper\"><div class=\"vc_row wpb_row vc_row-fluid\"><div class=\"wpb_column vc_column_container vc_col-sm-4\"><div class=\"vc_column-inner vc_custom_1618350251727\"><div class=\"wpb_wrapper\">\n\t<div  class=\"wpb_single_image wpb_content_element vc_align_center\">\n\t\t\n\t\t<figure class=\"wpb_wrapper vc_figure\">\n\t\t\t<div class=\"vc_single_image-wrapper   vc_box_border_grey\"><img loading=\"lazy\" decoding=\"async\" width=\"252\" height=\"300\" src=\"https:\/\/colbar.org\/wp-content\/uploads\/Luz-Caceres.jpg\" class=\"vc_single_image-img attachment-full\" alt=\"\" title=\"Luz Caceres\" srcset=\"https:\/\/colbar.org\/wp-content\/uploads\/Luz-Caceres.jpg 252w, https:\/\/colbar.org\/wp-content\/uploads\/Luz-Caceres-10x12.jpg 10w\" sizes=\"auto, (max-width: 252px) 100vw, 252px\" \/><\/div>\n\t\t<\/figure>\n\t<\/div>\n\n\t<div class=\"wpb_text_column wpb_content_element\" >\n\t\t<div class=\"wpb_wrapper\">\n\t\t\t<h6 style=\"text-align: center;\"><strong>Luz Caceres<\/strong><\/h6>\n\n\t\t<\/div>\n\t<\/div>\n\n\t<div class=\"wpb_text_column wpb_content_element\" >\n\t\t<div class=\"wpb_wrapper\">\n\t\t\t<p style=\"text-align: center;\"><strong>University of Miami<\/strong><br \/>\n1311 Miller Dr.<br \/>\nCoral Gables, FL 33146<\/p>\n\n\t\t<\/div>\n\t<\/div>\n<div class=\"vc_btn3-container vc_btn3-center vc_do_btn\" ><a class=\"vc_general vc_btn3 vc_btn3-size-sm vc_btn3-shape-rounded vc_btn3-style-modern vc_btn3-block vc_btn3-icon-left vc_btn3-color-success\" href=\"mailto:lac358@miami.edu\" title=\"\" target=\"_blank\"><i class=\"vc_btn3-icon far fa-envelope\"><\/i> Email<\/a><\/div><div class=\"vc_btn3-container vc_btn3-center vc_do_btn\" ><a class=\"vc_general vc_btn3 vc_btn3-size-sm vc_btn3-shape-rounded vc_btn3-style-modern vc_btn3-block vc_btn3-icon-left vc_btn3-color-mulled-wine\" href=\"tel:13055270560\" title=\"\" target=\"_blank\"><i class=\"vc_btn3-icon fas fa-phone-square-alt\"><\/i> (305) 527-0560<\/a><\/div>\n\t<div class=\"wpb_text_column wpb_content_element\" >\n\t\t<div class=\"wpb_wrapper\">\n\t\t\t<p style=\"text-align: center;\"><strong>MAPA Y DIRECCIONES<\/strong><\/p>\n\n\t\t<\/div>\n\t<\/div>\n\n\t<div class=\"wpb_text_column wpb_content_element\" >\n\t\t<div class=\"wpb_wrapper\">\n\t\t\t<p><iframe loading=\"lazy\" style=\"border: 0;\" src=\"https:\/\/www.google.com\/maps\/embed?pb=!1m18!1m12!1m3!1d3594.5101742897714!2d-80.2798744!3d25.720637099999998!2m3!1f0!2f0!3f0!3m2!1i1024!2i768!4f13.1!3m3!1m2!1s0x88d9b8010aaedcc3%3A0xeb398b3a5fde0772!2s1311%20Miller%20Dr%2C%20Miami%2C%20FL%2033146!5e0!3m2!1sen!2sus!4v1673978449297!5m2!1sen!2sus\" width=\"400\" height=\"300\" allowfullscreen=\"allowfullscreen\"><\/iframe><\/p>\n\n\t\t<\/div>\n\t<\/div>\n<\/div><\/div><\/div><div class=\"wpb_column vc_column_container vc_col-sm-1\"><div class=\"vc_column-inner\"><div class=\"wpb_wrapper\"><\/div><\/div><\/div><div class=\"wpb_column vc_column_container vc_col-sm-7\"><div class=\"vc_column-inner\"><div class=\"wpb_wrapper\">\n\t<div class=\"wpb_text_column wpb_content_element\" >\n\t\t<div class=\"wpb_wrapper\">\n\t\t\t<h2 style=\"text-align: left;\"><span style=\"color: #0000ff;\">Luz Caceres<\/span><\/h2>\n<hr \/>\n<p>Abogada colombiana con mas de 20 a\u00f1os de experiencia en el \u00e1rea contractual en sectores como el energetico, de movilidad el\u00e9ctrica, consumo masivo y de seguros.<\/p>\n\n\t\t<\/div>\n\t<\/div>\n\n\t<div class=\"wpb_text_column wpb_content_element\" >\n\t\t<div class=\"wpb_wrapper\">\n\t\t\t<h3>\u00c1reas de Inter\u00e9s<\/h3>\n<hr \/>\n<p class=\"translation-block\">Contratos<br>\nSector energ\u00e9tico<br>\nMovilidad el\u00e9ctrica<br>\nDerecho de Seguros<br>\nInmigraci\u00f3n<\/p>\n\n\t\t<\/div>\n\t<\/div>\n\n\t<div class=\"wpb_text_column wpb_content_element\" >\n\t\t<div class=\"wpb_wrapper\">\n\t\t\t<h3>Educaci\u00f3n<\/h3>\n<hr \/>\n<p>University of Miami School of Law, LL.M. in Entertainment, Art, and Sports Law<br \/>\nUniversidad Central de Venezuela, L.L.M. in International Private Law<br \/>\nUniversidad de Salamanca, International Law<br \/>\nUniversidad Javeriana, Insurance Law<br \/>\nUniversidad del Rosario, Law<\/p>\n\n\t\t<\/div>\n\t<\/div>\n\n\t<div class=\"wpb_text_column wpb_content_element\" >\n\t\t<div class=\"wpb_wrapper\">\n\t\t\t<h3>Experiencias Relevantes<\/h3>\n<hr \/>\n<p class=\"translation-block\">OLE DISTRIBUTION Miami, ENEL Group equipo legal asesor para Latinoam\u00e9rica, Valores Bavaria Group abogada de Finca, Fasecolda asistente legal de la Vicepresidencia Juridica<br>\nAutorizada para ejercer en Colombia (Tarjeta Profesional expedida por el C.S. de la J.)<br>\nProfesora de la Universidad UCAB Venezuela y profesora auxiliar de la Universidad del Rosario<\/p>\n\n\t\t<\/div>\n\t<\/div>\n\n\t<div class=\"wpb_text_column wpb_content_element\" >\n\t\t<div class=\"wpb_wrapper\">\n\t\t\t<h3>Idiomas<\/h3>\n<hr \/>\n<p>Fluidez en Ingl\u00e9s y Espa\u00f1ol.<\/p>\n\n\t\t<\/div>\n\t<\/div>\n<\/div><\/div><\/div><\/div>\n<\/div>","protected":false},"excerpt":{"rendered":"Luz Caceres University of Miami 1311 Miller Dr. Coral Gables, FL 33146 Send Email (305) 527-0560 MAP &amp; DIRECTIONS Luz","protected":false},"author":1,"featured_media":0,"parent":7556,"menu_order":0,"comment_status":"closed","ping_status":"closed","template":"","meta":{"footnotes":""},"class_list":["post-8864","page","type-page","status-publish","hentry"],"_links":{"self":[{"href":"https:\/\/colbar.org\/es\/wp-json\/wp\/v2\/pages\/8864","targetHints":{"allow":["GET"]}}],"collection":[{"href":"https:\/\/colbar.org\/es\/wp-json\/wp\/v2\/pages"}],"about":[{"href":"https:\/\/colbar.org\/es\/wp-json\/wp\/v2\/types\/page"}],"author":[{"embeddable":true,"href":"https:\/\/colbar.org\/es\/wp-json\/wp\/v2\/users\/1"}],"replies":[{"embeddable":true,"href":"https:\/\/colbar.org\/es\/wp-json\/wp\/v2\/comments?post=8864"}],"version-history":[{"count":3,"href":"https:\/\/colbar.org\/es\/wp-json\/wp\/v2\/pages\/8864\/revisions"}],"predecessor-version":[{"id":11840,"href":"https:\/\/colbar.org\/es\/wp-json\/wp\/v2\/pages\/8864\/revisions\/11840"}],"up":[{"embeddable":true,"href":"https:\/\/colbar.org\/es\/wp-json\/wp\/v2\/pages\/7556"}],"wp:attachment":[{"href":"https:\/\/colbar.org\/es\/wp-json\/wp\/v2\/media?parent=8864"}],"curies":[{"name":"wp","href":"https:\/\/api.w.org\/{rel}","templated":true}]}}