{"id":8938,"date":"2023-04-04T16:16:03","date_gmt":"2023-04-04T20:16:03","guid":{"rendered":"https:\/\/colbar.org\/?page_id=8938"},"modified":"2026-03-19T11:10:55","modified_gmt":"2026-03-19T15:10:55","slug":"andrea-merlano","status":"publish","type":"page","link":"https:\/\/colbar.org\/es\/student-members\/andrea-merlano\/","title":{"rendered":"Andrea Merlano"},"content":{"rendered":"<div class=\"wpb-content-wrapper\"><div class=\"vc_row wpb_row vc_row-fluid\"><div class=\"wpb_column vc_column_container vc_col-sm-4\"><div class=\"vc_column-inner vc_custom_1618350251727\"><div class=\"wpb_wrapper\">\n\t<div  class=\"wpb_single_image wpb_content_element vc_align_center\">\n\t\t\n\t\t<figure class=\"wpb_wrapper vc_figure\">\n\t\t\t<div class=\"vc_single_image-wrapper   vc_box_border_grey\"><img loading=\"lazy\" decoding=\"async\" width=\"252\" height=\"300\" src=\"https:\/\/colbar.org\/wp-content\/uploads\/Andrea-Merlano.jpg\" class=\"vc_single_image-img attachment-full\" alt=\"\" title=\"Andrea Merlano\" srcset=\"https:\/\/colbar.org\/wp-content\/uploads\/Andrea-Merlano.jpg 252w, https:\/\/colbar.org\/wp-content\/uploads\/Andrea-Merlano-10x12.jpg 10w\" sizes=\"auto, (max-width: 252px) 100vw, 252px\" \/><\/div>\n\t\t<\/figure>\n\t<\/div>\n\n\t<div class=\"wpb_text_column wpb_content_element\" >\n\t\t<div class=\"wpb_wrapper\">\n\t\t\t<h6 style=\"text-align: center;\"><strong>Andrea Merlano<\/strong><\/h6>\n\n\t\t<\/div>\n\t<\/div>\n\n\t<div class=\"wpb_text_column wpb_content_element\" >\n\t\t<div class=\"wpb_wrapper\">\n\t\t\t<p style=\"text-align: center;\"><strong>University of Miami<\/strong><br \/>\n1320 S Dixie Hwy<br \/>\nCoral Gables, FL 33146<\/p>\n\n\t\t<\/div>\n\t<\/div>\n<div class=\"vc_btn3-container vc_btn3-center vc_do_btn\" ><a class=\"vc_general vc_btn3 vc_btn3-size-sm vc_btn3-shape-rounded vc_btn3-style-modern vc_btn3-block vc_btn3-icon-left vc_btn3-color-success\" href=\"mailto:asm8909@miami.edu\" title=\"\" target=\"_blank\"><i class=\"vc_btn3-icon far fa-envelope\"><\/i> Email<\/a><\/div><div class=\"vc_btn3-container vc_btn3-center vc_do_btn\" ><a class=\"vc_general vc_btn3 vc_btn3-size-sm vc_btn3-shape-rounded vc_btn3-style-modern vc_btn3-block vc_btn3-icon-left vc_btn3-color-mulled-wine\" href=\"tel:17863931563\" title=\"\" target=\"_blank\"><i class=\"vc_btn3-icon fas fa-phone-square-alt\"><\/i> (786) 393-1563<\/a><\/div>\n\t<div class=\"wpb_text_column wpb_content_element\" >\n\t\t<div class=\"wpb_wrapper\">\n\t\t\t<p><a href=\"https:\/\/www.linkedin.com\/in\/andrea-merlano-castellanos\/\" target=\"_blank\" rel=\"noopener\"><img loading=\"lazy\" decoding=\"async\" class=\"size-full wp-image-10300 aligncenter\" src=\"https:\/\/colbar.org\/wp-content\/uploads\/linkedin-icon-2.png\" alt=\"\" width=\"50\" height=\"50\" srcset=\"https:\/\/colbar.org\/wp-content\/uploads\/linkedin-icon-2.png 50w, https:\/\/colbar.org\/wp-content\/uploads\/linkedin-icon-2-12x12.png 12w\" sizes=\"auto, (max-width: 50px) 100vw, 50px\" \/><\/a><\/p>\n\n\t\t<\/div>\n\t<\/div>\n\n\t<div class=\"wpb_text_column wpb_content_element\" >\n\t\t<div class=\"wpb_wrapper\">\n\t\t\t<p style=\"text-align: center;\"><strong>MAPA Y DIRECCIONES<\/strong><\/p>\n\n\t\t<\/div>\n\t<\/div>\n\n\t<div class=\"wpb_text_column wpb_content_element\" >\n\t\t<div class=\"wpb_wrapper\">\n\t\t\t<p><iframe loading=\"lazy\" style=\"border: 0;\" src=\"https:\/\/www.google.com\/maps\/embed?pb=!1m14!1m8!1m3!1d14378.432623892715!2d-80.2781262!3d25.7173947!3m2!1i1024!2i768!4f13.1!3m3!1m2!1s0x88d9b8021fc6387d%3A0x38c0cfaa41f031ce!2sUniversity%20of%20Miami!5e0!3m2!1sen!2sus!4v1680638823741!5m2!1sen!2sus\" width=\"400\" height=\"300\" allowfullscreen=\"allowfullscreen\"><\/iframe><\/p>\n\n\t\t<\/div>\n\t<\/div>\n<\/div><\/div><\/div><div class=\"wpb_column vc_column_container vc_col-sm-1\"><div class=\"vc_column-inner\"><div class=\"wpb_wrapper\"><\/div><\/div><\/div><div class=\"wpb_column vc_column_container vc_col-sm-7\"><div class=\"vc_column-inner\"><div class=\"wpb_wrapper\">\n\t<div class=\"wpb_text_column wpb_content_element\" >\n\t\t<div class=\"wpb_wrapper\">\n\t\t\t<h2 style=\"text-align: left;\"><span style=\"color: #0000ff;\">Andrea Merlano<\/span><\/h2>\n<hr \/>\n<p>Mi nombre es Andrea Merlano y soy de Cartagena, Colombia. Realic\u00e9 todos mis estudios jur\u00eddicos en mi pa\u00eds de origen y desde entonces he estudiado las \u00e1reas en las que he adquirido experiencia; Contrataci\u00f3n Estatal y Contencioso Administrativo. Despu\u00e9s de trabajar en la Rama Judicial Colombiana, tambi\u00e9n me desempe\u00f1\u00e9 como asesor jur\u00eddico de empresas privadas y de una alcald\u00eda municipal en el departamento de Bol\u00edvar.<\/p>\n<p>En 2016, me traslad\u00e9 a Bogot\u00e1, donde trabaj\u00e9 en casos de arbitraje nacional de alto perfil y Resoluci\u00f3n Alterna de Conflictos, adquiriendo un s\u00f3lido conocimiento en asuntos sustanciales de arbitraje y amigable composici\u00f3n.<\/p>\n<p>Como persona apasionada por el \u00e1mbito jur\u00eddico, quer\u00eda ampliar a\u00fan m\u00e1s mis conocimientos en esta \u00e1rea. Por lo tanto, solicit\u00e9 una beca parcial ofrecida a los miembros de la \"Red Juvenil de Arbitraje\" de la C\u00e1mara de Comercio de Bogot\u00e1 en la Universidad de Miami. Afortunadamente, recib\u00ed esta beca, que me llev\u00f3 a Miami en la primavera de 2022. Estoy cursando un LL.M. en Arbitraje Internacional en la Universidad de Miami, con fecha de graduaci\u00f3n prevista para mayo de 2023.<\/p>\n<p>En resumen, mi carrera legal en Colombia ha sido gratificante y me ha proporcionado una experiencia invaluable. Me entusiasma cursar un LL.M. en Arbitraje Internacional en la Universidad de Miami, que me ayudar\u00e1 a desarrollar a\u00fan m\u00e1s mi experiencia en esta \u00e1rea. Estoy agradecido por la oportunidad de aprender de la estimada facultad de la Universidad de Miami.<br \/>\nEstoy deseando aplicar mis nuevos conocimientos para seguir desarrollando mi carrera jur\u00eddica.<\/p>\n\n\t\t<\/div>\n\t<\/div>\n\n\t<div class=\"wpb_text_column wpb_content_element\" >\n\t\t<div class=\"wpb_wrapper\">\n\t\t\t<h3>\u00c1reas de Inter\u00e9s<\/h3>\n<hr \/>\n<p>Arbitraje Nacional (Colombia)\/ Internacional<br \/>\nResoluci\u00f3n de Conflictos<br \/>\nNegociaciones<\/p>\n\n\t\t<\/div>\n\t<\/div>\n\n\t<div class=\"wpb_text_column wpb_content_element\" >\n\t\t<div class=\"wpb_wrapper\">\n\t\t\t<h3>Educaci\u00f3n<\/h3>\n<hr \/>\n<p>LL.M. in International Arbitration Candidate University of Miami School of Law (May 2023)<br \/>\nEspecialista en Contrataci\u00f3n Estatal Universidad Externado de Colombia (2021)<br \/>\nEspecialista en Derecho Contencioso Administrativo (2016)<br \/>\nAbogado (equivalent to J.D.) Universidad Libre de Colombia (2013)<\/p>\n\n\t\t<\/div>\n\t<\/div>\n\n\t<div class=\"wpb_text_column wpb_content_element\" >\n\t\t<div class=\"wpb_wrapper\">\n\t\t\t<h3>Experiencias Relevantes<\/h3>\n<hr \/>\n<p>Actu\u00e9 como litigante en asuntos de arbitraje, amigable composici\u00f3n y apoderada judicial en proyectos de carreteras y aeropuertos.\n\nLlev\u00e9 varios procesos de principio a fin y asesor\u00e9 sobre la mejor estrategia procesal. Asist\u00ed audiencias de arbitraje cuando fue necesario. Particip\u00e9 en Redacci\u00f3n de cl\u00e1usulas de resoluci\u00f3n de conflictos para varios proyectos aeroportuarios, portuarios y viales en Colombia.<\/p>\n<p>Admitido para ejercer la abogac\u00eda en Colombia.<\/p>\n\n\t\t<\/div>\n\t<\/div>\n\n\t<div class=\"wpb_text_column wpb_content_element\" >\n\t\t<div class=\"wpb_wrapper\">\n\t\t\t<h3>Idiomas<\/h3>\n<hr \/>\n<p>Fluidez en Ingl\u00e9s y Espa\u00f1ol.<\/p>\n\n\t\t<\/div>\n\t<\/div>\n<\/div><\/div><\/div><\/div>\n<\/div>","protected":false},"excerpt":{"rendered":"Andrea Merlano University of Miami 1320 S Dixie Hwy Coral Gables, FL 33146 Send Email (786) 393-1563 MAP &amp; DIRECTIONS","protected":false},"author":1,"featured_media":0,"parent":7556,"menu_order":0,"comment_status":"closed","ping_status":"closed","template":"","meta":{"footnotes":""},"class_list":["post-8938","page","type-page","status-publish","hentry"],"_links":{"self":[{"href":"https:\/\/colbar.org\/es\/wp-json\/wp\/v2\/pages\/8938","targetHints":{"allow":["GET"]}}],"collection":[{"href":"https:\/\/colbar.org\/es\/wp-json\/wp\/v2\/pages"}],"about":[{"href":"https:\/\/colbar.org\/es\/wp-json\/wp\/v2\/types\/page"}],"author":[{"embeddable":true,"href":"https:\/\/colbar.org\/es\/wp-json\/wp\/v2\/users\/1"}],"replies":[{"embeddable":true,"href":"https:\/\/colbar.org\/es\/wp-json\/wp\/v2\/comments?post=8938"}],"version-history":[{"count":0,"href":"https:\/\/colbar.org\/es\/wp-json\/wp\/v2\/pages\/8938\/revisions"}],"up":[{"embeddable":true,"href":"https:\/\/colbar.org\/es\/wp-json\/wp\/v2\/pages\/7556"}],"wp:attachment":[{"href":"https:\/\/colbar.org\/es\/wp-json\/wp\/v2\/media?parent=8938"}],"curies":[{"name":"wp","href":"https:\/\/api.w.org\/{rel}","templated":true}]}}