{"id":9105,"date":"2023-11-27T10:41:34","date_gmt":"2023-11-27T15:41:34","guid":{"rendered":"https:\/\/colbar.org\/?page_id=9105"},"modified":"2026-03-19T11:21:23","modified_gmt":"2026-03-19T15:21:23","slug":"annie-meryhelen-vega-aguirre","status":"publish","type":"page","link":"https:\/\/colbar.org\/es\/student-members\/annie-meryhelen-vega-aguirre\/","title":{"rendered":"Annie Meryhelen Vega Aguirre"},"content":{"rendered":"<div class=\"wpb-content-wrapper\"><div class=\"vc_row wpb_row vc_row-fluid\"><div class=\"wpb_column vc_column_container vc_col-sm-4\"><div class=\"vc_column-inner vc_custom_1618350251727\"><div class=\"wpb_wrapper\">\n\t<div  class=\"wpb_single_image wpb_content_element vc_align_center\">\n\t\t\n\t\t<figure class=\"wpb_wrapper vc_figure\">\n\t\t\t<div class=\"vc_single_image-wrapper   vc_box_border_grey\"><img loading=\"lazy\" decoding=\"async\" width=\"252\" height=\"300\" src=\"https:\/\/colbar.org\/wp-content\/uploads\/Annie-Meryhelen-Vega-Aguirre.jpg\" class=\"vc_single_image-img attachment-full\" alt=\"\" title=\"Annie Meryhelen Vega Aguirre\" srcset=\"https:\/\/colbar.org\/wp-content\/uploads\/Annie-Meryhelen-Vega-Aguirre.jpg 252w, https:\/\/colbar.org\/wp-content\/uploads\/Annie-Meryhelen-Vega-Aguirre-10x12.jpg 10w\" sizes=\"auto, (max-width: 252px) 100vw, 252px\" \/><\/div>\n\t\t<\/figure>\n\t<\/div>\n\n\t<div class=\"wpb_text_column wpb_content_element\" >\n\t\t<div class=\"wpb_wrapper\">\n\t\t\t<h6 style=\"text-align: center;\"><strong>Annie Meryhelen Vega Aguirre<\/strong><\/h6>\n\n\t\t<\/div>\n\t<\/div>\n\n\t<div class=\"wpb_text_column wpb_content_element\" >\n\t\t<div class=\"wpb_wrapper\">\n\t\t\t<p style=\"text-align: center;\"><strong>University of Miami School of Law<\/strong><br \/>\n1311 Miller Dr.<br \/>\nCoral Gables, FL 33146<\/p>\n\n\t\t<\/div>\n\t<\/div>\n<div class=\"vc_btn3-container vc_btn3-center vc_do_btn\" ><a class=\"vc_general vc_btn3 vc_btn3-size-sm vc_btn3-shape-rounded vc_btn3-style-modern vc_btn3-block vc_btn3-icon-left vc_btn3-color-success\" href=\"mailto:vega.annie@miami.edu.co\" title=\"\" target=\"_blank\"><i class=\"vc_btn3-icon far fa-envelope\"><\/i> Email<\/a><\/div><div class=\"vc_btn3-container vc_btn3-center vc_do_btn\" ><a class=\"vc_general vc_btn3 vc_btn3-size-sm vc_btn3-shape-rounded vc_btn3-style-modern vc_btn3-block vc_btn3-icon-left vc_btn3-color-mulled-wine\" href=\"tel:13052842211\" title=\"\" target=\"_blank\"><i class=\"vc_btn3-icon fas fa-phone-square-alt\"><\/i> (305) 284-2211<\/a><\/div>\n\t<div class=\"wpb_text_column wpb_content_element\" >\n\t\t<div class=\"wpb_wrapper\">\n\t\t\t<p style=\"text-align: center;\"><strong>MAPA Y DIRECCIONES<\/strong><\/p>\n\n\t\t<\/div>\n\t<\/div>\n\n\t<div class=\"wpb_text_column wpb_content_element\" >\n\t\t<div class=\"wpb_wrapper\">\n\t\t\t<p><iframe loading=\"lazy\" style=\"border: 0;\" src=\"https:\/\/www.google.com\/maps\/embed?pb=!1m18!1m12!1m3!1d3594.5101742897714!2d-80.2798744!3d25.720637099999998!2m3!1f0!2f0!3f0!3m2!1i1024!2i768!4f13.1!3m3!1m2!1s0x88d9b8019fff9153%3A0xa125edf8db58da23!2sUniversity%20of%20Miami%20School%20of%20Law!5e0!3m2!1sen!2sus!4v1700860316479!5m2!1sen!2sus\" width=\"400\" height=\"300\" allowfullscreen=\"allowfullscreen\"><\/iframe><\/p>\n\n\t\t<\/div>\n\t<\/div>\n<\/div><\/div><\/div><div class=\"wpb_column vc_column_container vc_col-sm-1\"><div class=\"vc_column-inner\"><div class=\"wpb_wrapper\"><\/div><\/div><\/div><div class=\"wpb_column vc_column_container vc_col-sm-7\"><div class=\"vc_column-inner\"><div class=\"wpb_wrapper\">\n\t<div class=\"wpb_text_column wpb_content_element\" >\n\t\t<div class=\"wpb_wrapper\">\n\t\t\t<h2 style=\"text-align: left;\"><span style=\"color: #0000ff;\">Annie Meryhelen Vega Aguirre<\/span><\/h2>\n<hr \/>\n<p>Abogada internacional en formaci\u00f3n y m\u00e1s de 9 a\u00f1os de experiencia en derecho internacional, arbitraje, mediaci\u00f3n, derecho internacional privado de familia en sustracci\u00f3n de menores bajo la convenci\u00f3n de La Haya; asuntos comerciales y civiles en Colombia. Experiencia relevante en arbitraje dom\u00e9stico y de inversi\u00f3n con firma de abogados global. Maestria en Arbitraje internacional de la Universidad de Miami.<\/p>\n\n\t\t<\/div>\n\t<\/div>\n\n\t<div class=\"wpb_text_column wpb_content_element\" >\n\t\t<div class=\"wpb_wrapper\">\n\t\t\t<h3>\u00c1reas de Inter\u00e9s<\/h3>\n<hr \/>\n<p>Arbitraje Internacional<br \/>\nLitigios<br \/>\nLeyes Comerciales<\/p>\n\n\t\t<\/div>\n\t<\/div>\n\n\t<div class=\"wpb_text_column wpb_content_element\" >\n\t\t<div class=\"wpb_wrapper\">\n\t\t\t<h3>Educaci\u00f3n<\/h3>\n<hr \/>\n<p>University of Miami School of Law, Coral Gables, Florida<br \/>\nLL.M. in International Arbitration, May 2023<\/p>\n<p>University Externado of Colombia, Bogot\u00e1, Colombia<br \/>\nSpecialist in Civil Procedure Colombian Law, September 2018<\/p>\n<p>University of Rosario, Bogot\u00e1, Colombia<br \/>\nLL.B. (equivalent to Bachelor of Laws), January 2015<\/p>\n<p>University of Andes, Bogot\u00e1, Colombia<br \/>\nSpecialist in International Business Law, April 2014<\/p>\n<p>Bachelor\u2019s degree in International Relations, April 2013<\/p>\n\n\t\t<\/div>\n\t<\/div>\n\n\t<div class=\"wpb_text_column wpb_content_element\" >\n\t\t<div class=\"wpb_wrapper\">\n\t\t\t<h3>Experiencias Relevantes<\/h3>\n<hr \/>\n<p>Reed Smith LLP, Miami, Florida<br \/>\nPracticum Intern &#8211; Global Commercial Disputes Group, October 2022 \u2013 December 2022<br \/>\nPerformed legal research in domestic litigation and international investment arbitration under ICSID rules and commercial<br \/>\nmatters. Drafted legal documents such as subpoenas and motions. Translated and reviewed witness statements in English\/Spanish.<\/p>\n\n\t\t<\/div>\n\t<\/div>\n\n\t<div class=\"wpb_text_column wpb_content_element\" >\n\t\t<div class=\"wpb_wrapper\">\n\t\t\t<h3>Idiomas<\/h3>\n<hr \/>\n<p>Fluidez en Ingl\u00e9s, Espa\u00f1ol y Franc\u00e9s.<\/p>\n\n\t\t<\/div>\n\t<\/div>\n<\/div><\/div><\/div><\/div>\n<\/div>","protected":false},"excerpt":{"rendered":"Annie Meryhelen Vega Aguirre University of Miami School of Law 1311 Miller Dr. Coral Gables, FL 33146 Send Email (305)","protected":false},"author":1,"featured_media":0,"parent":7556,"menu_order":0,"comment_status":"closed","ping_status":"closed","template":"","meta":{"footnotes":""},"class_list":["post-9105","page","type-page","status-publish","hentry"],"_links":{"self":[{"href":"https:\/\/colbar.org\/es\/wp-json\/wp\/v2\/pages\/9105","targetHints":{"allow":["GET"]}}],"collection":[{"href":"https:\/\/colbar.org\/es\/wp-json\/wp\/v2\/pages"}],"about":[{"href":"https:\/\/colbar.org\/es\/wp-json\/wp\/v2\/types\/page"}],"author":[{"embeddable":true,"href":"https:\/\/colbar.org\/es\/wp-json\/wp\/v2\/users\/1"}],"replies":[{"embeddable":true,"href":"https:\/\/colbar.org\/es\/wp-json\/wp\/v2\/comments?post=9105"}],"version-history":[{"count":0,"href":"https:\/\/colbar.org\/es\/wp-json\/wp\/v2\/pages\/9105\/revisions"}],"up":[{"embeddable":true,"href":"https:\/\/colbar.org\/es\/wp-json\/wp\/v2\/pages\/7556"}],"wp:attachment":[{"href":"https:\/\/colbar.org\/es\/wp-json\/wp\/v2\/media?parent=9105"}],"curies":[{"name":"wp","href":"https:\/\/api.w.org\/{rel}","templated":true}]}}