{"id":9115,"date":"2023-11-27T16:36:30","date_gmt":"2023-11-27T21:36:30","guid":{"rendered":"https:\/\/colbar.org\/?page_id=9115"},"modified":"2024-06-30T22:27:26","modified_gmt":"2024-07-01T02:27:26","slug":"joel-lopez","status":"publish","type":"page","link":"https:\/\/colbar.org\/es\/student-members\/joel-lopez\/","title":{"rendered":"Joel Lopez"},"content":{"rendered":"<div class=\"wpb-content-wrapper\"><div class=\"vc_row wpb_row vc_row-fluid\"><div class=\"wpb_column vc_column_container vc_col-sm-4\"><div class=\"vc_column-inner vc_custom_1618350251727\"><div class=\"wpb_wrapper\">\n\t<div  class=\"wpb_single_image wpb_content_element vc_align_center\">\n\t\t\n\t\t<figure class=\"wpb_wrapper vc_figure\">\n\t\t\t<div class=\"vc_single_image-wrapper   vc_box_border_grey\"><img loading=\"lazy\" decoding=\"async\" width=\"252\" height=\"300\" src=\"https:\/\/colbar.org\/wp-content\/uploads\/Joel-Lopez.jpg\" class=\"vc_single_image-img attachment-full\" alt=\"\" title=\"Joel Lopez\" srcset=\"https:\/\/colbar.org\/wp-content\/uploads\/Joel-Lopez.jpg 252w, https:\/\/colbar.org\/wp-content\/uploads\/Joel-Lopez-10x12.jpg 10w\" sizes=\"auto, (max-width: 252px) 100vw, 252px\" \/><\/div>\n\t\t<\/figure>\n\t<\/div>\n\n\t<div class=\"wpb_text_column wpb_content_element\" >\n\t\t<div class=\"wpb_wrapper\">\n\t\t\t<h6 style=\"text-align: center;\"><strong>Joel Lopez<\/strong><\/h6>\n\n\t\t<\/div>\n\t<\/div>\n\n\t<div class=\"wpb_text_column wpb_content_element\" >\n\t\t<div class=\"wpb_wrapper\">\n\t\t\t<p style=\"text-align: center;\"><strong>St. John&#8217;s University School of Law<\/strong><\/p>\n\n\t\t<\/div>\n\t<\/div>\n<div class=\"vc_btn3-container vc_btn3-center vc_do_btn\" ><a class=\"vc_general vc_btn3 vc_btn3-size-sm vc_btn3-shape-rounded vc_btn3-style-modern vc_btn3-block vc_btn3-icon-left vc_btn3-color-success\" href=\"mailto:joel.lopez23@my.stjohns.edu\" title=\"\" target=\"_blank\"><i class=\"vc_btn3-icon far fa-envelope\"><\/i> Email<\/a><\/div><div class=\"vc_btn3-container vc_btn3-center vc_do_btn\" ><a class=\"vc_general vc_btn3 vc_btn3-size-sm vc_btn3-shape-rounded vc_btn3-style-modern vc_btn3-block vc_btn3-icon-left vc_btn3-color-mulled-wine\" href=\"tel:13478698355\" title=\"\" target=\"_blank\"><i class=\"vc_btn3-icon fas fa-phone-square-alt\"><\/i> (347) 869-8355<\/a><\/div>\n\t<div class=\"wpb_text_column wpb_content_element\" >\n\t\t<div class=\"wpb_wrapper\">\n\t\t\t<p style=\"text-align: center;\">MAPA Y DIRECCIONES<\/p>\n\n\t\t<\/div>\n\t<\/div>\n\n\t<div class=\"wpb_text_column wpb_content_element\" >\n\t\t<div class=\"wpb_wrapper\">\n\t\t\t<p><iframe loading=\"lazy\" style=\"border: 0;\" src=\"https:\/\/www.google.com\/maps\/embed?pb=!1m14!1m8!1m3!1d12095.293473706513!2d-73.7916208!3d40.7219047!3m2!1i1024!2i768!4f13.1!3m3!1m2!1s0x89c26100f8c5ec85%3A0x3f3e06c7c0536140!2sSt.%20John's%20University%20School%20of%20Law!5e0!3m2!1sen!2sus!4v1701120830677!5m2!1sen!2sus\" width=\"400\" height=\"300\" allowfullscreen=\"allowfullscreen\"><\/iframe><\/p>\n\n\t\t<\/div>\n\t<\/div>\n<\/div><\/div><\/div><div class=\"wpb_column vc_column_container vc_col-sm-1\"><div class=\"vc_column-inner\"><div class=\"wpb_wrapper\"><\/div><\/div><\/div><div class=\"wpb_column vc_column_container vc_col-sm-7\"><div class=\"vc_column-inner\"><div class=\"wpb_wrapper\">\n\t<div class=\"wpb_text_column wpb_content_element\" >\n\t\t<div class=\"wpb_wrapper\">\n\t\t\t<h2 style=\"text-align: left;\"><span style=\"color: #0000ff;\">Joel Lopez<\/span><\/h2>\n\n\t\t<\/div>\n\t<\/div>\n<div class=\"vc_separator wpb_content_element vc_separator_align_center vc_sep_width_100 vc_sep_pos_align_left vc_separator_no_text vc_sep_color_black\" ><span class=\"vc_sep_holder vc_sep_holder_l\"><span class=\"vc_sep_line\"><\/span><\/span><span class=\"vc_sep_holder vc_sep_holder_r\"><span class=\"vc_sep_line\"><\/span><\/span>\n<\/div>\n\t<div class=\"wpb_text_column wpb_content_element\" >\n\t\t<div class=\"wpb_wrapper\">\n\t\t\t<p>Soy un graduado universitario y estudiante de derecho de primera generaci\u00f3n. Nac\u00ed en Queens, Nueva York, pero mis padres son de Cali, Colombia. Siempre he tenido un inter\u00e9s primordial en ser abogado, en parte debido a que tengo familia en Colombia que son abogados. Mi t\u00edo era abogado, igual que cuatro de mis primos.<\/p>\n<p>Me gradu\u00e9 de la Universidad de Albany en 2020, con doble especializaci\u00f3n en Ciencias Pol\u00edticas y Estudios de Am\u00e9rica Latina, el Caribe y Latinos de Estados Unidos. Mis intereses secundarios se encuentran en la industria automotriz estadounidense, particularmente en seguros de auto. Como estudiante de posgrado, trabaj\u00e9 con mi cu\u00f1ado para ayudarlo a abrir su tercer taller de reparaci\u00f3n de autom\u00f3viles en Nueva York. He estado trabajando con talleres de autos de forma intermitente desde que era un adolescente, por lo que tengo conocimientos previos sobre el trabajo con el sector automotriz. Despu\u00e9s de un a\u00f1o, comenc\u00e9 a trabajar para Geico como ajustador de seguros de autom\u00f3viles, lo que consolid\u00f3 a\u00fan m\u00e1s mi inter\u00e9s en el derecho de seguros.<\/p>\n<p>Despu\u00e9s de tres a\u00f1os sab\u00e1ticos de posgrado trabajando y estudiando para el LSAT, finalmente di un giro a mi carrera en la direcci\u00f3n que siempre so\u00f1\u00e9. Soy un 1L en la Escuela de Derecho de St. John, donde me concedieron una beca completa de la que estoy muy orgulloso. Mi objetivo no s\u00f3lo es convertirme en un gran abogado, sino tambi\u00e9n aplicar los conocimientos jur\u00eddicos que adquiera en otros \u00e1mbitos. Actualmente estoy trabajando en la construcci\u00f3n de un negocio de alquiler de Airbnb, y otro negocio de independiente evaluaci\u00f3n de da\u00f1os a autom\u00f3viles, los cuales planeo expandir, automatizar y complementar a mi carrera legal.<\/p>\n<p>Vivo en Nueva York, sin embargo mis dos hermanas, mis dos sobrinos viven en Miami, Florida. Los visito con frecuencia y estoy pensando en mudarme a Miami despu\u00e9s de graduarme. Mi cu\u00f1ado tambi\u00e9n vive en Miami, pero viaja con frecuencia entre Nueva York y Florida seg\u00fan lo necesita el negocio en el que tambi\u00e9n tengo inter\u00e9s y en el que estoy ayudando.<\/p>\n\n\t\t<\/div>\n\t<\/div>\n<div class=\"vc_empty_space\"   style=\"height: 10px\"><span class=\"vc_empty_space_inner\"><\/span><\/div>\n\t<div class=\"wpb_text_column wpb_content_element\" >\n\t\t<div class=\"wpb_wrapper\">\n\t\t\t<h3>\u00c1reas de Inter\u00e9s<\/h3>\n\n\t\t<\/div>\n\t<\/div>\n<div class=\"vc_separator wpb_content_element vc_separator_align_center vc_sep_width_100 vc_sep_pos_align_left vc_separator_no_text vc_sep_color_black\" ><span class=\"vc_sep_holder vc_sep_holder_l\"><span class=\"vc_sep_line\"><\/span><\/span><span class=\"vc_sep_holder vc_sep_holder_r\"><span class=\"vc_sep_line\"><\/span><\/span>\n<\/div>\n\t<div class=\"wpb_text_column wpb_content_element\" >\n\t\t<div class=\"wpb_wrapper\">\n\t\t\t<p>Gobierno corporativo interno<br \/>\nLey de Impuesto<br \/>\nFusiones y adquisiciones<br \/>\nley de Propiedad Intelectual<br \/>\nley de Impuesto<br \/>\nderecho empresarial<\/p>\n\n\t\t<\/div>\n\t<\/div>\n<div class=\"vc_empty_space\"   style=\"height: 10px\"><span class=\"vc_empty_space_inner\"><\/span><\/div>\n\t<div class=\"wpb_text_column wpb_content_element\" >\n\t\t<div class=\"wpb_wrapper\">\n\t\t\t<h3>Educaci\u00f3n<\/h3>\n\n\t\t<\/div>\n\t<\/div>\n<div class=\"vc_separator wpb_content_element vc_separator_align_center vc_sep_width_100 vc_sep_pos_align_left vc_separator_no_text vc_sep_color_black\" ><span class=\"vc_sep_holder vc_sep_holder_l\"><span class=\"vc_sep_line\"><\/span><\/span><span class=\"vc_sep_holder vc_sep_holder_r\"><span class=\"vc_sep_line\"><\/span><\/span>\n<\/div>\n\t<div class=\"wpb_text_column wpb_content_element\" >\n\t\t<div class=\"wpb_wrapper\">\n\t\t\t<p>Brooklyn technical high school 2016<br \/>\nSuny Albany 2020<br \/>\nSt. John&#8217;s Law 2026<\/p>\n\n\t\t<\/div>\n\t<\/div>\n<div class=\"vc_empty_space\"   style=\"height: 10px\"><span class=\"vc_empty_space_inner\"><\/span><\/div>\n\t<div class=\"wpb_text_column wpb_content_element\" >\n\t\t<div class=\"wpb_wrapper\">\n\t\t\t<h3>Experiencias Relevantes<\/h3>\n\n\t\t<\/div>\n\t<\/div>\n<div class=\"vc_separator wpb_content_element vc_separator_align_center vc_sep_width_100 vc_sep_pos_align_left vc_separator_no_text vc_sep_color_black\" ><span class=\"vc_sep_holder vc_sep_holder_l\"><span class=\"vc_sep_line\"><\/span><\/span><span class=\"vc_sep_holder vc_sep_holder_r\"><span class=\"vc_sep_line\"><\/span><\/span>\n<\/div>\n\t<div class=\"wpb_text_column wpb_content_element\" >\n\t\t<div class=\"wpb_wrapper\">\n\t\t\t<p>legal assistant at Kramer &amp; Dunleavy<br \/>\nlegal assistant at the law office of Elmer Robert Keach<\/p>\n\n\t\t<\/div>\n\t<\/div>\n<div class=\"vc_empty_space\"   style=\"height: 10px\"><span class=\"vc_empty_space_inner\"><\/span><\/div>\n\t<div class=\"wpb_text_column wpb_content_element\" >\n\t\t<div class=\"wpb_wrapper\">\n\t\t\t<h3>Idiomas<\/h3>\n\n\t\t<\/div>\n\t<\/div>\n<div class=\"vc_separator wpb_content_element vc_separator_align_center vc_sep_width_100 vc_sep_pos_align_left vc_separator_no_text vc_sep_color_black\" ><span class=\"vc_sep_holder vc_sep_holder_l\"><span class=\"vc_sep_line\"><\/span><\/span><span class=\"vc_sep_holder vc_sep_holder_r\"><span class=\"vc_sep_line\"><\/span><\/span>\n<\/div>\n\t<div class=\"wpb_text_column wpb_content_element\" >\n\t\t<div class=\"wpb_wrapper\">\n\t\t\t<p>Fluidez en Ingl\u00e9s y Espa\u00f1ol.<\/p>\n\n\t\t<\/div>\n\t<\/div>\n<\/div><\/div><\/div><\/div>\n<\/div>","protected":false},"excerpt":{"rendered":"Joel Lopez St. John's University School of Law Send Email (347) 869-8355 MAP &amp; DIRECTIONS Joel Lopez I am a","protected":false},"author":1,"featured_media":0,"parent":7556,"menu_order":0,"comment_status":"closed","ping_status":"closed","template":"","meta":{"footnotes":""},"class_list":["post-9115","page","type-page","status-publish","hentry"],"_links":{"self":[{"href":"https:\/\/colbar.org\/es\/wp-json\/wp\/v2\/pages\/9115","targetHints":{"allow":["GET"]}}],"collection":[{"href":"https:\/\/colbar.org\/es\/wp-json\/wp\/v2\/pages"}],"about":[{"href":"https:\/\/colbar.org\/es\/wp-json\/wp\/v2\/types\/page"}],"author":[{"embeddable":true,"href":"https:\/\/colbar.org\/es\/wp-json\/wp\/v2\/users\/1"}],"replies":[{"embeddable":true,"href":"https:\/\/colbar.org\/es\/wp-json\/wp\/v2\/comments?post=9115"}],"version-history":[{"count":0,"href":"https:\/\/colbar.org\/es\/wp-json\/wp\/v2\/pages\/9115\/revisions"}],"up":[{"embeddable":true,"href":"https:\/\/colbar.org\/es\/wp-json\/wp\/v2\/pages\/7556"}],"wp:attachment":[{"href":"https:\/\/colbar.org\/es\/wp-json\/wp\/v2\/media?parent=9115"}],"curies":[{"name":"wp","href":"https:\/\/api.w.org\/{rel}","templated":true}]}}