{"id":9131,"date":"2023-11-28T11:22:22","date_gmt":"2023-11-28T16:22:22","guid":{"rendered":"https:\/\/colbar.org\/?page_id=9131"},"modified":"2026-03-20T16:04:24","modified_gmt":"2026-03-20T20:04:24","slug":"robert-d-eckard-esq","status":"publish","type":"page","link":"https:\/\/colbar.org\/es\/attorneys\/robert-d-eckard-esq\/","title":{"rendered":"Robert D. Eckard, Esq."},"content":{"rendered":"<div class=\"wpb-content-wrapper\"><div class=\"vc_row wpb_row vc_row-fluid\"><div class=\"wpb_column vc_column_container vc_col-sm-4\"><div class=\"vc_column-inner vc_custom_1618350251727\"><div class=\"wpb_wrapper\">\n\t<div  class=\"wpb_single_image wpb_content_element vc_align_center\">\n\t\t\n\t\t<figure class=\"wpb_wrapper vc_figure\">\n\t\t\t<div class=\"vc_single_image-wrapper   vc_box_border_grey\"><img loading=\"lazy\" decoding=\"async\" width=\"252\" height=\"300\" src=\"https:\/\/colbar.org\/wp-content\/uploads\/Robert-D.-Eckard-Esq.jpg\" class=\"vc_single_image-img attachment-full\" alt=\"\" title=\"Robert D. Eckard, Esq\" srcset=\"https:\/\/colbar.org\/wp-content\/uploads\/Robert-D.-Eckard-Esq.jpg 252w, https:\/\/colbar.org\/wp-content\/uploads\/Robert-D.-Eckard-Esq-10x12.jpg 10w, https:\/\/colbar.org\/wp-content\/uploads\/Robert-D.-Eckard-Esq-125x150.jpg 125w\" sizes=\"auto, (max-width: 252px) 100vw, 252px\" \/><\/div>\n\t\t<\/figure>\n\t<\/div>\n\n\t<div class=\"wpb_text_column wpb_content_element\" >\n\t\t<div class=\"wpb_wrapper\">\n\t\t\t<h6 style=\"text-align: center;\"><strong>Robert D. Eckard, Esq.<\/strong><\/h6>\n\n\t\t<\/div>\n\t<\/div>\n\n\t<div class=\"wpb_text_column wpb_content_element\" >\n\t\t<div class=\"wpb_wrapper\">\n\t\t\t<p style=\"text-align: center;\"><strong>Robert Eckard &amp; Associates, P.A.<\/strong><br \/>\n3110 Palm Harbor Blvd<br \/>\nPalm Harbor, FL 34683<\/p>\n\n\t\t<\/div>\n\t<\/div>\n<div class=\"vc_btn3-container vc_btn3-center vc_do_btn\" ><a class=\"vc_general vc_btn3 vc_btn3-size-sm vc_btn3-shape-rounded vc_btn3-style-modern vc_btn3-block vc_btn3-icon-left vc_btn3-color-sky\" href=\"https:\/\/roberteckardlaw.com\/\" title=\"\" target=\"_blank\"><i class=\"vc_btn3-icon fas fa-globe\"><\/i> Visit Website<\/a><\/div><div class=\"vc_btn3-container vc_btn3-center vc_do_btn\" ><a class=\"vc_general vc_btn3 vc_btn3-size-sm vc_btn3-shape-rounded vc_btn3-style-modern vc_btn3-block vc_btn3-icon-left vc_btn3-color-success\" href=\"mailto:ROBERT@ROBERTECKARDLAW.COM\" title=\"\" target=\"_blank\"><i class=\"vc_btn3-icon far fa-envelope\"><\/i> Email<\/a><\/div><div class=\"vc_btn3-container vc_btn3-center vc_do_btn\" ><a class=\"vc_general vc_btn3 vc_btn3-size-sm vc_btn3-shape-rounded vc_btn3-style-modern vc_btn3-block vc_btn3-icon-left vc_btn3-color-mulled-wine\" href=\"tel:17277721941\" title=\"\" target=\"_blank\"><i class=\"vc_btn3-icon fas fa-phone-square-alt\"><\/i> (727) 772-1941<\/a><\/div>\n\t<div class=\"wpb_text_column wpb_content_element\" >\n\t\t<div class=\"wpb_wrapper\">\n\t\t\t<p><a href=\"https:\/\/www.facebook.com\/RobertEckardLaw\/\" target=\"_blank\" rel=\"noopener\"><img loading=\"lazy\" decoding=\"async\" class=\"alignnone size-full wp-image-10302\" src=\"https:\/\/colbar.org\/wp-content\/uploads\/facebook-icon-1.png\" alt=\"\" width=\"50\" height=\"50\" srcset=\"https:\/\/colbar.org\/wp-content\/uploads\/facebook-icon-1.png 50w, https:\/\/colbar.org\/wp-content\/uploads\/facebook-icon-1-12x12.png 12w\" sizes=\"auto, (max-width: 50px) 100vw, 50px\" \/><\/a><a href=\"https:\/\/www.instagram.com\/eckardlaw\/\" target=\"_blank\" rel=\"noopener\"><img loading=\"lazy\" decoding=\"async\" class=\"alignnone size-full wp-image-10298\" src=\"https:\/\/colbar.org\/wp-content\/uploads\/instagram-icon-1.png\" alt=\"\" width=\"50\" height=\"50\" srcset=\"https:\/\/colbar.org\/wp-content\/uploads\/instagram-icon-1.png 50w, https:\/\/colbar.org\/wp-content\/uploads\/instagram-icon-1-12x12.png 12w\" sizes=\"auto, (max-width: 50px) 100vw, 50px\" \/><\/a><a href=\"https:\/\/twitter.com\/pwrlitigator\/\" target=\"_blank\" rel=\"noopener\"><img loading=\"lazy\" decoding=\"async\" class=\"alignnone size-full wp-image-10301\" src=\"https:\/\/colbar.org\/wp-content\/uploads\/x-icon.png\" alt=\"\" width=\"50\" height=\"50\" srcset=\"https:\/\/colbar.org\/wp-content\/uploads\/x-icon.png 50w, https:\/\/colbar.org\/wp-content\/uploads\/x-icon-12x12.png 12w\" sizes=\"auto, (max-width: 50px) 100vw, 50px\" \/><\/a><a href=\"https:\/\/www.linkedin.com\/in\/pwrlitigator\" target=\"_blank\" rel=\"noopener\"><img loading=\"lazy\" decoding=\"async\" class=\"alignnone size-full wp-image-10300\" src=\"https:\/\/colbar.org\/wp-content\/uploads\/linkedin-icon-2.png\" alt=\"\" width=\"50\" height=\"50\" srcset=\"https:\/\/colbar.org\/wp-content\/uploads\/linkedin-icon-2.png 50w, https:\/\/colbar.org\/wp-content\/uploads\/linkedin-icon-2-12x12.png 12w\" sizes=\"auto, (max-width: 50px) 100vw, 50px\" \/><\/a><a href=\"https:\/\/www.youtube.com\/@roberteckardlaw\" target=\"_blank\" rel=\"noopener\"><img loading=\"lazy\" decoding=\"async\" class=\"alignnone size-full wp-image-10408\" src=\"https:\/\/colbar.org\/wp-content\/uploads\/youtube-icon.png\" alt=\"\" width=\"50\" height=\"50\" srcset=\"https:\/\/colbar.org\/wp-content\/uploads\/youtube-icon.png 50w, https:\/\/colbar.org\/wp-content\/uploads\/youtube-icon-12x12.png 12w\" sizes=\"auto, (max-width: 50px) 100vw, 50px\" \/><\/a><\/p>\n\n\t\t<\/div>\n\t<\/div>\n\n\t<div class=\"wpb_text_column wpb_content_element\" >\n\t\t<div class=\"wpb_wrapper\">\n\t\t\t<p style=\"text-align: center;\"><strong>MAPA Y DIRECCIONES<\/strong><\/p>\n\n\t\t<\/div>\n\t<\/div>\n\n\t<div class=\"wpb_text_column wpb_content_element\" >\n\t\t<div class=\"wpb_wrapper\">\n\t\t\t<p><iframe loading=\"lazy\" style=\"border: 0;\" src=\"https:\/\/www.google.com\/maps\/embed?pb=!1m14!1m8!1m3!1d14078.365635818784!2d-82.7722684!3d28.0980036!3m2!1i1024!2i768!4f13.1!3m3!1m2!1s0x88c2f2d0adcfaf99%3A0xa9e709274b2c09d8!2sRobert%20Eckard%20%26%20Associates%2C%20P.A.!5e0!3m2!1sen!2sus!4v1701187828585!5m2!1sen!2sus\" width=\"400\" height=\"300\" allowfullscreen=\"allowfullscreen\"><\/iframe><\/p>\n\n\t\t<\/div>\n\t<\/div>\n<\/div><\/div><\/div><div class=\"wpb_column vc_column_container vc_col-sm-1\"><div class=\"vc_column-inner\"><div class=\"wpb_wrapper\"><\/div><\/div><\/div><div class=\"wpb_column vc_column_container vc_col-sm-7\"><div class=\"vc_column-inner\"><div class=\"wpb_wrapper\">\n\t<div class=\"wpb_text_column wpb_content_element\" >\n\t\t<div class=\"wpb_wrapper\">\n\t\t\t<h2 style=\"text-align: left;\"><span style=\"color: #0000ff;\">Robert D. Eckard, Esq.<\/span><\/h2>\n<hr \/>\n<p>Robert \u201cRob\u201d Eckard es el socio fundador de esta empresa de leyes. Estableci\u00f3 la empresa en 2000 despu\u00e9s de dejar la Oficina del Fiscal del Estado, 6to Circuito Judicial, Clearwater, Condado de Pinellas, Florida, donde proces\u00f3 casos penales de delitos graves y delitos menores. Robert est\u00e1 certificado por la Junta en Litigacion de Negocios por el Florida Bar. El se especializa en investigaciones y defensa de delitos de cuello blanco, todas las \u00e1reas de Litigaciones comerciales\/empresariales\/negocios, licencias profesionales y procedimientos administrativos para m\u00e9dicos, profesionales de la salud, abogados, contadores, intermediarios\/distribuidores de valores, agentes de seguros, etc. La capacitaci\u00f3n y la experiencia de Robert en litigacion de negocios comerciales, investigaciones de gobierno y defensa penal lo hacen excepcionalmente calificado para manejar delitos de alta attencion.<\/p>\n<p>En el \u00e1rea de litigaciones civiles, Robert ha litigado casos contra entidades gubernamentales como la Comisi\u00f3n Federal de Comercio de los Estados Unidos, la Comisi\u00f3n de Bolsa y Valores de los Estados Unidos, el Servicio de Impuestos Internos, la Oficina del Fiscal General de Florida, la Oficina del Tesoro de los Estados Unidos, Aduanas y Protecci\u00f3n Fronteriza, Departamento de Salud de Florida, Administraci\u00f3n de Drogas y Control de Drogas de los Estados Unidos y Administraci\u00f3n de Drogas y Alimentos de los Estados Unidos. Robert tambi\u00e9n ha litigado casos relacionados con Fraude de inversionistas, Acuerdos de no competencia, Acuerdos de secretos comerciales, Acuerdos de financiamiento de planos automotrices, Pr\u00e1cticas comerciales enga\u00f1osas desleales, RICO civil, Regla de ventas de telemercadeo y Violaciones de no llamar (TCPA).<\/p>\n<p>En el \u00e1rea de la defensa criminal, Robert ha representado a individuos, tanto objetivos como testigos, en tribunales estatales y federales en Florida y en todo el pa\u00eds en casos con la Oficina Federal de Investigaciones, la Administraci\u00f3n de Control de Drogas de los Estados Unidos, vs. Investigaciones de Alimentos y Drogas por la Oficina de Investigaciones Criminales y el Departamento de Seguridad Nacional de los Estados Unidos. Su representaci\u00f3n ha incluido casos que involucran, procedimientos de gran jurado, cargos relacionados con el narcotr\u00e1fico internacional y el lavado de dinero, procedimientos de extradici\u00f3n, casos de sustracci\u00f3n internacional de menores bajo la Convenci\u00f3n de La Hague, Ley de Comercio con el Enemigo, soborno, conspiraci\u00f3n, fraude de atenci\u00f3n m\u00e9dica, fraude de valores, malversaci\u00f3n de fondos, fraude de visas y otros delitos de cuello blanco y procedimientos paralelos.<\/p>\n<p>Los clientes pasados y presentes de Robert incluyen una aerol\u00ednea comercial, franquicias comerciales de concesionarios de autom\u00f3viles nacionales, una empresa de camiones comerciales, atletas profesionales, abogados, bufetes de abogados, contadores, m\u00e9dicos y otros profesionales de la salud, candidatos pol\u00edticos, una empresa de servicios financieros, restaurantes, prestamistas de capital privado, empresas de desarrollo inmobiliario, empresa de recuerdos deportivos, clubs de salud\/fitness, agencia de marketing, empresas de telemercadeo (tanto nacionales como internacionales), empresa nacional de restauraci\u00f3n de agua y fuego, compa\u00f1\u00edas de seguros y agentes de seguros, iglesias, negocios agr\u00edcolas y una empresa de servicios de entretenimiento, fabricante de alimentos, medicamentos y cosm\u00e9ticos, fabricante de dispositivos m\u00e9dicos y muchos otros.<\/p>\n<p><strong>AWARDS &amp; DISTINCTIONS:<\/strong><br \/>\nRobert has been nominated to Florida Trend\u2019s Legal Elite in Commercial Litigation in 2014, 2015, 2016, 2017, 2019, 2020 and 2022.<\/p>\n<p>In 2015, Robert was appointed by the Pasco County Board of County Commissioners to the Pasco County Charter Advisory Board.<\/p>\n<p>From 2017-2019, Robert served on the Florida Bar\u2019s 6th Judicial Circuit Grievance Committee, Pinellas County, Clearwater, Florida.<\/p>\n<p>Robert was selected as a Super Lawyer for excellence in practice. Only 5 percent of the attorneys in Florida are selected to Super Lawyers in 2017, 2018, 2019, 2020, 2021 and 2022.<\/p>\n\n\t\t<\/div>\n\t<\/div>\n\n\t<div class=\"wpb_text_column wpb_content_element\" >\n\t\t<div class=\"wpb_wrapper\">\n\t\t\t<h3>Areas de Pr\u00e1ctica<\/h3>\n<hr \/>\n<p>Litigio Comercial<br \/>\nLitigios Civiles<br \/>\nDefensa Penal<br \/>\nDelitos de Cuello Blanco<br \/>\nLey Internacional<br \/>\nTransacciones Comerciales<br \/>\nInvestigaci\u00f3n de Gobierno<br \/>\nDefensa Penal y Federal Estatal y Nacional<\/p>\n\n\t\t<\/div>\n\t<\/div>\n\n\t<div class=\"wpb_text_column wpb_content_element\" >\n\t\t<div class=\"wpb_wrapper\">\n\t\t\t<h3>Educaci\u00f3n<\/h3>\n<hr \/>\n<p>LL.M. &#8211;\u00a0 International Law and Business (honors) &#8211; Stetson University College of Law (1998)<\/p>\n\n\t\t<\/div>\n\t<\/div>\n\n\t<div class=\"wpb_text_column wpb_content_element\" >\n\t\t<div class=\"wpb_wrapper\">\n\t\t\t<h3>Admisi\u00f3n a la Pr\u00e1ctica<\/h3>\n<hr \/>\n<p>All Florida State Courts (1999)<br \/>\nAll Washington D.C. State Courts<br \/>\nTodos los Tribunales Estatales de Texas<br \/>\nTribunal de Distrito de los Estados Unidos, Distrito Sur de Florida.<br \/>\nTribunal de Distrito de EE. UU., Distrito Medio de Florida<br \/>\nTribunal de Distrito de EE. UU., Distrito Norte de Florida<br \/>\nThe 11th Circuit Court of Appeals<br \/>\nFlorida Supreme Court<br \/>\nThe United States Court of International Trade<br \/>\nThe United States Supreme Court<br \/>\nThe United States Tax Court<\/p>\n<p>Admitted to practice law pro hac vice in over 15 other state and federal jurisdictions.<\/p>\n\n\t\t<\/div>\n\t<\/div>\n\n\t<div class=\"wpb_text_column wpb_content_element\" >\n\t\t<div class=\"wpb_wrapper\">\n\t\t\t<h3>Idiomas<\/h3>\n<hr \/>\n<p>Ingl\u00e9s<\/p>\n\n\t\t<\/div>\n\t<\/div>\n<\/div><\/div><\/div><\/div>\n<\/div>","protected":false},"excerpt":{"rendered":"Robert D. Eckard, Esq. Robert Eckard &amp; Associates, P.A. 3110 Palm Harbor Blvd Palm Harbor, FL 34683 Visit Website Send","protected":false},"author":1,"featured_media":0,"parent":8600,"menu_order":0,"comment_status":"closed","ping_status":"closed","template":"","meta":{"footnotes":""},"class_list":["post-9131","page","type-page","status-publish","hentry"],"_links":{"self":[{"href":"https:\/\/colbar.org\/es\/wp-json\/wp\/v2\/pages\/9131","targetHints":{"allow":["GET"]}}],"collection":[{"href":"https:\/\/colbar.org\/es\/wp-json\/wp\/v2\/pages"}],"about":[{"href":"https:\/\/colbar.org\/es\/wp-json\/wp\/v2\/types\/page"}],"author":[{"embeddable":true,"href":"https:\/\/colbar.org\/es\/wp-json\/wp\/v2\/users\/1"}],"replies":[{"embeddable":true,"href":"https:\/\/colbar.org\/es\/wp-json\/wp\/v2\/comments?post=9131"}],"version-history":[{"count":0,"href":"https:\/\/colbar.org\/es\/wp-json\/wp\/v2\/pages\/9131\/revisions"}],"up":[{"embeddable":true,"href":"https:\/\/colbar.org\/es\/wp-json\/wp\/v2\/pages\/8600"}],"wp:attachment":[{"href":"https:\/\/colbar.org\/es\/wp-json\/wp\/v2\/media?parent=9131"}],"curies":[{"name":"wp","href":"https:\/\/api.w.org\/{rel}","templated":true}]}}